{"id":807,"date":"2023-12-19T15:30:32","date_gmt":"2023-12-19T14:30:32","guid":{"rendered":"https:\/\/alloraliving.com\/payments\/"},"modified":"2026-03-18T07:32:47","modified_gmt":"2026-03-18T06:32:47","slug":"payments","status":"publish","type":"page","link":"https:\/\/alloraliving.com\/en\/payments\/","title":{"rendered":"Payments"},"content":{"rendered":"\n<p>Dokonuj\u0105c zakup\u00f3w produkt\u00f3w marki Allora Living dost\u0119pnych na stronie www.alloraliving.com. <br>Klient mo\u017ce skorzysta\u0107 z dogodnych form p\u0142atno\u015bci: p\u0142atno\u015bci online oraz przelewu tradycyjnego. <br>Ka\u017cda forma jest w pe\u0142ni bezpieczna.<\/p>\n\n\n\n<p><strong>P\u0142atno\u015b\u0107 online:<\/strong><\/p>\n\n\n\n<ul class=\"wp-block-list\">\n<li>Przelew elektroniczny, p\u0142atno\u015b\u0107 BLIK lub kart\u0105 kredytow\u0105 za po\u015brednictwem systemu p\u0142atno\u015bci elektronicznej Przelewy24.<\/li>\n\n\n\n<li>Bezpiecze\u0144stwo transakcji gwarantuj\u0105, system autoryzacji kart p\u0142atniczych oraz interfejsy poszczeg\u00f3lnych bank\u00f3w.<\/li>\n\n\n\n<li>Dzi\u0119ki systemom BLIK przelewy online, informacja o p\u0142atno\u015bci jest otrzymywana niemal natychmiast.<\/li>\n\n\n\n<li><strong>Tradycyjny przelew bankowy:<\/strong><\/li>\n<\/ul>\n\n\n\n<p><strong>DAS Sp. z o.o.<\/strong><br>Ja\u015bminowa 28, Choj\u0119cin-Szum<br>63-640 Bralin<\/p>\n\n\n\n<p>Numer konta bankowego do przelew\u00f3w z\u0142ot\u00f3wkowych<br>ALIOR BANK PL 86 2490 0005 0000 4530 5480 8481<\/p>\n\n\n\n<p>Numer konta bankowego do przelew\u00f3w w euro<br>ALIOR BANK \u00a0SWIFT: ALBPPLPW PL 14 2490 0005 0000 4600 3324 1104<\/p>\n\n\n\n<p>Dokonuj\u0105c przelewu bankowego, w tytule nale\u017cy wpisa\u0107 <strong>numer zam\u00f3wienia<\/strong>.<\/p>\n","protected":false},"excerpt":{"rendered":"<p>Dokonuj\u0105c zakup\u00f3w produkt\u00f3w marki Allora Living dost\u0119pnych na stronie www.alloraliving.com. Klient mo\u017ce skorzysta\u0107 z dogodnych form p\u0142atno\u015bci: p\u0142atno\u015bci online oraz przelewu tradycyjnego. Ka\u017cda forma jest w pe\u0142ni bezpieczna. P\u0142atno\u015b\u0107 online: DAS Sp. z o.o.Ja\u015bminowa 28, Choj\u0119cin-Szum63-640 Bralin Numer konta bankowego do przelew\u00f3w z\u0142ot\u00f3wkowychALIOR BANK PL 86 2490 0005 0000 4530 5480 8481 Numer konta bankowego [&hellip;]<\/p>\n","protected":false},"author":1,"featured_media":0,"parent":0,"menu_order":0,"comment_status":"closed","ping_status":"closed","template":"","meta":{"footnotes":""},"class_list":["post-807","page","type-page","status-publish","hentry"],"yoast_head":"<!-- This site is optimized with the Yoast SEO Premium plugin v26.8 (Yoast SEO v26.8) - https:\/\/yoast.com\/product\/yoast-seo-premium-wordpress\/ -->\n<title>Payments - AlloraLiving.com<\/title>\n<meta name=\"robots\" content=\"index, follow, max-snippet:-1, max-image-preview:large, max-video-preview:-1\" \/>\n<link rel=\"canonical\" href=\"https:\/\/alloraliving.com\/en\/payments\/\" \/>\n<meta property=\"og:locale\" content=\"en_US\" \/>\n<meta property=\"og:type\" content=\"article\" \/>\n<meta property=\"og:title\" content=\"Payments\" \/>\n<meta property=\"og:description\" content=\"Dokonuj\u0105c zakup\u00f3w produkt\u00f3w marki Allora Living dost\u0119pnych na stronie www.alloraliving.com. Klient mo\u017ce skorzysta\u0107 z dogodnych form p\u0142atno\u015bci: p\u0142atno\u015bci online oraz przelewu tradycyjnego. Ka\u017cda forma jest w pe\u0142ni bezpieczna. P\u0142atno\u015b\u0107 online: DAS Sp. z o.o.Ja\u015bminowa 28, Choj\u0119cin-Szum63-640 Bralin Numer konta bankowego do przelew\u00f3w z\u0142ot\u00f3wkowychALIOR BANK PL 86 2490 0005 0000 4530 5480 8481 Numer konta bankowego [&hellip;]\" \/>\n<meta property=\"og:url\" content=\"https:\/\/alloraliving.com\/en\/payments\/\" \/>\n<meta property=\"og:site_name\" content=\"AlloraLiving.com\" \/>\n<meta property=\"article:modified_time\" content=\"2026-03-18T06:32:47+00:00\" \/>\n<meta property=\"og:image\" content=\"https:\/\/alloraliving.com\/wp-content\/uploads\/yoast-large-1.png\" \/>\n\t<meta property=\"og:image:width\" content=\"1200\" \/>\n\t<meta property=\"og:image:height\" content=\"675\" \/>\n\t<meta property=\"og:image:type\" content=\"image\/png\" \/>\n<meta name=\"twitter:card\" content=\"summary_large_image\" \/>\n<meta name=\"twitter:label1\" content=\"Est. reading time\" \/>\n\t<meta name=\"twitter:data1\" content=\"1 minute\" \/>\n<script type=\"application\/ld+json\" class=\"yoast-schema-graph\">{\"@context\":\"https:\/\/schema.org\",\"@graph\":[{\"@type\":\"WebPage\",\"@id\":\"https:\/\/alloraliving.com\/en\/payments\/\",\"url\":\"https:\/\/alloraliving.com\/en\/payments\/\",\"name\":\"Payments - AlloraLiving.com\",\"isPartOf\":{\"@id\":\"https:\/\/alloraliving.com\/en\/#website\"},\"datePublished\":\"2023-12-19T14:30:32+00:00\",\"dateModified\":\"2026-03-18T06:32:47+00:00\",\"breadcrumb\":{\"@id\":\"https:\/\/alloraliving.com\/en\/payments\/#breadcrumb\"},\"inLanguage\":\"en-US\",\"potentialAction\":[{\"@type\":\"ReadAction\",\"target\":[\"https:\/\/alloraliving.com\/en\/payments\/\"]}]},{\"@type\":\"BreadcrumbList\",\"@id\":\"https:\/\/alloraliving.com\/en\/payments\/#breadcrumb\",\"itemListElement\":[{\"@type\":\"ListItem\",\"position\":1,\"name\":\"Strona g\u0142\u00f3wna\",\"item\":\"https:\/\/alloraliving.com\/en\/\"},{\"@type\":\"ListItem\",\"position\":2,\"name\":\"Payments\"}]},{\"@type\":\"WebSite\",\"@id\":\"https:\/\/alloraliving.com\/en\/#website\",\"url\":\"https:\/\/alloraliving.com\/en\/\",\"name\":\"AlloraLiving.com\",\"description\":\"\",\"potentialAction\":[{\"@type\":\"SearchAction\",\"target\":{\"@type\":\"EntryPoint\",\"urlTemplate\":\"https:\/\/alloraliving.com\/en\/?s={search_term_string}\"},\"query-input\":{\"@type\":\"PropertyValueSpecification\",\"valueRequired\":true,\"valueName\":\"search_term_string\"}}],\"inLanguage\":\"en-US\"}]}<\/script>\n<!-- \/ Yoast SEO Premium plugin. -->","yoast_head_json":{"title":"Payments - AlloraLiving.com","robots":{"index":"index","follow":"follow","max-snippet":"max-snippet:-1","max-image-preview":"max-image-preview:large","max-video-preview":"max-video-preview:-1"},"canonical":"https:\/\/alloraliving.com\/en\/payments\/","og_locale":"en_US","og_type":"article","og_title":"Payments","og_description":"Dokonuj\u0105c zakup\u00f3w produkt\u00f3w marki Allora Living dost\u0119pnych na stronie www.alloraliving.com. Klient mo\u017ce skorzysta\u0107 z dogodnych form p\u0142atno\u015bci: p\u0142atno\u015bci online oraz przelewu tradycyjnego. Ka\u017cda forma jest w pe\u0142ni bezpieczna. P\u0142atno\u015b\u0107 online: DAS Sp. z o.o.Ja\u015bminowa 28, Choj\u0119cin-Szum63-640 Bralin Numer konta bankowego do przelew\u00f3w z\u0142ot\u00f3wkowychALIOR BANK PL 86 2490 0005 0000 4530 5480 8481 Numer konta bankowego [&hellip;]","og_url":"https:\/\/alloraliving.com\/en\/payments\/","og_site_name":"AlloraLiving.com","article_modified_time":"2026-03-18T06:32:47+00:00","og_image":[{"width":1200,"height":675,"url":"https:\/\/alloraliving.com\/wp-content\/uploads\/yoast-large-1.png","type":"image\/png"}],"twitter_card":"summary_large_image","twitter_misc":{"Est. reading time":"1 minute"},"schema":{"@context":"https:\/\/schema.org","@graph":[{"@type":"WebPage","@id":"https:\/\/alloraliving.com\/en\/payments\/","url":"https:\/\/alloraliving.com\/en\/payments\/","name":"Payments - AlloraLiving.com","isPartOf":{"@id":"https:\/\/alloraliving.com\/en\/#website"},"datePublished":"2023-12-19T14:30:32+00:00","dateModified":"2026-03-18T06:32:47+00:00","breadcrumb":{"@id":"https:\/\/alloraliving.com\/en\/payments\/#breadcrumb"},"inLanguage":"en-US","potentialAction":[{"@type":"ReadAction","target":["https:\/\/alloraliving.com\/en\/payments\/"]}]},{"@type":"BreadcrumbList","@id":"https:\/\/alloraliving.com\/en\/payments\/#breadcrumb","itemListElement":[{"@type":"ListItem","position":1,"name":"Strona g\u0142\u00f3wna","item":"https:\/\/alloraliving.com\/en\/"},{"@type":"ListItem","position":2,"name":"Payments"}]},{"@type":"WebSite","@id":"https:\/\/alloraliving.com\/en\/#website","url":"https:\/\/alloraliving.com\/en\/","name":"AlloraLiving.com","description":"","potentialAction":[{"@type":"SearchAction","target":{"@type":"EntryPoint","urlTemplate":"https:\/\/alloraliving.com\/en\/?s={search_term_string}"},"query-input":{"@type":"PropertyValueSpecification","valueRequired":true,"valueName":"search_term_string"}}],"inLanguage":"en-US"}]}},"_links":{"self":[{"href":"https:\/\/alloraliving.com\/en\/wp-json\/wp\/v2\/pages\/807","targetHints":{"allow":["GET"]}}],"collection":[{"href":"https:\/\/alloraliving.com\/en\/wp-json\/wp\/v2\/pages"}],"about":[{"href":"https:\/\/alloraliving.com\/en\/wp-json\/wp\/v2\/types\/page"}],"author":[{"embeddable":true,"href":"https:\/\/alloraliving.com\/en\/wp-json\/wp\/v2\/users\/1"}],"replies":[{"embeddable":true,"href":"https:\/\/alloraliving.com\/en\/wp-json\/wp\/v2\/comments?post=807"}],"version-history":[{"count":0,"href":"https:\/\/alloraliving.com\/en\/wp-json\/wp\/v2\/pages\/807\/revisions"}],"wp:attachment":[{"href":"https:\/\/alloraliving.com\/en\/wp-json\/wp\/v2\/media?parent=807"}],"curies":[{"name":"wp","href":"https:\/\/api.w.org\/{rel}","templated":true}]}}