{"id":808,"date":"2023-12-19T15:30:16","date_gmt":"2023-12-19T14:30:16","guid":{"rendered":"https:\/\/alloraliving.com\/returns-policy\/"},"modified":"2024-09-13T16:07:50","modified_gmt":"2024-09-13T14:07:50","slug":"returns-policy","status":"publish","type":"page","link":"https:\/\/alloraliving.com\/en\/returns-policy\/","title":{"rendered":"Returns policy"},"content":{"rendered":"\n<p>W przypadku ch\u0119ci zwrotu produktu, nale\u017cy post\u0119powa\u0107 zgodnie z poni\u017cszymi krokami.<\/p>\n\n\n\n<p><strong>Odst\u0105pienie od umowy<\/strong><\/p>\n\n\n\n<p>Dokonuj\u0105c zakupu w Allora Living, klient posiadaj\u0105cy status konsumenta ma pewno\u015b\u0107, \u017ce zakupiony towar mo\u017ce zosta\u0107 bezpiecznie zwr\u00f3cony, odst\u0119puj\u0105c od umowy. Odst\u0105pienie od umowy powinno nast\u0105pi\u0107 w terminie 14 dni od odebrania przesy\u0142ki. Aby odst\u0105pi\u0107 od umowy, nale\u017cy poinformowa\u0107 sklep o ch\u0119ci zwrotu zakupionego towaru, najlepiej za po\u015brednictwem podpisanego i zeskanowanego formularza, wys\u0142anego na adres: sklep@alloraliving.com. Formularz mo\u017cna tak\u017ce do\u0142\u0105czy\u0107 do zwracanej paczki i odes\u0142a\u0107 w terminie 14 dni od wej\u015bcia w posiadanie zam\u00f3wionych produkt\u00f3w (odebrania przesy\u0142ki).<\/p>\n\n\n\n<p>Od momentu poinformowania o odst\u0105pieniu od umowy, klient ma dodatkowe 14 dni na wys\u0142anie zwracanego towaru. Przesy\u0142k\u0119 nale\u017cy wys\u0142a\u0107 na adres:<\/p>\n\n\n\n<p>DAS Sp. z o.o.<br>Ja\u015bminowa 28, Choj\u0119cin-Szum<br>63-640 Bralin<br>z dopiskiem: \u201cZWROT ALLORA LIVING\u201d.<\/p>\n\n\n\n<p>Po otrzymaniu towaru, Allora Living zobowi\u0105zuje si\u0119 w terminie 14 dni zwr\u00f3ci\u0107 pieni\u0105dze. Zwrot pieni\u0119dzy nast\u0105pi w takiej formie, w jakiej dokonano p\u0142atno\u015bci. Konsument ma mo\u017cliwo\u015b\u0107 odst\u0105pienia od umowy sprzeda\u017cy w ci\u0105gu 14 dni bez podania jakiejkolwiek przyczyny. Czas ten liczony jest od momentu dostarczenia przesy\u0142ki. Wystarczy, \u017ce w ci\u0105gu 14 dni klient poinformuje Allora Living o odst\u0105pieniu od umowy za po\u015brednictwem formularza wskazanego poni\u017cej. Konsument ponosi bezpo\u015brednie koszty zwrotu produktu.<\/p>\n\n\n\n<p><a href=\"#\">POBIERZ FORMULARZ ZWROT\u00d3W<\/a><\/p>\n","protected":false},"excerpt":{"rendered":"<p>W przypadku ch\u0119ci zwrotu produktu, nale\u017cy post\u0119powa\u0107 zgodnie z poni\u017cszymi krokami. Odst\u0105pienie od umowy Dokonuj\u0105c zakupu w Allora Living, klient posiadaj\u0105cy status konsumenta ma pewno\u015b\u0107, \u017ce zakupiony towar mo\u017ce zosta\u0107 bezpiecznie zwr\u00f3cony, odst\u0119puj\u0105c od umowy. Odst\u0105pienie od umowy powinno nast\u0105pi\u0107 w terminie 14 dni od odebrania przesy\u0142ki. Aby odst\u0105pi\u0107 od umowy, nale\u017cy poinformowa\u0107 sklep o [&hellip;]<\/p>\n","protected":false},"author":1,"featured_media":0,"parent":0,"menu_order":0,"comment_status":"closed","ping_status":"closed","template":"","meta":{"footnotes":""},"class_list":["post-808","page","type-page","status-publish","hentry"],"yoast_head":"<!-- This site is optimized with the Yoast SEO Premium plugin v26.8 (Yoast SEO v26.8) - https:\/\/yoast.com\/product\/yoast-seo-premium-wordpress\/ -->\n<title>Returns policy - AlloraLiving.com<\/title>\n<meta name=\"robots\" content=\"index, follow, max-snippet:-1, max-image-preview:large, max-video-preview:-1\" \/>\n<link rel=\"canonical\" href=\"https:\/\/alloraliving.com\/en\/returns-policy\/\" \/>\n<meta property=\"og:locale\" content=\"en_US\" \/>\n<meta property=\"og:type\" content=\"article\" \/>\n<meta property=\"og:title\" content=\"Returns policy\" \/>\n<meta property=\"og:description\" content=\"W przypadku ch\u0119ci zwrotu produktu, nale\u017cy post\u0119powa\u0107 zgodnie z poni\u017cszymi krokami. Odst\u0105pienie od umowy Dokonuj\u0105c zakupu w Allora Living, klient posiadaj\u0105cy status konsumenta ma pewno\u015b\u0107, \u017ce zakupiony towar mo\u017ce zosta\u0107 bezpiecznie zwr\u00f3cony, odst\u0119puj\u0105c od umowy. Odst\u0105pienie od umowy powinno nast\u0105pi\u0107 w terminie 14 dni od odebrania przesy\u0142ki. Aby odst\u0105pi\u0107 od umowy, nale\u017cy poinformowa\u0107 sklep o [&hellip;]\" \/>\n<meta property=\"og:url\" content=\"https:\/\/alloraliving.com\/en\/returns-policy\/\" \/>\n<meta property=\"og:site_name\" content=\"AlloraLiving.com\" \/>\n<meta property=\"article:modified_time\" content=\"2024-09-13T14:07:50+00:00\" \/>\n<meta property=\"og:image\" content=\"https:\/\/alloraliving.com\/wp-content\/uploads\/yoast-large-1.png\" \/>\n\t<meta property=\"og:image:width\" content=\"1200\" \/>\n\t<meta property=\"og:image:height\" content=\"675\" \/>\n\t<meta property=\"og:image:type\" content=\"image\/png\" \/>\n<meta name=\"twitter:card\" content=\"summary_large_image\" \/>\n<meta name=\"twitter:label1\" content=\"Est. reading time\" \/>\n\t<meta name=\"twitter:data1\" content=\"4 minutes\" \/>\n<script type=\"application\/ld+json\" class=\"yoast-schema-graph\">{\"@context\":\"https:\/\/schema.org\",\"@graph\":[{\"@type\":\"WebPage\",\"@id\":\"https:\/\/alloraliving.com\/en\/returns-policy\/\",\"url\":\"https:\/\/alloraliving.com\/en\/returns-policy\/\",\"name\":\"Returns policy - AlloraLiving.com\",\"isPartOf\":{\"@id\":\"https:\/\/alloraliving.com\/en\/#website\"},\"datePublished\":\"2023-12-19T14:30:16+00:00\",\"dateModified\":\"2024-09-13T14:07:50+00:00\",\"breadcrumb\":{\"@id\":\"https:\/\/alloraliving.com\/en\/returns-policy\/#breadcrumb\"},\"inLanguage\":\"en-US\",\"potentialAction\":[{\"@type\":\"ReadAction\",\"target\":[\"https:\/\/alloraliving.com\/en\/returns-policy\/\"]}]},{\"@type\":\"BreadcrumbList\",\"@id\":\"https:\/\/alloraliving.com\/en\/returns-policy\/#breadcrumb\",\"itemListElement\":[{\"@type\":\"ListItem\",\"position\":1,\"name\":\"Strona g\u0142\u00f3wna\",\"item\":\"https:\/\/alloraliving.com\/en\/\"},{\"@type\":\"ListItem\",\"position\":2,\"name\":\"Returns policy\"}]},{\"@type\":\"WebSite\",\"@id\":\"https:\/\/alloraliving.com\/en\/#website\",\"url\":\"https:\/\/alloraliving.com\/en\/\",\"name\":\"AlloraLiving.com\",\"description\":\"\",\"potentialAction\":[{\"@type\":\"SearchAction\",\"target\":{\"@type\":\"EntryPoint\",\"urlTemplate\":\"https:\/\/alloraliving.com\/en\/?s={search_term_string}\"},\"query-input\":{\"@type\":\"PropertyValueSpecification\",\"valueRequired\":true,\"valueName\":\"search_term_string\"}}],\"inLanguage\":\"en-US\"}]}<\/script>\n<!-- \/ Yoast SEO Premium plugin. -->","yoast_head_json":{"title":"Returns policy - AlloraLiving.com","robots":{"index":"index","follow":"follow","max-snippet":"max-snippet:-1","max-image-preview":"max-image-preview:large","max-video-preview":"max-video-preview:-1"},"canonical":"https:\/\/alloraliving.com\/en\/returns-policy\/","og_locale":"en_US","og_type":"article","og_title":"Returns policy","og_description":"W przypadku ch\u0119ci zwrotu produktu, nale\u017cy post\u0119powa\u0107 zgodnie z poni\u017cszymi krokami. Odst\u0105pienie od umowy Dokonuj\u0105c zakupu w Allora Living, klient posiadaj\u0105cy status konsumenta ma pewno\u015b\u0107, \u017ce zakupiony towar mo\u017ce zosta\u0107 bezpiecznie zwr\u00f3cony, odst\u0119puj\u0105c od umowy. Odst\u0105pienie od umowy powinno nast\u0105pi\u0107 w terminie 14 dni od odebrania przesy\u0142ki. Aby odst\u0105pi\u0107 od umowy, nale\u017cy poinformowa\u0107 sklep o [&hellip;]","og_url":"https:\/\/alloraliving.com\/en\/returns-policy\/","og_site_name":"AlloraLiving.com","article_modified_time":"2024-09-13T14:07:50+00:00","og_image":[{"width":1200,"height":675,"url":"https:\/\/alloraliving.com\/wp-content\/uploads\/yoast-large-1.png","type":"image\/png"}],"twitter_card":"summary_large_image","twitter_misc":{"Est. reading time":"4 minutes"},"schema":{"@context":"https:\/\/schema.org","@graph":[{"@type":"WebPage","@id":"https:\/\/alloraliving.com\/en\/returns-policy\/","url":"https:\/\/alloraliving.com\/en\/returns-policy\/","name":"Returns policy - AlloraLiving.com","isPartOf":{"@id":"https:\/\/alloraliving.com\/en\/#website"},"datePublished":"2023-12-19T14:30:16+00:00","dateModified":"2024-09-13T14:07:50+00:00","breadcrumb":{"@id":"https:\/\/alloraliving.com\/en\/returns-policy\/#breadcrumb"},"inLanguage":"en-US","potentialAction":[{"@type":"ReadAction","target":["https:\/\/alloraliving.com\/en\/returns-policy\/"]}]},{"@type":"BreadcrumbList","@id":"https:\/\/alloraliving.com\/en\/returns-policy\/#breadcrumb","itemListElement":[{"@type":"ListItem","position":1,"name":"Strona g\u0142\u00f3wna","item":"https:\/\/alloraliving.com\/en\/"},{"@type":"ListItem","position":2,"name":"Returns policy"}]},{"@type":"WebSite","@id":"https:\/\/alloraliving.com\/en\/#website","url":"https:\/\/alloraliving.com\/en\/","name":"AlloraLiving.com","description":"","potentialAction":[{"@type":"SearchAction","target":{"@type":"EntryPoint","urlTemplate":"https:\/\/alloraliving.com\/en\/?s={search_term_string}"},"query-input":{"@type":"PropertyValueSpecification","valueRequired":true,"valueName":"search_term_string"}}],"inLanguage":"en-US"}]}},"_links":{"self":[{"href":"https:\/\/alloraliving.com\/en\/wp-json\/wp\/v2\/pages\/808","targetHints":{"allow":["GET"]}}],"collection":[{"href":"https:\/\/alloraliving.com\/en\/wp-json\/wp\/v2\/pages"}],"about":[{"href":"https:\/\/alloraliving.com\/en\/wp-json\/wp\/v2\/types\/page"}],"author":[{"embeddable":true,"href":"https:\/\/alloraliving.com\/en\/wp-json\/wp\/v2\/users\/1"}],"replies":[{"embeddable":true,"href":"https:\/\/alloraliving.com\/en\/wp-json\/wp\/v2\/comments?post=808"}],"version-history":[{"count":0,"href":"https:\/\/alloraliving.com\/en\/wp-json\/wp\/v2\/pages\/808\/revisions"}],"wp:attachment":[{"href":"https:\/\/alloraliving.com\/en\/wp-json\/wp\/v2\/media?parent=808"}],"curies":[{"name":"wp","href":"https:\/\/api.w.org\/{rel}","templated":true}]}}