{"id":810,"date":"2023-12-19T15:29:55","date_gmt":"2023-12-19T14:29:55","guid":{"rendered":"https:\/\/alloraliving.com\/shipping\/"},"modified":"2024-09-13T16:08:25","modified_gmt":"2024-09-13T14:08:25","slug":"shipping","status":"publish","type":"page","link":"https:\/\/alloraliving.com\/en\/shipping\/","title":{"rendered":"Shipping"},"content":{"rendered":"\n<p>Produkty zostan\u0105 dostarczone zgodnie z dokumentem zam\u00f3wienia \u00a0we wskazanym w nim terminie oraz na wskazany adres dostawy. Cena dostawy zale\u017cna jest od wagi zamawianych produkt\u00f3w oraz adresu dostawy. Dok\u0142adny koszt zostanie wskazany po dodaniu produkt\u00f3w do koszyka i podaniu adresu dostawy.<\/p>\n","protected":false},"excerpt":{"rendered":"<p>Produkty zostan\u0105 dostarczone zgodnie z dokumentem zam\u00f3wienia \u00a0we wskazanym w nim terminie oraz na wskazany adres dostawy. Cena dostawy zale\u017cna jest od wagi zamawianych produkt\u00f3w oraz adresu dostawy. Dok\u0142adny koszt zostanie wskazany po dodaniu produkt\u00f3w do koszyka i podaniu adresu dostawy.<\/p>\n","protected":false},"author":1,"featured_media":0,"parent":0,"menu_order":0,"comment_status":"closed","ping_status":"closed","template":"","meta":{"footnotes":""},"class_list":["post-810","page","type-page","status-publish","hentry"],"yoast_head":"<!-- This site is optimized with the Yoast SEO Premium plugin v26.8 (Yoast SEO v26.8) - https:\/\/yoast.com\/product\/yoast-seo-premium-wordpress\/ -->\n<title>Shipping - AlloraLiving.com<\/title>\n<meta name=\"robots\" content=\"index, follow, max-snippet:-1, max-image-preview:large, max-video-preview:-1\" \/>\n<link rel=\"canonical\" href=\"https:\/\/alloraliving.com\/en\/shipping\/\" \/>\n<meta property=\"og:locale\" content=\"en_US\" \/>\n<meta property=\"og:type\" content=\"article\" \/>\n<meta property=\"og:title\" content=\"Shipping\" \/>\n<meta property=\"og:description\" content=\"Produkty zostan\u0105 dostarczone zgodnie z dokumentem zam\u00f3wienia \u00a0we wskazanym w nim terminie oraz na wskazany adres dostawy. Cena dostawy zale\u017cna jest od wagi zamawianych produkt\u00f3w oraz adresu dostawy. Dok\u0142adny koszt zostanie wskazany po dodaniu produkt\u00f3w do koszyka i podaniu adresu dostawy.\" \/>\n<meta property=\"og:url\" content=\"https:\/\/alloraliving.com\/en\/shipping\/\" \/>\n<meta property=\"og:site_name\" content=\"AlloraLiving.com\" \/>\n<meta property=\"article:modified_time\" content=\"2024-09-13T14:08:25+00:00\" \/>\n<meta property=\"og:image\" content=\"https:\/\/alloraliving.com\/wp-content\/uploads\/yoast-large-1.png\" \/>\n\t<meta property=\"og:image:width\" content=\"1200\" \/>\n\t<meta property=\"og:image:height\" content=\"675\" \/>\n\t<meta property=\"og:image:type\" content=\"image\/png\" \/>\n<meta name=\"twitter:card\" content=\"summary_large_image\" \/>\n<meta name=\"twitter:label1\" content=\"Est. reading time\" \/>\n\t<meta name=\"twitter:data1\" content=\"1 minute\" \/>\n<script type=\"application\/ld+json\" class=\"yoast-schema-graph\">{\"@context\":\"https:\/\/schema.org\",\"@graph\":[{\"@type\":\"WebPage\",\"@id\":\"https:\/\/alloraliving.com\/en\/shipping\/\",\"url\":\"https:\/\/alloraliving.com\/en\/shipping\/\",\"name\":\"Shipping - AlloraLiving.com\",\"isPartOf\":{\"@id\":\"https:\/\/alloraliving.com\/en\/#website\"},\"datePublished\":\"2023-12-19T14:29:55+00:00\",\"dateModified\":\"2024-09-13T14:08:25+00:00\",\"breadcrumb\":{\"@id\":\"https:\/\/alloraliving.com\/en\/shipping\/#breadcrumb\"},\"inLanguage\":\"en-US\",\"potentialAction\":[{\"@type\":\"ReadAction\",\"target\":[\"https:\/\/alloraliving.com\/en\/shipping\/\"]}]},{\"@type\":\"BreadcrumbList\",\"@id\":\"https:\/\/alloraliving.com\/en\/shipping\/#breadcrumb\",\"itemListElement\":[{\"@type\":\"ListItem\",\"position\":1,\"name\":\"Strona g\u0142\u00f3wna\",\"item\":\"https:\/\/alloraliving.com\/en\/\"},{\"@type\":\"ListItem\",\"position\":2,\"name\":\"Shipping\"}]},{\"@type\":\"WebSite\",\"@id\":\"https:\/\/alloraliving.com\/en\/#website\",\"url\":\"https:\/\/alloraliving.com\/en\/\",\"name\":\"AlloraLiving.com\",\"description\":\"\",\"potentialAction\":[{\"@type\":\"SearchAction\",\"target\":{\"@type\":\"EntryPoint\",\"urlTemplate\":\"https:\/\/alloraliving.com\/en\/?s={search_term_string}\"},\"query-input\":{\"@type\":\"PropertyValueSpecification\",\"valueRequired\":true,\"valueName\":\"search_term_string\"}}],\"inLanguage\":\"en-US\"}]}<\/script>\n<!-- \/ Yoast SEO Premium plugin. -->","yoast_head_json":{"title":"Shipping - AlloraLiving.com","robots":{"index":"index","follow":"follow","max-snippet":"max-snippet:-1","max-image-preview":"max-image-preview:large","max-video-preview":"max-video-preview:-1"},"canonical":"https:\/\/alloraliving.com\/en\/shipping\/","og_locale":"en_US","og_type":"article","og_title":"Shipping","og_description":"Produkty zostan\u0105 dostarczone zgodnie z dokumentem zam\u00f3wienia \u00a0we wskazanym w nim terminie oraz na wskazany adres dostawy. Cena dostawy zale\u017cna jest od wagi zamawianych produkt\u00f3w oraz adresu dostawy. Dok\u0142adny koszt zostanie wskazany po dodaniu produkt\u00f3w do koszyka i podaniu adresu dostawy.","og_url":"https:\/\/alloraliving.com\/en\/shipping\/","og_site_name":"AlloraLiving.com","article_modified_time":"2024-09-13T14:08:25+00:00","og_image":[{"width":1200,"height":675,"url":"https:\/\/alloraliving.com\/wp-content\/uploads\/yoast-large-1.png","type":"image\/png"}],"twitter_card":"summary_large_image","twitter_misc":{"Est. reading time":"1 minute"},"schema":{"@context":"https:\/\/schema.org","@graph":[{"@type":"WebPage","@id":"https:\/\/alloraliving.com\/en\/shipping\/","url":"https:\/\/alloraliving.com\/en\/shipping\/","name":"Shipping - AlloraLiving.com","isPartOf":{"@id":"https:\/\/alloraliving.com\/en\/#website"},"datePublished":"2023-12-19T14:29:55+00:00","dateModified":"2024-09-13T14:08:25+00:00","breadcrumb":{"@id":"https:\/\/alloraliving.com\/en\/shipping\/#breadcrumb"},"inLanguage":"en-US","potentialAction":[{"@type":"ReadAction","target":["https:\/\/alloraliving.com\/en\/shipping\/"]}]},{"@type":"BreadcrumbList","@id":"https:\/\/alloraliving.com\/en\/shipping\/#breadcrumb","itemListElement":[{"@type":"ListItem","position":1,"name":"Strona g\u0142\u00f3wna","item":"https:\/\/alloraliving.com\/en\/"},{"@type":"ListItem","position":2,"name":"Shipping"}]},{"@type":"WebSite","@id":"https:\/\/alloraliving.com\/en\/#website","url":"https:\/\/alloraliving.com\/en\/","name":"AlloraLiving.com","description":"","potentialAction":[{"@type":"SearchAction","target":{"@type":"EntryPoint","urlTemplate":"https:\/\/alloraliving.com\/en\/?s={search_term_string}"},"query-input":{"@type":"PropertyValueSpecification","valueRequired":true,"valueName":"search_term_string"}}],"inLanguage":"en-US"}]}},"_links":{"self":[{"href":"https:\/\/alloraliving.com\/en\/wp-json\/wp\/v2\/pages\/810","targetHints":{"allow":["GET"]}}],"collection":[{"href":"https:\/\/alloraliving.com\/en\/wp-json\/wp\/v2\/pages"}],"about":[{"href":"https:\/\/alloraliving.com\/en\/wp-json\/wp\/v2\/types\/page"}],"author":[{"embeddable":true,"href":"https:\/\/alloraliving.com\/en\/wp-json\/wp\/v2\/users\/1"}],"replies":[{"embeddable":true,"href":"https:\/\/alloraliving.com\/en\/wp-json\/wp\/v2\/comments?post=810"}],"version-history":[{"count":0,"href":"https:\/\/alloraliving.com\/en\/wp-json\/wp\/v2\/pages\/810\/revisions"}],"wp:attachment":[{"href":"https:\/\/alloraliving.com\/en\/wp-json\/wp\/v2\/media?parent=810"}],"curies":[{"name":"wp","href":"https:\/\/api.w.org\/{rel}","templated":true}]}}