{"id":9215,"date":"2025-06-17T12:03:19","date_gmt":"2025-06-17T10:03:19","guid":{"rendered":"https:\/\/alloraliving.com\/?post_type=product&#038;p=9215"},"modified":"2025-06-23T11:18:34","modified_gmt":"2025-06-23T09:18:34","slug":"sogno-continental-bed","status":"publish","type":"product","link":"https:\/\/alloraliving.com\/en\/sogno-continental-bed\/","title":{"rendered":"SOGNO continental bed"},"content":{"rendered":"","protected":false},"excerpt":{"rendered":"<p>This high continental bed with an upholstered headboard combines sophisticated style with unparalleled comfort. The SONATA model, available in widths of 140, 160 and 180 cm, is covered with soft velvet upholstery, emphasising its subtle, elegant character. The headboard with two delicately ribbed stripes gives the bed a lightness and rhythmic arrangement, introducing harmony and timeless aesthetics to the interior. Built-in storage compartments for bedding make the bed not only impressive but also extremely functional.<\/p>\n<p>The name SONATA, inspired by music, symbolises the harmony and fluidity of form that define this model. Its proportions and carefully refined details make it a perfect fit for both classic and modern interiors. SONATA is a bed created for those who want to surround themselves with beauty and comfort at the highest level \u2013 like a well-composed melody that soothes and delights at the same time.<\/p>\n","protected":false},"featured_media":9328,"template":"","meta":[],"product_brand":[],"product_cat":[985],"product_tag":[],"class_list":{"0":"post-9215","1":"product","2":"type-product","3":"status-publish","4":"has-post-thumbnail","6":"product_cat-continental-beds","7":"product_shipping_class-free-shipping","9":"first","10":"instock","11":"taxable","12":"shipping-taxable","13":"purchasable","14":"product-type-variable","15":"has-default-attributes","16":"wvs-archive-product-wrapper"},"yoast_head":"<!-- This site is optimized with the Yoast SEO Premium plugin v26.8 (Yoast SEO v26.8) - https:\/\/yoast.com\/product\/yoast-seo-premium-wordpress\/ -->\n<title>SOGNO continental bed - AlloraLiving.com<\/title>\n<meta name=\"robots\" content=\"index, follow, max-snippet:-1, max-image-preview:large, max-video-preview:-1\" \/>\n<link rel=\"canonical\" href=\"https:\/\/alloraliving.com\/en\/sogno-continental-bed\/\" \/>\n<meta property=\"og:locale\" content=\"en_US\" \/>\n<meta property=\"og:type\" content=\"article\" \/>\n<meta property=\"og:title\" content=\"SOGNO continental bed\" \/>\n<meta property=\"og:description\" content=\"This high continental bed with an upholstered headboard combines sophisticated style with unparalleled comfort. The SONATA model, available in widths of 140, 160 and 180 cm, is covered with soft velvet upholstery, emphasising its subtle, elegant character. The headboard with two delicately ribbed stripes gives the bed a lightness and rhythmic arrangement, introducing harmony and timeless aesthetics to the interior. Built-in storage compartments for bedding make the bed not only impressive but also extremely functional.  The name SONATA, inspired by music, symbolises the harmony and fluidity of form that define this model. Its proportions and carefully refined details make it a perfect fit for both classic and modern interiors. SONATA is a bed created for those who want to surround themselves with beauty and comfort at the highest level \u2013 like a well-composed melody that soothes and delights at the same time.\" \/>\n<meta property=\"og:url\" content=\"https:\/\/alloraliving.com\/en\/sogno-continental-bed\/\" \/>\n<meta property=\"og:site_name\" content=\"AlloraLiving.com\" \/>\n<meta property=\"article:modified_time\" content=\"2025-06-23T09:18:34+00:00\" \/>\n<meta property=\"og:image\" content=\"https:\/\/alloraliving.com\/wp-content\/uploads\/1-lozko-kontynentalne-sogno-140x200-sand-cream.jpg\" \/>\n\t<meta property=\"og:image:width\" content=\"1600\" \/>\n\t<meta property=\"og:image:height\" content=\"1200\" \/>\n\t<meta property=\"og:image:type\" content=\"image\/jpeg\" \/>\n<meta name=\"twitter:card\" content=\"summary_large_image\" \/>\n<meta name=\"twitter:label1\" content=\"Availability\" \/>\n\t<meta name=\"twitter:data1\" content=\"In stock\" \/>\n<script type=\"application\/ld+json\" class=\"yoast-schema-graph\">{\"@context\":\"https:\/\/schema.org\",\"@graph\":[{\"@type\":[\"WebPage\",\"ItemPage\"],\"@id\":\"https:\/\/alloraliving.com\/en\/sogno-continental-bed\/\",\"url\":\"https:\/\/alloraliving.com\/en\/sogno-continental-bed\/\",\"name\":\"SOGNO continental bed - AlloraLiving.com\",\"isPartOf\":{\"@id\":\"https:\/\/alloraliving.com\/en\/#website\"},\"primaryImageOfPage\":{\"@id\":\"https:\/\/alloraliving.com\/en\/sogno-continental-bed\/#primaryimage\"},\"image\":{\"@id\":\"https:\/\/alloraliving.com\/en\/sogno-continental-bed\/#primaryimage\"},\"thumbnailUrl\":\"https:\/\/alloraliving.com\/wp-content\/uploads\/1-lozko-kontynentalne-sogno-140x200-sand-cream.jpg\",\"datePublished\":\"2025-06-17T10:03:19+00:00\",\"dateModified\":\"2025-06-23T09:18:34+00:00\",\"breadcrumb\":{\"@id\":\"https:\/\/alloraliving.com\/en\/sogno-continental-bed\/#breadcrumb\"},\"inLanguage\":\"en-US\",\"potentialAction\":[{\"@type\":\"ReadAction\",\"target\":[\"https:\/\/alloraliving.com\/en\/sogno-continental-bed\/\"]}]},{\"@type\":\"ImageObject\",\"inLanguage\":\"en-US\",\"@id\":\"https:\/\/alloraliving.com\/en\/sogno-continental-bed\/#primaryimage\",\"url\":\"https:\/\/alloraliving.com\/wp-content\/uploads\/1-lozko-kontynentalne-sogno-140x200-sand-cream.jpg\",\"contentUrl\":\"https:\/\/alloraliving.com\/wp-content\/uploads\/1-lozko-kontynentalne-sogno-140x200-sand-cream.jpg\",\"width\":1600,\"height\":1200,\"caption\":\"\u0141\u00f3\u017cko kontynentalne sonata\"},{\"@type\":\"BreadcrumbList\",\"@id\":\"https:\/\/alloraliving.com\/en\/sogno-continental-bed\/#breadcrumb\",\"itemListElement\":[{\"@type\":\"ListItem\",\"position\":1,\"name\":\"Strona g\u0142\u00f3wna\",\"item\":\"https:\/\/alloraliving.com\/en\/\"},{\"@type\":\"ListItem\",\"position\":2,\"name\":\"Shop\",\"item\":\"https:\/\/alloraliving.com\/en\/shop\/\"},{\"@type\":\"ListItem\",\"position\":3,\"name\":\"SOGNO continental bed\"}]},{\"@type\":\"WebSite\",\"@id\":\"https:\/\/alloraliving.com\/en\/#website\",\"url\":\"https:\/\/alloraliving.com\/en\/\",\"name\":\"AlloraLiving.com\",\"description\":\"\",\"potentialAction\":[{\"@type\":\"SearchAction\",\"target\":{\"@type\":\"EntryPoint\",\"urlTemplate\":\"https:\/\/alloraliving.com\/en\/?s={search_term_string}\"},\"query-input\":{\"@type\":\"PropertyValueSpecification\",\"valueRequired\":true,\"valueName\":\"search_term_string\"}}],\"inLanguage\":\"en-US\"}]}<\/script>\n<meta property=\"og:availability\" content=\"instock\" \/>\n<meta property=\"product:availability\" content=\"instock\" \/>\n<meta property=\"product:condition\" content=\"new\" \/>\n<!-- \/ Yoast SEO Premium plugin. -->","yoast_head_json":{"title":"SOGNO continental bed - AlloraLiving.com","robots":{"index":"index","follow":"follow","max-snippet":"max-snippet:-1","max-image-preview":"max-image-preview:large","max-video-preview":"max-video-preview:-1"},"canonical":"https:\/\/alloraliving.com\/en\/sogno-continental-bed\/","og_locale":"en_US","og_type":"article","og_title":"SOGNO continental bed","og_description":"This high continental bed with an upholstered headboard combines sophisticated style with unparalleled comfort. The SONATA model, available in widths of 140, 160 and 180 cm, is covered with soft velvet upholstery, emphasising its subtle, elegant character. The headboard with two delicately ribbed stripes gives the bed a lightness and rhythmic arrangement, introducing harmony and timeless aesthetics to the interior. Built-in storage compartments for bedding make the bed not only impressive but also extremely functional.  The name SONATA, inspired by music, symbolises the harmony and fluidity of form that define this model. Its proportions and carefully refined details make it a perfect fit for both classic and modern interiors. SONATA is a bed created for those who want to surround themselves with beauty and comfort at the highest level \u2013 like a well-composed melody that soothes and delights at the same time.","og_url":"https:\/\/alloraliving.com\/en\/sogno-continental-bed\/","og_site_name":"AlloraLiving.com","article_modified_time":"2025-06-23T09:18:34+00:00","og_image":[{"width":1600,"height":1200,"url":"https:\/\/alloraliving.com\/wp-content\/uploads\/1-lozko-kontynentalne-sogno-140x200-sand-cream.jpg","type":"image\/jpeg"}],"twitter_card":"summary_large_image","twitter_misc":{"Availability":"In stock"},"schema":{"@context":"https:\/\/schema.org","@graph":[{"@type":["WebPage","ItemPage"],"@id":"https:\/\/alloraliving.com\/en\/sogno-continental-bed\/","url":"https:\/\/alloraliving.com\/en\/sogno-continental-bed\/","name":"SOGNO continental bed - AlloraLiving.com","isPartOf":{"@id":"https:\/\/alloraliving.com\/en\/#website"},"primaryImageOfPage":{"@id":"https:\/\/alloraliving.com\/en\/sogno-continental-bed\/#primaryimage"},"image":{"@id":"https:\/\/alloraliving.com\/en\/sogno-continental-bed\/#primaryimage"},"thumbnailUrl":"https:\/\/alloraliving.com\/wp-content\/uploads\/1-lozko-kontynentalne-sogno-140x200-sand-cream.jpg","datePublished":"2025-06-17T10:03:19+00:00","dateModified":"2025-06-23T09:18:34+00:00","breadcrumb":{"@id":"https:\/\/alloraliving.com\/en\/sogno-continental-bed\/#breadcrumb"},"inLanguage":"en-US","potentialAction":[{"@type":"ReadAction","target":["https:\/\/alloraliving.com\/en\/sogno-continental-bed\/"]}]},{"@type":"ImageObject","inLanguage":"en-US","@id":"https:\/\/alloraliving.com\/en\/sogno-continental-bed\/#primaryimage","url":"https:\/\/alloraliving.com\/wp-content\/uploads\/1-lozko-kontynentalne-sogno-140x200-sand-cream.jpg","contentUrl":"https:\/\/alloraliving.com\/wp-content\/uploads\/1-lozko-kontynentalne-sogno-140x200-sand-cream.jpg","width":1600,"height":1200,"caption":"\u0141\u00f3\u017cko kontynentalne sonata"},{"@type":"BreadcrumbList","@id":"https:\/\/alloraliving.com\/en\/sogno-continental-bed\/#breadcrumb","itemListElement":[{"@type":"ListItem","position":1,"name":"Strona g\u0142\u00f3wna","item":"https:\/\/alloraliving.com\/en\/"},{"@type":"ListItem","position":2,"name":"Shop","item":"https:\/\/alloraliving.com\/en\/shop\/"},{"@type":"ListItem","position":3,"name":"SOGNO continental bed"}]},{"@type":"WebSite","@id":"https:\/\/alloraliving.com\/en\/#website","url":"https:\/\/alloraliving.com\/en\/","name":"AlloraLiving.com","description":"","potentialAction":[{"@type":"SearchAction","target":{"@type":"EntryPoint","urlTemplate":"https:\/\/alloraliving.com\/en\/?s={search_term_string}"},"query-input":{"@type":"PropertyValueSpecification","valueRequired":true,"valueName":"search_term_string"}}],"inLanguage":"en-US"}]},"og_availability":"instock","product_availability":"instock","product_condition":"new"},"_links":{"self":[{"href":"https:\/\/alloraliving.com\/en\/wp-json\/wp\/v2\/product\/9215","targetHints":{"allow":["GET"]}}],"collection":[{"href":"https:\/\/alloraliving.com\/en\/wp-json\/wp\/v2\/product"}],"about":[{"href":"https:\/\/alloraliving.com\/en\/wp-json\/wp\/v2\/types\/product"}],"wp:featuredmedia":[{"embeddable":true,"href":"https:\/\/alloraliving.com\/en\/wp-json\/wp\/v2\/media\/9328"}],"wp:attachment":[{"href":"https:\/\/alloraliving.com\/en\/wp-json\/wp\/v2\/media?parent=9215"}],"wp:term":[{"taxonomy":"product_brand","embeddable":true,"href":"https:\/\/alloraliving.com\/en\/wp-json\/wp\/v2\/product_brand?post=9215"},{"taxonomy":"product_cat","embeddable":true,"href":"https:\/\/alloraliving.com\/en\/wp-json\/wp\/v2\/product_cat?post=9215"},{"taxonomy":"product_tag","embeddable":true,"href":"https:\/\/alloraliving.com\/en\/wp-json\/wp\/v2\/product_tag?post=9215"}],"curies":[{"name":"wp","href":"https:\/\/api.w.org\/{rel}","templated":true}]}}