{"id":9591,"date":"2025-06-18T11:28:49","date_gmt":"2025-06-18T09:28:49","guid":{"rendered":"https:\/\/alloraliving.com\/?post_type=product&#038;p=9591"},"modified":"2025-06-23T11:19:55","modified_gmt":"2025-06-23T09:19:55","slug":"sereno-continental-bed","status":"publish","type":"product","link":"https:\/\/alloraliving.com\/en\/sereno-continental-bed\/","title":{"rendered":"SERENO continental bed"},"content":{"rendered":"","protected":false},"excerpt":{"rendered":"<p>A high continental bed with an upholstered headboard provides a truly hotel-standard rest in the comfort of your own home. The SERENO model is available in three widths (140, 160 and 180 cm) and carefully selected colours of velvet upholstery, making it easy to adapt to your needs. The comfortable quilted headboard emphasises the sophisticated character of the furniture, and the bedding containers offer additional storage space while maintaining the elegant appearance of the entire structure.<\/p>\n<p>The name SERENO, derived from the Italian concept of peace and harmony, reflects the idea of comfort and timeless style that come together in perfect balance. This is an option for those who appreciate not only functional solutions and luxurious appearance, but also a subtle hint of Mediterranean inspiration in their own bedroom.<\/p>\n","protected":false},"featured_media":9654,"template":"","meta":[],"product_brand":[],"product_cat":[985],"product_tag":[],"class_list":{"0":"post-9591","1":"product","2":"type-product","3":"status-publish","4":"has-post-thumbnail","6":"product_cat-continental-beds","7":"product_shipping_class-free-shipping","9":"first","10":"instock","11":"taxable","12":"shipping-taxable","13":"purchasable","14":"product-type-variable","15":"has-default-attributes","16":"wvs-archive-product-wrapper"},"yoast_head":"<!-- This site is optimized with the Yoast SEO Premium plugin v26.8 (Yoast SEO v26.8) - https:\/\/yoast.com\/product\/yoast-seo-premium-wordpress\/ -->\n<title>SERENO continental bed - AlloraLiving.com<\/title>\n<meta name=\"robots\" content=\"index, follow, max-snippet:-1, max-image-preview:large, max-video-preview:-1\" \/>\n<link rel=\"canonical\" href=\"https:\/\/alloraliving.com\/en\/sereno-continental-bed\/\" \/>\n<meta property=\"og:locale\" content=\"en_US\" \/>\n<meta property=\"og:type\" content=\"article\" \/>\n<meta property=\"og:title\" content=\"SERENO continental bed\" \/>\n<meta property=\"og:description\" content=\"A high continental bed with an upholstered headboard provides a truly hotel-standard rest in the comfort of your own home. The SERENO model is available in three widths (140, 160 and 180 cm) and carefully selected colours of velvet upholstery, making it easy to adapt to your needs. The comfortable quilted headboard emphasises the sophisticated character of the furniture, and the bedding containers offer additional storage space while maintaining the elegant appearance of the entire structure.  The name SERENO, derived from the Italian concept of peace and harmony, reflects the idea of comfort and timeless style that come together in perfect balance. This is an option for those who appreciate not only functional solutions and luxurious appearance, but also a subtle hint of Mediterranean inspiration in their own bedroom.\" \/>\n<meta property=\"og:url\" content=\"https:\/\/alloraliving.com\/en\/sereno-continental-bed\/\" \/>\n<meta property=\"og:site_name\" content=\"AlloraLiving.com\" \/>\n<meta property=\"article:modified_time\" content=\"2025-06-23T09:19:55+00:00\" \/>\n<meta property=\"og:image\" content=\"https:\/\/alloraliving.com\/wp-content\/uploads\/1-lozko-kontynentalne-sereno-140x200-sand-cream.jpg\" \/>\n\t<meta property=\"og:image:width\" content=\"1600\" \/>\n\t<meta property=\"og:image:height\" content=\"1200\" \/>\n\t<meta property=\"og:image:type\" content=\"image\/jpeg\" \/>\n<meta name=\"twitter:card\" content=\"summary_large_image\" \/>\n<meta name=\"twitter:label1\" content=\"Availability\" \/>\n\t<meta name=\"twitter:data1\" content=\"In stock\" \/>\n<script type=\"application\/ld+json\" class=\"yoast-schema-graph\">{\"@context\":\"https:\/\/schema.org\",\"@graph\":[{\"@type\":[\"WebPage\",\"ItemPage\"],\"@id\":\"https:\/\/alloraliving.com\/en\/sereno-continental-bed\/\",\"url\":\"https:\/\/alloraliving.com\/en\/sereno-continental-bed\/\",\"name\":\"SERENO continental bed - AlloraLiving.com\",\"isPartOf\":{\"@id\":\"https:\/\/alloraliving.com\/en\/#website\"},\"primaryImageOfPage\":{\"@id\":\"https:\/\/alloraliving.com\/en\/sereno-continental-bed\/#primaryimage\"},\"image\":{\"@id\":\"https:\/\/alloraliving.com\/en\/sereno-continental-bed\/#primaryimage\"},\"thumbnailUrl\":\"https:\/\/alloraliving.com\/wp-content\/uploads\/1-lozko-kontynentalne-sereno-140x200-sand-cream.jpg\",\"datePublished\":\"2025-06-18T09:28:49+00:00\",\"dateModified\":\"2025-06-23T09:19:55+00:00\",\"breadcrumb\":{\"@id\":\"https:\/\/alloraliving.com\/en\/sereno-continental-bed\/#breadcrumb\"},\"inLanguage\":\"en-US\",\"potentialAction\":[{\"@type\":\"ReadAction\",\"target\":[\"https:\/\/alloraliving.com\/en\/sereno-continental-bed\/\"]}]},{\"@type\":\"ImageObject\",\"inLanguage\":\"en-US\",\"@id\":\"https:\/\/alloraliving.com\/en\/sereno-continental-bed\/#primaryimage\",\"url\":\"https:\/\/alloraliving.com\/wp-content\/uploads\/1-lozko-kontynentalne-sereno-140x200-sand-cream.jpg\",\"contentUrl\":\"https:\/\/alloraliving.com\/wp-content\/uploads\/1-lozko-kontynentalne-sereno-140x200-sand-cream.jpg\",\"width\":1600,\"height\":1200,\"caption\":\"\u0141\u00f3\u017cko kontynentalne sereno\"},{\"@type\":\"BreadcrumbList\",\"@id\":\"https:\/\/alloraliving.com\/en\/sereno-continental-bed\/#breadcrumb\",\"itemListElement\":[{\"@type\":\"ListItem\",\"position\":1,\"name\":\"Strona g\u0142\u00f3wna\",\"item\":\"https:\/\/alloraliving.com\/en\/\"},{\"@type\":\"ListItem\",\"position\":2,\"name\":\"Shop\",\"item\":\"https:\/\/alloraliving.com\/en\/shop\/\"},{\"@type\":\"ListItem\",\"position\":3,\"name\":\"SERENO continental bed\"}]},{\"@type\":\"WebSite\",\"@id\":\"https:\/\/alloraliving.com\/en\/#website\",\"url\":\"https:\/\/alloraliving.com\/en\/\",\"name\":\"AlloraLiving.com\",\"description\":\"\",\"potentialAction\":[{\"@type\":\"SearchAction\",\"target\":{\"@type\":\"EntryPoint\",\"urlTemplate\":\"https:\/\/alloraliving.com\/en\/?s={search_term_string}\"},\"query-input\":{\"@type\":\"PropertyValueSpecification\",\"valueRequired\":true,\"valueName\":\"search_term_string\"}}],\"inLanguage\":\"en-US\"}]}<\/script>\n<meta property=\"og:availability\" content=\"instock\" \/>\n<meta property=\"product:availability\" content=\"instock\" \/>\n<meta property=\"product:condition\" content=\"new\" \/>\n<!-- \/ Yoast SEO Premium plugin. -->","yoast_head_json":{"title":"SERENO continental bed - AlloraLiving.com","robots":{"index":"index","follow":"follow","max-snippet":"max-snippet:-1","max-image-preview":"max-image-preview:large","max-video-preview":"max-video-preview:-1"},"canonical":"https:\/\/alloraliving.com\/en\/sereno-continental-bed\/","og_locale":"en_US","og_type":"article","og_title":"SERENO continental bed","og_description":"A high continental bed with an upholstered headboard provides a truly hotel-standard rest in the comfort of your own home. The SERENO model is available in three widths (140, 160 and 180 cm) and carefully selected colours of velvet upholstery, making it easy to adapt to your needs. The comfortable quilted headboard emphasises the sophisticated character of the furniture, and the bedding containers offer additional storage space while maintaining the elegant appearance of the entire structure.  The name SERENO, derived from the Italian concept of peace and harmony, reflects the idea of comfort and timeless style that come together in perfect balance. This is an option for those who appreciate not only functional solutions and luxurious appearance, but also a subtle hint of Mediterranean inspiration in their own bedroom.","og_url":"https:\/\/alloraliving.com\/en\/sereno-continental-bed\/","og_site_name":"AlloraLiving.com","article_modified_time":"2025-06-23T09:19:55+00:00","og_image":[{"width":1600,"height":1200,"url":"https:\/\/alloraliving.com\/wp-content\/uploads\/1-lozko-kontynentalne-sereno-140x200-sand-cream.jpg","type":"image\/jpeg"}],"twitter_card":"summary_large_image","twitter_misc":{"Availability":"In stock"},"schema":{"@context":"https:\/\/schema.org","@graph":[{"@type":["WebPage","ItemPage"],"@id":"https:\/\/alloraliving.com\/en\/sereno-continental-bed\/","url":"https:\/\/alloraliving.com\/en\/sereno-continental-bed\/","name":"SERENO continental bed - AlloraLiving.com","isPartOf":{"@id":"https:\/\/alloraliving.com\/en\/#website"},"primaryImageOfPage":{"@id":"https:\/\/alloraliving.com\/en\/sereno-continental-bed\/#primaryimage"},"image":{"@id":"https:\/\/alloraliving.com\/en\/sereno-continental-bed\/#primaryimage"},"thumbnailUrl":"https:\/\/alloraliving.com\/wp-content\/uploads\/1-lozko-kontynentalne-sereno-140x200-sand-cream.jpg","datePublished":"2025-06-18T09:28:49+00:00","dateModified":"2025-06-23T09:19:55+00:00","breadcrumb":{"@id":"https:\/\/alloraliving.com\/en\/sereno-continental-bed\/#breadcrumb"},"inLanguage":"en-US","potentialAction":[{"@type":"ReadAction","target":["https:\/\/alloraliving.com\/en\/sereno-continental-bed\/"]}]},{"@type":"ImageObject","inLanguage":"en-US","@id":"https:\/\/alloraliving.com\/en\/sereno-continental-bed\/#primaryimage","url":"https:\/\/alloraliving.com\/wp-content\/uploads\/1-lozko-kontynentalne-sereno-140x200-sand-cream.jpg","contentUrl":"https:\/\/alloraliving.com\/wp-content\/uploads\/1-lozko-kontynentalne-sereno-140x200-sand-cream.jpg","width":1600,"height":1200,"caption":"\u0141\u00f3\u017cko kontynentalne sereno"},{"@type":"BreadcrumbList","@id":"https:\/\/alloraliving.com\/en\/sereno-continental-bed\/#breadcrumb","itemListElement":[{"@type":"ListItem","position":1,"name":"Strona g\u0142\u00f3wna","item":"https:\/\/alloraliving.com\/en\/"},{"@type":"ListItem","position":2,"name":"Shop","item":"https:\/\/alloraliving.com\/en\/shop\/"},{"@type":"ListItem","position":3,"name":"SERENO continental bed"}]},{"@type":"WebSite","@id":"https:\/\/alloraliving.com\/en\/#website","url":"https:\/\/alloraliving.com\/en\/","name":"AlloraLiving.com","description":"","potentialAction":[{"@type":"SearchAction","target":{"@type":"EntryPoint","urlTemplate":"https:\/\/alloraliving.com\/en\/?s={search_term_string}"},"query-input":{"@type":"PropertyValueSpecification","valueRequired":true,"valueName":"search_term_string"}}],"inLanguage":"en-US"}]},"og_availability":"instock","product_availability":"instock","product_condition":"new"},"_links":{"self":[{"href":"https:\/\/alloraliving.com\/en\/wp-json\/wp\/v2\/product\/9591","targetHints":{"allow":["GET"]}}],"collection":[{"href":"https:\/\/alloraliving.com\/en\/wp-json\/wp\/v2\/product"}],"about":[{"href":"https:\/\/alloraliving.com\/en\/wp-json\/wp\/v2\/types\/product"}],"wp:featuredmedia":[{"embeddable":true,"href":"https:\/\/alloraliving.com\/en\/wp-json\/wp\/v2\/media\/9654"}],"wp:attachment":[{"href":"https:\/\/alloraliving.com\/en\/wp-json\/wp\/v2\/media?parent=9591"}],"wp:term":[{"taxonomy":"product_brand","embeddable":true,"href":"https:\/\/alloraliving.com\/en\/wp-json\/wp\/v2\/product_brand?post=9591"},{"taxonomy":"product_cat","embeddable":true,"href":"https:\/\/alloraliving.com\/en\/wp-json\/wp\/v2\/product_cat?post=9591"},{"taxonomy":"product_tag","embeddable":true,"href":"https:\/\/alloraliving.com\/en\/wp-json\/wp\/v2\/product_tag?post=9591"}],"curies":[{"name":"wp","href":"https:\/\/api.w.org\/{rel}","templated":true}]}}