{"id":6494,"date":"2023-12-19T15:30:32","date_gmt":"2023-12-19T14:30:32","guid":{"rendered":"https:\/\/alloraliving.com\/paiements\/"},"modified":"2026-03-18T07:33:20","modified_gmt":"2026-03-18T06:33:20","slug":"paiements","status":"publish","type":"page","link":"https:\/\/alloraliving.com\/fr\/paiements\/","title":{"rendered":"Paiements"},"content":{"rendered":"\n<p>Lors de l&rsquo;achat de produits de la marque Allora Living disponibles sur www.alloraliving.com.  <br>Le client peut utiliser des m\u00e9thodes de paiement pratiques : paiement en ligne et virement bancaire traditionnel.  <br>Chaque forme est totalement s\u00fbre.<\/p>\n\n\n\n<p><strong>Paiement en ligne :<\/strong><\/p>\n\n\n\n<ul class=\"wp-block-list\">\n<li>Virement \u00e9lectronique, paiement BLIK ou carte de cr\u00e9dit via le syst\u00e8me de paiement \u00e9lectronique Przelewy24.<\/li>\n\n\n\n<li>La s\u00e9curit\u00e9 des transactions est garantie par le syst\u00e8me d&rsquo;autorisation des cartes de paiement et les interfaces des diff\u00e9rentes banques.<\/li>\n\n\n\n<li>Avec les virements en ligne de BLIK, les informations de paiement sont re\u00e7ues presque imm\u00e9diatement.<\/li>\n\n\n\n<li><strong>Virement bancaire traditionnel :<\/strong><\/li>\n<\/ul>\n\n\n\n<p><strong>DAS Sp. z o.o. <\/strong><br><br>Jasminowa 28, Choj\u0119cin-Szum 63-640 Bralin<\/p>\n\n\n\n<p><br>Num\u00e9ro de compte bancaire pour les transferts d&rsquo;or ALIOR BANK PL 86 2490 0005 0000 4530 5480 8481<\/p>\n\n\n\n<p><br>Num\u00e9ro de compte bancaire pour les virements en euros ALIOR BANK SWIFT : ALBPPLPW PL 14 2490 0005 0000 4600 3324 1104<\/p>\n\n\n\n<p>Lorsque vous effectuez un virement bancaire, veuillez indiquer le <strong>num\u00e9ro de commande<\/strong> dans le titre.<\/p>\n","protected":false},"excerpt":{"rendered":"<p>Lors de l&rsquo;achat de produits de la marque Allora Living disponibles sur www.alloraliving.com. Le client peut utiliser des m\u00e9thodes de paiement pratiques : paiement en ligne et virement bancaire traditionnel. Chaque forme est totalement s\u00fbre. Paiement en ligne : DAS Sp. z o.o. Jasminowa 28, Choj\u0119cin-Szum 63-640 Bralin Num\u00e9ro de compte bancaire pour les transferts [&hellip;]<\/p>\n","protected":false},"author":1,"featured_media":0,"parent":0,"menu_order":0,"comment_status":"closed","ping_status":"closed","template":"","meta":{"footnotes":""},"class_list":["post-6494","page","type-page","status-publish","hentry"],"yoast_head":"<!-- This site is optimized with the Yoast SEO Premium plugin v26.8 (Yoast SEO v26.8) - https:\/\/yoast.com\/product\/yoast-seo-premium-wordpress\/ -->\n<title>Paiements - AlloraLiving.com<\/title>\n<meta name=\"robots\" content=\"index, follow, max-snippet:-1, max-image-preview:large, max-video-preview:-1\" \/>\n<link rel=\"canonical\" href=\"https:\/\/alloraliving.com\/fr\/paiements\/\" \/>\n<meta property=\"og:locale\" content=\"fr_FR\" \/>\n<meta property=\"og:type\" content=\"article\" \/>\n<meta property=\"og:title\" content=\"Paiements\" \/>\n<meta property=\"og:description\" content=\"Lors de l&rsquo;achat de produits de la marque Allora Living disponibles sur www.alloraliving.com. Le client peut utiliser des m\u00e9thodes de paiement pratiques : paiement en ligne et virement bancaire traditionnel. Chaque forme est totalement s\u00fbre. Paiement en ligne : DAS Sp. z o.o. Jasminowa 28, Choj\u0119cin-Szum 63-640 Bralin Num\u00e9ro de compte bancaire pour les transferts [&hellip;]\" \/>\n<meta property=\"og:url\" content=\"https:\/\/alloraliving.com\/fr\/paiements\/\" \/>\n<meta property=\"og:site_name\" content=\"AlloraLiving.com\" \/>\n<meta property=\"article:modified_time\" content=\"2026-03-18T06:33:20+00:00\" \/>\n<meta property=\"og:image\" content=\"https:\/\/alloraliving.com\/wp-content\/uploads\/yoast-large-1.png\" \/>\n\t<meta property=\"og:image:width\" content=\"1200\" \/>\n\t<meta property=\"og:image:height\" content=\"675\" \/>\n\t<meta property=\"og:image:type\" content=\"image\/png\" \/>\n<meta name=\"twitter:card\" content=\"summary_large_image\" \/>\n<meta name=\"twitter:label1\" content=\"Dur\u00e9e de lecture estim\u00e9e\" \/>\n\t<meta name=\"twitter:data1\" content=\"1 minute\" \/>\n<script type=\"application\/ld+json\" class=\"yoast-schema-graph\">{\"@context\":\"https:\/\/schema.org\",\"@graph\":[{\"@type\":\"WebPage\",\"@id\":\"https:\/\/alloraliving.com\/fr\/paiements\/\",\"url\":\"https:\/\/alloraliving.com\/fr\/paiements\/\",\"name\":\"Paiements - AlloraLiving.com\",\"isPartOf\":{\"@id\":\"https:\/\/alloraliving.com\/fr\/#website\"},\"datePublished\":\"2023-12-19T14:30:32+00:00\",\"dateModified\":\"2026-03-18T06:33:20+00:00\",\"breadcrumb\":{\"@id\":\"https:\/\/alloraliving.com\/fr\/paiements\/#breadcrumb\"},\"inLanguage\":\"fr-FR\",\"potentialAction\":[{\"@type\":\"ReadAction\",\"target\":[\"https:\/\/alloraliving.com\/fr\/paiements\/\"]}]},{\"@type\":\"BreadcrumbList\",\"@id\":\"https:\/\/alloraliving.com\/fr\/paiements\/#breadcrumb\",\"itemListElement\":[{\"@type\":\"ListItem\",\"position\":1,\"name\":\"Strona g\u0142\u00f3wna\",\"item\":\"https:\/\/alloraliving.com\/fr\/\"},{\"@type\":\"ListItem\",\"position\":2,\"name\":\"Paiements\"}]},{\"@type\":\"WebSite\",\"@id\":\"https:\/\/alloraliving.com\/fr\/#website\",\"url\":\"https:\/\/alloraliving.com\/fr\/\",\"name\":\"AlloraLiving.com\",\"description\":\"\",\"potentialAction\":[{\"@type\":\"SearchAction\",\"target\":{\"@type\":\"EntryPoint\",\"urlTemplate\":\"https:\/\/alloraliving.com\/fr\/?s={search_term_string}\"},\"query-input\":{\"@type\":\"PropertyValueSpecification\",\"valueRequired\":true,\"valueName\":\"search_term_string\"}}],\"inLanguage\":\"fr-FR\"}]}<\/script>\n<!-- \/ Yoast SEO Premium plugin. -->","yoast_head_json":{"title":"Paiements - AlloraLiving.com","robots":{"index":"index","follow":"follow","max-snippet":"max-snippet:-1","max-image-preview":"max-image-preview:large","max-video-preview":"max-video-preview:-1"},"canonical":"https:\/\/alloraliving.com\/fr\/paiements\/","og_locale":"fr_FR","og_type":"article","og_title":"Paiements","og_description":"Lors de l&rsquo;achat de produits de la marque Allora Living disponibles sur www.alloraliving.com. Le client peut utiliser des m\u00e9thodes de paiement pratiques : paiement en ligne et virement bancaire traditionnel. Chaque forme est totalement s\u00fbre. Paiement en ligne : DAS Sp. z o.o. Jasminowa 28, Choj\u0119cin-Szum 63-640 Bralin Num\u00e9ro de compte bancaire pour les transferts [&hellip;]","og_url":"https:\/\/alloraliving.com\/fr\/paiements\/","og_site_name":"AlloraLiving.com","article_modified_time":"2026-03-18T06:33:20+00:00","og_image":[{"width":1200,"height":675,"url":"https:\/\/alloraliving.com\/wp-content\/uploads\/yoast-large-1.png","type":"image\/png"}],"twitter_card":"summary_large_image","twitter_misc":{"Dur\u00e9e de lecture estim\u00e9e":"1 minute"},"schema":{"@context":"https:\/\/schema.org","@graph":[{"@type":"WebPage","@id":"https:\/\/alloraliving.com\/fr\/paiements\/","url":"https:\/\/alloraliving.com\/fr\/paiements\/","name":"Paiements - AlloraLiving.com","isPartOf":{"@id":"https:\/\/alloraliving.com\/fr\/#website"},"datePublished":"2023-12-19T14:30:32+00:00","dateModified":"2026-03-18T06:33:20+00:00","breadcrumb":{"@id":"https:\/\/alloraliving.com\/fr\/paiements\/#breadcrumb"},"inLanguage":"fr-FR","potentialAction":[{"@type":"ReadAction","target":["https:\/\/alloraliving.com\/fr\/paiements\/"]}]},{"@type":"BreadcrumbList","@id":"https:\/\/alloraliving.com\/fr\/paiements\/#breadcrumb","itemListElement":[{"@type":"ListItem","position":1,"name":"Strona g\u0142\u00f3wna","item":"https:\/\/alloraliving.com\/fr\/"},{"@type":"ListItem","position":2,"name":"Paiements"}]},{"@type":"WebSite","@id":"https:\/\/alloraliving.com\/fr\/#website","url":"https:\/\/alloraliving.com\/fr\/","name":"AlloraLiving.com","description":"","potentialAction":[{"@type":"SearchAction","target":{"@type":"EntryPoint","urlTemplate":"https:\/\/alloraliving.com\/fr\/?s={search_term_string}"},"query-input":{"@type":"PropertyValueSpecification","valueRequired":true,"valueName":"search_term_string"}}],"inLanguage":"fr-FR"}]}},"_links":{"self":[{"href":"https:\/\/alloraliving.com\/fr\/wp-json\/wp\/v2\/pages\/6494","targetHints":{"allow":["GET"]}}],"collection":[{"href":"https:\/\/alloraliving.com\/fr\/wp-json\/wp\/v2\/pages"}],"about":[{"href":"https:\/\/alloraliving.com\/fr\/wp-json\/wp\/v2\/types\/page"}],"author":[{"embeddable":true,"href":"https:\/\/alloraliving.com\/fr\/wp-json\/wp\/v2\/users\/1"}],"replies":[{"embeddable":true,"href":"https:\/\/alloraliving.com\/fr\/wp-json\/wp\/v2\/comments?post=6494"}],"version-history":[{"count":0,"href":"https:\/\/alloraliving.com\/fr\/wp-json\/wp\/v2\/pages\/6494\/revisions"}],"wp:attachment":[{"href":"https:\/\/alloraliving.com\/fr\/wp-json\/wp\/v2\/media?parent=6494"}],"curies":[{"name":"wp","href":"https:\/\/api.w.org\/{rel}","templated":true}]}}