{"id":6495,"date":"2023-12-19T15:36:16","date_gmt":"2023-12-19T14:36:16","guid":{"rendered":"https:\/\/alloraliving.com\/plaintes\/"},"modified":"2025-02-10T14:59:33","modified_gmt":"2025-02-10T13:59:33","slug":"plaintes","status":"publish","type":"page","link":"https:\/\/alloraliving.com\/fr\/plaintes\/","title":{"rendered":"Plaintes"},"content":{"rendered":"\n<p>Nous souhaitons que nos produits r\u00e9pondent toujours aux attentes de nos clients. Toutefois, si les produits sont arriv\u00e9s endommag\u00e9s ou si certains articles sont manquants, veuillez introduire une r\u00e9clamation. Nous essaierons de r\u00e9soudre le probl\u00e8me le plus rapidement possible.  <\/p>\n\n<p>Plainte \u00e9tape par \u00e9tape :<\/p>\n\n<ol class=\"wp-block-list\">\n<li>Contactez-nous \u00e0 l&rsquo;adresse sklep@alloraliving.com ou via le formulaire de contact.<\/li>\n\n\n\n<li>Saisissez votre num\u00e9ro de commande (disponible sur le site web dans le panneau \u00ab\u00a0Mon compte &#8211; Commandes\u00a0\u00bb ou dans l&rsquo;e-mail de confirmation de la commande).<\/li>\n\n\n\n<li>Envoyez vos donn\u00e9es personnelles : nom, num\u00e9ro de t\u00e9l\u00e9phone, adresse \u00e9lectronique et adresse o\u00f9 se trouve le produit d\u00e9fectueux.<\/li>\n\n\n\n<li>D\u00e9crivez en d\u00e9tail le d\u00e9faut ou la d\u00e9faillance du produit.<\/li>\n\n\n\n<li>Joignez des photos ou des vid\u00e9os montrant avec pr\u00e9cision le d\u00e9faut\/la d\u00e9faillance du produit. En mati\u00e8re de transport, la r\u00e9clamation doit \u00e9galement \u00eatre accompagn\u00e9e d&rsquo;un document : un rapport d&rsquo;avarie \u00e9tabli en pr\u00e9sence du transporteur \u00e0 la r\u00e9ception des marchandises. <\/li>\n<\/ol>\n\n<p><strong>Examen de la plainte et d\u00e9cision :<\/strong><\/p>\n\n<p>La plainte sera examin\u00e9e dans un d\u00e9lai de 14 jours calendaires. Au cours de cette p\u00e9riode, nous examinerons attentivement le dossier soumis et vous contacterons pour vous informer de la d\u00e9cision et\/ou des prochaines \u00e9tapes. Nous pouvons \u00e9galement vous demander des informations compl\u00e9mentaires.  <\/p>\n\n<p>Une fois que nous avons re\u00e7u une d\u00e9cision positive concernant une plainte, nous ferons tout notre possible pour r\u00e9soudre le probl\u00e8me le plus rapidement possible. Si cela est raisonnablement possible, nous proposerons d&rsquo;abord de r\u00e9duire le prix du produit, de le r\u00e9parer ou de le remplacer. Si cela n&rsquo;est pas possible ou trop co\u00fbteux, nous vous proposerons d&rsquo;annuler le contrat d&rsquo;achat ou de remplacer le produit.  <\/p>\n\n<p><strong>Si le produit a \u00e9t\u00e9 endommag\u00e9 pendant le transport :<\/strong><\/p>\n\n<p>En cas de dommage pendant le transport, une fois le paquet ouvert, vous devez imm\u00e9diatement contacter l&rsquo;entreprise de messagerie qui a livr\u00e9 les marchandises afin d&rsquo;\u00e9tablir un rapport de dommage. Vous pouvez \u00e9galement nous contacter par courrier \u00e9lectronique \u00e0 l&rsquo;adresse suivante : sklep@alloraliving.com ou par t\u00e9l\u00e9phone au num\u00e9ro suivant : +48 604 696 327. <\/p>\n","protected":false},"excerpt":{"rendered":"<p>Nous souhaitons que nos produits r\u00e9pondent toujours aux attentes de nos clients. Toutefois, si les produits sont arriv\u00e9s endommag\u00e9s ou si certains articles sont manquants, veuillez introduire une r\u00e9clamation. Nous essaierons de r\u00e9soudre le probl\u00e8me le plus rapidement possible. Plainte \u00e9tape par \u00e9tape : Examen de la plainte et d\u00e9cision : La plainte sera examin\u00e9e [&hellip;]<\/p>\n","protected":false},"author":1,"featured_media":0,"parent":0,"menu_order":0,"comment_status":"closed","ping_status":"closed","template":"","meta":{"footnotes":""},"class_list":["post-6495","page","type-page","status-publish","hentry"],"yoast_head":"<!-- This site is optimized with the Yoast SEO Premium plugin v26.8 (Yoast SEO v26.8) - https:\/\/yoast.com\/product\/yoast-seo-premium-wordpress\/ -->\n<title>Plaintes - AlloraLiving.com<\/title>\n<meta name=\"robots\" content=\"index, follow, max-snippet:-1, max-image-preview:large, max-video-preview:-1\" \/>\n<link rel=\"canonical\" href=\"https:\/\/alloraliving.com\/fr\/plaintes\/\" \/>\n<meta property=\"og:locale\" content=\"fr_FR\" \/>\n<meta property=\"og:type\" content=\"article\" \/>\n<meta property=\"og:title\" content=\"Plaintes\" \/>\n<meta property=\"og:description\" content=\"Nous souhaitons que nos produits r\u00e9pondent toujours aux attentes de nos clients. Toutefois, si les produits sont arriv\u00e9s endommag\u00e9s ou si certains articles sont manquants, veuillez introduire une r\u00e9clamation. Nous essaierons de r\u00e9soudre le probl\u00e8me le plus rapidement possible. Plainte \u00e9tape par \u00e9tape : Examen de la plainte et d\u00e9cision : La plainte sera examin\u00e9e [&hellip;]\" \/>\n<meta property=\"og:url\" content=\"https:\/\/alloraliving.com\/fr\/plaintes\/\" \/>\n<meta property=\"og:site_name\" content=\"AlloraLiving.com\" \/>\n<meta property=\"article:modified_time\" content=\"2025-02-10T13:59:33+00:00\" \/>\n<meta property=\"og:image\" content=\"https:\/\/alloraliving.com\/wp-content\/uploads\/yoast-large-1.png\" \/>\n\t<meta property=\"og:image:width\" content=\"1200\" \/>\n\t<meta property=\"og:image:height\" content=\"675\" \/>\n\t<meta property=\"og:image:type\" content=\"image\/png\" \/>\n<meta name=\"twitter:card\" content=\"summary_large_image\" \/>\n<meta name=\"twitter:label1\" content=\"Dur\u00e9e de lecture estim\u00e9e\" \/>\n\t<meta name=\"twitter:data1\" content=\"2 minutes\" \/>\n<script type=\"application\/ld+json\" class=\"yoast-schema-graph\">{\"@context\":\"https:\/\/schema.org\",\"@graph\":[{\"@type\":\"WebPage\",\"@id\":\"https:\/\/alloraliving.com\/fr\/plaintes\/\",\"url\":\"https:\/\/alloraliving.com\/fr\/plaintes\/\",\"name\":\"Plaintes - AlloraLiving.com\",\"isPartOf\":{\"@id\":\"https:\/\/alloraliving.com\/fr\/#website\"},\"datePublished\":\"2023-12-19T14:36:16+00:00\",\"dateModified\":\"2025-02-10T13:59:33+00:00\",\"breadcrumb\":{\"@id\":\"https:\/\/alloraliving.com\/fr\/plaintes\/#breadcrumb\"},\"inLanguage\":\"fr-FR\",\"potentialAction\":[{\"@type\":\"ReadAction\",\"target\":[\"https:\/\/alloraliving.com\/fr\/plaintes\/\"]}]},{\"@type\":\"BreadcrumbList\",\"@id\":\"https:\/\/alloraliving.com\/fr\/plaintes\/#breadcrumb\",\"itemListElement\":[{\"@type\":\"ListItem\",\"position\":1,\"name\":\"Strona g\u0142\u00f3wna\",\"item\":\"https:\/\/alloraliving.com\/fr\/\"},{\"@type\":\"ListItem\",\"position\":2,\"name\":\"Plaintes\"}]},{\"@type\":\"WebSite\",\"@id\":\"https:\/\/alloraliving.com\/fr\/#website\",\"url\":\"https:\/\/alloraliving.com\/fr\/\",\"name\":\"AlloraLiving.com\",\"description\":\"\",\"potentialAction\":[{\"@type\":\"SearchAction\",\"target\":{\"@type\":\"EntryPoint\",\"urlTemplate\":\"https:\/\/alloraliving.com\/fr\/?s={search_term_string}\"},\"query-input\":{\"@type\":\"PropertyValueSpecification\",\"valueRequired\":true,\"valueName\":\"search_term_string\"}}],\"inLanguage\":\"fr-FR\"}]}<\/script>\n<!-- \/ Yoast SEO Premium plugin. -->","yoast_head_json":{"title":"Plaintes - AlloraLiving.com","robots":{"index":"index","follow":"follow","max-snippet":"max-snippet:-1","max-image-preview":"max-image-preview:large","max-video-preview":"max-video-preview:-1"},"canonical":"https:\/\/alloraliving.com\/fr\/plaintes\/","og_locale":"fr_FR","og_type":"article","og_title":"Plaintes","og_description":"Nous souhaitons que nos produits r\u00e9pondent toujours aux attentes de nos clients. Toutefois, si les produits sont arriv\u00e9s endommag\u00e9s ou si certains articles sont manquants, veuillez introduire une r\u00e9clamation. Nous essaierons de r\u00e9soudre le probl\u00e8me le plus rapidement possible. Plainte \u00e9tape par \u00e9tape : Examen de la plainte et d\u00e9cision : La plainte sera examin\u00e9e [&hellip;]","og_url":"https:\/\/alloraliving.com\/fr\/plaintes\/","og_site_name":"AlloraLiving.com","article_modified_time":"2025-02-10T13:59:33+00:00","og_image":[{"width":1200,"height":675,"url":"https:\/\/alloraliving.com\/wp-content\/uploads\/yoast-large-1.png","type":"image\/png"}],"twitter_card":"summary_large_image","twitter_misc":{"Dur\u00e9e de lecture estim\u00e9e":"2 minutes"},"schema":{"@context":"https:\/\/schema.org","@graph":[{"@type":"WebPage","@id":"https:\/\/alloraliving.com\/fr\/plaintes\/","url":"https:\/\/alloraliving.com\/fr\/plaintes\/","name":"Plaintes - AlloraLiving.com","isPartOf":{"@id":"https:\/\/alloraliving.com\/fr\/#website"},"datePublished":"2023-12-19T14:36:16+00:00","dateModified":"2025-02-10T13:59:33+00:00","breadcrumb":{"@id":"https:\/\/alloraliving.com\/fr\/plaintes\/#breadcrumb"},"inLanguage":"fr-FR","potentialAction":[{"@type":"ReadAction","target":["https:\/\/alloraliving.com\/fr\/plaintes\/"]}]},{"@type":"BreadcrumbList","@id":"https:\/\/alloraliving.com\/fr\/plaintes\/#breadcrumb","itemListElement":[{"@type":"ListItem","position":1,"name":"Strona g\u0142\u00f3wna","item":"https:\/\/alloraliving.com\/fr\/"},{"@type":"ListItem","position":2,"name":"Plaintes"}]},{"@type":"WebSite","@id":"https:\/\/alloraliving.com\/fr\/#website","url":"https:\/\/alloraliving.com\/fr\/","name":"AlloraLiving.com","description":"","potentialAction":[{"@type":"SearchAction","target":{"@type":"EntryPoint","urlTemplate":"https:\/\/alloraliving.com\/fr\/?s={search_term_string}"},"query-input":{"@type":"PropertyValueSpecification","valueRequired":true,"valueName":"search_term_string"}}],"inLanguage":"fr-FR"}]}},"_links":{"self":[{"href":"https:\/\/alloraliving.com\/fr\/wp-json\/wp\/v2\/pages\/6495","targetHints":{"allow":["GET"]}}],"collection":[{"href":"https:\/\/alloraliving.com\/fr\/wp-json\/wp\/v2\/pages"}],"about":[{"href":"https:\/\/alloraliving.com\/fr\/wp-json\/wp\/v2\/types\/page"}],"author":[{"embeddable":true,"href":"https:\/\/alloraliving.com\/fr\/wp-json\/wp\/v2\/users\/1"}],"replies":[{"embeddable":true,"href":"https:\/\/alloraliving.com\/fr\/wp-json\/wp\/v2\/comments?post=6495"}],"version-history":[{"count":0,"href":"https:\/\/alloraliving.com\/fr\/wp-json\/wp\/v2\/pages\/6495\/revisions"}],"wp:attachment":[{"href":"https:\/\/alloraliving.com\/fr\/wp-json\/wp\/v2\/media?parent=6495"}],"curies":[{"name":"wp","href":"https:\/\/api.w.org\/{rel}","templated":true}]}}