{"id":6497,"date":"2023-12-19T15:30:16","date_gmt":"2023-12-19T14:30:16","guid":{"rendered":"https:\/\/alloraliving.com\/politique-de-retour\/"},"modified":"2025-02-10T14:59:33","modified_gmt":"2025-02-10T13:59:33","slug":"politique-de-retour","status":"publish","type":"page","link":"https:\/\/alloraliving.com\/fr\/politique-de-retour\/","title":{"rendered":"Politique de retour"},"content":{"rendered":"\n<p>Si vous souhaitez retourner un produit, veuillez suivre les \u00e9tapes ci-dessous.<\/p>\n\n<p><strong>R\u00e9siliation du contrat<\/strong><\/p>\n\n<p>Lors d&rsquo;un achat chez Allora Living, le client ayant le statut de consommateur est assur\u00e9 de pouvoir retourner les biens achet\u00e9s en toute s\u00e9curit\u00e9 en annulant le contrat. La r\u00e9siliation du contrat doit avoir lieu dans les 14 jours suivant la r\u00e9ception de la livraison. Pour r\u00e9silier le contrat, il est n\u00e9cessaire d&rsquo;informer le magasin de votre souhait de retourner les biens achet\u00e9s, de pr\u00e9f\u00e9rence au moyen d&rsquo;un formulaire sign\u00e9 et scann\u00e9, envoy\u00e9 \u00e0 l&rsquo;adresse suivante : sklep@alloraliving.com. Le formulaire peut \u00e9galement \u00eatre joint au colis retourn\u00e9 et renvoy\u00e9 dans les 14 jours suivant la prise de possession des produits command\u00e9s (r\u00e9ception du colis).   <\/p>\n\n<p>\u00c0 compter de la notification de la r\u00e9tractation, le client dispose d&rsquo;un d\u00e9lai suppl\u00e9mentaire de 14 jours pour renvoyer les marchandises. Le colis doit \u00eatre envoy\u00e9 \u00e0 l&rsquo;adresse suivante <\/p>\n\n<p><br\/><br\/><br\/>DAS Sp. z o.o. Jasminowa 28, Choj\u0119cin-Szum 63-640 Bralin avec la mention : \u00ab\u00a0RETOUR ALLORA LIVING\u00a0\u00bb. <\/p>\n\n<p>D\u00e8s r\u00e9ception des marchandises, Allora Living s&rsquo;engage \u00e0 rembourser l&rsquo;argent dans un d\u00e9lai de 14 jours. Le remboursement sera effectu\u00e9 sous la forme dans laquelle le paiement a \u00e9t\u00e9 effectu\u00e9. Le consommateur a la possibilit\u00e9 de r\u00e9silier le contrat de vente dans un d\u00e9lai de 14 jours sans donner de raison. Ce d\u00e9lai court \u00e0 compter de la livraison. Il suffit que le client informe Allora Living de la r\u00e9tractation dans les 14 jours via le formulaire indiqu\u00e9 ci-dessous. Les frais directs de renvoi du produit sont \u00e0 charge du consommateur.     <\/p>\n\n<p><a href=\"#\">T\u00c9L\u00c9CHARGER LE FORMULAIRE DE RETOUR<\/a><\/p>\n","protected":false},"excerpt":{"rendered":"<p>Si vous souhaitez retourner un produit, veuillez suivre les \u00e9tapes ci-dessous. R\u00e9siliation du contrat Lors d&rsquo;un achat chez Allora Living, le client ayant le statut de consommateur est assur\u00e9 de pouvoir retourner les biens achet\u00e9s en toute s\u00e9curit\u00e9 en annulant le contrat. La r\u00e9siliation du contrat doit avoir lieu dans les 14 jours suivant la [&hellip;]<\/p>\n","protected":false},"author":1,"featured_media":0,"parent":0,"menu_order":0,"comment_status":"closed","ping_status":"closed","template":"","meta":{"footnotes":""},"class_list":["post-6497","page","type-page","status-publish","hentry"],"yoast_head":"<!-- This site is optimized with the Yoast SEO Premium plugin v26.8 (Yoast SEO v26.8) - https:\/\/yoast.com\/product\/yoast-seo-premium-wordpress\/ -->\n<title>Politique de retour - AlloraLiving.com<\/title>\n<meta name=\"robots\" content=\"index, follow, max-snippet:-1, max-image-preview:large, max-video-preview:-1\" \/>\n<link rel=\"canonical\" href=\"https:\/\/alloraliving.com\/fr\/politique-de-retour\/\" \/>\n<meta property=\"og:locale\" content=\"fr_FR\" \/>\n<meta property=\"og:type\" content=\"article\" \/>\n<meta property=\"og:title\" content=\"Politique de retour\" \/>\n<meta property=\"og:description\" content=\"Si vous souhaitez retourner un produit, veuillez suivre les \u00e9tapes ci-dessous. R\u00e9siliation du contrat Lors d&rsquo;un achat chez Allora Living, le client ayant le statut de consommateur est assur\u00e9 de pouvoir retourner les biens achet\u00e9s en toute s\u00e9curit\u00e9 en annulant le contrat. La r\u00e9siliation du contrat doit avoir lieu dans les 14 jours suivant la [&hellip;]\" \/>\n<meta property=\"og:url\" content=\"https:\/\/alloraliving.com\/fr\/politique-de-retour\/\" \/>\n<meta property=\"og:site_name\" content=\"AlloraLiving.com\" \/>\n<meta property=\"article:modified_time\" content=\"2025-02-10T13:59:33+00:00\" \/>\n<meta property=\"og:image\" content=\"https:\/\/alloraliving.com\/wp-content\/uploads\/yoast-large-1.png\" \/>\n\t<meta property=\"og:image:width\" content=\"1200\" \/>\n\t<meta property=\"og:image:height\" content=\"675\" \/>\n\t<meta property=\"og:image:type\" content=\"image\/png\" \/>\n<meta name=\"twitter:card\" content=\"summary_large_image\" \/>\n<meta name=\"twitter:label1\" content=\"Dur\u00e9e de lecture estim\u00e9e\" \/>\n\t<meta name=\"twitter:data1\" content=\"1 minute\" \/>\n<script type=\"application\/ld+json\" class=\"yoast-schema-graph\">{\"@context\":\"https:\/\/schema.org\",\"@graph\":[{\"@type\":\"WebPage\",\"@id\":\"https:\/\/alloraliving.com\/fr\/politique-de-retour\/\",\"url\":\"https:\/\/alloraliving.com\/fr\/politique-de-retour\/\",\"name\":\"Politique de retour - AlloraLiving.com\",\"isPartOf\":{\"@id\":\"https:\/\/alloraliving.com\/fr\/#website\"},\"datePublished\":\"2023-12-19T14:30:16+00:00\",\"dateModified\":\"2025-02-10T13:59:33+00:00\",\"breadcrumb\":{\"@id\":\"https:\/\/alloraliving.com\/fr\/politique-de-retour\/#breadcrumb\"},\"inLanguage\":\"fr-FR\",\"potentialAction\":[{\"@type\":\"ReadAction\",\"target\":[\"https:\/\/alloraliving.com\/fr\/politique-de-retour\/\"]}]},{\"@type\":\"BreadcrumbList\",\"@id\":\"https:\/\/alloraliving.com\/fr\/politique-de-retour\/#breadcrumb\",\"itemListElement\":[{\"@type\":\"ListItem\",\"position\":1,\"name\":\"Strona g\u0142\u00f3wna\",\"item\":\"https:\/\/alloraliving.com\/fr\/\"},{\"@type\":\"ListItem\",\"position\":2,\"name\":\"Politique de retour\"}]},{\"@type\":\"WebSite\",\"@id\":\"https:\/\/alloraliving.com\/fr\/#website\",\"url\":\"https:\/\/alloraliving.com\/fr\/\",\"name\":\"AlloraLiving.com\",\"description\":\"\",\"potentialAction\":[{\"@type\":\"SearchAction\",\"target\":{\"@type\":\"EntryPoint\",\"urlTemplate\":\"https:\/\/alloraliving.com\/fr\/?s={search_term_string}\"},\"query-input\":{\"@type\":\"PropertyValueSpecification\",\"valueRequired\":true,\"valueName\":\"search_term_string\"}}],\"inLanguage\":\"fr-FR\"}]}<\/script>\n<!-- \/ Yoast SEO Premium plugin. -->","yoast_head_json":{"title":"Politique de retour - AlloraLiving.com","robots":{"index":"index","follow":"follow","max-snippet":"max-snippet:-1","max-image-preview":"max-image-preview:large","max-video-preview":"max-video-preview:-1"},"canonical":"https:\/\/alloraliving.com\/fr\/politique-de-retour\/","og_locale":"fr_FR","og_type":"article","og_title":"Politique de retour","og_description":"Si vous souhaitez retourner un produit, veuillez suivre les \u00e9tapes ci-dessous. R\u00e9siliation du contrat Lors d&rsquo;un achat chez Allora Living, le client ayant le statut de consommateur est assur\u00e9 de pouvoir retourner les biens achet\u00e9s en toute s\u00e9curit\u00e9 en annulant le contrat. La r\u00e9siliation du contrat doit avoir lieu dans les 14 jours suivant la [&hellip;]","og_url":"https:\/\/alloraliving.com\/fr\/politique-de-retour\/","og_site_name":"AlloraLiving.com","article_modified_time":"2025-02-10T13:59:33+00:00","og_image":[{"width":1200,"height":675,"url":"https:\/\/alloraliving.com\/wp-content\/uploads\/yoast-large-1.png","type":"image\/png"}],"twitter_card":"summary_large_image","twitter_misc":{"Dur\u00e9e de lecture estim\u00e9e":"1 minute"},"schema":{"@context":"https:\/\/schema.org","@graph":[{"@type":"WebPage","@id":"https:\/\/alloraliving.com\/fr\/politique-de-retour\/","url":"https:\/\/alloraliving.com\/fr\/politique-de-retour\/","name":"Politique de retour - AlloraLiving.com","isPartOf":{"@id":"https:\/\/alloraliving.com\/fr\/#website"},"datePublished":"2023-12-19T14:30:16+00:00","dateModified":"2025-02-10T13:59:33+00:00","breadcrumb":{"@id":"https:\/\/alloraliving.com\/fr\/politique-de-retour\/#breadcrumb"},"inLanguage":"fr-FR","potentialAction":[{"@type":"ReadAction","target":["https:\/\/alloraliving.com\/fr\/politique-de-retour\/"]}]},{"@type":"BreadcrumbList","@id":"https:\/\/alloraliving.com\/fr\/politique-de-retour\/#breadcrumb","itemListElement":[{"@type":"ListItem","position":1,"name":"Strona g\u0142\u00f3wna","item":"https:\/\/alloraliving.com\/fr\/"},{"@type":"ListItem","position":2,"name":"Politique de retour"}]},{"@type":"WebSite","@id":"https:\/\/alloraliving.com\/fr\/#website","url":"https:\/\/alloraliving.com\/fr\/","name":"AlloraLiving.com","description":"","potentialAction":[{"@type":"SearchAction","target":{"@type":"EntryPoint","urlTemplate":"https:\/\/alloraliving.com\/fr\/?s={search_term_string}"},"query-input":{"@type":"PropertyValueSpecification","valueRequired":true,"valueName":"search_term_string"}}],"inLanguage":"fr-FR"}]}},"_links":{"self":[{"href":"https:\/\/alloraliving.com\/fr\/wp-json\/wp\/v2\/pages\/6497","targetHints":{"allow":["GET"]}}],"collection":[{"href":"https:\/\/alloraliving.com\/fr\/wp-json\/wp\/v2\/pages"}],"about":[{"href":"https:\/\/alloraliving.com\/fr\/wp-json\/wp\/v2\/types\/page"}],"author":[{"embeddable":true,"href":"https:\/\/alloraliving.com\/fr\/wp-json\/wp\/v2\/users\/1"}],"replies":[{"embeddable":true,"href":"https:\/\/alloraliving.com\/fr\/wp-json\/wp\/v2\/comments?post=6497"}],"version-history":[{"count":0,"href":"https:\/\/alloraliving.com\/fr\/wp-json\/wp\/v2\/pages\/6497\/revisions"}],"wp:attachment":[{"href":"https:\/\/alloraliving.com\/fr\/wp-json\/wp\/v2\/media?parent=6497"}],"curies":[{"name":"wp","href":"https:\/\/api.w.org\/{rel}","templated":true}]}}