{"id":6499,"date":"2023-12-19T15:36:44","date_gmt":"2023-12-19T14:36:44","guid":{"rendered":"https:\/\/alloraliving.com\/a-propos-de-la-marque\/"},"modified":"2025-02-10T14:59:33","modified_gmt":"2025-02-10T13:59:33","slug":"a-propos-de-la-marque","status":"publish","type":"page","link":"https:\/\/alloraliving.com\/fr\/a-propos-de-la-marque\/","title":{"rendered":"\u00c0 propos de la marque"},"content":{"rendered":"\n<section class=\"bg-light-400 py-5\">\n    <div class=\"container\">\n        <div class=\"row text-center gy-4\">\n            <div class=\"col-lg-10 col-xxl-8 offset-lg-1 offset-xxl-2\">\n                <h1 class=\"fs-large fw-500 text-uppercase mb-0\">Allora Living<\/h1>\n            <\/div>\n            <div class=\"col-lg-10 col-xxl-8 offset-lg-1 offset-xxl-2\">\n                <p class=\"fs-medium-mobile fs-large fw-400\">Allora Living est n\u00e9 de notre conviction qu&rsquo;une maison n&rsquo;est pas seulement un espace exprim\u00e9 en m\u00e8tres carr\u00e9s &#8211; c&rsquo;est avant tout un endroit o\u00f9 vivre, se d\u00e9tendre ou travailler chaque jour et passer des moments importants avec sa famille et ses proches. Nous pensons que chaque \u00e9l\u00e9ment d&rsquo;un int\u00e9rieur a un impact sur notre qualit\u00e9 de vie et qu&rsquo;il vaut la peine de s&rsquo;entourer d&rsquo;objets beaux, mais surtout durables. Dans un monde o\u00f9 les tendances changent rapidement et o\u00f9 les modes sont \u00e9ph\u00e9m\u00e8res, nous nous concentrons sur la qualit\u00e9, la classe et la durabilit\u00e9.<\/p>\n                <p class=\"fs-medium-mobile fs-large fw-400\">Nos meubles sont la base d&rsquo;un espace qui \u00e9volue avec vous &#8211; une base fiable pour le caract\u00e8re changeant de votre maison, que vous pouvez facilement exprimer avec des accessoires tels que des coussins, des lampes, des plantes ou des \u00e9l\u00e9ments d&rsquo;art.<\/p>\n                <p class=\"fs-medium-mobile fs-large fw-400 mb-0\">S&rsquo;inspirant du monde entier, nous cr\u00e9ons des collections bas\u00e9es sur des tendances bien ancr\u00e9es, de sorte que nos meubles s&rsquo;int\u00e8grent dans n&rsquo;importe quel int\u00e9rieur.<\/p>\n            <\/div>\n        <\/div>\n    <\/div>\n<\/section>\n<section class=\"bg-light-300 py-5\">\n    <div class=\"container\">\n        <div class=\"row gy-4 gx-lg-4\">\n            <div class=\"col-lg-6\">\n                <div class=\"mb-3\">\n                    <a href=\"https:\/\/alloraliving.com\/fr\/canapes-modulaires\/\" title=\"Canap\u00e9s modulaires\">\n                        <picture>\n                            <source media=\"(max-width: 767px)\" srcset=\"\/wp-content\/uploads\/allora-living-home-1-mobile.jpg\">\n                            <source media=\"(max-width: 991px)\" srcset=\"\/wp-content\/uploads\/allora-living-home-1-tablet.jpg\">\n                            <img decoding=\"async\" src=\"\/wp-content\/uploads\/allora-living-home-1-desktop.jpg\" width=\"992\" height=\"1200\" loading=\"lazy\" alt=\"Canap\u00e9s modulaires\"\/>\n                        <\/source\/><\/picture>\n                    <\/a>\n                <\/div>\n                <h2 class=\"h4\">\n                    <a href=\"https:\/\/alloraliving.com\/fr\/canapes-modulaires\/\" title=\"Canap\u00e9s modulaires\">Canap\u00e9s modulaires<\/a>\n                <\/h2>\n                <p>Les canap\u00e9s modulaires sont des meubles de salon pour tous ceux qui appr\u00e9cient les solutions esth\u00e9tiques et fonctionnelles.  <br\/>Leurs propri\u00e9t\u00e9s les rendent id\u00e9ales aussi bien pour les grands salons que pour les petits int\u00e9rieurs \u00e9pur\u00e9s.<\/p>\n                <a href=\"https:\/\/alloraliving.com\/fr\/canapes-modulaires\/\" class=\"link-underline\" title=\"D\u00e9couvrez la collection\">D\u00e9couvrez la collection<\/a>\n            <\/div>\n            <div class=\"col-lg-6\">\n                <div class=\"mb-3\">\n                    <a href=\"https:\/\/alloraliving.com\/fr\/sieges\/\" title=\"Si\u00e8ges confortables\">\n                        <picture>\n                            <source media=\"(max-width: 767px)\" srcset=\"\/wp-content\/uploads\/allora-living-home-2-mobile.jpg\">\n                            <source media=\"(max-width: 991px)\" srcset=\"\/wp-content\/uploads\/allora-living-home-2-tablet.jpg\">\n                            <img decoding=\"async\" src=\"\/wp-content\/uploads\/allora-living-home-2-desktop.jpg\" width=\"992\" height=\"1200\" loading=\"lazy\" alt=\"Si\u00e8ges confortables\"\/>\n                        <\/source\/><\/picture>\n                    <\/a>\n                <\/div>\n                <h2 class=\"h4\" title=\"Si\u00e8ges confortables\">\n                    <a href=\"https:\/\/alloraliving.com\/fr\/sieges\/\">Si\u00e8ges confortables<\/a>\n                <\/h2>\n                <p>Le fauteuil est un meuble sans lequel il est impossible d&rsquo;imaginer une v\u00e9ritable d\u00e9tente. Il compl\u00e8te \u00e9galement l&rsquo;ensemble de l&rsquo;int\u00e9rieur et s&rsquo;harmonise parfaitement avec un canap\u00e9 ou une table basse. Le fauteuil est \u00e9galement mobile et peut \u00eatre facilement d\u00e9plac\u00e9 pour obtenir un arrangement diff\u00e9rent de votre salon \u00e0 chaque fois.<\/p>\n                <a href=\"https:\/\/alloraliving.com\/fr\/sieges\/\" class=\"link-underline\" title=\"D\u00e9couvrez la collection\">D\u00e9couvrez la collection<\/a>\n            <\/div>\n        <\/div>\n    <\/div>\n<\/section>\n","protected":false},"excerpt":{"rendered":"<p>Allora Living Allora Living est n\u00e9 de notre conviction qu&rsquo;une maison n&rsquo;est pas seulement un espace exprim\u00e9 en m\u00e8tres carr\u00e9s &#8211; c&rsquo;est avant tout un endroit o\u00f9 vivre, se d\u00e9tendre ou travailler chaque jour et passer des moments importants avec sa famille et ses proches. Nous pensons que chaque \u00e9l\u00e9ment d&rsquo;un int\u00e9rieur a un impact [&hellip;]<\/p>\n","protected":false},"author":1,"featured_media":6500,"parent":0,"menu_order":0,"comment_status":"closed","ping_status":"closed","template":"page-no-breadcrumb.php","meta":{"footnotes":""},"class_list":["post-6499","page","type-page","status-publish","has-post-thumbnail","hentry"],"yoast_head":"<!-- This site is optimized with the Yoast SEO Premium plugin v26.8 (Yoast SEO v26.8) - https:\/\/yoast.com\/product\/yoast-seo-premium-wordpress\/ -->\n<title>\u00c0 propos de la marque - AlloraLiving.com<\/title>\n<meta name=\"robots\" content=\"index, follow, max-snippet:-1, max-image-preview:large, max-video-preview:-1\" \/>\n<link rel=\"canonical\" href=\"https:\/\/alloraliving.com\/fr\/a-propos-de-la-marque\/\" \/>\n<meta property=\"og:locale\" content=\"fr_FR\" \/>\n<meta property=\"og:type\" content=\"article\" \/>\n<meta property=\"og:title\" content=\"\u00c0 propos de la marque\" \/>\n<meta property=\"og:description\" content=\"Allora Living Allora Living est n\u00e9 de notre conviction qu&rsquo;une maison n&rsquo;est pas seulement un espace exprim\u00e9 en m\u00e8tres carr\u00e9s &#8211; c&rsquo;est avant tout un endroit o\u00f9 vivre, se d\u00e9tendre ou travailler chaque jour et passer des moments importants avec sa famille et ses proches. Nous pensons que chaque \u00e9l\u00e9ment d&rsquo;un int\u00e9rieur a un impact [&hellip;]\" \/>\n<meta property=\"og:url\" content=\"https:\/\/alloraliving.com\/fr\/a-propos-de-la-marque\/\" \/>\n<meta property=\"og:site_name\" content=\"AlloraLiving.com\" \/>\n<meta property=\"article:modified_time\" content=\"2025-02-10T13:59:33+00:00\" \/>\n<meta property=\"og:image\" content=\"https:\/\/alloraliving.com\/wp-content\/uploads\/o-marce-alloraliving.jpg\" \/>\n\t<meta property=\"og:image:width\" content=\"1920\" \/>\n\t<meta property=\"og:image:height\" content=\"500\" \/>\n\t<meta property=\"og:image:type\" content=\"image\/jpeg\" \/>\n<meta name=\"twitter:card\" content=\"summary_large_image\" \/>\n<meta name=\"twitter:label1\" content=\"Dur\u00e9e de lecture estim\u00e9e\" \/>\n\t<meta name=\"twitter:data1\" content=\"1 minute\" \/>\n<script type=\"application\/ld+json\" class=\"yoast-schema-graph\">{\"@context\":\"https:\/\/schema.org\",\"@graph\":[{\"@type\":\"WebPage\",\"@id\":\"https:\/\/alloraliving.com\/fr\/a-propos-de-la-marque\/\",\"url\":\"https:\/\/alloraliving.com\/fr\/a-propos-de-la-marque\/\",\"name\":\"\u00c0 propos de la marque - AlloraLiving.com\",\"isPartOf\":{\"@id\":\"https:\/\/alloraliving.com\/fr\/#website\"},\"primaryImageOfPage\":{\"@id\":\"https:\/\/alloraliving.com\/fr\/a-propos-de-la-marque\/#primaryimage\"},\"image\":{\"@id\":\"https:\/\/alloraliving.com\/fr\/a-propos-de-la-marque\/#primaryimage\"},\"thumbnailUrl\":\"https:\/\/alloraliving.com\/wp-content\/uploads\/o-marce-alloraliving.jpg\",\"datePublished\":\"2023-12-19T14:36:44+00:00\",\"dateModified\":\"2025-02-10T13:59:33+00:00\",\"breadcrumb\":{\"@id\":\"https:\/\/alloraliving.com\/fr\/a-propos-de-la-marque\/#breadcrumb\"},\"inLanguage\":\"fr-FR\",\"potentialAction\":[{\"@type\":\"ReadAction\",\"target\":[\"https:\/\/alloraliving.com\/fr\/a-propos-de-la-marque\/\"]}]},{\"@type\":\"ImageObject\",\"inLanguage\":\"fr-FR\",\"@id\":\"https:\/\/alloraliving.com\/fr\/a-propos-de-la-marque\/#primaryimage\",\"url\":\"https:\/\/alloraliving.com\/wp-content\/uploads\/o-marce-alloraliving.jpg\",\"contentUrl\":\"https:\/\/alloraliving.com\/wp-content\/uploads\/o-marce-alloraliving.jpg\",\"width\":1920,\"height\":500},{\"@type\":\"BreadcrumbList\",\"@id\":\"https:\/\/alloraliving.com\/fr\/a-propos-de-la-marque\/#breadcrumb\",\"itemListElement\":[{\"@type\":\"ListItem\",\"position\":1,\"name\":\"Strona g\u0142\u00f3wna\",\"item\":\"https:\/\/alloraliving.com\/fr\/\"},{\"@type\":\"ListItem\",\"position\":2,\"name\":\"\u00c0 propos de la marque\"}]},{\"@type\":\"WebSite\",\"@id\":\"https:\/\/alloraliving.com\/fr\/#website\",\"url\":\"https:\/\/alloraliving.com\/fr\/\",\"name\":\"AlloraLiving.com\",\"description\":\"\",\"potentialAction\":[{\"@type\":\"SearchAction\",\"target\":{\"@type\":\"EntryPoint\",\"urlTemplate\":\"https:\/\/alloraliving.com\/fr\/?s={search_term_string}\"},\"query-input\":{\"@type\":\"PropertyValueSpecification\",\"valueRequired\":true,\"valueName\":\"search_term_string\"}}],\"inLanguage\":\"fr-FR\"}]}<\/script>\n<!-- \/ Yoast SEO Premium plugin. -->","yoast_head_json":{"title":"\u00c0 propos de la marque - AlloraLiving.com","robots":{"index":"index","follow":"follow","max-snippet":"max-snippet:-1","max-image-preview":"max-image-preview:large","max-video-preview":"max-video-preview:-1"},"canonical":"https:\/\/alloraliving.com\/fr\/a-propos-de-la-marque\/","og_locale":"fr_FR","og_type":"article","og_title":"\u00c0 propos de la marque","og_description":"Allora Living Allora Living est n\u00e9 de notre conviction qu&rsquo;une maison n&rsquo;est pas seulement un espace exprim\u00e9 en m\u00e8tres carr\u00e9s &#8211; c&rsquo;est avant tout un endroit o\u00f9 vivre, se d\u00e9tendre ou travailler chaque jour et passer des moments importants avec sa famille et ses proches. Nous pensons que chaque \u00e9l\u00e9ment d&rsquo;un int\u00e9rieur a un impact [&hellip;]","og_url":"https:\/\/alloraliving.com\/fr\/a-propos-de-la-marque\/","og_site_name":"AlloraLiving.com","article_modified_time":"2025-02-10T13:59:33+00:00","og_image":[{"width":1920,"height":500,"url":"https:\/\/alloraliving.com\/wp-content\/uploads\/o-marce-alloraliving.jpg","type":"image\/jpeg"}],"twitter_card":"summary_large_image","twitter_misc":{"Dur\u00e9e de lecture estim\u00e9e":"1 minute"},"schema":{"@context":"https:\/\/schema.org","@graph":[{"@type":"WebPage","@id":"https:\/\/alloraliving.com\/fr\/a-propos-de-la-marque\/","url":"https:\/\/alloraliving.com\/fr\/a-propos-de-la-marque\/","name":"\u00c0 propos de la marque - AlloraLiving.com","isPartOf":{"@id":"https:\/\/alloraliving.com\/fr\/#website"},"primaryImageOfPage":{"@id":"https:\/\/alloraliving.com\/fr\/a-propos-de-la-marque\/#primaryimage"},"image":{"@id":"https:\/\/alloraliving.com\/fr\/a-propos-de-la-marque\/#primaryimage"},"thumbnailUrl":"https:\/\/alloraliving.com\/wp-content\/uploads\/o-marce-alloraliving.jpg","datePublished":"2023-12-19T14:36:44+00:00","dateModified":"2025-02-10T13:59:33+00:00","breadcrumb":{"@id":"https:\/\/alloraliving.com\/fr\/a-propos-de-la-marque\/#breadcrumb"},"inLanguage":"fr-FR","potentialAction":[{"@type":"ReadAction","target":["https:\/\/alloraliving.com\/fr\/a-propos-de-la-marque\/"]}]},{"@type":"ImageObject","inLanguage":"fr-FR","@id":"https:\/\/alloraliving.com\/fr\/a-propos-de-la-marque\/#primaryimage","url":"https:\/\/alloraliving.com\/wp-content\/uploads\/o-marce-alloraliving.jpg","contentUrl":"https:\/\/alloraliving.com\/wp-content\/uploads\/o-marce-alloraliving.jpg","width":1920,"height":500},{"@type":"BreadcrumbList","@id":"https:\/\/alloraliving.com\/fr\/a-propos-de-la-marque\/#breadcrumb","itemListElement":[{"@type":"ListItem","position":1,"name":"Strona g\u0142\u00f3wna","item":"https:\/\/alloraliving.com\/fr\/"},{"@type":"ListItem","position":2,"name":"\u00c0 propos de la marque"}]},{"@type":"WebSite","@id":"https:\/\/alloraliving.com\/fr\/#website","url":"https:\/\/alloraliving.com\/fr\/","name":"AlloraLiving.com","description":"","potentialAction":[{"@type":"SearchAction","target":{"@type":"EntryPoint","urlTemplate":"https:\/\/alloraliving.com\/fr\/?s={search_term_string}"},"query-input":{"@type":"PropertyValueSpecification","valueRequired":true,"valueName":"search_term_string"}}],"inLanguage":"fr-FR"}]}},"_links":{"self":[{"href":"https:\/\/alloraliving.com\/fr\/wp-json\/wp\/v2\/pages\/6499","targetHints":{"allow":["GET"]}}],"collection":[{"href":"https:\/\/alloraliving.com\/fr\/wp-json\/wp\/v2\/pages"}],"about":[{"href":"https:\/\/alloraliving.com\/fr\/wp-json\/wp\/v2\/types\/page"}],"author":[{"embeddable":true,"href":"https:\/\/alloraliving.com\/fr\/wp-json\/wp\/v2\/users\/1"}],"replies":[{"embeddable":true,"href":"https:\/\/alloraliving.com\/fr\/wp-json\/wp\/v2\/comments?post=6499"}],"version-history":[{"count":0,"href":"https:\/\/alloraliving.com\/fr\/wp-json\/wp\/v2\/pages\/6499\/revisions"}],"wp:featuredmedia":[{"embeddable":true,"href":"https:\/\/alloraliving.com\/fr\/wp-json\/wp\/v2\/media\/6500"}],"wp:attachment":[{"href":"https:\/\/alloraliving.com\/fr\/wp-json\/wp\/v2\/media?parent=6499"}],"curies":[{"name":"wp","href":"https:\/\/api.w.org\/{rel}","templated":true}]}}