{"id":6501,"date":"2023-07-15T08:33:09","date_gmt":"2023-07-15T06:33:09","guid":{"rendered":"https:\/\/alloraliving.com\/page-daccueil\/"},"modified":"2025-08-12T16:02:27","modified_gmt":"2025-08-12T14:02:27","slug":"page-daccueil","status":"publish","type":"page","link":"https:\/\/alloraliving.com\/fr\/","title":{"rendered":"Page d&rsquo;accueil"},"content":{"rendered":"\n<section id=\"about\" class=\"bg-light-300 d-flex align-items-center justify-content-center\">\n  <div class=\"container py-4 py-lg-750\">\n    <div class=\"row text-center\">\n      <div class=\"col-lg-10 offset-lg-1 mb-4\">\n        <h1 class=\"h3 text-uppercase mb-0\">Allora Living<\/h1>\n      <\/div>\n      <div class=\"col-lg-10 col-xxl-8 offset-lg-1 offset-xxl-2\">\n        <p class=\"fs-16-mobile fs-18 fw-400\">Chez Allora Living, nous pensons qu&rsquo;une maison est faite pour \u00eatre habit\u00e9e. Son int\u00e9rieur ne doit pas seulement refl\u00e9ter votre style personnel &#8211; il doit \u00eatre un espace chaleureux et confortable pour les rencontres quotidiennes, le repos bien m\u00e9rit\u00e9 et les moments importants pass\u00e9s avec la famille et les proches. Nous mettons l&rsquo;accent sur le confort, la commodit\u00e9 et la durabilit\u00e9. Nous fabriquons nos meubles en Pologne et notre \u00e9quipe soud\u00e9e de sp\u00e9cialistes veille depuis de nombreuses ann\u00e9es \u00e0 leur fiabilit\u00e9 et \u00e0 leur design classique et intemporel.   <\/p>\n        <p class=\"fs-16-mobile fs-18 fw-400 mb-0\">Trouvez vos meubles dans les meilleures collections d&rsquo;Allora Living.<\/p>\n      <\/div>\n    <\/div>\n  <\/div>\n<\/section>\n","protected":false},"excerpt":{"rendered":"<p>Allora Living Chez Allora Living, nous pensons qu&rsquo;une maison est faite pour \u00eatre habit\u00e9e. Son int\u00e9rieur ne doit pas seulement refl\u00e9ter votre style personnel &#8211; il doit \u00eatre un espace chaleureux et confortable pour les rencontres quotidiennes, le repos bien m\u00e9rit\u00e9 et les moments importants pass\u00e9s avec la famille et les proches. Nous mettons l&rsquo;accent [&hellip;]<\/p>\n","protected":false},"author":1,"featured_media":0,"parent":0,"menu_order":0,"comment_status":"closed","ping_status":"open","template":"page-home.php","meta":{"footnotes":""},"class_list":["post-6501","page","type-page","status-publish","hentry"],"yoast_head":"<!-- This site is optimized with the Yoast SEO Premium plugin v26.8 (Yoast SEO v26.8) - https:\/\/yoast.com\/product\/yoast-seo-premium-wordpress\/ -->\n<title>AlloraLiving.com<\/title>\n<meta name=\"robots\" content=\"index, follow, max-snippet:-1, max-image-preview:large, max-video-preview:-1\" \/>\n<link rel=\"canonical\" href=\"https:\/\/alloraliving.com\/fr\/\" \/>\n<meta property=\"og:locale\" content=\"fr_FR\" \/>\n<meta property=\"og:type\" content=\"article\" \/>\n<meta property=\"og:title\" content=\"Page d&#039;accueil\" \/>\n<meta property=\"og:description\" content=\"Allora Living Chez Allora Living, nous pensons qu&rsquo;une maison est faite pour \u00eatre habit\u00e9e. Son int\u00e9rieur ne doit pas seulement refl\u00e9ter votre style personnel &#8211; il doit \u00eatre un espace chaleureux et confortable pour les rencontres quotidiennes, le repos bien m\u00e9rit\u00e9 et les moments importants pass\u00e9s avec la famille et les proches. Nous mettons l&rsquo;accent [&hellip;]\" \/>\n<meta property=\"og:url\" content=\"https:\/\/alloraliving.com\/fr\/\" \/>\n<meta property=\"og:site_name\" content=\"AlloraLiving.com\" \/>\n<meta property=\"article:modified_time\" content=\"2025-08-12T14:02:27+00:00\" \/>\n<meta property=\"og:image\" content=\"https:\/\/alloraliving.com\/wp-content\/uploads\/allora-living-slide-1-1024x480.jpg\" \/>\n<meta name=\"twitter:card\" content=\"summary_large_image\" \/>\n<meta name=\"twitter:label1\" content=\"Dur\u00e9e de lecture estim\u00e9e\" \/>\n\t<meta name=\"twitter:data1\" content=\"1 minute\" \/>\n<script type=\"application\/ld+json\" class=\"yoast-schema-graph\">{\"@context\":\"https:\/\/schema.org\",\"@graph\":[{\"@type\":\"WebPage\",\"@id\":\"https:\/\/alloraliving.com\/fr\/\",\"url\":\"https:\/\/alloraliving.com\/fr\/\",\"name\":\"AlloraLiving.com\",\"isPartOf\":{\"@id\":\"https:\/\/alloraliving.com\/fr\/#website\"},\"datePublished\":\"2023-07-15T06:33:09+00:00\",\"dateModified\":\"2025-08-12T14:02:27+00:00\",\"breadcrumb\":{\"@id\":\"https:\/\/alloraliving.com\/fr\/#breadcrumb\"},\"inLanguage\":\"fr-FR\",\"potentialAction\":[{\"@type\":\"ReadAction\",\"target\":[\"https:\/\/alloraliving.com\/fr\/\"]}]},{\"@type\":\"BreadcrumbList\",\"@id\":\"https:\/\/alloraliving.com\/fr\/#breadcrumb\",\"itemListElement\":[{\"@type\":\"ListItem\",\"position\":1,\"name\":\"Strona g\u0142\u00f3wna\",\"item\":\"https:\/\/alloraliving.com\/fr\/\"},{\"@type\":\"ListItem\",\"position\":2,\"name\":\"Page d&#8217;accueil\"}]},{\"@type\":\"WebSite\",\"@id\":\"https:\/\/alloraliving.com\/fr\/#website\",\"url\":\"https:\/\/alloraliving.com\/fr\/\",\"name\":\"AlloraLiving.com\",\"description\":\"\",\"potentialAction\":[{\"@type\":\"SearchAction\",\"target\":{\"@type\":\"EntryPoint\",\"urlTemplate\":\"https:\/\/alloraliving.com\/fr\/?s={search_term_string}\"},\"query-input\":{\"@type\":\"PropertyValueSpecification\",\"valueRequired\":true,\"valueName\":\"search_term_string\"}}],\"inLanguage\":\"fr-FR\"}]}<\/script>\n<!-- \/ Yoast SEO Premium plugin. -->","yoast_head_json":{"title":"AlloraLiving.com","robots":{"index":"index","follow":"follow","max-snippet":"max-snippet:-1","max-image-preview":"max-image-preview:large","max-video-preview":"max-video-preview:-1"},"canonical":"https:\/\/alloraliving.com\/fr\/","og_locale":"fr_FR","og_type":"article","og_title":"Page d'accueil","og_description":"Allora Living Chez Allora Living, nous pensons qu&rsquo;une maison est faite pour \u00eatre habit\u00e9e. Son int\u00e9rieur ne doit pas seulement refl\u00e9ter votre style personnel &#8211; il doit \u00eatre un espace chaleureux et confortable pour les rencontres quotidiennes, le repos bien m\u00e9rit\u00e9 et les moments importants pass\u00e9s avec la famille et les proches. Nous mettons l&rsquo;accent [&hellip;]","og_url":"https:\/\/alloraliving.com\/fr\/","og_site_name":"AlloraLiving.com","article_modified_time":"2025-08-12T14:02:27+00:00","og_image":[{"url":"https:\/\/alloraliving.com\/wp-content\/uploads\/allora-living-slide-1-1024x480.jpg","type":"","width":"","height":""}],"twitter_card":"summary_large_image","twitter_misc":{"Dur\u00e9e de lecture estim\u00e9e":"1 minute"},"schema":{"@context":"https:\/\/schema.org","@graph":[{"@type":"WebPage","@id":"https:\/\/alloraliving.com\/fr\/","url":"https:\/\/alloraliving.com\/fr\/","name":"AlloraLiving.com","isPartOf":{"@id":"https:\/\/alloraliving.com\/fr\/#website"},"datePublished":"2023-07-15T06:33:09+00:00","dateModified":"2025-08-12T14:02:27+00:00","breadcrumb":{"@id":"https:\/\/alloraliving.com\/fr\/#breadcrumb"},"inLanguage":"fr-FR","potentialAction":[{"@type":"ReadAction","target":["https:\/\/alloraliving.com\/fr\/"]}]},{"@type":"BreadcrumbList","@id":"https:\/\/alloraliving.com\/fr\/#breadcrumb","itemListElement":[{"@type":"ListItem","position":1,"name":"Strona g\u0142\u00f3wna","item":"https:\/\/alloraliving.com\/fr\/"},{"@type":"ListItem","position":2,"name":"Page d&#8217;accueil"}]},{"@type":"WebSite","@id":"https:\/\/alloraliving.com\/fr\/#website","url":"https:\/\/alloraliving.com\/fr\/","name":"AlloraLiving.com","description":"","potentialAction":[{"@type":"SearchAction","target":{"@type":"EntryPoint","urlTemplate":"https:\/\/alloraliving.com\/fr\/?s={search_term_string}"},"query-input":{"@type":"PropertyValueSpecification","valueRequired":true,"valueName":"search_term_string"}}],"inLanguage":"fr-FR"}]}},"_links":{"self":[{"href":"https:\/\/alloraliving.com\/fr\/wp-json\/wp\/v2\/pages\/6501","targetHints":{"allow":["GET"]}}],"collection":[{"href":"https:\/\/alloraliving.com\/fr\/wp-json\/wp\/v2\/pages"}],"about":[{"href":"https:\/\/alloraliving.com\/fr\/wp-json\/wp\/v2\/types\/page"}],"author":[{"embeddable":true,"href":"https:\/\/alloraliving.com\/fr\/wp-json\/wp\/v2\/users\/1"}],"replies":[{"embeddable":true,"href":"https:\/\/alloraliving.com\/fr\/wp-json\/wp\/v2\/comments?post=6501"}],"version-history":[{"count":0,"href":"https:\/\/alloraliving.com\/fr\/wp-json\/wp\/v2\/pages\/6501\/revisions"}],"wp:attachment":[{"href":"https:\/\/alloraliving.com\/fr\/wp-json\/wp\/v2\/media?parent=6501"}],"curies":[{"name":"wp","href":"https:\/\/api.w.org\/{rel}","templated":true}]}}