{"id":6462,"date":"2024-02-26T15:03:31","date_gmt":"2024-02-26T14:03:31","guid":{"rendered":"https:\/\/alloraliving.com\/bouffee-bella-vita\/"},"modified":"2025-02-10T14:45:13","modified_gmt":"2025-02-10T13:45:13","slug":"bouffee-bella-vita","status":"publish","type":"product","link":"https:\/\/alloraliving.com\/fr\/bouffee-bella-vita\/","title":{"rendered":"Bouff\u00e9e Bella Vita"},"content":{"rendered":"","protected":false},"excerpt":{"rendered":"<p>Le pouf BELLA VITA est la pi\u00e8ce parfaite pour compl\u00e9ter n&rsquo;importe quel espace, offrant une assise suppl\u00e9mentaire et une libert\u00e9 de conception int\u00e9rieure. Sa forme douce apporte du confort, tandis que son design minimaliste permet au pouf de s&rsquo;int\u00e9grer parfaitement dans les espaces classiques et modernes.<\/p>\n<p>Vous pouvez facilement l&rsquo;associer \u00e0 d&rsquo;autres modules de la collection BELLA VITA pour cr\u00e9er une composition harmonieuse. Nous vous encourageons \u00e0 explorer les couleurs et les accessoires disponibles pour exprimer pleinement votre style et transformer votre espace dans l&rsquo;esprit d&rsquo;une belle vie.<\/p>\n","protected":false},"featured_media":6464,"template":"","meta":[],"product_brand":[],"product_cat":[931,945],"product_tag":[],"class_list":{"0":"post-6462","1":"product","2":"type-product","3":"status-publish","4":"has-post-thumbnail","6":"product_cat-collection-bella-vita","7":"product_cat-poufs-fr","8":"product_shipping_class-livraison-gratuite","10":"first","11":"instock","12":"taxable","13":"shipping-taxable","14":"purchasable","15":"product-type-variable","16":"has-default-attributes","17":"wvs-archive-product-wrapper"},"yoast_head":"<!-- This site is optimized with the Yoast SEO Premium plugin v26.8 (Yoast SEO v26.8) - https:\/\/yoast.com\/product\/yoast-seo-premium-wordpress\/ -->\n<title>Bouff\u00e9e Bella Vita - AlloraLiving.com<\/title>\n<meta name=\"robots\" content=\"index, follow, max-snippet:-1, max-image-preview:large, max-video-preview:-1\" \/>\n<link rel=\"canonical\" href=\"https:\/\/alloraliving.com\/fr\/bouffee-bella-vita\/\" \/>\n<meta property=\"og:locale\" content=\"fr_FR\" \/>\n<meta property=\"og:type\" content=\"article\" \/>\n<meta property=\"og:title\" content=\"Bouff\u00e9e Bella Vita\" \/>\n<meta property=\"og:description\" content=\"Le pouf BELLA VITA est la pi\u00e8ce parfaite pour compl\u00e9ter n&#039;importe quel espace, offrant une assise suppl\u00e9mentaire et une libert\u00e9 de conception int\u00e9rieure. Sa forme douce apporte du confort, tandis que son design minimaliste permet au pouf de s&#039;int\u00e9grer parfaitement dans les espaces classiques et modernes. Vous pouvez facilement l&#039;associer \u00e0 d&#039;autres modules de la collection BELLA VITA pour cr\u00e9er une composition harmonieuse. Nous vous encourageons \u00e0 explorer les couleurs et les accessoires disponibles pour exprimer pleinement votre style et transformer votre espace dans l&#039;esprit d&#039;une belle vie.\" \/>\n<meta property=\"og:url\" content=\"https:\/\/alloraliving.com\/fr\/bouffee-bella-vita\/\" \/>\n<meta property=\"og:site_name\" content=\"AlloraLiving.com\" \/>\n<meta property=\"article:modified_time\" content=\"2025-02-10T13:45:13+00:00\" \/>\n<meta property=\"og:image\" content=\"https:\/\/alloraliving.com\/wp-content\/uploads\/1-kremowa-pufa-welur-sand-cream-bella-vita-2.jpg\" \/>\n\t<meta property=\"og:image:width\" content=\"1600\" \/>\n\t<meta property=\"og:image:height\" content=\"1200\" \/>\n\t<meta property=\"og:image:type\" content=\"image\/jpeg\" \/>\n<meta name=\"twitter:card\" content=\"summary_large_image\" \/>\n<meta name=\"twitter:label1\" content=\"Disponibilit\u00e9\" \/>\n\t<meta name=\"twitter:data1\" content=\"En stock\" \/>\n<script type=\"application\/ld+json\" class=\"yoast-schema-graph\">{\"@context\":\"https:\/\/schema.org\",\"@graph\":[{\"@type\":[\"WebPage\",\"ItemPage\"],\"@id\":\"https:\/\/alloraliving.com\/fr\/bouffee-bella-vita\/\",\"url\":\"https:\/\/alloraliving.com\/fr\/bouffee-bella-vita\/\",\"name\":\"Bouff\u00e9e Bella Vita - AlloraLiving.com\",\"isPartOf\":{\"@id\":\"https:\/\/alloraliving.com\/fr\/#website\"},\"primaryImageOfPage\":{\"@id\":\"https:\/\/alloraliving.com\/fr\/bouffee-bella-vita\/#primaryimage\"},\"image\":{\"@id\":\"https:\/\/alloraliving.com\/fr\/bouffee-bella-vita\/#primaryimage\"},\"thumbnailUrl\":\"https:\/\/alloraliving.com\/wp-content\/uploads\/1-kremowa-pufa-welur-sand-cream-bella-vita-2.jpg\",\"datePublished\":\"2024-02-26T14:03:31+00:00\",\"dateModified\":\"2025-02-10T13:45:13+00:00\",\"breadcrumb\":{\"@id\":\"https:\/\/alloraliving.com\/fr\/bouffee-bella-vita\/#breadcrumb\"},\"inLanguage\":\"fr-FR\",\"potentialAction\":[{\"@type\":\"ReadAction\",\"target\":[\"https:\/\/alloraliving.com\/fr\/bouffee-bella-vita\/\"]}]},{\"@type\":\"ImageObject\",\"inLanguage\":\"fr-FR\",\"@id\":\"https:\/\/alloraliving.com\/fr\/bouffee-bella-vita\/#primaryimage\",\"url\":\"https:\/\/alloraliving.com\/wp-content\/uploads\/1-kremowa-pufa-welur-sand-cream-bella-vita-2.jpg\",\"contentUrl\":\"https:\/\/alloraliving.com\/wp-content\/uploads\/1-kremowa-pufa-welur-sand-cream-bella-vita-2.jpg\",\"width\":1600,\"height\":1200},{\"@type\":\"BreadcrumbList\",\"@id\":\"https:\/\/alloraliving.com\/fr\/bouffee-bella-vita\/#breadcrumb\",\"itemListElement\":[{\"@type\":\"ListItem\",\"position\":1,\"name\":\"Strona g\u0142\u00f3wna\",\"item\":\"https:\/\/alloraliving.com\/fr\/\"},{\"@type\":\"ListItem\",\"position\":2,\"name\":\"Boutique\",\"item\":\"https:\/\/alloraliving.com\/fr\/?page_id=6496\"},{\"@type\":\"ListItem\",\"position\":3,\"name\":\"Bouff\u00e9e Bella Vita\"}]},{\"@type\":\"WebSite\",\"@id\":\"https:\/\/alloraliving.com\/fr\/#website\",\"url\":\"https:\/\/alloraliving.com\/fr\/\",\"name\":\"AlloraLiving.com\",\"description\":\"\",\"potentialAction\":[{\"@type\":\"SearchAction\",\"target\":{\"@type\":\"EntryPoint\",\"urlTemplate\":\"https:\/\/alloraliving.com\/fr\/?s={search_term_string}\"},\"query-input\":{\"@type\":\"PropertyValueSpecification\",\"valueRequired\":true,\"valueName\":\"search_term_string\"}}],\"inLanguage\":\"fr-FR\"}]}<\/script>\n<meta property=\"og:availability\" content=\"instock\" \/>\n<meta property=\"product:availability\" content=\"instock\" \/>\n<meta property=\"product:condition\" content=\"new\" \/>\n<!-- \/ Yoast SEO Premium plugin. -->","yoast_head_json":{"title":"Bouff\u00e9e Bella Vita - AlloraLiving.com","robots":{"index":"index","follow":"follow","max-snippet":"max-snippet:-1","max-image-preview":"max-image-preview:large","max-video-preview":"max-video-preview:-1"},"canonical":"https:\/\/alloraliving.com\/fr\/bouffee-bella-vita\/","og_locale":"fr_FR","og_type":"article","og_title":"Bouff\u00e9e Bella Vita","og_description":"Le pouf BELLA VITA est la pi\u00e8ce parfaite pour compl\u00e9ter n'importe quel espace, offrant une assise suppl\u00e9mentaire et une libert\u00e9 de conception int\u00e9rieure. Sa forme douce apporte du confort, tandis que son design minimaliste permet au pouf de s'int\u00e9grer parfaitement dans les espaces classiques et modernes. Vous pouvez facilement l'associer \u00e0 d'autres modules de la collection BELLA VITA pour cr\u00e9er une composition harmonieuse. Nous vous encourageons \u00e0 explorer les couleurs et les accessoires disponibles pour exprimer pleinement votre style et transformer votre espace dans l'esprit d'une belle vie.","og_url":"https:\/\/alloraliving.com\/fr\/bouffee-bella-vita\/","og_site_name":"AlloraLiving.com","article_modified_time":"2025-02-10T13:45:13+00:00","og_image":[{"width":1600,"height":1200,"url":"https:\/\/alloraliving.com\/wp-content\/uploads\/1-kremowa-pufa-welur-sand-cream-bella-vita-2.jpg","type":"image\/jpeg"}],"twitter_card":"summary_large_image","twitter_misc":{"Disponibilit\u00e9":"En stock"},"schema":{"@context":"https:\/\/schema.org","@graph":[{"@type":["WebPage","ItemPage"],"@id":"https:\/\/alloraliving.com\/fr\/bouffee-bella-vita\/","url":"https:\/\/alloraliving.com\/fr\/bouffee-bella-vita\/","name":"Bouff\u00e9e Bella Vita - AlloraLiving.com","isPartOf":{"@id":"https:\/\/alloraliving.com\/fr\/#website"},"primaryImageOfPage":{"@id":"https:\/\/alloraliving.com\/fr\/bouffee-bella-vita\/#primaryimage"},"image":{"@id":"https:\/\/alloraliving.com\/fr\/bouffee-bella-vita\/#primaryimage"},"thumbnailUrl":"https:\/\/alloraliving.com\/wp-content\/uploads\/1-kremowa-pufa-welur-sand-cream-bella-vita-2.jpg","datePublished":"2024-02-26T14:03:31+00:00","dateModified":"2025-02-10T13:45:13+00:00","breadcrumb":{"@id":"https:\/\/alloraliving.com\/fr\/bouffee-bella-vita\/#breadcrumb"},"inLanguage":"fr-FR","potentialAction":[{"@type":"ReadAction","target":["https:\/\/alloraliving.com\/fr\/bouffee-bella-vita\/"]}]},{"@type":"ImageObject","inLanguage":"fr-FR","@id":"https:\/\/alloraliving.com\/fr\/bouffee-bella-vita\/#primaryimage","url":"https:\/\/alloraliving.com\/wp-content\/uploads\/1-kremowa-pufa-welur-sand-cream-bella-vita-2.jpg","contentUrl":"https:\/\/alloraliving.com\/wp-content\/uploads\/1-kremowa-pufa-welur-sand-cream-bella-vita-2.jpg","width":1600,"height":1200},{"@type":"BreadcrumbList","@id":"https:\/\/alloraliving.com\/fr\/bouffee-bella-vita\/#breadcrumb","itemListElement":[{"@type":"ListItem","position":1,"name":"Strona g\u0142\u00f3wna","item":"https:\/\/alloraliving.com\/fr\/"},{"@type":"ListItem","position":2,"name":"Boutique","item":"https:\/\/alloraliving.com\/fr\/?page_id=6496"},{"@type":"ListItem","position":3,"name":"Bouff\u00e9e Bella Vita"}]},{"@type":"WebSite","@id":"https:\/\/alloraliving.com\/fr\/#website","url":"https:\/\/alloraliving.com\/fr\/","name":"AlloraLiving.com","description":"","potentialAction":[{"@type":"SearchAction","target":{"@type":"EntryPoint","urlTemplate":"https:\/\/alloraliving.com\/fr\/?s={search_term_string}"},"query-input":{"@type":"PropertyValueSpecification","valueRequired":true,"valueName":"search_term_string"}}],"inLanguage":"fr-FR"}]},"og_availability":"instock","product_availability":"instock","product_condition":"new"},"_links":{"self":[{"href":"https:\/\/alloraliving.com\/fr\/wp-json\/wp\/v2\/product\/6462","targetHints":{"allow":["GET"]}}],"collection":[{"href":"https:\/\/alloraliving.com\/fr\/wp-json\/wp\/v2\/product"}],"about":[{"href":"https:\/\/alloraliving.com\/fr\/wp-json\/wp\/v2\/types\/product"}],"wp:featuredmedia":[{"embeddable":true,"href":"https:\/\/alloraliving.com\/fr\/wp-json\/wp\/v2\/media\/6464"}],"wp:attachment":[{"href":"https:\/\/alloraliving.com\/fr\/wp-json\/wp\/v2\/media?parent=6462"}],"wp:term":[{"taxonomy":"product_brand","embeddable":true,"href":"https:\/\/alloraliving.com\/fr\/wp-json\/wp\/v2\/product_brand?post=6462"},{"taxonomy":"product_cat","embeddable":true,"href":"https:\/\/alloraliving.com\/fr\/wp-json\/wp\/v2\/product_cat?post=6462"},{"taxonomy":"product_tag","embeddable":true,"href":"https:\/\/alloraliving.com\/fr\/wp-json\/wp\/v2\/product_tag?post=6462"}],"curies":[{"name":"wp","href":"https:\/\/api.w.org\/{rel}","templated":true}]}}