{"id":6463,"date":"2024-02-27T06:42:22","date_gmt":"2024-02-27T05:42:22","guid":{"rendered":"https:\/\/alloraliving.com\/bella-vita-element-right\/"},"modified":"2025-02-11T08:08:40","modified_gmt":"2025-02-11T07:08:40","slug":"bella-vita-element-right","status":"publish","type":"product","link":"https:\/\/alloraliving.com\/fr\/bella-vita-element-right\/","title":{"rendered":"\u00c9l\u00e9ment droit Bella Vita"},"content":{"rendered":"","protected":false},"excerpt":{"rendered":"<p>La pi\u00e8ce gauche BELLA VITA est un module qui permet de cr\u00e9er des configurations de canap\u00e9s \u00e9labor\u00e9es. Son assise confortable et ses lignes douces cr\u00e9ent un espace de d\u00e9tente harmonieux, vous invitant \u00e0 exp\u00e9rimenter l&rsquo;am\u00e9nagement de votre int\u00e9rieur. Cette pi\u00e8ce s&rsquo;int\u00e8gre facilement dans une vari\u00e9t\u00e9 de styles de design, en mettant l&rsquo;accent sur l&rsquo;\u00e9l\u00e9gance et la simplicit\u00e9.  <\/p>\n<p>Associez la pi\u00e8ce de droite \u00e0 d&rsquo;autres modules de la collection pour cr\u00e9er des combinaisons uniques. Nos designers ont cr\u00e9\u00e9 cette collection en pensant \u00e0 la beaut\u00e9 de l&rsquo;habitat. D\u00e9couvrez les diff\u00e9rentes configurations et couleurs qui feront de votre int\u00e9rieur un espace de d\u00e9tente inoubliable. <\/p>\n","protected":false},"featured_media":6467,"template":"","meta":[],"product_brand":[],"product_cat":[947,931],"product_tag":[],"class_list":{"0":"post-6463","1":"product","2":"type-product","3":"status-publish","4":"has-post-thumbnail","6":"product_cat-canapes-modulaires","7":"product_cat-collection-bella-vita","8":"product_shipping_class-livraison-gratuite","10":"first","11":"instock","12":"taxable","13":"shipping-taxable","14":"purchasable","15":"product-type-variable","16":"has-default-attributes","17":"wvs-archive-product-wrapper"},"yoast_head":"<!-- This site is optimized with the Yoast SEO Premium plugin v26.8 (Yoast SEO v26.8) - https:\/\/yoast.com\/product\/yoast-seo-premium-wordpress\/ -->\n<title>\u00c9l\u00e9ment droit Bella Vita - AlloraLiving.com<\/title>\n<meta name=\"robots\" content=\"index, follow, max-snippet:-1, max-image-preview:large, max-video-preview:-1\" \/>\n<link rel=\"canonical\" href=\"https:\/\/alloraliving.com\/fr\/bella-vita-element-right\/\" \/>\n<meta property=\"og:locale\" content=\"fr_FR\" \/>\n<meta property=\"og:type\" content=\"article\" \/>\n<meta property=\"og:title\" content=\"\u00c9l\u00e9ment droit Bella Vita\" \/>\n<meta property=\"og:description\" content=\"La pi\u00e8ce gauche BELLA VITA est un module qui permet de cr\u00e9er des configurations de canap\u00e9s \u00e9labor\u00e9es. Son assise confortable et ses lignes douces cr\u00e9ent un espace de d\u00e9tente harmonieux, vous invitant \u00e0 exp\u00e9rimenter l&#039;am\u00e9nagement de votre int\u00e9rieur. Cette pi\u00e8ce s&#039;int\u00e8gre facilement dans une vari\u00e9t\u00e9 de styles de design, en mettant l&#039;accent sur l&#039;\u00e9l\u00e9gance et la simplicit\u00e9.  Associez la pi\u00e8ce de droite \u00e0 d&#039;autres modules de la collection pour cr\u00e9er des combinaisons uniques. Nos designers ont cr\u00e9\u00e9 cette collection en pensant \u00e0 la beaut\u00e9 de l&#039;habitat. D\u00e9couvrez les diff\u00e9rentes configurations et couleurs qui feront de votre int\u00e9rieur un espace de d\u00e9tente inoubliable.\" \/>\n<meta property=\"og:url\" content=\"https:\/\/alloraliving.com\/fr\/bella-vita-element-right\/\" \/>\n<meta property=\"og:site_name\" content=\"AlloraLiving.com\" \/>\n<meta property=\"article:modified_time\" content=\"2025-02-11T07:08:40+00:00\" \/>\n<meta property=\"og:image\" content=\"https:\/\/alloraliving.com\/wp-content\/uploads\/1-element-modulowy-prawy-sofa-bella-vita-sand-cream-2.jpg\" \/>\n\t<meta property=\"og:image:width\" content=\"1600\" \/>\n\t<meta property=\"og:image:height\" content=\"1200\" \/>\n\t<meta property=\"og:image:type\" content=\"image\/jpeg\" \/>\n<meta name=\"twitter:card\" content=\"summary_large_image\" \/>\n<meta name=\"twitter:label1\" content=\"Disponibilit\u00e9\" \/>\n\t<meta name=\"twitter:data1\" content=\"En stock\" \/>\n<script type=\"application\/ld+json\" class=\"yoast-schema-graph\">{\"@context\":\"https:\/\/schema.org\",\"@graph\":[{\"@type\":[\"WebPage\",\"ItemPage\"],\"@id\":\"https:\/\/alloraliving.com\/fr\/bella-vita-element-right\/\",\"url\":\"https:\/\/alloraliving.com\/fr\/bella-vita-element-right\/\",\"name\":\"\u00c9l\u00e9ment droit Bella Vita - AlloraLiving.com\",\"isPartOf\":{\"@id\":\"https:\/\/alloraliving.com\/fr\/#website\"},\"primaryImageOfPage\":{\"@id\":\"https:\/\/alloraliving.com\/fr\/bella-vita-element-right\/#primaryimage\"},\"image\":{\"@id\":\"https:\/\/alloraliving.com\/fr\/bella-vita-element-right\/#primaryimage\"},\"thumbnailUrl\":\"https:\/\/alloraliving.com\/wp-content\/uploads\/1-element-modulowy-prawy-sofa-bella-vita-sand-cream-2.jpg\",\"datePublished\":\"2024-02-27T05:42:22+00:00\",\"dateModified\":\"2025-02-11T07:08:40+00:00\",\"breadcrumb\":{\"@id\":\"https:\/\/alloraliving.com\/fr\/bella-vita-element-right\/#breadcrumb\"},\"inLanguage\":\"fr-FR\",\"potentialAction\":[{\"@type\":\"ReadAction\",\"target\":[\"https:\/\/alloraliving.com\/fr\/bella-vita-element-right\/\"]}]},{\"@type\":\"ImageObject\",\"inLanguage\":\"fr-FR\",\"@id\":\"https:\/\/alloraliving.com\/fr\/bella-vita-element-right\/#primaryimage\",\"url\":\"https:\/\/alloraliving.com\/wp-content\/uploads\/1-element-modulowy-prawy-sofa-bella-vita-sand-cream-2.jpg\",\"contentUrl\":\"https:\/\/alloraliving.com\/wp-content\/uploads\/1-element-modulowy-prawy-sofa-bella-vita-sand-cream-2.jpg\",\"width\":1600,\"height\":1200},{\"@type\":\"BreadcrumbList\",\"@id\":\"https:\/\/alloraliving.com\/fr\/bella-vita-element-right\/#breadcrumb\",\"itemListElement\":[{\"@type\":\"ListItem\",\"position\":1,\"name\":\"Strona g\u0142\u00f3wna\",\"item\":\"https:\/\/alloraliving.com\/fr\/\"},{\"@type\":\"ListItem\",\"position\":2,\"name\":\"Boutique\",\"item\":\"https:\/\/alloraliving.com\/fr\/?page_id=6496\"},{\"@type\":\"ListItem\",\"position\":3,\"name\":\"\u00c9l\u00e9ment droit Bella Vita\"}]},{\"@type\":\"WebSite\",\"@id\":\"https:\/\/alloraliving.com\/fr\/#website\",\"url\":\"https:\/\/alloraliving.com\/fr\/\",\"name\":\"AlloraLiving.com\",\"description\":\"\",\"potentialAction\":[{\"@type\":\"SearchAction\",\"target\":{\"@type\":\"EntryPoint\",\"urlTemplate\":\"https:\/\/alloraliving.com\/fr\/?s={search_term_string}\"},\"query-input\":{\"@type\":\"PropertyValueSpecification\",\"valueRequired\":true,\"valueName\":\"search_term_string\"}}],\"inLanguage\":\"fr-FR\"}]}<\/script>\n<meta property=\"og:availability\" content=\"instock\" \/>\n<meta property=\"product:availability\" content=\"instock\" \/>\n<meta property=\"product:condition\" content=\"new\" \/>\n<!-- \/ Yoast SEO Premium plugin. -->","yoast_head_json":{"title":"\u00c9l\u00e9ment droit Bella Vita - AlloraLiving.com","robots":{"index":"index","follow":"follow","max-snippet":"max-snippet:-1","max-image-preview":"max-image-preview:large","max-video-preview":"max-video-preview:-1"},"canonical":"https:\/\/alloraliving.com\/fr\/bella-vita-element-right\/","og_locale":"fr_FR","og_type":"article","og_title":"\u00c9l\u00e9ment droit Bella Vita","og_description":"La pi\u00e8ce gauche BELLA VITA est un module qui permet de cr\u00e9er des configurations de canap\u00e9s \u00e9labor\u00e9es. Son assise confortable et ses lignes douces cr\u00e9ent un espace de d\u00e9tente harmonieux, vous invitant \u00e0 exp\u00e9rimenter l'am\u00e9nagement de votre int\u00e9rieur. Cette pi\u00e8ce s'int\u00e8gre facilement dans une vari\u00e9t\u00e9 de styles de design, en mettant l'accent sur l'\u00e9l\u00e9gance et la simplicit\u00e9.  Associez la pi\u00e8ce de droite \u00e0 d'autres modules de la collection pour cr\u00e9er des combinaisons uniques. Nos designers ont cr\u00e9\u00e9 cette collection en pensant \u00e0 la beaut\u00e9 de l'habitat. D\u00e9couvrez les diff\u00e9rentes configurations et couleurs qui feront de votre int\u00e9rieur un espace de d\u00e9tente inoubliable.","og_url":"https:\/\/alloraliving.com\/fr\/bella-vita-element-right\/","og_site_name":"AlloraLiving.com","article_modified_time":"2025-02-11T07:08:40+00:00","og_image":[{"width":1600,"height":1200,"url":"https:\/\/alloraliving.com\/wp-content\/uploads\/1-element-modulowy-prawy-sofa-bella-vita-sand-cream-2.jpg","type":"image\/jpeg"}],"twitter_card":"summary_large_image","twitter_misc":{"Disponibilit\u00e9":"En stock"},"schema":{"@context":"https:\/\/schema.org","@graph":[{"@type":["WebPage","ItemPage"],"@id":"https:\/\/alloraliving.com\/fr\/bella-vita-element-right\/","url":"https:\/\/alloraliving.com\/fr\/bella-vita-element-right\/","name":"\u00c9l\u00e9ment droit Bella Vita - AlloraLiving.com","isPartOf":{"@id":"https:\/\/alloraliving.com\/fr\/#website"},"primaryImageOfPage":{"@id":"https:\/\/alloraliving.com\/fr\/bella-vita-element-right\/#primaryimage"},"image":{"@id":"https:\/\/alloraliving.com\/fr\/bella-vita-element-right\/#primaryimage"},"thumbnailUrl":"https:\/\/alloraliving.com\/wp-content\/uploads\/1-element-modulowy-prawy-sofa-bella-vita-sand-cream-2.jpg","datePublished":"2024-02-27T05:42:22+00:00","dateModified":"2025-02-11T07:08:40+00:00","breadcrumb":{"@id":"https:\/\/alloraliving.com\/fr\/bella-vita-element-right\/#breadcrumb"},"inLanguage":"fr-FR","potentialAction":[{"@type":"ReadAction","target":["https:\/\/alloraliving.com\/fr\/bella-vita-element-right\/"]}]},{"@type":"ImageObject","inLanguage":"fr-FR","@id":"https:\/\/alloraliving.com\/fr\/bella-vita-element-right\/#primaryimage","url":"https:\/\/alloraliving.com\/wp-content\/uploads\/1-element-modulowy-prawy-sofa-bella-vita-sand-cream-2.jpg","contentUrl":"https:\/\/alloraliving.com\/wp-content\/uploads\/1-element-modulowy-prawy-sofa-bella-vita-sand-cream-2.jpg","width":1600,"height":1200},{"@type":"BreadcrumbList","@id":"https:\/\/alloraliving.com\/fr\/bella-vita-element-right\/#breadcrumb","itemListElement":[{"@type":"ListItem","position":1,"name":"Strona g\u0142\u00f3wna","item":"https:\/\/alloraliving.com\/fr\/"},{"@type":"ListItem","position":2,"name":"Boutique","item":"https:\/\/alloraliving.com\/fr\/?page_id=6496"},{"@type":"ListItem","position":3,"name":"\u00c9l\u00e9ment droit Bella Vita"}]},{"@type":"WebSite","@id":"https:\/\/alloraliving.com\/fr\/#website","url":"https:\/\/alloraliving.com\/fr\/","name":"AlloraLiving.com","description":"","potentialAction":[{"@type":"SearchAction","target":{"@type":"EntryPoint","urlTemplate":"https:\/\/alloraliving.com\/fr\/?s={search_term_string}"},"query-input":{"@type":"PropertyValueSpecification","valueRequired":true,"valueName":"search_term_string"}}],"inLanguage":"fr-FR"}]},"og_availability":"instock","product_availability":"instock","product_condition":"new"},"_links":{"self":[{"href":"https:\/\/alloraliving.com\/fr\/wp-json\/wp\/v2\/product\/6463","targetHints":{"allow":["GET"]}}],"collection":[{"href":"https:\/\/alloraliving.com\/fr\/wp-json\/wp\/v2\/product"}],"about":[{"href":"https:\/\/alloraliving.com\/fr\/wp-json\/wp\/v2\/types\/product"}],"wp:featuredmedia":[{"embeddable":true,"href":"https:\/\/alloraliving.com\/fr\/wp-json\/wp\/v2\/media\/6467"}],"wp:attachment":[{"href":"https:\/\/alloraliving.com\/fr\/wp-json\/wp\/v2\/media?parent=6463"}],"wp:term":[{"taxonomy":"product_brand","embeddable":true,"href":"https:\/\/alloraliving.com\/fr\/wp-json\/wp\/v2\/product_brand?post=6463"},{"taxonomy":"product_cat","embeddable":true,"href":"https:\/\/alloraliving.com\/fr\/wp-json\/wp\/v2\/product_cat?post=6463"},{"taxonomy":"product_tag","embeddable":true,"href":"https:\/\/alloraliving.com\/fr\/wp-json\/wp\/v2\/product_tag?post=6463"}],"curies":[{"name":"wp","href":"https:\/\/api.w.org\/{rel}","templated":true}]}}