{"id":6550,"date":"2024-12-17T12:27:58","date_gmt":"2024-12-17T11:27:58","guid":{"rendered":"https:\/\/alloraliving.com\/ensemble-fauteuil-pouf-bella-vita\/"},"modified":"2025-02-11T08:25:06","modified_gmt":"2025-02-11T07:25:06","slug":"ensemble-fauteuil-pouf-bella-vita","status":"publish","type":"product","link":"https:\/\/alloraliving.com\/fr\/ensemble-fauteuil-pouf-bella-vita\/","title":{"rendered":"Ensemble Fauteuil + Pouf Bella Vita"},"content":{"rendered":"","protected":false},"excerpt":{"rendered":"<p>L&rsquo;ensemble fauteuil et pouf de la collection BELLA VITA est le choix parfait pour cr\u00e9er un coin d\u00e9tente &#8211; un endroit parfait pour passer un moment avec votre livre pr\u00e9f\u00e9r\u00e9 ou une longue conversation autour d&rsquo;un caf\u00e9. Le fauteuil offre un soutien confortable pendant le repos, et le pouf sert de compl\u00e9ment pratique \u2013 comme repose-pieds ou comme si\u00e8ge suppl\u00e9mentaire. <\/p>\n<p>La collection BELLA VITA s&rsquo;appuie sur des mat\u00e9riaux et des couleurs soigneusement s\u00e9lectionn\u00e9s qui soulignent subtilement le caract\u00e8re de l&rsquo;int\u00e9rieur et s&rsquo;int\u00e8grent dans l&rsquo;id\u00e9e d&rsquo;une belle vie. Le concept bien pens\u00e9 de modularit\u00e9 et de coh\u00e9rence stylistique permet de cr\u00e9er des am\u00e9nagements au caract\u00e8re intemporel et \u00e9l\u00e9gant. <\/p>\n","protected":false},"featured_media":6551,"template":"","meta":[],"product_brand":[],"product_cat":[931,930],"product_tag":[],"class_list":{"0":"post-6550","1":"product","2":"type-product","3":"status-publish","4":"has-post-thumbnail","6":"product_cat-collection-bella-vita","7":"product_cat-sieges","8":"product_shipping_class-livraison-gratuite","10":"first","11":"instock","12":"taxable","13":"shipping-taxable","14":"purchasable","15":"product-type-variable","16":"has-default-attributes","17":"wvs-archive-product-wrapper"},"yoast_head":"<!-- This site is optimized with the Yoast SEO Premium plugin v26.8 (Yoast SEO v26.8) - https:\/\/yoast.com\/product\/yoast-seo-premium-wordpress\/ -->\n<title>Ensemble Fauteuil + Pouf Bella Vita - AlloraLiving.com<\/title>\n<meta name=\"robots\" content=\"index, follow, max-snippet:-1, max-image-preview:large, max-video-preview:-1\" \/>\n<link rel=\"canonical\" href=\"https:\/\/alloraliving.com\/fr\/ensemble-fauteuil-pouf-bella-vita\/\" \/>\n<meta property=\"og:locale\" content=\"fr_FR\" \/>\n<meta property=\"og:type\" content=\"article\" \/>\n<meta property=\"og:title\" content=\"Ensemble Fauteuil + Pouf Bella Vita\" \/>\n<meta property=\"og:description\" content=\"L&#039;ensemble fauteuil et pouf de la collection BELLA VITA est le choix parfait pour cr\u00e9er un coin d\u00e9tente - un endroit parfait pour passer un moment avec votre livre pr\u00e9f\u00e9r\u00e9 ou une longue conversation autour d&#039;un caf\u00e9. Le fauteuil offre un soutien confortable pendant le repos, et le pouf sert de compl\u00e9ment pratique \u2013 comme repose-pieds ou comme si\u00e8ge suppl\u00e9mentaire.  La collection BELLA VITA s&#039;appuie sur des mat\u00e9riaux et des couleurs soigneusement s\u00e9lectionn\u00e9s qui soulignent subtilement le caract\u00e8re de l&#039;int\u00e9rieur et s&#039;int\u00e8grent dans l&#039;id\u00e9e d&#039;une belle vie. Le concept bien pens\u00e9 de modularit\u00e9 et de coh\u00e9rence stylistique permet de cr\u00e9er des am\u00e9nagements au caract\u00e8re intemporel et \u00e9l\u00e9gant.\" \/>\n<meta property=\"og:url\" content=\"https:\/\/alloraliving.com\/fr\/ensemble-fauteuil-pouf-bella-vita\/\" \/>\n<meta property=\"og:site_name\" content=\"AlloraLiving.com\" \/>\n<meta property=\"article:modified_time\" content=\"2025-02-11T07:25:06+00:00\" \/>\n<meta property=\"og:image\" content=\"https:\/\/alloraliving.com\/wp-content\/uploads\/1-zesatw-fotel-z-pufa-bella-vita-sand-cream.jpg\" \/>\n\t<meta property=\"og:image:width\" content=\"1600\" \/>\n\t<meta property=\"og:image:height\" content=\"1200\" \/>\n\t<meta property=\"og:image:type\" content=\"image\/jpeg\" \/>\n<meta name=\"twitter:card\" content=\"summary_large_image\" \/>\n<meta name=\"twitter:label1\" content=\"Disponibilit\u00e9\" \/>\n\t<meta name=\"twitter:data1\" content=\"En stock\" \/>\n<script type=\"application\/ld+json\" class=\"yoast-schema-graph\">{\"@context\":\"https:\/\/schema.org\",\"@graph\":[{\"@type\":[\"WebPage\",\"ItemPage\"],\"@id\":\"https:\/\/alloraliving.com\/fr\/ensemble-fauteuil-pouf-bella-vita\/\",\"url\":\"https:\/\/alloraliving.com\/fr\/ensemble-fauteuil-pouf-bella-vita\/\",\"name\":\"Ensemble Fauteuil + Pouf Bella Vita - AlloraLiving.com\",\"isPartOf\":{\"@id\":\"https:\/\/alloraliving.com\/fr\/#website\"},\"primaryImageOfPage\":{\"@id\":\"https:\/\/alloraliving.com\/fr\/ensemble-fauteuil-pouf-bella-vita\/#primaryimage\"},\"image\":{\"@id\":\"https:\/\/alloraliving.com\/fr\/ensemble-fauteuil-pouf-bella-vita\/#primaryimage\"},\"thumbnailUrl\":\"https:\/\/alloraliving.com\/wp-content\/uploads\/1-zesatw-fotel-z-pufa-bella-vita-sand-cream.jpg\",\"datePublished\":\"2024-12-17T11:27:58+00:00\",\"dateModified\":\"2025-02-11T07:25:06+00:00\",\"breadcrumb\":{\"@id\":\"https:\/\/alloraliving.com\/fr\/ensemble-fauteuil-pouf-bella-vita\/#breadcrumb\"},\"inLanguage\":\"fr-FR\",\"potentialAction\":[{\"@type\":\"ReadAction\",\"target\":[\"https:\/\/alloraliving.com\/fr\/ensemble-fauteuil-pouf-bella-vita\/\"]}]},{\"@type\":\"ImageObject\",\"inLanguage\":\"fr-FR\",\"@id\":\"https:\/\/alloraliving.com\/fr\/ensemble-fauteuil-pouf-bella-vita\/#primaryimage\",\"url\":\"https:\/\/alloraliving.com\/wp-content\/uploads\/1-zesatw-fotel-z-pufa-bella-vita-sand-cream.jpg\",\"contentUrl\":\"https:\/\/alloraliving.com\/wp-content\/uploads\/1-zesatw-fotel-z-pufa-bella-vita-sand-cream.jpg\",\"width\":1600,\"height\":1200},{\"@type\":\"BreadcrumbList\",\"@id\":\"https:\/\/alloraliving.com\/fr\/ensemble-fauteuil-pouf-bella-vita\/#breadcrumb\",\"itemListElement\":[{\"@type\":\"ListItem\",\"position\":1,\"name\":\"Strona g\u0142\u00f3wna\",\"item\":\"https:\/\/alloraliving.com\/fr\/\"},{\"@type\":\"ListItem\",\"position\":2,\"name\":\"Boutique\",\"item\":\"https:\/\/alloraliving.com\/fr\/?page_id=6496\"},{\"@type\":\"ListItem\",\"position\":3,\"name\":\"Ensemble Fauteuil + Pouf Bella Vita\"}]},{\"@type\":\"WebSite\",\"@id\":\"https:\/\/alloraliving.com\/fr\/#website\",\"url\":\"https:\/\/alloraliving.com\/fr\/\",\"name\":\"AlloraLiving.com\",\"description\":\"\",\"potentialAction\":[{\"@type\":\"SearchAction\",\"target\":{\"@type\":\"EntryPoint\",\"urlTemplate\":\"https:\/\/alloraliving.com\/fr\/?s={search_term_string}\"},\"query-input\":{\"@type\":\"PropertyValueSpecification\",\"valueRequired\":true,\"valueName\":\"search_term_string\"}}],\"inLanguage\":\"fr-FR\"}]}<\/script>\n<meta property=\"og:availability\" content=\"instock\" \/>\n<meta property=\"product:availability\" content=\"instock\" \/>\n<meta property=\"product:condition\" content=\"new\" \/>\n<!-- \/ Yoast SEO Premium plugin. -->","yoast_head_json":{"title":"Ensemble Fauteuil + Pouf Bella Vita - AlloraLiving.com","robots":{"index":"index","follow":"follow","max-snippet":"max-snippet:-1","max-image-preview":"max-image-preview:large","max-video-preview":"max-video-preview:-1"},"canonical":"https:\/\/alloraliving.com\/fr\/ensemble-fauteuil-pouf-bella-vita\/","og_locale":"fr_FR","og_type":"article","og_title":"Ensemble Fauteuil + Pouf Bella Vita","og_description":"L'ensemble fauteuil et pouf de la collection BELLA VITA est le choix parfait pour cr\u00e9er un coin d\u00e9tente - un endroit parfait pour passer un moment avec votre livre pr\u00e9f\u00e9r\u00e9 ou une longue conversation autour d'un caf\u00e9. Le fauteuil offre un soutien confortable pendant le repos, et le pouf sert de compl\u00e9ment pratique \u2013 comme repose-pieds ou comme si\u00e8ge suppl\u00e9mentaire.  La collection BELLA VITA s'appuie sur des mat\u00e9riaux et des couleurs soigneusement s\u00e9lectionn\u00e9s qui soulignent subtilement le caract\u00e8re de l'int\u00e9rieur et s'int\u00e8grent dans l'id\u00e9e d'une belle vie. Le concept bien pens\u00e9 de modularit\u00e9 et de coh\u00e9rence stylistique permet de cr\u00e9er des am\u00e9nagements au caract\u00e8re intemporel et \u00e9l\u00e9gant.","og_url":"https:\/\/alloraliving.com\/fr\/ensemble-fauteuil-pouf-bella-vita\/","og_site_name":"AlloraLiving.com","article_modified_time":"2025-02-11T07:25:06+00:00","og_image":[{"width":1600,"height":1200,"url":"https:\/\/alloraliving.com\/wp-content\/uploads\/1-zesatw-fotel-z-pufa-bella-vita-sand-cream.jpg","type":"image\/jpeg"}],"twitter_card":"summary_large_image","twitter_misc":{"Disponibilit\u00e9":"En stock"},"schema":{"@context":"https:\/\/schema.org","@graph":[{"@type":["WebPage","ItemPage"],"@id":"https:\/\/alloraliving.com\/fr\/ensemble-fauteuil-pouf-bella-vita\/","url":"https:\/\/alloraliving.com\/fr\/ensemble-fauteuil-pouf-bella-vita\/","name":"Ensemble Fauteuil + Pouf Bella Vita - AlloraLiving.com","isPartOf":{"@id":"https:\/\/alloraliving.com\/fr\/#website"},"primaryImageOfPage":{"@id":"https:\/\/alloraliving.com\/fr\/ensemble-fauteuil-pouf-bella-vita\/#primaryimage"},"image":{"@id":"https:\/\/alloraliving.com\/fr\/ensemble-fauteuil-pouf-bella-vita\/#primaryimage"},"thumbnailUrl":"https:\/\/alloraliving.com\/wp-content\/uploads\/1-zesatw-fotel-z-pufa-bella-vita-sand-cream.jpg","datePublished":"2024-12-17T11:27:58+00:00","dateModified":"2025-02-11T07:25:06+00:00","breadcrumb":{"@id":"https:\/\/alloraliving.com\/fr\/ensemble-fauteuil-pouf-bella-vita\/#breadcrumb"},"inLanguage":"fr-FR","potentialAction":[{"@type":"ReadAction","target":["https:\/\/alloraliving.com\/fr\/ensemble-fauteuil-pouf-bella-vita\/"]}]},{"@type":"ImageObject","inLanguage":"fr-FR","@id":"https:\/\/alloraliving.com\/fr\/ensemble-fauteuil-pouf-bella-vita\/#primaryimage","url":"https:\/\/alloraliving.com\/wp-content\/uploads\/1-zesatw-fotel-z-pufa-bella-vita-sand-cream.jpg","contentUrl":"https:\/\/alloraliving.com\/wp-content\/uploads\/1-zesatw-fotel-z-pufa-bella-vita-sand-cream.jpg","width":1600,"height":1200},{"@type":"BreadcrumbList","@id":"https:\/\/alloraliving.com\/fr\/ensemble-fauteuil-pouf-bella-vita\/#breadcrumb","itemListElement":[{"@type":"ListItem","position":1,"name":"Strona g\u0142\u00f3wna","item":"https:\/\/alloraliving.com\/fr\/"},{"@type":"ListItem","position":2,"name":"Boutique","item":"https:\/\/alloraliving.com\/fr\/?page_id=6496"},{"@type":"ListItem","position":3,"name":"Ensemble Fauteuil + Pouf Bella Vita"}]},{"@type":"WebSite","@id":"https:\/\/alloraliving.com\/fr\/#website","url":"https:\/\/alloraliving.com\/fr\/","name":"AlloraLiving.com","description":"","potentialAction":[{"@type":"SearchAction","target":{"@type":"EntryPoint","urlTemplate":"https:\/\/alloraliving.com\/fr\/?s={search_term_string}"},"query-input":{"@type":"PropertyValueSpecification","valueRequired":true,"valueName":"search_term_string"}}],"inLanguage":"fr-FR"}]},"og_availability":"instock","product_availability":"instock","product_condition":"new"},"_links":{"self":[{"href":"https:\/\/alloraliving.com\/fr\/wp-json\/wp\/v2\/product\/6550","targetHints":{"allow":["GET"]}}],"collection":[{"href":"https:\/\/alloraliving.com\/fr\/wp-json\/wp\/v2\/product"}],"about":[{"href":"https:\/\/alloraliving.com\/fr\/wp-json\/wp\/v2\/types\/product"}],"wp:featuredmedia":[{"embeddable":true,"href":"https:\/\/alloraliving.com\/fr\/wp-json\/wp\/v2\/media\/6551"}],"wp:attachment":[{"href":"https:\/\/alloraliving.com\/fr\/wp-json\/wp\/v2\/media?parent=6550"}],"wp:term":[{"taxonomy":"product_brand","embeddable":true,"href":"https:\/\/alloraliving.com\/fr\/wp-json\/wp\/v2\/product_brand?post=6550"},{"taxonomy":"product_cat","embeddable":true,"href":"https:\/\/alloraliving.com\/fr\/wp-json\/wp\/v2\/product_cat?post=6550"},{"taxonomy":"product_tag","embeddable":true,"href":"https:\/\/alloraliving.com\/fr\/wp-json\/wp\/v2\/product_tag?post=6550"}],"curies":[{"name":"wp","href":"https:\/\/api.w.org\/{rel}","templated":true}]}}