{"id":6558,"date":"2024-12-17T12:20:41","date_gmt":"2024-12-17T11:20:41","guid":{"rendered":"https:\/\/alloraliving.com\/lot-de-2-fauteuils-sans-accoudoirs-bella-vita\/"},"modified":"2025-02-11T08:25:08","modified_gmt":"2025-02-11T07:25:08","slug":"lot-de-2-fauteuils-sans-accoudoirs-bella-vita","status":"publish","type":"product","link":"https:\/\/alloraliving.com\/fr\/lot-de-2-fauteuils-sans-accoudoirs-bella-vita\/","title":{"rendered":"Lot de 2 fauteuils sans accoudoirs Bella Vita"},"content":{"rendered":"","protected":false},"excerpt":{"rendered":"<p>Un ensemble de deux \u00e9l\u00e9ments simples de la collection BELLA VITA constitue une base id\u00e9ale pour cr\u00e9er des am\u00e9nagements de d\u00e9tente spacieux et confortables. Ensemble et s\u00e9par\u00e9ment, en ligne et en face \u00e0 face, des modules simples et \u00e9l\u00e9gants fonctionnent parfaitement en duo, cr\u00e9ant un lieu de d\u00e9tente. Leur forme minimaliste permet une int\u00e9gration facile dans une vari\u00e9t\u00e9 d\u2019int\u00e9rieurs.  <\/p>\n<p>La collection BELLA VITA offre une flexibilit\u00e9 dans le choix des modules et l&rsquo;exp\u00e9rimentation des couleurs, vous permettant de cr\u00e9er un agencement qui refl\u00e8te parfaitement le style et le caract\u00e8re de l&rsquo;int\u00e9rieur. Con\u00e7u pour une vie agr\u00e9able, il allie esth\u00e9tique et fonctionnalit\u00e9, offrant des meubles qui apportent une \u00e9l\u00e9gance subtile et un charme intemporel \u00e0 l&rsquo;espace. <\/p>\n","protected":false},"featured_media":6569,"template":"","meta":[],"product_brand":[],"product_cat":[947,931],"product_tag":[],"class_list":{"0":"post-6558","1":"product","2":"type-product","3":"status-publish","4":"has-post-thumbnail","6":"product_cat-canapes-modulaires","7":"product_cat-collection-bella-vita","8":"product_shipping_class-livraison-gratuite","10":"first","11":"instock","12":"taxable","13":"shipping-taxable","14":"purchasable","15":"product-type-variable","16":"has-default-attributes","17":"wvs-archive-product-wrapper"},"yoast_head":"<!-- This site is optimized with the Yoast SEO Premium plugin v26.8 (Yoast SEO v26.8) - https:\/\/yoast.com\/product\/yoast-seo-premium-wordpress\/ -->\n<title>Lot de 2 fauteuils sans accoudoirs Bella Vita - AlloraLiving.com<\/title>\n<meta name=\"robots\" content=\"index, follow, max-snippet:-1, max-image-preview:large, max-video-preview:-1\" \/>\n<link rel=\"canonical\" href=\"https:\/\/alloraliving.com\/fr\/lot-de-2-fauteuils-sans-accoudoirs-bella-vita\/\" \/>\n<meta property=\"og:locale\" content=\"fr_FR\" \/>\n<meta property=\"og:type\" content=\"article\" \/>\n<meta property=\"og:title\" content=\"Lot de 2 fauteuils sans accoudoirs Bella Vita\" \/>\n<meta property=\"og:description\" content=\"Un ensemble de deux \u00e9l\u00e9ments simples de la collection BELLA VITA constitue une base id\u00e9ale pour cr\u00e9er des am\u00e9nagements de d\u00e9tente spacieux et confortables. Ensemble et s\u00e9par\u00e9ment, en ligne et en face \u00e0 face, des modules simples et \u00e9l\u00e9gants fonctionnent parfaitement en duo, cr\u00e9ant un lieu de d\u00e9tente. Leur forme minimaliste permet une int\u00e9gration facile dans une vari\u00e9t\u00e9 d\u2019int\u00e9rieurs.  La collection BELLA VITA offre une flexibilit\u00e9 dans le choix des modules et l&#039;exp\u00e9rimentation des couleurs, vous permettant de cr\u00e9er un agencement qui refl\u00e8te parfaitement le style et le caract\u00e8re de l&#039;int\u00e9rieur. Con\u00e7u pour une vie agr\u00e9able, il allie esth\u00e9tique et fonctionnalit\u00e9, offrant des meubles qui apportent une \u00e9l\u00e9gance subtile et un charme intemporel \u00e0 l&#039;espace.\" \/>\n<meta property=\"og:url\" content=\"https:\/\/alloraliving.com\/fr\/lot-de-2-fauteuils-sans-accoudoirs-bella-vita\/\" \/>\n<meta property=\"og:site_name\" content=\"AlloraLiving.com\" \/>\n<meta property=\"article:modified_time\" content=\"2025-02-11T07:25:08+00:00\" \/>\n<meta property=\"og:image\" content=\"https:\/\/alloraliving.com\/wp-content\/uploads\/1-zestaw-2-elementy-proste-bella-vita-sand-cream.jpg\" \/>\n\t<meta property=\"og:image:width\" content=\"1600\" \/>\n\t<meta property=\"og:image:height\" content=\"1200\" \/>\n\t<meta property=\"og:image:type\" content=\"image\/jpeg\" \/>\n<meta name=\"twitter:card\" content=\"summary_large_image\" \/>\n<meta name=\"twitter:label1\" content=\"Disponibilit\u00e9\" \/>\n\t<meta name=\"twitter:data1\" content=\"En stock\" \/>\n<script type=\"application\/ld+json\" class=\"yoast-schema-graph\">{\"@context\":\"https:\/\/schema.org\",\"@graph\":[{\"@type\":[\"WebPage\",\"ItemPage\"],\"@id\":\"https:\/\/alloraliving.com\/fr\/lot-de-2-fauteuils-sans-accoudoirs-bella-vita\/\",\"url\":\"https:\/\/alloraliving.com\/fr\/lot-de-2-fauteuils-sans-accoudoirs-bella-vita\/\",\"name\":\"Lot de 2 fauteuils sans accoudoirs Bella Vita - AlloraLiving.com\",\"isPartOf\":{\"@id\":\"https:\/\/alloraliving.com\/fr\/#website\"},\"primaryImageOfPage\":{\"@id\":\"https:\/\/alloraliving.com\/fr\/lot-de-2-fauteuils-sans-accoudoirs-bella-vita\/#primaryimage\"},\"image\":{\"@id\":\"https:\/\/alloraliving.com\/fr\/lot-de-2-fauteuils-sans-accoudoirs-bella-vita\/#primaryimage\"},\"thumbnailUrl\":\"https:\/\/alloraliving.com\/wp-content\/uploads\/1-zestaw-2-elementy-proste-bella-vita-sand-cream.jpg\",\"datePublished\":\"2024-12-17T11:20:41+00:00\",\"dateModified\":\"2025-02-11T07:25:08+00:00\",\"breadcrumb\":{\"@id\":\"https:\/\/alloraliving.com\/fr\/lot-de-2-fauteuils-sans-accoudoirs-bella-vita\/#breadcrumb\"},\"inLanguage\":\"fr-FR\",\"potentialAction\":[{\"@type\":\"ReadAction\",\"target\":[\"https:\/\/alloraliving.com\/fr\/lot-de-2-fauteuils-sans-accoudoirs-bella-vita\/\"]}]},{\"@type\":\"ImageObject\",\"inLanguage\":\"fr-FR\",\"@id\":\"https:\/\/alloraliving.com\/fr\/lot-de-2-fauteuils-sans-accoudoirs-bella-vita\/#primaryimage\",\"url\":\"https:\/\/alloraliving.com\/wp-content\/uploads\/1-zestaw-2-elementy-proste-bella-vita-sand-cream.jpg\",\"contentUrl\":\"https:\/\/alloraliving.com\/wp-content\/uploads\/1-zestaw-2-elementy-proste-bella-vita-sand-cream.jpg\",\"width\":1600,\"height\":1200},{\"@type\":\"BreadcrumbList\",\"@id\":\"https:\/\/alloraliving.com\/fr\/lot-de-2-fauteuils-sans-accoudoirs-bella-vita\/#breadcrumb\",\"itemListElement\":[{\"@type\":\"ListItem\",\"position\":1,\"name\":\"Strona g\u0142\u00f3wna\",\"item\":\"https:\/\/alloraliving.com\/fr\/\"},{\"@type\":\"ListItem\",\"position\":2,\"name\":\"Boutique\",\"item\":\"https:\/\/alloraliving.com\/fr\/?page_id=6496\"},{\"@type\":\"ListItem\",\"position\":3,\"name\":\"Lot de 2 fauteuils sans accoudoirs Bella Vita\"}]},{\"@type\":\"WebSite\",\"@id\":\"https:\/\/alloraliving.com\/fr\/#website\",\"url\":\"https:\/\/alloraliving.com\/fr\/\",\"name\":\"AlloraLiving.com\",\"description\":\"\",\"potentialAction\":[{\"@type\":\"SearchAction\",\"target\":{\"@type\":\"EntryPoint\",\"urlTemplate\":\"https:\/\/alloraliving.com\/fr\/?s={search_term_string}\"},\"query-input\":{\"@type\":\"PropertyValueSpecification\",\"valueRequired\":true,\"valueName\":\"search_term_string\"}}],\"inLanguage\":\"fr-FR\"}]}<\/script>\n<meta property=\"og:availability\" content=\"instock\" \/>\n<meta property=\"product:availability\" content=\"instock\" \/>\n<meta property=\"product:condition\" content=\"new\" \/>\n<!-- \/ Yoast SEO Premium plugin. -->","yoast_head_json":{"title":"Lot de 2 fauteuils sans accoudoirs Bella Vita - AlloraLiving.com","robots":{"index":"index","follow":"follow","max-snippet":"max-snippet:-1","max-image-preview":"max-image-preview:large","max-video-preview":"max-video-preview:-1"},"canonical":"https:\/\/alloraliving.com\/fr\/lot-de-2-fauteuils-sans-accoudoirs-bella-vita\/","og_locale":"fr_FR","og_type":"article","og_title":"Lot de 2 fauteuils sans accoudoirs Bella Vita","og_description":"Un ensemble de deux \u00e9l\u00e9ments simples de la collection BELLA VITA constitue une base id\u00e9ale pour cr\u00e9er des am\u00e9nagements de d\u00e9tente spacieux et confortables. Ensemble et s\u00e9par\u00e9ment, en ligne et en face \u00e0 face, des modules simples et \u00e9l\u00e9gants fonctionnent parfaitement en duo, cr\u00e9ant un lieu de d\u00e9tente. Leur forme minimaliste permet une int\u00e9gration facile dans une vari\u00e9t\u00e9 d\u2019int\u00e9rieurs.  La collection BELLA VITA offre une flexibilit\u00e9 dans le choix des modules et l'exp\u00e9rimentation des couleurs, vous permettant de cr\u00e9er un agencement qui refl\u00e8te parfaitement le style et le caract\u00e8re de l'int\u00e9rieur. Con\u00e7u pour une vie agr\u00e9able, il allie esth\u00e9tique et fonctionnalit\u00e9, offrant des meubles qui apportent une \u00e9l\u00e9gance subtile et un charme intemporel \u00e0 l'espace.","og_url":"https:\/\/alloraliving.com\/fr\/lot-de-2-fauteuils-sans-accoudoirs-bella-vita\/","og_site_name":"AlloraLiving.com","article_modified_time":"2025-02-11T07:25:08+00:00","og_image":[{"width":1600,"height":1200,"url":"https:\/\/alloraliving.com\/wp-content\/uploads\/1-zestaw-2-elementy-proste-bella-vita-sand-cream.jpg","type":"image\/jpeg"}],"twitter_card":"summary_large_image","twitter_misc":{"Disponibilit\u00e9":"En stock"},"schema":{"@context":"https:\/\/schema.org","@graph":[{"@type":["WebPage","ItemPage"],"@id":"https:\/\/alloraliving.com\/fr\/lot-de-2-fauteuils-sans-accoudoirs-bella-vita\/","url":"https:\/\/alloraliving.com\/fr\/lot-de-2-fauteuils-sans-accoudoirs-bella-vita\/","name":"Lot de 2 fauteuils sans accoudoirs Bella Vita - AlloraLiving.com","isPartOf":{"@id":"https:\/\/alloraliving.com\/fr\/#website"},"primaryImageOfPage":{"@id":"https:\/\/alloraliving.com\/fr\/lot-de-2-fauteuils-sans-accoudoirs-bella-vita\/#primaryimage"},"image":{"@id":"https:\/\/alloraliving.com\/fr\/lot-de-2-fauteuils-sans-accoudoirs-bella-vita\/#primaryimage"},"thumbnailUrl":"https:\/\/alloraliving.com\/wp-content\/uploads\/1-zestaw-2-elementy-proste-bella-vita-sand-cream.jpg","datePublished":"2024-12-17T11:20:41+00:00","dateModified":"2025-02-11T07:25:08+00:00","breadcrumb":{"@id":"https:\/\/alloraliving.com\/fr\/lot-de-2-fauteuils-sans-accoudoirs-bella-vita\/#breadcrumb"},"inLanguage":"fr-FR","potentialAction":[{"@type":"ReadAction","target":["https:\/\/alloraliving.com\/fr\/lot-de-2-fauteuils-sans-accoudoirs-bella-vita\/"]}]},{"@type":"ImageObject","inLanguage":"fr-FR","@id":"https:\/\/alloraliving.com\/fr\/lot-de-2-fauteuils-sans-accoudoirs-bella-vita\/#primaryimage","url":"https:\/\/alloraliving.com\/wp-content\/uploads\/1-zestaw-2-elementy-proste-bella-vita-sand-cream.jpg","contentUrl":"https:\/\/alloraliving.com\/wp-content\/uploads\/1-zestaw-2-elementy-proste-bella-vita-sand-cream.jpg","width":1600,"height":1200},{"@type":"BreadcrumbList","@id":"https:\/\/alloraliving.com\/fr\/lot-de-2-fauteuils-sans-accoudoirs-bella-vita\/#breadcrumb","itemListElement":[{"@type":"ListItem","position":1,"name":"Strona g\u0142\u00f3wna","item":"https:\/\/alloraliving.com\/fr\/"},{"@type":"ListItem","position":2,"name":"Boutique","item":"https:\/\/alloraliving.com\/fr\/?page_id=6496"},{"@type":"ListItem","position":3,"name":"Lot de 2 fauteuils sans accoudoirs Bella Vita"}]},{"@type":"WebSite","@id":"https:\/\/alloraliving.com\/fr\/#website","url":"https:\/\/alloraliving.com\/fr\/","name":"AlloraLiving.com","description":"","potentialAction":[{"@type":"SearchAction","target":{"@type":"EntryPoint","urlTemplate":"https:\/\/alloraliving.com\/fr\/?s={search_term_string}"},"query-input":{"@type":"PropertyValueSpecification","valueRequired":true,"valueName":"search_term_string"}}],"inLanguage":"fr-FR"}]},"og_availability":"instock","product_availability":"instock","product_condition":"new"},"_links":{"self":[{"href":"https:\/\/alloraliving.com\/fr\/wp-json\/wp\/v2\/product\/6558","targetHints":{"allow":["GET"]}}],"collection":[{"href":"https:\/\/alloraliving.com\/fr\/wp-json\/wp\/v2\/product"}],"about":[{"href":"https:\/\/alloraliving.com\/fr\/wp-json\/wp\/v2\/types\/product"}],"wp:featuredmedia":[{"embeddable":true,"href":"https:\/\/alloraliving.com\/fr\/wp-json\/wp\/v2\/media\/6569"}],"wp:attachment":[{"href":"https:\/\/alloraliving.com\/fr\/wp-json\/wp\/v2\/media?parent=6558"}],"wp:term":[{"taxonomy":"product_brand","embeddable":true,"href":"https:\/\/alloraliving.com\/fr\/wp-json\/wp\/v2\/product_brand?post=6558"},{"taxonomy":"product_cat","embeddable":true,"href":"https:\/\/alloraliving.com\/fr\/wp-json\/wp\/v2\/product_cat?post=6558"},{"taxonomy":"product_tag","embeddable":true,"href":"https:\/\/alloraliving.com\/fr\/wp-json\/wp\/v2\/product_tag?post=6558"}],"curies":[{"name":"wp","href":"https:\/\/api.w.org\/{rel}","templated":true}]}}