{"id":6559,"date":"2024-05-07T11:05:41","date_gmt":"2024-05-07T09:05:41","guid":{"rendered":"https:\/\/alloraliving.com\/canape-3-places-bella-vita\/"},"modified":"2025-02-11T08:25:12","modified_gmt":"2025-02-11T07:25:12","slug":"canape-3-places-bella-vita","status":"publish","type":"product","link":"https:\/\/alloraliving.com\/fr\/canape-3-places-bella-vita\/","title":{"rendered":"Canap\u00e9 3 places Bella Vita"},"content":{"rendered":"","protected":false},"excerpt":{"rendered":"<p>Le canap\u00e9 3 places BELLA VITA introduit un nouveau niveau d&rsquo;\u00e9l\u00e9gance \u00e0 l&rsquo;int\u00e9rieur. Sa ligne subtilement courb\u00e9e conf\u00e8re au canap\u00e9 un caract\u00e8re unique, tout en conservant une fonctionnalit\u00e9 et un confort complets. C&rsquo;est un excellent choix pour les salons spacieux, o\u00f9 l&rsquo;esth\u00e9tique est id\u00e9alement combin\u00e9e avec le confort et la l\u00e9g\u00e8ret\u00e9 des formes.  <\/p>\n<p>Le caract\u00e8re modulaire de la collection permet de combiner librement ce canap\u00e9 avec d&rsquo;autres \u00e9l\u00e9ments, comme un fauteuil ou un pouf, cr\u00e9ant ainsi un espace personnalis\u00e9. Quelques accessoires soigneusement s\u00e9lectionn\u00e9s, tels que des tissus et des luminaires, vous permettront d&rsquo;adapter facilement l&rsquo;int\u00e9rieur \u00e0 votre humeur, refl\u00e9tant pleinement l&rsquo;esprit de la belle vie. <\/p>\n","protected":false},"featured_media":6570,"template":"","meta":[],"product_brand":[],"product_cat":[946,947,931],"product_tag":[],"class_list":{"0":"post-6559","1":"product","2":"type-product","3":"status-publish","4":"has-post-thumbnail","6":"product_cat-canapes","7":"product_cat-canapes-modulaires","8":"product_cat-collection-bella-vita","9":"product_shipping_class-livraison-gratuite","11":"first","12":"instock","13":"featured","14":"taxable","15":"shipping-taxable","16":"purchasable","17":"product-type-variable","18":"has-default-attributes","19":"wvs-archive-product-wrapper"},"yoast_head":"<!-- This site is optimized with the Yoast SEO Premium plugin v26.8 (Yoast SEO v26.8) - https:\/\/yoast.com\/product\/yoast-seo-premium-wordpress\/ -->\n<title>Canap\u00e9 3 places Bella Vita - AlloraLiving.com<\/title>\n<meta name=\"robots\" content=\"index, follow, max-snippet:-1, max-image-preview:large, max-video-preview:-1\" \/>\n<link rel=\"canonical\" href=\"https:\/\/alloraliving.com\/fr\/canape-3-places-bella-vita\/\" \/>\n<meta property=\"og:locale\" content=\"fr_FR\" \/>\n<meta property=\"og:type\" content=\"article\" \/>\n<meta property=\"og:title\" content=\"Canap\u00e9 3 places Bella Vita\" \/>\n<meta property=\"og:description\" content=\"Le canap\u00e9 3 places BELLA VITA introduit un nouveau niveau d&#039;\u00e9l\u00e9gance \u00e0 l&#039;int\u00e9rieur. Sa ligne subtilement courb\u00e9e conf\u00e8re au canap\u00e9 un caract\u00e8re unique, tout en conservant une fonctionnalit\u00e9 et un confort complets. C&#039;est un excellent choix pour les salons spacieux, o\u00f9 l&#039;esth\u00e9tique est id\u00e9alement combin\u00e9e avec le confort et la l\u00e9g\u00e8ret\u00e9 des formes.  Le caract\u00e8re modulaire de la collection permet de combiner librement ce canap\u00e9 avec d&#039;autres \u00e9l\u00e9ments, comme un fauteuil ou un pouf, cr\u00e9ant ainsi un espace personnalis\u00e9. Quelques accessoires soigneusement s\u00e9lectionn\u00e9s, tels que des tissus et des luminaires, vous permettront d&#039;adapter facilement l&#039;int\u00e9rieur \u00e0 votre humeur, refl\u00e9tant pleinement l&#039;esprit de la belle vie.\" \/>\n<meta property=\"og:url\" content=\"https:\/\/alloraliving.com\/fr\/canape-3-places-bella-vita\/\" \/>\n<meta property=\"og:site_name\" content=\"AlloraLiving.com\" \/>\n<meta property=\"article:modified_time\" content=\"2025-02-11T07:25:12+00:00\" \/>\n<meta property=\"og:image\" content=\"https:\/\/alloraliving.com\/wp-content\/uploads\/1-zokraglona-jasna-sofa-trzyosobowa-nierozkladana-do-salonu-bella-vita-sand-cream-1.jpg\" \/>\n\t<meta property=\"og:image:width\" content=\"1600\" \/>\n\t<meta property=\"og:image:height\" content=\"1200\" \/>\n\t<meta property=\"og:image:type\" content=\"image\/jpeg\" \/>\n<meta name=\"twitter:card\" content=\"summary_large_image\" \/>\n<meta name=\"twitter:label1\" content=\"Disponibilit\u00e9\" \/>\n\t<meta name=\"twitter:data1\" content=\"En stock\" \/>\n<script type=\"application\/ld+json\" class=\"yoast-schema-graph\">{\"@context\":\"https:\/\/schema.org\",\"@graph\":[{\"@type\":[\"WebPage\",\"ItemPage\"],\"@id\":\"https:\/\/alloraliving.com\/fr\/canape-3-places-bella-vita\/\",\"url\":\"https:\/\/alloraliving.com\/fr\/canape-3-places-bella-vita\/\",\"name\":\"Canap\u00e9 3 places Bella Vita - AlloraLiving.com\",\"isPartOf\":{\"@id\":\"https:\/\/alloraliving.com\/fr\/#website\"},\"primaryImageOfPage\":{\"@id\":\"https:\/\/alloraliving.com\/fr\/canape-3-places-bella-vita\/#primaryimage\"},\"image\":{\"@id\":\"https:\/\/alloraliving.com\/fr\/canape-3-places-bella-vita\/#primaryimage\"},\"thumbnailUrl\":\"https:\/\/alloraliving.com\/wp-content\/uploads\/1-zokraglona-jasna-sofa-trzyosobowa-nierozkladana-do-salonu-bella-vita-sand-cream-1.jpg\",\"datePublished\":\"2024-05-07T09:05:41+00:00\",\"dateModified\":\"2025-02-11T07:25:12+00:00\",\"breadcrumb\":{\"@id\":\"https:\/\/alloraliving.com\/fr\/canape-3-places-bella-vita\/#breadcrumb\"},\"inLanguage\":\"fr-FR\",\"potentialAction\":[{\"@type\":\"ReadAction\",\"target\":[\"https:\/\/alloraliving.com\/fr\/canape-3-places-bella-vita\/\"]}]},{\"@type\":\"ImageObject\",\"inLanguage\":\"fr-FR\",\"@id\":\"https:\/\/alloraliving.com\/fr\/canape-3-places-bella-vita\/#primaryimage\",\"url\":\"https:\/\/alloraliving.com\/wp-content\/uploads\/1-zokraglona-jasna-sofa-trzyosobowa-nierozkladana-do-salonu-bella-vita-sand-cream-1.jpg\",\"contentUrl\":\"https:\/\/alloraliving.com\/wp-content\/uploads\/1-zokraglona-jasna-sofa-trzyosobowa-nierozkladana-do-salonu-bella-vita-sand-cream-1.jpg\",\"width\":1600,\"height\":1200},{\"@type\":\"BreadcrumbList\",\"@id\":\"https:\/\/alloraliving.com\/fr\/canape-3-places-bella-vita\/#breadcrumb\",\"itemListElement\":[{\"@type\":\"ListItem\",\"position\":1,\"name\":\"Strona g\u0142\u00f3wna\",\"item\":\"https:\/\/alloraliving.com\/fr\/\"},{\"@type\":\"ListItem\",\"position\":2,\"name\":\"Boutique\",\"item\":\"https:\/\/alloraliving.com\/fr\/?page_id=6496\"},{\"@type\":\"ListItem\",\"position\":3,\"name\":\"Canap\u00e9 3 places Bella Vita\"}]},{\"@type\":\"WebSite\",\"@id\":\"https:\/\/alloraliving.com\/fr\/#website\",\"url\":\"https:\/\/alloraliving.com\/fr\/\",\"name\":\"AlloraLiving.com\",\"description\":\"\",\"potentialAction\":[{\"@type\":\"SearchAction\",\"target\":{\"@type\":\"EntryPoint\",\"urlTemplate\":\"https:\/\/alloraliving.com\/fr\/?s={search_term_string}\"},\"query-input\":{\"@type\":\"PropertyValueSpecification\",\"valueRequired\":true,\"valueName\":\"search_term_string\"}}],\"inLanguage\":\"fr-FR\"}]}<\/script>\n<meta property=\"og:availability\" content=\"instock\" \/>\n<meta property=\"product:availability\" content=\"instock\" \/>\n<meta property=\"product:condition\" content=\"new\" \/>\n<!-- \/ Yoast SEO Premium plugin. -->","yoast_head_json":{"title":"Canap\u00e9 3 places Bella Vita - AlloraLiving.com","robots":{"index":"index","follow":"follow","max-snippet":"max-snippet:-1","max-image-preview":"max-image-preview:large","max-video-preview":"max-video-preview:-1"},"canonical":"https:\/\/alloraliving.com\/fr\/canape-3-places-bella-vita\/","og_locale":"fr_FR","og_type":"article","og_title":"Canap\u00e9 3 places Bella Vita","og_description":"Le canap\u00e9 3 places BELLA VITA introduit un nouveau niveau d'\u00e9l\u00e9gance \u00e0 l'int\u00e9rieur. Sa ligne subtilement courb\u00e9e conf\u00e8re au canap\u00e9 un caract\u00e8re unique, tout en conservant une fonctionnalit\u00e9 et un confort complets. C'est un excellent choix pour les salons spacieux, o\u00f9 l'esth\u00e9tique est id\u00e9alement combin\u00e9e avec le confort et la l\u00e9g\u00e8ret\u00e9 des formes.  Le caract\u00e8re modulaire de la collection permet de combiner librement ce canap\u00e9 avec d'autres \u00e9l\u00e9ments, comme un fauteuil ou un pouf, cr\u00e9ant ainsi un espace personnalis\u00e9. Quelques accessoires soigneusement s\u00e9lectionn\u00e9s, tels que des tissus et des luminaires, vous permettront d'adapter facilement l'int\u00e9rieur \u00e0 votre humeur, refl\u00e9tant pleinement l'esprit de la belle vie.","og_url":"https:\/\/alloraliving.com\/fr\/canape-3-places-bella-vita\/","og_site_name":"AlloraLiving.com","article_modified_time":"2025-02-11T07:25:12+00:00","og_image":[{"width":1600,"height":1200,"url":"https:\/\/alloraliving.com\/wp-content\/uploads\/1-zokraglona-jasna-sofa-trzyosobowa-nierozkladana-do-salonu-bella-vita-sand-cream-1.jpg","type":"image\/jpeg"}],"twitter_card":"summary_large_image","twitter_misc":{"Disponibilit\u00e9":"En stock"},"schema":{"@context":"https:\/\/schema.org","@graph":[{"@type":["WebPage","ItemPage"],"@id":"https:\/\/alloraliving.com\/fr\/canape-3-places-bella-vita\/","url":"https:\/\/alloraliving.com\/fr\/canape-3-places-bella-vita\/","name":"Canap\u00e9 3 places Bella Vita - AlloraLiving.com","isPartOf":{"@id":"https:\/\/alloraliving.com\/fr\/#website"},"primaryImageOfPage":{"@id":"https:\/\/alloraliving.com\/fr\/canape-3-places-bella-vita\/#primaryimage"},"image":{"@id":"https:\/\/alloraliving.com\/fr\/canape-3-places-bella-vita\/#primaryimage"},"thumbnailUrl":"https:\/\/alloraliving.com\/wp-content\/uploads\/1-zokraglona-jasna-sofa-trzyosobowa-nierozkladana-do-salonu-bella-vita-sand-cream-1.jpg","datePublished":"2024-05-07T09:05:41+00:00","dateModified":"2025-02-11T07:25:12+00:00","breadcrumb":{"@id":"https:\/\/alloraliving.com\/fr\/canape-3-places-bella-vita\/#breadcrumb"},"inLanguage":"fr-FR","potentialAction":[{"@type":"ReadAction","target":["https:\/\/alloraliving.com\/fr\/canape-3-places-bella-vita\/"]}]},{"@type":"ImageObject","inLanguage":"fr-FR","@id":"https:\/\/alloraliving.com\/fr\/canape-3-places-bella-vita\/#primaryimage","url":"https:\/\/alloraliving.com\/wp-content\/uploads\/1-zokraglona-jasna-sofa-trzyosobowa-nierozkladana-do-salonu-bella-vita-sand-cream-1.jpg","contentUrl":"https:\/\/alloraliving.com\/wp-content\/uploads\/1-zokraglona-jasna-sofa-trzyosobowa-nierozkladana-do-salonu-bella-vita-sand-cream-1.jpg","width":1600,"height":1200},{"@type":"BreadcrumbList","@id":"https:\/\/alloraliving.com\/fr\/canape-3-places-bella-vita\/#breadcrumb","itemListElement":[{"@type":"ListItem","position":1,"name":"Strona g\u0142\u00f3wna","item":"https:\/\/alloraliving.com\/fr\/"},{"@type":"ListItem","position":2,"name":"Boutique","item":"https:\/\/alloraliving.com\/fr\/?page_id=6496"},{"@type":"ListItem","position":3,"name":"Canap\u00e9 3 places Bella Vita"}]},{"@type":"WebSite","@id":"https:\/\/alloraliving.com\/fr\/#website","url":"https:\/\/alloraliving.com\/fr\/","name":"AlloraLiving.com","description":"","potentialAction":[{"@type":"SearchAction","target":{"@type":"EntryPoint","urlTemplate":"https:\/\/alloraliving.com\/fr\/?s={search_term_string}"},"query-input":{"@type":"PropertyValueSpecification","valueRequired":true,"valueName":"search_term_string"}}],"inLanguage":"fr-FR"}]},"og_availability":"instock","product_availability":"instock","product_condition":"new"},"_links":{"self":[{"href":"https:\/\/alloraliving.com\/fr\/wp-json\/wp\/v2\/product\/6559","targetHints":{"allow":["GET"]}}],"collection":[{"href":"https:\/\/alloraliving.com\/fr\/wp-json\/wp\/v2\/product"}],"about":[{"href":"https:\/\/alloraliving.com\/fr\/wp-json\/wp\/v2\/types\/product"}],"wp:featuredmedia":[{"embeddable":true,"href":"https:\/\/alloraliving.com\/fr\/wp-json\/wp\/v2\/media\/6570"}],"wp:attachment":[{"href":"https:\/\/alloraliving.com\/fr\/wp-json\/wp\/v2\/media?parent=6559"}],"wp:term":[{"taxonomy":"product_brand","embeddable":true,"href":"https:\/\/alloraliving.com\/fr\/wp-json\/wp\/v2\/product_brand?post=6559"},{"taxonomy":"product_cat","embeddable":true,"href":"https:\/\/alloraliving.com\/fr\/wp-json\/wp\/v2\/product_cat?post=6559"},{"taxonomy":"product_tag","embeddable":true,"href":"https:\/\/alloraliving.com\/fr\/wp-json\/wp\/v2\/product_tag?post=6559"}],"curies":[{"name":"wp","href":"https:\/\/api.w.org\/{rel}","templated":true}]}}