{"id":6560,"date":"2024-12-17T11:23:29","date_gmt":"2024-12-17T10:23:29","guid":{"rendered":"https:\/\/alloraliving.com\/ensemble-de-2-fauteuils-bella-vita\/"},"modified":"2025-02-11T08:25:11","modified_gmt":"2025-02-11T07:25:11","slug":"ensemble-de-2-fauteuils-bella-vita","status":"publish","type":"product","link":"https:\/\/alloraliving.com\/fr\/ensemble-de-2-fauteuils-bella-vita\/","title":{"rendered":"Ensemble de 2 fauteuils Bella Vita"},"content":{"rendered":"","protected":false},"excerpt":{"rendered":"<p>Un ensemble de deux fauteuils de la collection BELLA VITA est une proposition id\u00e9ale pour ceux qui souhaitent cr\u00e9er un espace \u00e9l\u00e9gant et confortable pour la conversation ou la d\u00e9tente. Les si\u00e8ges larges et les dossiers ergonomiques assurent le confort, et le design intemporel permet aux fauteuils de s&rsquo;int\u00e9grer harmonieusement dans n&rsquo;importe quel arrangement, devenant un lieu de moments partag\u00e9s et de d\u00e9tente. <\/p>\n<p>La collection BELLA VITA offre une flexibilit\u00e9 dans le choix des modules et l&rsquo;exp\u00e9rimentation des couleurs, vous permettant de cr\u00e9er un agencement qui refl\u00e8te parfaitement le style et le caract\u00e8re de l&rsquo;int\u00e9rieur. Con\u00e7u pour une vie agr\u00e9able, il allie esth\u00e9tique et fonctionnalit\u00e9, offrant des meubles qui apportent une \u00e9l\u00e9gance subtile et un charme intemporel \u00e0 l&rsquo;espace. <\/p>\n","protected":false},"featured_media":6568,"template":"","meta":[],"product_brand":[],"product_cat":[931,930],"product_tag":[],"class_list":{"0":"post-6560","1":"product","2":"type-product","3":"status-publish","4":"has-post-thumbnail","6":"product_cat-collection-bella-vita","7":"product_cat-sieges","8":"product_shipping_class-livraison-gratuite","10":"first","11":"instock","12":"taxable","13":"shipping-taxable","14":"purchasable","15":"product-type-variable","16":"has-default-attributes","17":"wvs-archive-product-wrapper"},"yoast_head":"<!-- This site is optimized with the Yoast SEO Premium plugin v26.8 (Yoast SEO v26.8) - https:\/\/yoast.com\/product\/yoast-seo-premium-wordpress\/ -->\n<title>Ensemble de 2 fauteuils Bella Vita - AlloraLiving.com<\/title>\n<meta name=\"robots\" content=\"index, follow, max-snippet:-1, max-image-preview:large, max-video-preview:-1\" \/>\n<link rel=\"canonical\" href=\"https:\/\/alloraliving.com\/fr\/ensemble-de-2-fauteuils-bella-vita\/\" \/>\n<meta property=\"og:locale\" content=\"fr_FR\" \/>\n<meta property=\"og:type\" content=\"article\" \/>\n<meta property=\"og:title\" content=\"Ensemble de 2 fauteuils Bella Vita\" \/>\n<meta property=\"og:description\" content=\"Un ensemble de deux fauteuils de la collection BELLA VITA est une proposition id\u00e9ale pour ceux qui souhaitent cr\u00e9er un espace \u00e9l\u00e9gant et confortable pour la conversation ou la d\u00e9tente. Les si\u00e8ges larges et les dossiers ergonomiques assurent le confort, et le design intemporel permet aux fauteuils de s&#039;int\u00e9grer harmonieusement dans n&#039;importe quel arrangement, devenant un lieu de moments partag\u00e9s et de d\u00e9tente.  La collection BELLA VITA offre une flexibilit\u00e9 dans le choix des modules et l&#039;exp\u00e9rimentation des couleurs, vous permettant de cr\u00e9er un agencement qui refl\u00e8te parfaitement le style et le caract\u00e8re de l&#039;int\u00e9rieur. Con\u00e7u pour une vie agr\u00e9able, il allie esth\u00e9tique et fonctionnalit\u00e9, offrant des meubles qui apportent une \u00e9l\u00e9gance subtile et un charme intemporel \u00e0 l&#039;espace.\" \/>\n<meta property=\"og:url\" content=\"https:\/\/alloraliving.com\/fr\/ensemble-de-2-fauteuils-bella-vita\/\" \/>\n<meta property=\"og:site_name\" content=\"AlloraLiving.com\" \/>\n<meta property=\"article:modified_time\" content=\"2025-02-11T07:25:11+00:00\" \/>\n<meta property=\"og:image\" content=\"https:\/\/alloraliving.com\/wp-content\/uploads\/1-zestaw-2-fotele-bella-vita-sand-cream.jpg\" \/>\n\t<meta property=\"og:image:width\" content=\"1600\" \/>\n\t<meta property=\"og:image:height\" content=\"1200\" \/>\n\t<meta property=\"og:image:type\" content=\"image\/jpeg\" \/>\n<meta name=\"twitter:card\" content=\"summary_large_image\" \/>\n<meta name=\"twitter:label1\" content=\"Disponibilit\u00e9\" \/>\n\t<meta name=\"twitter:data1\" content=\"En stock\" \/>\n<script type=\"application\/ld+json\" class=\"yoast-schema-graph\">{\"@context\":\"https:\/\/schema.org\",\"@graph\":[{\"@type\":[\"WebPage\",\"ItemPage\"],\"@id\":\"https:\/\/alloraliving.com\/fr\/ensemble-de-2-fauteuils-bella-vita\/\",\"url\":\"https:\/\/alloraliving.com\/fr\/ensemble-de-2-fauteuils-bella-vita\/\",\"name\":\"Ensemble de 2 fauteuils Bella Vita - AlloraLiving.com\",\"isPartOf\":{\"@id\":\"https:\/\/alloraliving.com\/fr\/#website\"},\"primaryImageOfPage\":{\"@id\":\"https:\/\/alloraliving.com\/fr\/ensemble-de-2-fauteuils-bella-vita\/#primaryimage\"},\"image\":{\"@id\":\"https:\/\/alloraliving.com\/fr\/ensemble-de-2-fauteuils-bella-vita\/#primaryimage\"},\"thumbnailUrl\":\"https:\/\/alloraliving.com\/wp-content\/uploads\/1-zestaw-2-fotele-bella-vita-sand-cream.jpg\",\"datePublished\":\"2024-12-17T10:23:29+00:00\",\"dateModified\":\"2025-02-11T07:25:11+00:00\",\"breadcrumb\":{\"@id\":\"https:\/\/alloraliving.com\/fr\/ensemble-de-2-fauteuils-bella-vita\/#breadcrumb\"},\"inLanguage\":\"fr-FR\",\"potentialAction\":[{\"@type\":\"ReadAction\",\"target\":[\"https:\/\/alloraliving.com\/fr\/ensemble-de-2-fauteuils-bella-vita\/\"]}]},{\"@type\":\"ImageObject\",\"inLanguage\":\"fr-FR\",\"@id\":\"https:\/\/alloraliving.com\/fr\/ensemble-de-2-fauteuils-bella-vita\/#primaryimage\",\"url\":\"https:\/\/alloraliving.com\/wp-content\/uploads\/1-zestaw-2-fotele-bella-vita-sand-cream.jpg\",\"contentUrl\":\"https:\/\/alloraliving.com\/wp-content\/uploads\/1-zestaw-2-fotele-bella-vita-sand-cream.jpg\",\"width\":1600,\"height\":1200},{\"@type\":\"BreadcrumbList\",\"@id\":\"https:\/\/alloraliving.com\/fr\/ensemble-de-2-fauteuils-bella-vita\/#breadcrumb\",\"itemListElement\":[{\"@type\":\"ListItem\",\"position\":1,\"name\":\"Strona g\u0142\u00f3wna\",\"item\":\"https:\/\/alloraliving.com\/fr\/\"},{\"@type\":\"ListItem\",\"position\":2,\"name\":\"Boutique\",\"item\":\"https:\/\/alloraliving.com\/fr\/?page_id=6496\"},{\"@type\":\"ListItem\",\"position\":3,\"name\":\"Ensemble de 2 fauteuils Bella Vita\"}]},{\"@type\":\"WebSite\",\"@id\":\"https:\/\/alloraliving.com\/fr\/#website\",\"url\":\"https:\/\/alloraliving.com\/fr\/\",\"name\":\"AlloraLiving.com\",\"description\":\"\",\"potentialAction\":[{\"@type\":\"SearchAction\",\"target\":{\"@type\":\"EntryPoint\",\"urlTemplate\":\"https:\/\/alloraliving.com\/fr\/?s={search_term_string}\"},\"query-input\":{\"@type\":\"PropertyValueSpecification\",\"valueRequired\":true,\"valueName\":\"search_term_string\"}}],\"inLanguage\":\"fr-FR\"}]}<\/script>\n<meta property=\"og:availability\" content=\"instock\" \/>\n<meta property=\"product:availability\" content=\"instock\" \/>\n<meta property=\"product:condition\" content=\"new\" \/>\n<!-- \/ Yoast SEO Premium plugin. -->","yoast_head_json":{"title":"Ensemble de 2 fauteuils Bella Vita - AlloraLiving.com","robots":{"index":"index","follow":"follow","max-snippet":"max-snippet:-1","max-image-preview":"max-image-preview:large","max-video-preview":"max-video-preview:-1"},"canonical":"https:\/\/alloraliving.com\/fr\/ensemble-de-2-fauteuils-bella-vita\/","og_locale":"fr_FR","og_type":"article","og_title":"Ensemble de 2 fauteuils Bella Vita","og_description":"Un ensemble de deux fauteuils de la collection BELLA VITA est une proposition id\u00e9ale pour ceux qui souhaitent cr\u00e9er un espace \u00e9l\u00e9gant et confortable pour la conversation ou la d\u00e9tente. Les si\u00e8ges larges et les dossiers ergonomiques assurent le confort, et le design intemporel permet aux fauteuils de s'int\u00e9grer harmonieusement dans n'importe quel arrangement, devenant un lieu de moments partag\u00e9s et de d\u00e9tente.  La collection BELLA VITA offre une flexibilit\u00e9 dans le choix des modules et l'exp\u00e9rimentation des couleurs, vous permettant de cr\u00e9er un agencement qui refl\u00e8te parfaitement le style et le caract\u00e8re de l'int\u00e9rieur. Con\u00e7u pour une vie agr\u00e9able, il allie esth\u00e9tique et fonctionnalit\u00e9, offrant des meubles qui apportent une \u00e9l\u00e9gance subtile et un charme intemporel \u00e0 l'espace.","og_url":"https:\/\/alloraliving.com\/fr\/ensemble-de-2-fauteuils-bella-vita\/","og_site_name":"AlloraLiving.com","article_modified_time":"2025-02-11T07:25:11+00:00","og_image":[{"width":1600,"height":1200,"url":"https:\/\/alloraliving.com\/wp-content\/uploads\/1-zestaw-2-fotele-bella-vita-sand-cream.jpg","type":"image\/jpeg"}],"twitter_card":"summary_large_image","twitter_misc":{"Disponibilit\u00e9":"En stock"},"schema":{"@context":"https:\/\/schema.org","@graph":[{"@type":["WebPage","ItemPage"],"@id":"https:\/\/alloraliving.com\/fr\/ensemble-de-2-fauteuils-bella-vita\/","url":"https:\/\/alloraliving.com\/fr\/ensemble-de-2-fauteuils-bella-vita\/","name":"Ensemble de 2 fauteuils Bella Vita - AlloraLiving.com","isPartOf":{"@id":"https:\/\/alloraliving.com\/fr\/#website"},"primaryImageOfPage":{"@id":"https:\/\/alloraliving.com\/fr\/ensemble-de-2-fauteuils-bella-vita\/#primaryimage"},"image":{"@id":"https:\/\/alloraliving.com\/fr\/ensemble-de-2-fauteuils-bella-vita\/#primaryimage"},"thumbnailUrl":"https:\/\/alloraliving.com\/wp-content\/uploads\/1-zestaw-2-fotele-bella-vita-sand-cream.jpg","datePublished":"2024-12-17T10:23:29+00:00","dateModified":"2025-02-11T07:25:11+00:00","breadcrumb":{"@id":"https:\/\/alloraliving.com\/fr\/ensemble-de-2-fauteuils-bella-vita\/#breadcrumb"},"inLanguage":"fr-FR","potentialAction":[{"@type":"ReadAction","target":["https:\/\/alloraliving.com\/fr\/ensemble-de-2-fauteuils-bella-vita\/"]}]},{"@type":"ImageObject","inLanguage":"fr-FR","@id":"https:\/\/alloraliving.com\/fr\/ensemble-de-2-fauteuils-bella-vita\/#primaryimage","url":"https:\/\/alloraliving.com\/wp-content\/uploads\/1-zestaw-2-fotele-bella-vita-sand-cream.jpg","contentUrl":"https:\/\/alloraliving.com\/wp-content\/uploads\/1-zestaw-2-fotele-bella-vita-sand-cream.jpg","width":1600,"height":1200},{"@type":"BreadcrumbList","@id":"https:\/\/alloraliving.com\/fr\/ensemble-de-2-fauteuils-bella-vita\/#breadcrumb","itemListElement":[{"@type":"ListItem","position":1,"name":"Strona g\u0142\u00f3wna","item":"https:\/\/alloraliving.com\/fr\/"},{"@type":"ListItem","position":2,"name":"Boutique","item":"https:\/\/alloraliving.com\/fr\/?page_id=6496"},{"@type":"ListItem","position":3,"name":"Ensemble de 2 fauteuils Bella Vita"}]},{"@type":"WebSite","@id":"https:\/\/alloraliving.com\/fr\/#website","url":"https:\/\/alloraliving.com\/fr\/","name":"AlloraLiving.com","description":"","potentialAction":[{"@type":"SearchAction","target":{"@type":"EntryPoint","urlTemplate":"https:\/\/alloraliving.com\/fr\/?s={search_term_string}"},"query-input":{"@type":"PropertyValueSpecification","valueRequired":true,"valueName":"search_term_string"}}],"inLanguage":"fr-FR"}]},"og_availability":"instock","product_availability":"instock","product_condition":"new"},"_links":{"self":[{"href":"https:\/\/alloraliving.com\/fr\/wp-json\/wp\/v2\/product\/6560","targetHints":{"allow":["GET"]}}],"collection":[{"href":"https:\/\/alloraliving.com\/fr\/wp-json\/wp\/v2\/product"}],"about":[{"href":"https:\/\/alloraliving.com\/fr\/wp-json\/wp\/v2\/types\/product"}],"wp:featuredmedia":[{"embeddable":true,"href":"https:\/\/alloraliving.com\/fr\/wp-json\/wp\/v2\/media\/6568"}],"wp:attachment":[{"href":"https:\/\/alloraliving.com\/fr\/wp-json\/wp\/v2\/media?parent=6560"}],"wp:term":[{"taxonomy":"product_brand","embeddable":true,"href":"https:\/\/alloraliving.com\/fr\/wp-json\/wp\/v2\/product_brand?post=6560"},{"taxonomy":"product_cat","embeddable":true,"href":"https:\/\/alloraliving.com\/fr\/wp-json\/wp\/v2\/product_cat?post=6560"},{"taxonomy":"product_tag","embeddable":true,"href":"https:\/\/alloraliving.com\/fr\/wp-json\/wp\/v2\/product_tag?post=6560"}],"curies":[{"name":"wp","href":"https:\/\/api.w.org\/{rel}","templated":true}]}}