{"id":6562,"date":"2024-02-27T09:57:32","date_gmt":"2024-02-27T08:57:32","guid":{"rendered":"https:\/\/alloraliving.com\/fauteuil-bella-vita\/"},"modified":"2025-02-11T08:25:06","modified_gmt":"2025-02-11T07:25:06","slug":"fauteuil-bella-vita","status":"publish","type":"product","link":"https:\/\/alloraliving.com\/fr\/fauteuil-bella-vita\/","title":{"rendered":"Fauteuil Bella Vita"},"content":{"rendered":"","protected":false},"excerpt":{"rendered":"<p>Le fauteuil BELLA VITA est l\u2019essence m\u00eame du confort et de l\u2019\u00e9l\u00e9gance. Con\u00e7u pour cr\u00e9er un lieu de d\u00e9tente qui s&rsquo;int\u00e9grera naturellement dans l&rsquo;espace de votre maison. Son assise large et son dossier ergonomique offrent un confort in\u00e9gal\u00e9, et son design moderne en fait un \u00e9l\u00e9ment indispensable des int\u00e9rieurs spacieux.  <\/p>\n<p>Gr\u00e2ce \u00e0 son design simple et intemporel, le fauteuil peut \u00eatre facilement combin\u00e9 avec d&rsquo;autres modules BELLA VITA, cr\u00e9ant ainsi des compositions personnalis\u00e9es. Exp\u00e9rimentez avec les couleurs et les accessoires pour exploiter pleinement le potentiel de cette collection et profitez d&rsquo;une belle vie dans le confort de votre maison. <\/p>\n","protected":false},"featured_media":6573,"template":"","meta":[],"product_brand":[],"product_cat":[931,930],"product_tag":[],"class_list":{"0":"post-6562","1":"product","2":"type-product","3":"status-publish","4":"has-post-thumbnail","6":"product_cat-collection-bella-vita","7":"product_cat-sieges","8":"product_shipping_class-livraison-gratuite","10":"first","11":"instock","12":"taxable","13":"shipping-taxable","14":"purchasable","15":"product-type-variable","16":"has-default-attributes","17":"wvs-archive-product-wrapper"},"yoast_head":"<!-- This site is optimized with the Yoast SEO Premium plugin v26.8 (Yoast SEO v26.8) - https:\/\/yoast.com\/product\/yoast-seo-premium-wordpress\/ -->\n<title>Fauteuil Bella Vita - AlloraLiving.com<\/title>\n<meta name=\"robots\" content=\"index, follow, max-snippet:-1, max-image-preview:large, max-video-preview:-1\" \/>\n<link rel=\"canonical\" href=\"https:\/\/alloraliving.com\/fr\/fauteuil-bella-vita\/\" \/>\n<meta property=\"og:locale\" content=\"fr_FR\" \/>\n<meta property=\"og:type\" content=\"article\" \/>\n<meta property=\"og:title\" content=\"Fauteuil Bella Vita\" \/>\n<meta property=\"og:description\" content=\"Le fauteuil BELLA VITA est l\u2019essence m\u00eame du confort et de l\u2019\u00e9l\u00e9gance. Con\u00e7u pour cr\u00e9er un lieu de d\u00e9tente qui s&#039;int\u00e9grera naturellement dans l&#039;espace de votre maison. Son assise large et son dossier ergonomique offrent un confort in\u00e9gal\u00e9, et son design moderne en fait un \u00e9l\u00e9ment indispensable des int\u00e9rieurs spacieux.  Gr\u00e2ce \u00e0 son design simple et intemporel, le fauteuil peut \u00eatre facilement combin\u00e9 avec d&#039;autres modules BELLA VITA, cr\u00e9ant ainsi des compositions personnalis\u00e9es. Exp\u00e9rimentez avec les couleurs et les accessoires pour exploiter pleinement le potentiel de cette collection et profitez d&#039;une belle vie dans le confort de votre maison.\" \/>\n<meta property=\"og:url\" content=\"https:\/\/alloraliving.com\/fr\/fauteuil-bella-vita\/\" \/>\n<meta property=\"og:site_name\" content=\"AlloraLiving.com\" \/>\n<meta property=\"article:modified_time\" content=\"2025-02-11T07:25:06+00:00\" \/>\n<meta property=\"og:image\" content=\"https:\/\/alloraliving.com\/wp-content\/uploads\/1-kremowy-fotel-wpoczynkowy-do-salonu-bella-vita-sand-cream-1.jpg\" \/>\n\t<meta property=\"og:image:width\" content=\"1600\" \/>\n\t<meta property=\"og:image:height\" content=\"1200\" \/>\n\t<meta property=\"og:image:type\" content=\"image\/jpeg\" \/>\n<meta name=\"twitter:card\" content=\"summary_large_image\" \/>\n<meta name=\"twitter:label1\" content=\"Disponibilit\u00e9\" \/>\n\t<meta name=\"twitter:data1\" content=\"En stock\" \/>\n<script type=\"application\/ld+json\" class=\"yoast-schema-graph\">{\"@context\":\"https:\/\/schema.org\",\"@graph\":[{\"@type\":[\"WebPage\",\"ItemPage\"],\"@id\":\"https:\/\/alloraliving.com\/fr\/fauteuil-bella-vita\/\",\"url\":\"https:\/\/alloraliving.com\/fr\/fauteuil-bella-vita\/\",\"name\":\"Fauteuil Bella Vita - AlloraLiving.com\",\"isPartOf\":{\"@id\":\"https:\/\/alloraliving.com\/fr\/#website\"},\"primaryImageOfPage\":{\"@id\":\"https:\/\/alloraliving.com\/fr\/fauteuil-bella-vita\/#primaryimage\"},\"image\":{\"@id\":\"https:\/\/alloraliving.com\/fr\/fauteuil-bella-vita\/#primaryimage\"},\"thumbnailUrl\":\"https:\/\/alloraliving.com\/wp-content\/uploads\/1-kremowy-fotel-wpoczynkowy-do-salonu-bella-vita-sand-cream-1.jpg\",\"datePublished\":\"2024-02-27T08:57:32+00:00\",\"dateModified\":\"2025-02-11T07:25:06+00:00\",\"breadcrumb\":{\"@id\":\"https:\/\/alloraliving.com\/fr\/fauteuil-bella-vita\/#breadcrumb\"},\"inLanguage\":\"fr-FR\",\"potentialAction\":[{\"@type\":\"ReadAction\",\"target\":[\"https:\/\/alloraliving.com\/fr\/fauteuil-bella-vita\/\"]}]},{\"@type\":\"ImageObject\",\"inLanguage\":\"fr-FR\",\"@id\":\"https:\/\/alloraliving.com\/fr\/fauteuil-bella-vita\/#primaryimage\",\"url\":\"https:\/\/alloraliving.com\/wp-content\/uploads\/1-kremowy-fotel-wpoczynkowy-do-salonu-bella-vita-sand-cream-1.jpg\",\"contentUrl\":\"https:\/\/alloraliving.com\/wp-content\/uploads\/1-kremowy-fotel-wpoczynkowy-do-salonu-bella-vita-sand-cream-1.jpg\",\"width\":1600,\"height\":1200},{\"@type\":\"BreadcrumbList\",\"@id\":\"https:\/\/alloraliving.com\/fr\/fauteuil-bella-vita\/#breadcrumb\",\"itemListElement\":[{\"@type\":\"ListItem\",\"position\":1,\"name\":\"Strona g\u0142\u00f3wna\",\"item\":\"https:\/\/alloraliving.com\/fr\/\"},{\"@type\":\"ListItem\",\"position\":2,\"name\":\"Boutique\",\"item\":\"https:\/\/alloraliving.com\/fr\/?page_id=6496\"},{\"@type\":\"ListItem\",\"position\":3,\"name\":\"Fauteuil Bella Vita\"}]},{\"@type\":\"WebSite\",\"@id\":\"https:\/\/alloraliving.com\/fr\/#website\",\"url\":\"https:\/\/alloraliving.com\/fr\/\",\"name\":\"AlloraLiving.com\",\"description\":\"\",\"potentialAction\":[{\"@type\":\"SearchAction\",\"target\":{\"@type\":\"EntryPoint\",\"urlTemplate\":\"https:\/\/alloraliving.com\/fr\/?s={search_term_string}\"},\"query-input\":{\"@type\":\"PropertyValueSpecification\",\"valueRequired\":true,\"valueName\":\"search_term_string\"}}],\"inLanguage\":\"fr-FR\"}]}<\/script>\n<meta property=\"og:availability\" content=\"instock\" \/>\n<meta property=\"product:availability\" content=\"instock\" \/>\n<meta property=\"product:condition\" content=\"new\" \/>\n<!-- \/ Yoast SEO Premium plugin. -->","yoast_head_json":{"title":"Fauteuil Bella Vita - AlloraLiving.com","robots":{"index":"index","follow":"follow","max-snippet":"max-snippet:-1","max-image-preview":"max-image-preview:large","max-video-preview":"max-video-preview:-1"},"canonical":"https:\/\/alloraliving.com\/fr\/fauteuil-bella-vita\/","og_locale":"fr_FR","og_type":"article","og_title":"Fauteuil Bella Vita","og_description":"Le fauteuil BELLA VITA est l\u2019essence m\u00eame du confort et de l\u2019\u00e9l\u00e9gance. Con\u00e7u pour cr\u00e9er un lieu de d\u00e9tente qui s'int\u00e9grera naturellement dans l'espace de votre maison. Son assise large et son dossier ergonomique offrent un confort in\u00e9gal\u00e9, et son design moderne en fait un \u00e9l\u00e9ment indispensable des int\u00e9rieurs spacieux.  Gr\u00e2ce \u00e0 son design simple et intemporel, le fauteuil peut \u00eatre facilement combin\u00e9 avec d'autres modules BELLA VITA, cr\u00e9ant ainsi des compositions personnalis\u00e9es. Exp\u00e9rimentez avec les couleurs et les accessoires pour exploiter pleinement le potentiel de cette collection et profitez d'une belle vie dans le confort de votre maison.","og_url":"https:\/\/alloraliving.com\/fr\/fauteuil-bella-vita\/","og_site_name":"AlloraLiving.com","article_modified_time":"2025-02-11T07:25:06+00:00","og_image":[{"width":1600,"height":1200,"url":"https:\/\/alloraliving.com\/wp-content\/uploads\/1-kremowy-fotel-wpoczynkowy-do-salonu-bella-vita-sand-cream-1.jpg","type":"image\/jpeg"}],"twitter_card":"summary_large_image","twitter_misc":{"Disponibilit\u00e9":"En stock"},"schema":{"@context":"https:\/\/schema.org","@graph":[{"@type":["WebPage","ItemPage"],"@id":"https:\/\/alloraliving.com\/fr\/fauteuil-bella-vita\/","url":"https:\/\/alloraliving.com\/fr\/fauteuil-bella-vita\/","name":"Fauteuil Bella Vita - AlloraLiving.com","isPartOf":{"@id":"https:\/\/alloraliving.com\/fr\/#website"},"primaryImageOfPage":{"@id":"https:\/\/alloraliving.com\/fr\/fauteuil-bella-vita\/#primaryimage"},"image":{"@id":"https:\/\/alloraliving.com\/fr\/fauteuil-bella-vita\/#primaryimage"},"thumbnailUrl":"https:\/\/alloraliving.com\/wp-content\/uploads\/1-kremowy-fotel-wpoczynkowy-do-salonu-bella-vita-sand-cream-1.jpg","datePublished":"2024-02-27T08:57:32+00:00","dateModified":"2025-02-11T07:25:06+00:00","breadcrumb":{"@id":"https:\/\/alloraliving.com\/fr\/fauteuil-bella-vita\/#breadcrumb"},"inLanguage":"fr-FR","potentialAction":[{"@type":"ReadAction","target":["https:\/\/alloraliving.com\/fr\/fauteuil-bella-vita\/"]}]},{"@type":"ImageObject","inLanguage":"fr-FR","@id":"https:\/\/alloraliving.com\/fr\/fauteuil-bella-vita\/#primaryimage","url":"https:\/\/alloraliving.com\/wp-content\/uploads\/1-kremowy-fotel-wpoczynkowy-do-salonu-bella-vita-sand-cream-1.jpg","contentUrl":"https:\/\/alloraliving.com\/wp-content\/uploads\/1-kremowy-fotel-wpoczynkowy-do-salonu-bella-vita-sand-cream-1.jpg","width":1600,"height":1200},{"@type":"BreadcrumbList","@id":"https:\/\/alloraliving.com\/fr\/fauteuil-bella-vita\/#breadcrumb","itemListElement":[{"@type":"ListItem","position":1,"name":"Strona g\u0142\u00f3wna","item":"https:\/\/alloraliving.com\/fr\/"},{"@type":"ListItem","position":2,"name":"Boutique","item":"https:\/\/alloraliving.com\/fr\/?page_id=6496"},{"@type":"ListItem","position":3,"name":"Fauteuil Bella Vita"}]},{"@type":"WebSite","@id":"https:\/\/alloraliving.com\/fr\/#website","url":"https:\/\/alloraliving.com\/fr\/","name":"AlloraLiving.com","description":"","potentialAction":[{"@type":"SearchAction","target":{"@type":"EntryPoint","urlTemplate":"https:\/\/alloraliving.com\/fr\/?s={search_term_string}"},"query-input":{"@type":"PropertyValueSpecification","valueRequired":true,"valueName":"search_term_string"}}],"inLanguage":"fr-FR"}]},"og_availability":"instock","product_availability":"instock","product_condition":"new"},"_links":{"self":[{"href":"https:\/\/alloraliving.com\/fr\/wp-json\/wp\/v2\/product\/6562","targetHints":{"allow":["GET"]}}],"collection":[{"href":"https:\/\/alloraliving.com\/fr\/wp-json\/wp\/v2\/product"}],"about":[{"href":"https:\/\/alloraliving.com\/fr\/wp-json\/wp\/v2\/types\/product"}],"wp:featuredmedia":[{"embeddable":true,"href":"https:\/\/alloraliving.com\/fr\/wp-json\/wp\/v2\/media\/6573"}],"wp:attachment":[{"href":"https:\/\/alloraliving.com\/fr\/wp-json\/wp\/v2\/media?parent=6562"}],"wp:term":[{"taxonomy":"product_brand","embeddable":true,"href":"https:\/\/alloraliving.com\/fr\/wp-json\/wp\/v2\/product_brand?post=6562"},{"taxonomy":"product_cat","embeddable":true,"href":"https:\/\/alloraliving.com\/fr\/wp-json\/wp\/v2\/product_cat?post=6562"},{"taxonomy":"product_tag","embeddable":true,"href":"https:\/\/alloraliving.com\/fr\/wp-json\/wp\/v2\/product_tag?post=6562"}],"curies":[{"name":"wp","href":"https:\/\/api.w.org\/{rel}","templated":true}]}}