{"id":6606,"date":"2024-12-17T12:36:33","date_gmt":"2024-12-17T11:36:33","guid":{"rendered":"https:\/\/alloraliving.com\/ensemble-bella-vita-fauteuil-sans-accoudoirs-pouf\/"},"modified":"2025-02-11T08:25:11","modified_gmt":"2025-02-11T07:25:11","slug":"ensemble-bella-vita-fauteuil-sans-accoudoirs-pouf","status":"publish","type":"product","link":"https:\/\/alloraliving.com\/fr\/ensemble-bella-vita-fauteuil-sans-accoudoirs-pouf\/","title":{"rendered":"Ensemble Bella Vita : Fauteuil sans accoudoirs + pouf"},"content":{"rendered":"","protected":false},"excerpt":{"rendered":"<p>L&rsquo;ensemble compos\u00e9 d&rsquo;un \u00e9l\u00e9ment simple avec un pouf de la collection BELLA VITA est une solution fonctionnelle et \u00e9l\u00e9gante qui vous permet de cr\u00e9er un espace flexible de d\u00e9tente. L&rsquo;\u00e9l\u00e9ment simple apporte de l&rsquo;\u00e9quilibre \u00e0 la d\u00e9coration int\u00e9rieure, et le pouf ajoute du confort &#8211; il peut servir de si\u00e8ge suppl\u00e9mentaire ou de repose-pieds pratique. Ensemble, ils cr\u00e9ent une composition coh\u00e9rente qui invite au repos et \u00e0 prendre un moment pour se d\u00e9tendre.  <\/p>\n<p>Dans la collection BELLA VITA, des solutions modulaires bien pens\u00e9es et une esth\u00e9tique coh\u00e9rente permettent de cr\u00e9er des compositions d&rsquo;une \u00e9l\u00e9gance intemporelle et raffin\u00e9e.<\/p>\n","protected":false},"featured_media":6607,"template":"","meta":[],"product_brand":[],"product_cat":[947,931],"product_tag":[],"class_list":{"0":"post-6606","1":"product","2":"type-product","3":"status-publish","4":"has-post-thumbnail","6":"product_cat-canapes-modulaires","7":"product_cat-collection-bella-vita","8":"product_shipping_class-livraison-gratuite","10":"first","11":"instock","12":"taxable","13":"shipping-taxable","14":"purchasable","15":"product-type-variable","16":"has-default-attributes","17":"wvs-archive-product-wrapper"},"yoast_head":"<!-- This site is optimized with the Yoast SEO Premium plugin v26.8 (Yoast SEO v26.8) - https:\/\/yoast.com\/product\/yoast-seo-premium-wordpress\/ -->\n<title>Ensemble Bella Vita : Fauteuil sans accoudoirs + pouf - AlloraLiving.com<\/title>\n<meta name=\"robots\" content=\"index, follow, max-snippet:-1, max-image-preview:large, max-video-preview:-1\" \/>\n<link rel=\"canonical\" href=\"https:\/\/alloraliving.com\/fr\/ensemble-bella-vita-fauteuil-sans-accoudoirs-pouf\/\" \/>\n<meta property=\"og:locale\" content=\"fr_FR\" \/>\n<meta property=\"og:type\" content=\"article\" \/>\n<meta property=\"og:title\" content=\"Ensemble Bella Vita : Fauteuil sans accoudoirs + pouf\" \/>\n<meta property=\"og:description\" content=\"L&#039;ensemble compos\u00e9 d&#039;un \u00e9l\u00e9ment simple avec un pouf de la collection BELLA VITA est une solution fonctionnelle et \u00e9l\u00e9gante qui vous permet de cr\u00e9er un espace flexible de d\u00e9tente. L&#039;\u00e9l\u00e9ment simple apporte de l&#039;\u00e9quilibre \u00e0 la d\u00e9coration int\u00e9rieure, et le pouf ajoute du confort - il peut servir de si\u00e8ge suppl\u00e9mentaire ou de repose-pieds pratique. Ensemble, ils cr\u00e9ent une composition coh\u00e9rente qui invite au repos et \u00e0 prendre un moment pour se d\u00e9tendre.  Dans la collection BELLA VITA, des solutions modulaires bien pens\u00e9es et une esth\u00e9tique coh\u00e9rente permettent de cr\u00e9er des compositions d&#039;une \u00e9l\u00e9gance intemporelle et raffin\u00e9e.\" \/>\n<meta property=\"og:url\" content=\"https:\/\/alloraliving.com\/fr\/ensemble-bella-vita-fauteuil-sans-accoudoirs-pouf\/\" \/>\n<meta property=\"og:site_name\" content=\"AlloraLiving.com\" \/>\n<meta property=\"article:modified_time\" content=\"2025-02-11T07:25:11+00:00\" \/>\n<meta property=\"og:image\" content=\"https:\/\/alloraliving.com\/wp-content\/uploads\/1-zestaw-element-prosty-z-pufa-bella-vita-sand-cream.jpg\" \/>\n\t<meta property=\"og:image:width\" content=\"1600\" \/>\n\t<meta property=\"og:image:height\" content=\"1200\" \/>\n\t<meta property=\"og:image:type\" content=\"image\/jpeg\" \/>\n<meta name=\"twitter:card\" content=\"summary_large_image\" \/>\n<meta name=\"twitter:label1\" content=\"Disponibilit\u00e9\" \/>\n\t<meta name=\"twitter:data1\" content=\"En stock\" \/>\n<script type=\"application\/ld+json\" class=\"yoast-schema-graph\">{\"@context\":\"https:\/\/schema.org\",\"@graph\":[{\"@type\":[\"WebPage\",\"ItemPage\"],\"@id\":\"https:\/\/alloraliving.com\/fr\/ensemble-bella-vita-fauteuil-sans-accoudoirs-pouf\/\",\"url\":\"https:\/\/alloraliving.com\/fr\/ensemble-bella-vita-fauteuil-sans-accoudoirs-pouf\/\",\"name\":\"Ensemble Bella Vita : Fauteuil sans accoudoirs + pouf - AlloraLiving.com\",\"isPartOf\":{\"@id\":\"https:\/\/alloraliving.com\/fr\/#website\"},\"primaryImageOfPage\":{\"@id\":\"https:\/\/alloraliving.com\/fr\/ensemble-bella-vita-fauteuil-sans-accoudoirs-pouf\/#primaryimage\"},\"image\":{\"@id\":\"https:\/\/alloraliving.com\/fr\/ensemble-bella-vita-fauteuil-sans-accoudoirs-pouf\/#primaryimage\"},\"thumbnailUrl\":\"https:\/\/alloraliving.com\/wp-content\/uploads\/1-zestaw-element-prosty-z-pufa-bella-vita-sand-cream.jpg\",\"datePublished\":\"2024-12-17T11:36:33+00:00\",\"dateModified\":\"2025-02-11T07:25:11+00:00\",\"breadcrumb\":{\"@id\":\"https:\/\/alloraliving.com\/fr\/ensemble-bella-vita-fauteuil-sans-accoudoirs-pouf\/#breadcrumb\"},\"inLanguage\":\"fr-FR\",\"potentialAction\":[{\"@type\":\"ReadAction\",\"target\":[\"https:\/\/alloraliving.com\/fr\/ensemble-bella-vita-fauteuil-sans-accoudoirs-pouf\/\"]}]},{\"@type\":\"ImageObject\",\"inLanguage\":\"fr-FR\",\"@id\":\"https:\/\/alloraliving.com\/fr\/ensemble-bella-vita-fauteuil-sans-accoudoirs-pouf\/#primaryimage\",\"url\":\"https:\/\/alloraliving.com\/wp-content\/uploads\/1-zestaw-element-prosty-z-pufa-bella-vita-sand-cream.jpg\",\"contentUrl\":\"https:\/\/alloraliving.com\/wp-content\/uploads\/1-zestaw-element-prosty-z-pufa-bella-vita-sand-cream.jpg\",\"width\":1600,\"height\":1200},{\"@type\":\"BreadcrumbList\",\"@id\":\"https:\/\/alloraliving.com\/fr\/ensemble-bella-vita-fauteuil-sans-accoudoirs-pouf\/#breadcrumb\",\"itemListElement\":[{\"@type\":\"ListItem\",\"position\":1,\"name\":\"Strona g\u0142\u00f3wna\",\"item\":\"https:\/\/alloraliving.com\/fr\/\"},{\"@type\":\"ListItem\",\"position\":2,\"name\":\"Boutique\",\"item\":\"https:\/\/alloraliving.com\/fr\/?page_id=6496\"},{\"@type\":\"ListItem\",\"position\":3,\"name\":\"Ensemble Bella Vita : Fauteuil sans accoudoirs + pouf\"}]},{\"@type\":\"WebSite\",\"@id\":\"https:\/\/alloraliving.com\/fr\/#website\",\"url\":\"https:\/\/alloraliving.com\/fr\/\",\"name\":\"AlloraLiving.com\",\"description\":\"\",\"potentialAction\":[{\"@type\":\"SearchAction\",\"target\":{\"@type\":\"EntryPoint\",\"urlTemplate\":\"https:\/\/alloraliving.com\/fr\/?s={search_term_string}\"},\"query-input\":{\"@type\":\"PropertyValueSpecification\",\"valueRequired\":true,\"valueName\":\"search_term_string\"}}],\"inLanguage\":\"fr-FR\"}]}<\/script>\n<meta property=\"og:availability\" content=\"instock\" \/>\n<meta property=\"product:availability\" content=\"instock\" \/>\n<meta property=\"product:condition\" content=\"new\" \/>\n<!-- \/ Yoast SEO Premium plugin. -->","yoast_head_json":{"title":"Ensemble Bella Vita : Fauteuil sans accoudoirs + pouf - AlloraLiving.com","robots":{"index":"index","follow":"follow","max-snippet":"max-snippet:-1","max-image-preview":"max-image-preview:large","max-video-preview":"max-video-preview:-1"},"canonical":"https:\/\/alloraliving.com\/fr\/ensemble-bella-vita-fauteuil-sans-accoudoirs-pouf\/","og_locale":"fr_FR","og_type":"article","og_title":"Ensemble Bella Vita : Fauteuil sans accoudoirs + pouf","og_description":"L'ensemble compos\u00e9 d'un \u00e9l\u00e9ment simple avec un pouf de la collection BELLA VITA est une solution fonctionnelle et \u00e9l\u00e9gante qui vous permet de cr\u00e9er un espace flexible de d\u00e9tente. L'\u00e9l\u00e9ment simple apporte de l'\u00e9quilibre \u00e0 la d\u00e9coration int\u00e9rieure, et le pouf ajoute du confort - il peut servir de si\u00e8ge suppl\u00e9mentaire ou de repose-pieds pratique. Ensemble, ils cr\u00e9ent une composition coh\u00e9rente qui invite au repos et \u00e0 prendre un moment pour se d\u00e9tendre.  Dans la collection BELLA VITA, des solutions modulaires bien pens\u00e9es et une esth\u00e9tique coh\u00e9rente permettent de cr\u00e9er des compositions d'une \u00e9l\u00e9gance intemporelle et raffin\u00e9e.","og_url":"https:\/\/alloraliving.com\/fr\/ensemble-bella-vita-fauteuil-sans-accoudoirs-pouf\/","og_site_name":"AlloraLiving.com","article_modified_time":"2025-02-11T07:25:11+00:00","og_image":[{"width":1600,"height":1200,"url":"https:\/\/alloraliving.com\/wp-content\/uploads\/1-zestaw-element-prosty-z-pufa-bella-vita-sand-cream.jpg","type":"image\/jpeg"}],"twitter_card":"summary_large_image","twitter_misc":{"Disponibilit\u00e9":"En stock"},"schema":{"@context":"https:\/\/schema.org","@graph":[{"@type":["WebPage","ItemPage"],"@id":"https:\/\/alloraliving.com\/fr\/ensemble-bella-vita-fauteuil-sans-accoudoirs-pouf\/","url":"https:\/\/alloraliving.com\/fr\/ensemble-bella-vita-fauteuil-sans-accoudoirs-pouf\/","name":"Ensemble Bella Vita : Fauteuil sans accoudoirs + pouf - AlloraLiving.com","isPartOf":{"@id":"https:\/\/alloraliving.com\/fr\/#website"},"primaryImageOfPage":{"@id":"https:\/\/alloraliving.com\/fr\/ensemble-bella-vita-fauteuil-sans-accoudoirs-pouf\/#primaryimage"},"image":{"@id":"https:\/\/alloraliving.com\/fr\/ensemble-bella-vita-fauteuil-sans-accoudoirs-pouf\/#primaryimage"},"thumbnailUrl":"https:\/\/alloraliving.com\/wp-content\/uploads\/1-zestaw-element-prosty-z-pufa-bella-vita-sand-cream.jpg","datePublished":"2024-12-17T11:36:33+00:00","dateModified":"2025-02-11T07:25:11+00:00","breadcrumb":{"@id":"https:\/\/alloraliving.com\/fr\/ensemble-bella-vita-fauteuil-sans-accoudoirs-pouf\/#breadcrumb"},"inLanguage":"fr-FR","potentialAction":[{"@type":"ReadAction","target":["https:\/\/alloraliving.com\/fr\/ensemble-bella-vita-fauteuil-sans-accoudoirs-pouf\/"]}]},{"@type":"ImageObject","inLanguage":"fr-FR","@id":"https:\/\/alloraliving.com\/fr\/ensemble-bella-vita-fauteuil-sans-accoudoirs-pouf\/#primaryimage","url":"https:\/\/alloraliving.com\/wp-content\/uploads\/1-zestaw-element-prosty-z-pufa-bella-vita-sand-cream.jpg","contentUrl":"https:\/\/alloraliving.com\/wp-content\/uploads\/1-zestaw-element-prosty-z-pufa-bella-vita-sand-cream.jpg","width":1600,"height":1200},{"@type":"BreadcrumbList","@id":"https:\/\/alloraliving.com\/fr\/ensemble-bella-vita-fauteuil-sans-accoudoirs-pouf\/#breadcrumb","itemListElement":[{"@type":"ListItem","position":1,"name":"Strona g\u0142\u00f3wna","item":"https:\/\/alloraliving.com\/fr\/"},{"@type":"ListItem","position":2,"name":"Boutique","item":"https:\/\/alloraliving.com\/fr\/?page_id=6496"},{"@type":"ListItem","position":3,"name":"Ensemble Bella Vita : Fauteuil sans accoudoirs + pouf"}]},{"@type":"WebSite","@id":"https:\/\/alloraliving.com\/fr\/#website","url":"https:\/\/alloraliving.com\/fr\/","name":"AlloraLiving.com","description":"","potentialAction":[{"@type":"SearchAction","target":{"@type":"EntryPoint","urlTemplate":"https:\/\/alloraliving.com\/fr\/?s={search_term_string}"},"query-input":{"@type":"PropertyValueSpecification","valueRequired":true,"valueName":"search_term_string"}}],"inLanguage":"fr-FR"}]},"og_availability":"instock","product_availability":"instock","product_condition":"new"},"_links":{"self":[{"href":"https:\/\/alloraliving.com\/fr\/wp-json\/wp\/v2\/product\/6606","targetHints":{"allow":["GET"]}}],"collection":[{"href":"https:\/\/alloraliving.com\/fr\/wp-json\/wp\/v2\/product"}],"about":[{"href":"https:\/\/alloraliving.com\/fr\/wp-json\/wp\/v2\/types\/product"}],"wp:featuredmedia":[{"embeddable":true,"href":"https:\/\/alloraliving.com\/fr\/wp-json\/wp\/v2\/media\/6607"}],"wp:attachment":[{"href":"https:\/\/alloraliving.com\/fr\/wp-json\/wp\/v2\/media?parent=6606"}],"wp:term":[{"taxonomy":"product_brand","embeddable":true,"href":"https:\/\/alloraliving.com\/fr\/wp-json\/wp\/v2\/product_brand?post=6606"},{"taxonomy":"product_cat","embeddable":true,"href":"https:\/\/alloraliving.com\/fr\/wp-json\/wp\/v2\/product_cat?post=6606"},{"taxonomy":"product_tag","embeddable":true,"href":"https:\/\/alloraliving.com\/fr\/wp-json\/wp\/v2\/product_tag?post=6606"}],"curies":[{"name":"wp","href":"https:\/\/api.w.org\/{rel}","templated":true}]}}