{"id":6662,"date":"2024-05-07T10:02:31","date_gmt":"2024-05-07T08:02:31","guid":{"rendered":"https:\/\/alloraliving.com\/canape-3-places-bella-vita-2\/"},"modified":"2025-02-11T08:25:13","modified_gmt":"2025-02-11T07:25:13","slug":"canape-3-places-bella-vita-2","status":"publish","type":"product","link":"https:\/\/alloraliving.com\/fr\/canape-3-places-bella-vita-2\/","title":{"rendered":"Canap\u00e9 3 places Bella Vita"},"content":{"rendered":"","protected":false},"excerpt":{"rendered":"<p>Le canap\u00e9 3 places BELLA VITA est une combinaison parfaite d&rsquo;\u00e9l\u00e9gance et de fonctionnalit\u00e9, id\u00e9al pour les int\u00e9rieurs spacieux. Ses si\u00e8ges larges et ses dossiers moelleux offrent un confort luxueux, tandis que les lignes classiques ajoutent un style intemporel \u00e0 l&rsquo;int\u00e9rieur. <\/p>\n<p>La collection BELLA VITA permet toutes les configurations de modules, ainsi que d&rsquo;exp\u00e9rimenter des couleurs qui \u00e9gayeront n&rsquo;importe quel int\u00e9rieur. Con\u00e7u pour une vie agr\u00e9able, ce canap\u00e9 deviendra le c\u0153ur de votre maison, parfait pour la d\u00e9tente au quotidien. <\/p>\n","protected":false},"featured_media":6671,"template":"","meta":[],"product_brand":[],"product_cat":[946,947,931],"product_tag":[],"class_list":{"0":"post-6662","1":"product","2":"type-product","3":"status-publish","4":"has-post-thumbnail","6":"product_cat-canapes","7":"product_cat-canapes-modulaires","8":"product_cat-collection-bella-vita","9":"product_shipping_class-livraison-gratuite","11":"first","12":"instock","13":"taxable","14":"shipping-taxable","15":"purchasable","16":"product-type-variable","17":"has-default-attributes","18":"wvs-archive-product-wrapper"},"yoast_head":"<!-- This site is optimized with the Yoast SEO Premium plugin v26.8 (Yoast SEO v26.8) - https:\/\/yoast.com\/product\/yoast-seo-premium-wordpress\/ -->\n<title>Canap\u00e9 3 places Bella Vita - AlloraLiving.com<\/title>\n<meta name=\"robots\" content=\"index, follow, max-snippet:-1, max-image-preview:large, max-video-preview:-1\" \/>\n<link rel=\"canonical\" href=\"https:\/\/alloraliving.com\/fr\/canape-3-places-bella-vita-2\/\" \/>\n<meta property=\"og:locale\" content=\"fr_FR\" \/>\n<meta property=\"og:type\" content=\"article\" \/>\n<meta property=\"og:title\" content=\"Canap\u00e9 3 places Bella Vita\" \/>\n<meta property=\"og:description\" content=\"Le canap\u00e9 3 places BELLA VITA est une combinaison parfaite d&#039;\u00e9l\u00e9gance et de fonctionnalit\u00e9, id\u00e9al pour les int\u00e9rieurs spacieux. Ses si\u00e8ges larges et ses dossiers moelleux offrent un confort luxueux, tandis que les lignes classiques ajoutent un style intemporel \u00e0 l&#039;int\u00e9rieur.  La collection BELLA VITA permet toutes les configurations de modules, ainsi que d&#039;exp\u00e9rimenter des couleurs qui \u00e9gayeront n&#039;importe quel int\u00e9rieur. Con\u00e7u pour une vie agr\u00e9able, ce canap\u00e9 deviendra le c\u0153ur de votre maison, parfait pour la d\u00e9tente au quotidien.\" \/>\n<meta property=\"og:url\" content=\"https:\/\/alloraliving.com\/fr\/canape-3-places-bella-vita-2\/\" \/>\n<meta property=\"og:site_name\" content=\"AlloraLiving.com\" \/>\n<meta property=\"article:modified_time\" content=\"2025-02-11T07:25:13+00:00\" \/>\n<meta property=\"og:image\" content=\"https:\/\/alloraliving.com\/wp-content\/uploads\/1-nowoczesna-kremowa-sofa-trzyosobowa-do-salonu-bella-vita-sand-cream-1.jpg\" \/>\n\t<meta property=\"og:image:width\" content=\"1600\" \/>\n\t<meta property=\"og:image:height\" content=\"1200\" \/>\n\t<meta property=\"og:image:type\" content=\"image\/jpeg\" \/>\n<meta name=\"twitter:card\" content=\"summary_large_image\" \/>\n<meta name=\"twitter:label1\" content=\"Disponibilit\u00e9\" \/>\n\t<meta name=\"twitter:data1\" content=\"En stock\" \/>\n<script type=\"application\/ld+json\" class=\"yoast-schema-graph\">{\"@context\":\"https:\/\/schema.org\",\"@graph\":[{\"@type\":[\"WebPage\",\"ItemPage\"],\"@id\":\"https:\/\/alloraliving.com\/fr\/canape-3-places-bella-vita-2\/\",\"url\":\"https:\/\/alloraliving.com\/fr\/canape-3-places-bella-vita-2\/\",\"name\":\"Canap\u00e9 3 places Bella Vita - AlloraLiving.com\",\"isPartOf\":{\"@id\":\"https:\/\/alloraliving.com\/fr\/#website\"},\"primaryImageOfPage\":{\"@id\":\"https:\/\/alloraliving.com\/fr\/canape-3-places-bella-vita-2\/#primaryimage\"},\"image\":{\"@id\":\"https:\/\/alloraliving.com\/fr\/canape-3-places-bella-vita-2\/#primaryimage\"},\"thumbnailUrl\":\"https:\/\/alloraliving.com\/wp-content\/uploads\/1-nowoczesna-kremowa-sofa-trzyosobowa-do-salonu-bella-vita-sand-cream-1.jpg\",\"datePublished\":\"2024-05-07T08:02:31+00:00\",\"dateModified\":\"2025-02-11T07:25:13+00:00\",\"breadcrumb\":{\"@id\":\"https:\/\/alloraliving.com\/fr\/canape-3-places-bella-vita-2\/#breadcrumb\"},\"inLanguage\":\"fr-FR\",\"potentialAction\":[{\"@type\":\"ReadAction\",\"target\":[\"https:\/\/alloraliving.com\/fr\/canape-3-places-bella-vita-2\/\"]}]},{\"@type\":\"ImageObject\",\"inLanguage\":\"fr-FR\",\"@id\":\"https:\/\/alloraliving.com\/fr\/canape-3-places-bella-vita-2\/#primaryimage\",\"url\":\"https:\/\/alloraliving.com\/wp-content\/uploads\/1-nowoczesna-kremowa-sofa-trzyosobowa-do-salonu-bella-vita-sand-cream-1.jpg\",\"contentUrl\":\"https:\/\/alloraliving.com\/wp-content\/uploads\/1-nowoczesna-kremowa-sofa-trzyosobowa-do-salonu-bella-vita-sand-cream-1.jpg\",\"width\":1600,\"height\":1200},{\"@type\":\"BreadcrumbList\",\"@id\":\"https:\/\/alloraliving.com\/fr\/canape-3-places-bella-vita-2\/#breadcrumb\",\"itemListElement\":[{\"@type\":\"ListItem\",\"position\":1,\"name\":\"Strona g\u0142\u00f3wna\",\"item\":\"https:\/\/alloraliving.com\/fr\/\"},{\"@type\":\"ListItem\",\"position\":2,\"name\":\"Boutique\",\"item\":\"https:\/\/alloraliving.com\/fr\/?page_id=6496\"},{\"@type\":\"ListItem\",\"position\":3,\"name\":\"Canap\u00e9 3 places Bella Vita\"}]},{\"@type\":\"WebSite\",\"@id\":\"https:\/\/alloraliving.com\/fr\/#website\",\"url\":\"https:\/\/alloraliving.com\/fr\/\",\"name\":\"AlloraLiving.com\",\"description\":\"\",\"potentialAction\":[{\"@type\":\"SearchAction\",\"target\":{\"@type\":\"EntryPoint\",\"urlTemplate\":\"https:\/\/alloraliving.com\/fr\/?s={search_term_string}\"},\"query-input\":{\"@type\":\"PropertyValueSpecification\",\"valueRequired\":true,\"valueName\":\"search_term_string\"}}],\"inLanguage\":\"fr-FR\"}]}<\/script>\n<meta property=\"og:availability\" content=\"instock\" \/>\n<meta property=\"product:availability\" content=\"instock\" \/>\n<meta property=\"product:condition\" content=\"new\" \/>\n<!-- \/ Yoast SEO Premium plugin. -->","yoast_head_json":{"title":"Canap\u00e9 3 places Bella Vita - AlloraLiving.com","robots":{"index":"index","follow":"follow","max-snippet":"max-snippet:-1","max-image-preview":"max-image-preview:large","max-video-preview":"max-video-preview:-1"},"canonical":"https:\/\/alloraliving.com\/fr\/canape-3-places-bella-vita-2\/","og_locale":"fr_FR","og_type":"article","og_title":"Canap\u00e9 3 places Bella Vita","og_description":"Le canap\u00e9 3 places BELLA VITA est une combinaison parfaite d'\u00e9l\u00e9gance et de fonctionnalit\u00e9, id\u00e9al pour les int\u00e9rieurs spacieux. Ses si\u00e8ges larges et ses dossiers moelleux offrent un confort luxueux, tandis que les lignes classiques ajoutent un style intemporel \u00e0 l'int\u00e9rieur.  La collection BELLA VITA permet toutes les configurations de modules, ainsi que d'exp\u00e9rimenter des couleurs qui \u00e9gayeront n'importe quel int\u00e9rieur. Con\u00e7u pour une vie agr\u00e9able, ce canap\u00e9 deviendra le c\u0153ur de votre maison, parfait pour la d\u00e9tente au quotidien.","og_url":"https:\/\/alloraliving.com\/fr\/canape-3-places-bella-vita-2\/","og_site_name":"AlloraLiving.com","article_modified_time":"2025-02-11T07:25:13+00:00","og_image":[{"width":1600,"height":1200,"url":"https:\/\/alloraliving.com\/wp-content\/uploads\/1-nowoczesna-kremowa-sofa-trzyosobowa-do-salonu-bella-vita-sand-cream-1.jpg","type":"image\/jpeg"}],"twitter_card":"summary_large_image","twitter_misc":{"Disponibilit\u00e9":"En stock"},"schema":{"@context":"https:\/\/schema.org","@graph":[{"@type":["WebPage","ItemPage"],"@id":"https:\/\/alloraliving.com\/fr\/canape-3-places-bella-vita-2\/","url":"https:\/\/alloraliving.com\/fr\/canape-3-places-bella-vita-2\/","name":"Canap\u00e9 3 places Bella Vita - AlloraLiving.com","isPartOf":{"@id":"https:\/\/alloraliving.com\/fr\/#website"},"primaryImageOfPage":{"@id":"https:\/\/alloraliving.com\/fr\/canape-3-places-bella-vita-2\/#primaryimage"},"image":{"@id":"https:\/\/alloraliving.com\/fr\/canape-3-places-bella-vita-2\/#primaryimage"},"thumbnailUrl":"https:\/\/alloraliving.com\/wp-content\/uploads\/1-nowoczesna-kremowa-sofa-trzyosobowa-do-salonu-bella-vita-sand-cream-1.jpg","datePublished":"2024-05-07T08:02:31+00:00","dateModified":"2025-02-11T07:25:13+00:00","breadcrumb":{"@id":"https:\/\/alloraliving.com\/fr\/canape-3-places-bella-vita-2\/#breadcrumb"},"inLanguage":"fr-FR","potentialAction":[{"@type":"ReadAction","target":["https:\/\/alloraliving.com\/fr\/canape-3-places-bella-vita-2\/"]}]},{"@type":"ImageObject","inLanguage":"fr-FR","@id":"https:\/\/alloraliving.com\/fr\/canape-3-places-bella-vita-2\/#primaryimage","url":"https:\/\/alloraliving.com\/wp-content\/uploads\/1-nowoczesna-kremowa-sofa-trzyosobowa-do-salonu-bella-vita-sand-cream-1.jpg","contentUrl":"https:\/\/alloraliving.com\/wp-content\/uploads\/1-nowoczesna-kremowa-sofa-trzyosobowa-do-salonu-bella-vita-sand-cream-1.jpg","width":1600,"height":1200},{"@type":"BreadcrumbList","@id":"https:\/\/alloraliving.com\/fr\/canape-3-places-bella-vita-2\/#breadcrumb","itemListElement":[{"@type":"ListItem","position":1,"name":"Strona g\u0142\u00f3wna","item":"https:\/\/alloraliving.com\/fr\/"},{"@type":"ListItem","position":2,"name":"Boutique","item":"https:\/\/alloraliving.com\/fr\/?page_id=6496"},{"@type":"ListItem","position":3,"name":"Canap\u00e9 3 places Bella Vita"}]},{"@type":"WebSite","@id":"https:\/\/alloraliving.com\/fr\/#website","url":"https:\/\/alloraliving.com\/fr\/","name":"AlloraLiving.com","description":"","potentialAction":[{"@type":"SearchAction","target":{"@type":"EntryPoint","urlTemplate":"https:\/\/alloraliving.com\/fr\/?s={search_term_string}"},"query-input":{"@type":"PropertyValueSpecification","valueRequired":true,"valueName":"search_term_string"}}],"inLanguage":"fr-FR"}]},"og_availability":"instock","product_availability":"instock","product_condition":"new"},"_links":{"self":[{"href":"https:\/\/alloraliving.com\/fr\/wp-json\/wp\/v2\/product\/6662","targetHints":{"allow":["GET"]}}],"collection":[{"href":"https:\/\/alloraliving.com\/fr\/wp-json\/wp\/v2\/product"}],"about":[{"href":"https:\/\/alloraliving.com\/fr\/wp-json\/wp\/v2\/types\/product"}],"wp:featuredmedia":[{"embeddable":true,"href":"https:\/\/alloraliving.com\/fr\/wp-json\/wp\/v2\/media\/6671"}],"wp:attachment":[{"href":"https:\/\/alloraliving.com\/fr\/wp-json\/wp\/v2\/media?parent=6662"}],"wp:term":[{"taxonomy":"product_brand","embeddable":true,"href":"https:\/\/alloraliving.com\/fr\/wp-json\/wp\/v2\/product_brand?post=6662"},{"taxonomy":"product_cat","embeddable":true,"href":"https:\/\/alloraliving.com\/fr\/wp-json\/wp\/v2\/product_cat?post=6662"},{"taxonomy":"product_tag","embeddable":true,"href":"https:\/\/alloraliving.com\/fr\/wp-json\/wp\/v2\/product_tag?post=6662"}],"curies":[{"name":"wp","href":"https:\/\/api.w.org\/{rel}","templated":true}]}}