{"id":6663,"date":"2024-02-27T09:48:29","date_gmt":"2024-02-27T08:48:29","guid":{"rendered":"https:\/\/alloraliving.com\/element-simple-bella-vita\/"},"modified":"2025-02-11T08:25:11","modified_gmt":"2025-02-11T07:25:11","slug":"element-simple-bella-vita","status":"publish","type":"product","link":"https:\/\/alloraliving.com\/fr\/element-simple-bella-vita\/","title":{"rendered":"\u00c9l\u00e9ment simple Bella Vita"},"content":{"rendered":"","protected":false},"excerpt":{"rendered":"<p>L&rsquo;\u00e9l\u00e9ment droit BELLA VITA est un module polyvalent qui constitue le c\u0153ur de chaque syst\u00e8me. Sa forme simple et \u00e9l\u00e9gante apporte \u00e9quilibre et confort \u00e0 l&rsquo;int\u00e9rieur, assurant une combinaison facile avec d&rsquo;autres \u00e9l\u00e9ments de la collection. C&rsquo;est la solution parfaite si vous vous souciez de la fonctionnalit\u00e9 et de l&rsquo;esth\u00e9tique en m\u00eame temps.  <\/p>\n<p>Gr\u00e2ce \u00e0 la nature modulaire de la collection BELLA VITA, vous pouvez exp\u00e9rimenter librement diff\u00e9rents am\u00e9nagements et accessoires, cr\u00e9ant ainsi un int\u00e9rieur qui exprime votre style individuel et votre joie de vivre.<\/p>\n","protected":false},"featured_media":6665,"template":"","meta":[],"product_brand":[],"product_cat":[947,931],"product_tag":[],"class_list":{"0":"post-6663","1":"product","2":"type-product","3":"status-publish","4":"has-post-thumbnail","6":"product_cat-canapes-modulaires","7":"product_cat-collection-bella-vita","8":"product_shipping_class-livraison-gratuite","10":"first","11":"instock","12":"taxable","13":"shipping-taxable","14":"purchasable","15":"product-type-variable","16":"has-default-attributes","17":"wvs-archive-product-wrapper"},"yoast_head":"<!-- This site is optimized with the Yoast SEO Premium plugin v26.8 (Yoast SEO v26.8) - https:\/\/yoast.com\/product\/yoast-seo-premium-wordpress\/ -->\n<title>\u00c9l\u00e9ment simple Bella Vita - AlloraLiving.com<\/title>\n<meta name=\"robots\" content=\"index, follow, max-snippet:-1, max-image-preview:large, max-video-preview:-1\" \/>\n<link rel=\"canonical\" href=\"https:\/\/alloraliving.com\/fr\/element-simple-bella-vita\/\" \/>\n<meta property=\"og:locale\" content=\"fr_FR\" \/>\n<meta property=\"og:type\" content=\"article\" \/>\n<meta property=\"og:title\" content=\"\u00c9l\u00e9ment simple Bella Vita\" \/>\n<meta property=\"og:description\" content=\"L&#039;\u00e9l\u00e9ment droit BELLA VITA est un module polyvalent qui constitue le c\u0153ur de chaque syst\u00e8me. Sa forme simple et \u00e9l\u00e9gante apporte \u00e9quilibre et confort \u00e0 l&#039;int\u00e9rieur, assurant une combinaison facile avec d&#039;autres \u00e9l\u00e9ments de la collection. C&#039;est la solution parfaite si vous vous souciez de la fonctionnalit\u00e9 et de l&#039;esth\u00e9tique en m\u00eame temps.  Gr\u00e2ce \u00e0 la nature modulaire de la collection BELLA VITA, vous pouvez exp\u00e9rimenter librement diff\u00e9rents am\u00e9nagements et accessoires, cr\u00e9ant ainsi un int\u00e9rieur qui exprime votre style individuel et votre joie de vivre.\" \/>\n<meta property=\"og:url\" content=\"https:\/\/alloraliving.com\/fr\/element-simple-bella-vita\/\" \/>\n<meta property=\"og:site_name\" content=\"AlloraLiving.com\" \/>\n<meta property=\"article:modified_time\" content=\"2025-02-11T07:25:11+00:00\" \/>\n<meta property=\"og:image\" content=\"https:\/\/alloraliving.com\/wp-content\/uploads\/1-element-prosty-sofy-bella-vita-sand-cream-1.jpg\" \/>\n\t<meta property=\"og:image:width\" content=\"1600\" \/>\n\t<meta property=\"og:image:height\" content=\"1200\" \/>\n\t<meta property=\"og:image:type\" content=\"image\/jpeg\" \/>\n<meta name=\"twitter:card\" content=\"summary_large_image\" \/>\n<meta name=\"twitter:label1\" content=\"Disponibilit\u00e9\" \/>\n\t<meta name=\"twitter:data1\" content=\"En stock\" \/>\n<script type=\"application\/ld+json\" class=\"yoast-schema-graph\">{\"@context\":\"https:\/\/schema.org\",\"@graph\":[{\"@type\":[\"WebPage\",\"ItemPage\"],\"@id\":\"https:\/\/alloraliving.com\/fr\/element-simple-bella-vita\/\",\"url\":\"https:\/\/alloraliving.com\/fr\/element-simple-bella-vita\/\",\"name\":\"\u00c9l\u00e9ment simple Bella Vita - AlloraLiving.com\",\"isPartOf\":{\"@id\":\"https:\/\/alloraliving.com\/fr\/#website\"},\"primaryImageOfPage\":{\"@id\":\"https:\/\/alloraliving.com\/fr\/element-simple-bella-vita\/#primaryimage\"},\"image\":{\"@id\":\"https:\/\/alloraliving.com\/fr\/element-simple-bella-vita\/#primaryimage\"},\"thumbnailUrl\":\"https:\/\/alloraliving.com\/wp-content\/uploads\/1-element-prosty-sofy-bella-vita-sand-cream-1.jpg\",\"datePublished\":\"2024-02-27T08:48:29+00:00\",\"dateModified\":\"2025-02-11T07:25:11+00:00\",\"breadcrumb\":{\"@id\":\"https:\/\/alloraliving.com\/fr\/element-simple-bella-vita\/#breadcrumb\"},\"inLanguage\":\"fr-FR\",\"potentialAction\":[{\"@type\":\"ReadAction\",\"target\":[\"https:\/\/alloraliving.com\/fr\/element-simple-bella-vita\/\"]}]},{\"@type\":\"ImageObject\",\"inLanguage\":\"fr-FR\",\"@id\":\"https:\/\/alloraliving.com\/fr\/element-simple-bella-vita\/#primaryimage\",\"url\":\"https:\/\/alloraliving.com\/wp-content\/uploads\/1-element-prosty-sofy-bella-vita-sand-cream-1.jpg\",\"contentUrl\":\"https:\/\/alloraliving.com\/wp-content\/uploads\/1-element-prosty-sofy-bella-vita-sand-cream-1.jpg\",\"width\":1600,\"height\":1200},{\"@type\":\"BreadcrumbList\",\"@id\":\"https:\/\/alloraliving.com\/fr\/element-simple-bella-vita\/#breadcrumb\",\"itemListElement\":[{\"@type\":\"ListItem\",\"position\":1,\"name\":\"Strona g\u0142\u00f3wna\",\"item\":\"https:\/\/alloraliving.com\/fr\/\"},{\"@type\":\"ListItem\",\"position\":2,\"name\":\"Boutique\",\"item\":\"https:\/\/alloraliving.com\/fr\/?page_id=6496\"},{\"@type\":\"ListItem\",\"position\":3,\"name\":\"\u00c9l\u00e9ment simple Bella Vita\"}]},{\"@type\":\"WebSite\",\"@id\":\"https:\/\/alloraliving.com\/fr\/#website\",\"url\":\"https:\/\/alloraliving.com\/fr\/\",\"name\":\"AlloraLiving.com\",\"description\":\"\",\"potentialAction\":[{\"@type\":\"SearchAction\",\"target\":{\"@type\":\"EntryPoint\",\"urlTemplate\":\"https:\/\/alloraliving.com\/fr\/?s={search_term_string}\"},\"query-input\":{\"@type\":\"PropertyValueSpecification\",\"valueRequired\":true,\"valueName\":\"search_term_string\"}}],\"inLanguage\":\"fr-FR\"}]}<\/script>\n<meta property=\"og:availability\" content=\"instock\" \/>\n<meta property=\"product:availability\" content=\"instock\" \/>\n<meta property=\"product:condition\" content=\"new\" \/>\n<!-- \/ Yoast SEO Premium plugin. -->","yoast_head_json":{"title":"\u00c9l\u00e9ment simple Bella Vita - AlloraLiving.com","robots":{"index":"index","follow":"follow","max-snippet":"max-snippet:-1","max-image-preview":"max-image-preview:large","max-video-preview":"max-video-preview:-1"},"canonical":"https:\/\/alloraliving.com\/fr\/element-simple-bella-vita\/","og_locale":"fr_FR","og_type":"article","og_title":"\u00c9l\u00e9ment simple Bella Vita","og_description":"L'\u00e9l\u00e9ment droit BELLA VITA est un module polyvalent qui constitue le c\u0153ur de chaque syst\u00e8me. Sa forme simple et \u00e9l\u00e9gante apporte \u00e9quilibre et confort \u00e0 l'int\u00e9rieur, assurant une combinaison facile avec d'autres \u00e9l\u00e9ments de la collection. C'est la solution parfaite si vous vous souciez de la fonctionnalit\u00e9 et de l'esth\u00e9tique en m\u00eame temps.  Gr\u00e2ce \u00e0 la nature modulaire de la collection BELLA VITA, vous pouvez exp\u00e9rimenter librement diff\u00e9rents am\u00e9nagements et accessoires, cr\u00e9ant ainsi un int\u00e9rieur qui exprime votre style individuel et votre joie de vivre.","og_url":"https:\/\/alloraliving.com\/fr\/element-simple-bella-vita\/","og_site_name":"AlloraLiving.com","article_modified_time":"2025-02-11T07:25:11+00:00","og_image":[{"width":1600,"height":1200,"url":"https:\/\/alloraliving.com\/wp-content\/uploads\/1-element-prosty-sofy-bella-vita-sand-cream-1.jpg","type":"image\/jpeg"}],"twitter_card":"summary_large_image","twitter_misc":{"Disponibilit\u00e9":"En stock"},"schema":{"@context":"https:\/\/schema.org","@graph":[{"@type":["WebPage","ItemPage"],"@id":"https:\/\/alloraliving.com\/fr\/element-simple-bella-vita\/","url":"https:\/\/alloraliving.com\/fr\/element-simple-bella-vita\/","name":"\u00c9l\u00e9ment simple Bella Vita - AlloraLiving.com","isPartOf":{"@id":"https:\/\/alloraliving.com\/fr\/#website"},"primaryImageOfPage":{"@id":"https:\/\/alloraliving.com\/fr\/element-simple-bella-vita\/#primaryimage"},"image":{"@id":"https:\/\/alloraliving.com\/fr\/element-simple-bella-vita\/#primaryimage"},"thumbnailUrl":"https:\/\/alloraliving.com\/wp-content\/uploads\/1-element-prosty-sofy-bella-vita-sand-cream-1.jpg","datePublished":"2024-02-27T08:48:29+00:00","dateModified":"2025-02-11T07:25:11+00:00","breadcrumb":{"@id":"https:\/\/alloraliving.com\/fr\/element-simple-bella-vita\/#breadcrumb"},"inLanguage":"fr-FR","potentialAction":[{"@type":"ReadAction","target":["https:\/\/alloraliving.com\/fr\/element-simple-bella-vita\/"]}]},{"@type":"ImageObject","inLanguage":"fr-FR","@id":"https:\/\/alloraliving.com\/fr\/element-simple-bella-vita\/#primaryimage","url":"https:\/\/alloraliving.com\/wp-content\/uploads\/1-element-prosty-sofy-bella-vita-sand-cream-1.jpg","contentUrl":"https:\/\/alloraliving.com\/wp-content\/uploads\/1-element-prosty-sofy-bella-vita-sand-cream-1.jpg","width":1600,"height":1200},{"@type":"BreadcrumbList","@id":"https:\/\/alloraliving.com\/fr\/element-simple-bella-vita\/#breadcrumb","itemListElement":[{"@type":"ListItem","position":1,"name":"Strona g\u0142\u00f3wna","item":"https:\/\/alloraliving.com\/fr\/"},{"@type":"ListItem","position":2,"name":"Boutique","item":"https:\/\/alloraliving.com\/fr\/?page_id=6496"},{"@type":"ListItem","position":3,"name":"\u00c9l\u00e9ment simple Bella Vita"}]},{"@type":"WebSite","@id":"https:\/\/alloraliving.com\/fr\/#website","url":"https:\/\/alloraliving.com\/fr\/","name":"AlloraLiving.com","description":"","potentialAction":[{"@type":"SearchAction","target":{"@type":"EntryPoint","urlTemplate":"https:\/\/alloraliving.com\/fr\/?s={search_term_string}"},"query-input":{"@type":"PropertyValueSpecification","valueRequired":true,"valueName":"search_term_string"}}],"inLanguage":"fr-FR"}]},"og_availability":"instock","product_availability":"instock","product_condition":"new"},"_links":{"self":[{"href":"https:\/\/alloraliving.com\/fr\/wp-json\/wp\/v2\/product\/6663","targetHints":{"allow":["GET"]}}],"collection":[{"href":"https:\/\/alloraliving.com\/fr\/wp-json\/wp\/v2\/product"}],"about":[{"href":"https:\/\/alloraliving.com\/fr\/wp-json\/wp\/v2\/types\/product"}],"wp:featuredmedia":[{"embeddable":true,"href":"https:\/\/alloraliving.com\/fr\/wp-json\/wp\/v2\/media\/6665"}],"wp:attachment":[{"href":"https:\/\/alloraliving.com\/fr\/wp-json\/wp\/v2\/media?parent=6663"}],"wp:term":[{"taxonomy":"product_brand","embeddable":true,"href":"https:\/\/alloraliving.com\/fr\/wp-json\/wp\/v2\/product_brand?post=6663"},{"taxonomy":"product_cat","embeddable":true,"href":"https:\/\/alloraliving.com\/fr\/wp-json\/wp\/v2\/product_cat?post=6663"},{"taxonomy":"product_tag","embeddable":true,"href":"https:\/\/alloraliving.com\/fr\/wp-json\/wp\/v2\/product_tag?post=6663"}],"curies":[{"name":"wp","href":"https:\/\/api.w.org\/{rel}","templated":true}]}}