{"id":6680,"date":"2024-02-27T09:44:23","date_gmt":"2024-02-27T08:44:23","guid":{"rendered":"https:\/\/alloraliving.com\/element-dangle-bella-vita\/"},"modified":"2025-02-11T08:25:18","modified_gmt":"2025-02-11T07:25:18","slug":"element-dangle-bella-vita","status":"publish","type":"product","link":"https:\/\/alloraliving.com\/fr\/element-dangle-bella-vita\/","title":{"rendered":"\u00c9l\u00e9ment d&rsquo;angle Bella Vita"},"content":{"rendered":"","protected":false},"excerpt":{"rendered":"<p>L&rsquo;\u00e9l\u00e9ment d&rsquo;angle BELLA VITA est un module cl\u00e9 qui vous permet de cr\u00e9er des am\u00e9nagements confortables et spacieux dans votre int\u00e9rieur. Sa forme permet une utilisation efficace de l&rsquo;espace, ajoutant harmonie et fonctionnalit\u00e9 au canap\u00e9. L&rsquo;assise confortable et le dossier l\u00e9g\u00e8rement arrondi assurent confort et \u00e9l\u00e9gance.  <\/p>\n<p>Combinez-le avec d\u2019autres modules, tels que des \u00e9l\u00e9ments lat\u00e9raux ou droits, pour cr\u00e9er une disposition unique adapt\u00e9e \u00e0 vos besoins. D\u00e9couvrez toutes les possibilit\u00e9s de la collection BELLA VITA, en personnalisant votre int\u00e9rieur avec diff\u00e9rents tissus et accessoires. <\/p>\n","protected":false},"featured_media":6687,"template":"","meta":[],"product_brand":[],"product_cat":[947,931],"product_tag":[],"class_list":{"0":"post-6680","1":"product","2":"type-product","3":"status-publish","4":"has-post-thumbnail","6":"product_cat-canapes-modulaires","7":"product_cat-collection-bella-vita","8":"product_shipping_class-livraison-gratuite","10":"first","11":"instock","12":"taxable","13":"shipping-taxable","14":"purchasable","15":"product-type-variable","16":"has-default-attributes","17":"wvs-archive-product-wrapper"},"yoast_head":"<!-- This site is optimized with the Yoast SEO Premium plugin v26.8 (Yoast SEO v26.8) - https:\/\/yoast.com\/product\/yoast-seo-premium-wordpress\/ -->\n<title>\u00c9l\u00e9ment d&#039;angle Bella Vita - AlloraLiving.com<\/title>\n<meta name=\"robots\" content=\"index, follow, max-snippet:-1, max-image-preview:large, max-video-preview:-1\" \/>\n<link rel=\"canonical\" href=\"https:\/\/alloraliving.com\/fr\/element-dangle-bella-vita\/\" \/>\n<meta property=\"og:locale\" content=\"fr_FR\" \/>\n<meta property=\"og:type\" content=\"article\" \/>\n<meta property=\"og:title\" content=\"\u00c9l\u00e9ment d&#039;angle Bella Vita\" \/>\n<meta property=\"og:description\" content=\"L&#039;\u00e9l\u00e9ment d&#039;angle BELLA VITA est un module cl\u00e9 qui vous permet de cr\u00e9er des am\u00e9nagements confortables et spacieux dans votre int\u00e9rieur. Sa forme permet une utilisation efficace de l&#039;espace, ajoutant harmonie et fonctionnalit\u00e9 au canap\u00e9. L&#039;assise confortable et le dossier l\u00e9g\u00e8rement arrondi assurent confort et \u00e9l\u00e9gance.  Combinez-le avec d\u2019autres modules, tels que des \u00e9l\u00e9ments lat\u00e9raux ou droits, pour cr\u00e9er une disposition unique adapt\u00e9e \u00e0 vos besoins. D\u00e9couvrez toutes les possibilit\u00e9s de la collection BELLA VITA, en personnalisant votre int\u00e9rieur avec diff\u00e9rents tissus et accessoires.\" \/>\n<meta property=\"og:url\" content=\"https:\/\/alloraliving.com\/fr\/element-dangle-bella-vita\/\" \/>\n<meta property=\"og:site_name\" content=\"AlloraLiving.com\" \/>\n<meta property=\"article:modified_time\" content=\"2025-02-11T07:25:18+00:00\" \/>\n<meta property=\"og:image\" content=\"https:\/\/alloraliving.com\/wp-content\/uploads\/1-element-narozny-sofa-bella-vita-sand-cream-1.jpg\" \/>\n\t<meta property=\"og:image:width\" content=\"1600\" \/>\n\t<meta property=\"og:image:height\" content=\"1200\" \/>\n\t<meta property=\"og:image:type\" content=\"image\/jpeg\" \/>\n<meta name=\"twitter:card\" content=\"summary_large_image\" \/>\n<meta name=\"twitter:label1\" content=\"Disponibilit\u00e9\" \/>\n\t<meta name=\"twitter:data1\" content=\"En stock\" \/>\n<script type=\"application\/ld+json\" class=\"yoast-schema-graph\">{\"@context\":\"https:\/\/schema.org\",\"@graph\":[{\"@type\":[\"WebPage\",\"ItemPage\"],\"@id\":\"https:\/\/alloraliving.com\/fr\/element-dangle-bella-vita\/\",\"url\":\"https:\/\/alloraliving.com\/fr\/element-dangle-bella-vita\/\",\"name\":\"\u00c9l\u00e9ment d'angle Bella Vita - AlloraLiving.com\",\"isPartOf\":{\"@id\":\"https:\/\/alloraliving.com\/fr\/#website\"},\"primaryImageOfPage\":{\"@id\":\"https:\/\/alloraliving.com\/fr\/element-dangle-bella-vita\/#primaryimage\"},\"image\":{\"@id\":\"https:\/\/alloraliving.com\/fr\/element-dangle-bella-vita\/#primaryimage\"},\"thumbnailUrl\":\"https:\/\/alloraliving.com\/wp-content\/uploads\/1-element-narozny-sofa-bella-vita-sand-cream-1.jpg\",\"datePublished\":\"2024-02-27T08:44:23+00:00\",\"dateModified\":\"2025-02-11T07:25:18+00:00\",\"breadcrumb\":{\"@id\":\"https:\/\/alloraliving.com\/fr\/element-dangle-bella-vita\/#breadcrumb\"},\"inLanguage\":\"fr-FR\",\"potentialAction\":[{\"@type\":\"ReadAction\",\"target\":[\"https:\/\/alloraliving.com\/fr\/element-dangle-bella-vita\/\"]}]},{\"@type\":\"ImageObject\",\"inLanguage\":\"fr-FR\",\"@id\":\"https:\/\/alloraliving.com\/fr\/element-dangle-bella-vita\/#primaryimage\",\"url\":\"https:\/\/alloraliving.com\/wp-content\/uploads\/1-element-narozny-sofa-bella-vita-sand-cream-1.jpg\",\"contentUrl\":\"https:\/\/alloraliving.com\/wp-content\/uploads\/1-element-narozny-sofa-bella-vita-sand-cream-1.jpg\",\"width\":1600,\"height\":1200},{\"@type\":\"BreadcrumbList\",\"@id\":\"https:\/\/alloraliving.com\/fr\/element-dangle-bella-vita\/#breadcrumb\",\"itemListElement\":[{\"@type\":\"ListItem\",\"position\":1,\"name\":\"Strona g\u0142\u00f3wna\",\"item\":\"https:\/\/alloraliving.com\/fr\/\"},{\"@type\":\"ListItem\",\"position\":2,\"name\":\"Boutique\",\"item\":\"https:\/\/alloraliving.com\/fr\/?page_id=6496\"},{\"@type\":\"ListItem\",\"position\":3,\"name\":\"\u00c9l\u00e9ment d&#8217;angle Bella Vita\"}]},{\"@type\":\"WebSite\",\"@id\":\"https:\/\/alloraliving.com\/fr\/#website\",\"url\":\"https:\/\/alloraliving.com\/fr\/\",\"name\":\"AlloraLiving.com\",\"description\":\"\",\"potentialAction\":[{\"@type\":\"SearchAction\",\"target\":{\"@type\":\"EntryPoint\",\"urlTemplate\":\"https:\/\/alloraliving.com\/fr\/?s={search_term_string}\"},\"query-input\":{\"@type\":\"PropertyValueSpecification\",\"valueRequired\":true,\"valueName\":\"search_term_string\"}}],\"inLanguage\":\"fr-FR\"}]}<\/script>\n<meta property=\"og:availability\" content=\"instock\" \/>\n<meta property=\"product:availability\" content=\"instock\" \/>\n<meta property=\"product:condition\" content=\"new\" \/>\n<!-- \/ Yoast SEO Premium plugin. -->","yoast_head_json":{"title":"\u00c9l\u00e9ment d'angle Bella Vita - AlloraLiving.com","robots":{"index":"index","follow":"follow","max-snippet":"max-snippet:-1","max-image-preview":"max-image-preview:large","max-video-preview":"max-video-preview:-1"},"canonical":"https:\/\/alloraliving.com\/fr\/element-dangle-bella-vita\/","og_locale":"fr_FR","og_type":"article","og_title":"\u00c9l\u00e9ment d'angle Bella Vita","og_description":"L'\u00e9l\u00e9ment d'angle BELLA VITA est un module cl\u00e9 qui vous permet de cr\u00e9er des am\u00e9nagements confortables et spacieux dans votre int\u00e9rieur. Sa forme permet une utilisation efficace de l'espace, ajoutant harmonie et fonctionnalit\u00e9 au canap\u00e9. L'assise confortable et le dossier l\u00e9g\u00e8rement arrondi assurent confort et \u00e9l\u00e9gance.  Combinez-le avec d\u2019autres modules, tels que des \u00e9l\u00e9ments lat\u00e9raux ou droits, pour cr\u00e9er une disposition unique adapt\u00e9e \u00e0 vos besoins. D\u00e9couvrez toutes les possibilit\u00e9s de la collection BELLA VITA, en personnalisant votre int\u00e9rieur avec diff\u00e9rents tissus et accessoires.","og_url":"https:\/\/alloraliving.com\/fr\/element-dangle-bella-vita\/","og_site_name":"AlloraLiving.com","article_modified_time":"2025-02-11T07:25:18+00:00","og_image":[{"width":1600,"height":1200,"url":"https:\/\/alloraliving.com\/wp-content\/uploads\/1-element-narozny-sofa-bella-vita-sand-cream-1.jpg","type":"image\/jpeg"}],"twitter_card":"summary_large_image","twitter_misc":{"Disponibilit\u00e9":"En stock"},"schema":{"@context":"https:\/\/schema.org","@graph":[{"@type":["WebPage","ItemPage"],"@id":"https:\/\/alloraliving.com\/fr\/element-dangle-bella-vita\/","url":"https:\/\/alloraliving.com\/fr\/element-dangle-bella-vita\/","name":"\u00c9l\u00e9ment d'angle Bella Vita - AlloraLiving.com","isPartOf":{"@id":"https:\/\/alloraliving.com\/fr\/#website"},"primaryImageOfPage":{"@id":"https:\/\/alloraliving.com\/fr\/element-dangle-bella-vita\/#primaryimage"},"image":{"@id":"https:\/\/alloraliving.com\/fr\/element-dangle-bella-vita\/#primaryimage"},"thumbnailUrl":"https:\/\/alloraliving.com\/wp-content\/uploads\/1-element-narozny-sofa-bella-vita-sand-cream-1.jpg","datePublished":"2024-02-27T08:44:23+00:00","dateModified":"2025-02-11T07:25:18+00:00","breadcrumb":{"@id":"https:\/\/alloraliving.com\/fr\/element-dangle-bella-vita\/#breadcrumb"},"inLanguage":"fr-FR","potentialAction":[{"@type":"ReadAction","target":["https:\/\/alloraliving.com\/fr\/element-dangle-bella-vita\/"]}]},{"@type":"ImageObject","inLanguage":"fr-FR","@id":"https:\/\/alloraliving.com\/fr\/element-dangle-bella-vita\/#primaryimage","url":"https:\/\/alloraliving.com\/wp-content\/uploads\/1-element-narozny-sofa-bella-vita-sand-cream-1.jpg","contentUrl":"https:\/\/alloraliving.com\/wp-content\/uploads\/1-element-narozny-sofa-bella-vita-sand-cream-1.jpg","width":1600,"height":1200},{"@type":"BreadcrumbList","@id":"https:\/\/alloraliving.com\/fr\/element-dangle-bella-vita\/#breadcrumb","itemListElement":[{"@type":"ListItem","position":1,"name":"Strona g\u0142\u00f3wna","item":"https:\/\/alloraliving.com\/fr\/"},{"@type":"ListItem","position":2,"name":"Boutique","item":"https:\/\/alloraliving.com\/fr\/?page_id=6496"},{"@type":"ListItem","position":3,"name":"\u00c9l\u00e9ment d&#8217;angle Bella Vita"}]},{"@type":"WebSite","@id":"https:\/\/alloraliving.com\/fr\/#website","url":"https:\/\/alloraliving.com\/fr\/","name":"AlloraLiving.com","description":"","potentialAction":[{"@type":"SearchAction","target":{"@type":"EntryPoint","urlTemplate":"https:\/\/alloraliving.com\/fr\/?s={search_term_string}"},"query-input":{"@type":"PropertyValueSpecification","valueRequired":true,"valueName":"search_term_string"}}],"inLanguage":"fr-FR"}]},"og_availability":"instock","product_availability":"instock","product_condition":"new"},"_links":{"self":[{"href":"https:\/\/alloraliving.com\/fr\/wp-json\/wp\/v2\/product\/6680","targetHints":{"allow":["GET"]}}],"collection":[{"href":"https:\/\/alloraliving.com\/fr\/wp-json\/wp\/v2\/product"}],"about":[{"href":"https:\/\/alloraliving.com\/fr\/wp-json\/wp\/v2\/types\/product"}],"wp:featuredmedia":[{"embeddable":true,"href":"https:\/\/alloraliving.com\/fr\/wp-json\/wp\/v2\/media\/6687"}],"wp:attachment":[{"href":"https:\/\/alloraliving.com\/fr\/wp-json\/wp\/v2\/media?parent=6680"}],"wp:term":[{"taxonomy":"product_brand","embeddable":true,"href":"https:\/\/alloraliving.com\/fr\/wp-json\/wp\/v2\/product_brand?post=6680"},{"taxonomy":"product_cat","embeddable":true,"href":"https:\/\/alloraliving.com\/fr\/wp-json\/wp\/v2\/product_cat?post=6680"},{"taxonomy":"product_tag","embeddable":true,"href":"https:\/\/alloraliving.com\/fr\/wp-json\/wp\/v2\/product_tag?post=6680"}],"curies":[{"name":"wp","href":"https:\/\/api.w.org\/{rel}","templated":true}]}}