{"id":6712,"date":"2025-01-29T14:16:35","date_gmt":"2025-01-29T13:16:35","guid":{"rendered":"https:\/\/alloraliving.com\/fauteuil-favola-sans-accoudoirs\/"},"modified":"2025-02-11T08:36:33","modified_gmt":"2025-02-11T07:36:33","slug":"fauteuil-favola-sans-accoudoirs","status":"publish","type":"product","link":"https:\/\/alloraliving.com\/fr\/fauteuil-favola-sans-accoudoirs\/","title":{"rendered":"Fauteuil Favola sans accoudoirs"},"content":{"rendered":"","protected":false},"excerpt":{"rendered":"<p>Le fauteuil sans accoudoirs FAVOLA allie simplicit\u00e9 de forme et \u00e9l\u00e9gance subtile, conf\u00e9rant \u00e0 l&rsquo;int\u00e9rieur un caract\u00e8re distinctif mais chaleureux. Sa forme g\u00e9om\u00e9trique et son assise confortable assurent un confort au quotidien, et les d\u00e9tails soigneusement travaill\u00e9s soulignent le style intemporel de la collection. <\/p>\n<p>Il vaut \u00e9galement la peine de d\u00e9couvrir ce fauteuil en compagnie d&rsquo;autres \u00e9l\u00e9ments de la ligne FAVOLA, par exemple le pouf, pour cr\u00e9er un espace d\u00e9tente coh\u00e9rent et fonctionnel. Gr\u00e2ce \u00e0 cela, le fauteuil devient non seulement un accent autonome, mais \u00e9galement un excellent point de d\u00e9part pour une d\u00e9coration int\u00e9rieure ult\u00e9rieure. <\/p>\n","protected":false},"featured_media":6715,"template":"","meta":[],"product_brand":[],"product_cat":[946,947,934],"product_tag":[],"class_list":{"0":"post-6712","1":"product","2":"type-product","3":"status-publish","4":"has-post-thumbnail","6":"product_cat-canapes","7":"product_cat-canapes-modulaires","8":"product_cat-collection-favola","9":"product_shipping_class-livraison-gratuite","11":"first","12":"instock","13":"taxable","14":"shipping-taxable","15":"purchasable","16":"product-type-variable","17":"has-default-attributes","18":"wvs-archive-product-wrapper"},"yoast_head":"<!-- This site is optimized with the Yoast SEO Premium plugin v26.8 (Yoast SEO v26.8) - https:\/\/yoast.com\/product\/yoast-seo-premium-wordpress\/ -->\n<title>Fauteuil Favola sans accoudoirs - AlloraLiving.com<\/title>\n<meta name=\"robots\" content=\"index, follow, max-snippet:-1, max-image-preview:large, max-video-preview:-1\" \/>\n<link rel=\"canonical\" href=\"https:\/\/alloraliving.com\/fr\/fauteuil-favola-sans-accoudoirs\/\" \/>\n<meta property=\"og:locale\" content=\"fr_FR\" \/>\n<meta property=\"og:type\" content=\"article\" \/>\n<meta property=\"og:title\" content=\"Fauteuil Favola sans accoudoirs\" \/>\n<meta property=\"og:description\" content=\"Le fauteuil sans accoudoirs FAVOLA allie simplicit\u00e9 de forme et \u00e9l\u00e9gance subtile, conf\u00e9rant \u00e0 l&#039;int\u00e9rieur un caract\u00e8re distinctif mais chaleureux. Sa forme g\u00e9om\u00e9trique et son assise confortable assurent un confort au quotidien, et les d\u00e9tails soigneusement travaill\u00e9s soulignent le style intemporel de la collection.  Il vaut \u00e9galement la peine de d\u00e9couvrir ce fauteuil en compagnie d&#039;autres \u00e9l\u00e9ments de la ligne FAVOLA, par exemple le pouf, pour cr\u00e9er un espace d\u00e9tente coh\u00e9rent et fonctionnel. Gr\u00e2ce \u00e0 cela, le fauteuil devient non seulement un accent autonome, mais \u00e9galement un excellent point de d\u00e9part pour une d\u00e9coration int\u00e9rieure ult\u00e9rieure.\" \/>\n<meta property=\"og:url\" content=\"https:\/\/alloraliving.com\/fr\/fauteuil-favola-sans-accoudoirs\/\" \/>\n<meta property=\"og:site_name\" content=\"AlloraLiving.com\" \/>\n<meta property=\"article:modified_time\" content=\"2025-02-11T07:36:33+00:00\" \/>\n<meta property=\"og:image\" content=\"https:\/\/alloraliving.com\/wp-content\/uploads\/5-prosty-element-sofy-modulowej-favola-sand-cream.jpg\" \/>\n\t<meta property=\"og:image:width\" content=\"1600\" \/>\n\t<meta property=\"og:image:height\" content=\"1200\" \/>\n\t<meta property=\"og:image:type\" content=\"image\/jpeg\" \/>\n<meta name=\"twitter:card\" content=\"summary_large_image\" \/>\n<meta name=\"twitter:label1\" content=\"Disponibilit\u00e9\" \/>\n\t<meta name=\"twitter:data1\" content=\"En stock\" \/>\n<script type=\"application\/ld+json\" class=\"yoast-schema-graph\">{\"@context\":\"https:\/\/schema.org\",\"@graph\":[{\"@type\":[\"WebPage\",\"ItemPage\"],\"@id\":\"https:\/\/alloraliving.com\/fr\/fauteuil-favola-sans-accoudoirs\/\",\"url\":\"https:\/\/alloraliving.com\/fr\/fauteuil-favola-sans-accoudoirs\/\",\"name\":\"Fauteuil Favola sans accoudoirs - AlloraLiving.com\",\"isPartOf\":{\"@id\":\"https:\/\/alloraliving.com\/fr\/#website\"},\"primaryImageOfPage\":{\"@id\":\"https:\/\/alloraliving.com\/fr\/fauteuil-favola-sans-accoudoirs\/#primaryimage\"},\"image\":{\"@id\":\"https:\/\/alloraliving.com\/fr\/fauteuil-favola-sans-accoudoirs\/#primaryimage\"},\"thumbnailUrl\":\"https:\/\/alloraliving.com\/wp-content\/uploads\/5-prosty-element-sofy-modulowej-favola-sand-cream.jpg\",\"datePublished\":\"2025-01-29T13:16:35+00:00\",\"dateModified\":\"2025-02-11T07:36:33+00:00\",\"breadcrumb\":{\"@id\":\"https:\/\/alloraliving.com\/fr\/fauteuil-favola-sans-accoudoirs\/#breadcrumb\"},\"inLanguage\":\"fr-FR\",\"potentialAction\":[{\"@type\":\"ReadAction\",\"target\":[\"https:\/\/alloraliving.com\/fr\/fauteuil-favola-sans-accoudoirs\/\"]}]},{\"@type\":\"ImageObject\",\"inLanguage\":\"fr-FR\",\"@id\":\"https:\/\/alloraliving.com\/fr\/fauteuil-favola-sans-accoudoirs\/#primaryimage\",\"url\":\"https:\/\/alloraliving.com\/wp-content\/uploads\/5-prosty-element-sofy-modulowej-favola-sand-cream.jpg\",\"contentUrl\":\"https:\/\/alloraliving.com\/wp-content\/uploads\/5-prosty-element-sofy-modulowej-favola-sand-cream.jpg\",\"width\":1600,\"height\":1200},{\"@type\":\"BreadcrumbList\",\"@id\":\"https:\/\/alloraliving.com\/fr\/fauteuil-favola-sans-accoudoirs\/#breadcrumb\",\"itemListElement\":[{\"@type\":\"ListItem\",\"position\":1,\"name\":\"Strona g\u0142\u00f3wna\",\"item\":\"https:\/\/alloraliving.com\/fr\/\"},{\"@type\":\"ListItem\",\"position\":2,\"name\":\"Boutique\",\"item\":\"https:\/\/alloraliving.com\/fr\/?page_id=6496\"},{\"@type\":\"ListItem\",\"position\":3,\"name\":\"Fauteuil Favola sans accoudoirs\"}]},{\"@type\":\"WebSite\",\"@id\":\"https:\/\/alloraliving.com\/fr\/#website\",\"url\":\"https:\/\/alloraliving.com\/fr\/\",\"name\":\"AlloraLiving.com\",\"description\":\"\",\"potentialAction\":[{\"@type\":\"SearchAction\",\"target\":{\"@type\":\"EntryPoint\",\"urlTemplate\":\"https:\/\/alloraliving.com\/fr\/?s={search_term_string}\"},\"query-input\":{\"@type\":\"PropertyValueSpecification\",\"valueRequired\":true,\"valueName\":\"search_term_string\"}}],\"inLanguage\":\"fr-FR\"}]}<\/script>\n<meta property=\"og:availability\" content=\"instock\" \/>\n<meta property=\"product:availability\" content=\"instock\" \/>\n<meta property=\"product:condition\" content=\"new\" \/>\n<!-- \/ Yoast SEO Premium plugin. -->","yoast_head_json":{"title":"Fauteuil Favola sans accoudoirs - AlloraLiving.com","robots":{"index":"index","follow":"follow","max-snippet":"max-snippet:-1","max-image-preview":"max-image-preview:large","max-video-preview":"max-video-preview:-1"},"canonical":"https:\/\/alloraliving.com\/fr\/fauteuil-favola-sans-accoudoirs\/","og_locale":"fr_FR","og_type":"article","og_title":"Fauteuil Favola sans accoudoirs","og_description":"Le fauteuil sans accoudoirs FAVOLA allie simplicit\u00e9 de forme et \u00e9l\u00e9gance subtile, conf\u00e9rant \u00e0 l'int\u00e9rieur un caract\u00e8re distinctif mais chaleureux. Sa forme g\u00e9om\u00e9trique et son assise confortable assurent un confort au quotidien, et les d\u00e9tails soigneusement travaill\u00e9s soulignent le style intemporel de la collection.  Il vaut \u00e9galement la peine de d\u00e9couvrir ce fauteuil en compagnie d'autres \u00e9l\u00e9ments de la ligne FAVOLA, par exemple le pouf, pour cr\u00e9er un espace d\u00e9tente coh\u00e9rent et fonctionnel. Gr\u00e2ce \u00e0 cela, le fauteuil devient non seulement un accent autonome, mais \u00e9galement un excellent point de d\u00e9part pour une d\u00e9coration int\u00e9rieure ult\u00e9rieure.","og_url":"https:\/\/alloraliving.com\/fr\/fauteuil-favola-sans-accoudoirs\/","og_site_name":"AlloraLiving.com","article_modified_time":"2025-02-11T07:36:33+00:00","og_image":[{"width":1600,"height":1200,"url":"https:\/\/alloraliving.com\/wp-content\/uploads\/5-prosty-element-sofy-modulowej-favola-sand-cream.jpg","type":"image\/jpeg"}],"twitter_card":"summary_large_image","twitter_misc":{"Disponibilit\u00e9":"En stock"},"schema":{"@context":"https:\/\/schema.org","@graph":[{"@type":["WebPage","ItemPage"],"@id":"https:\/\/alloraliving.com\/fr\/fauteuil-favola-sans-accoudoirs\/","url":"https:\/\/alloraliving.com\/fr\/fauteuil-favola-sans-accoudoirs\/","name":"Fauteuil Favola sans accoudoirs - AlloraLiving.com","isPartOf":{"@id":"https:\/\/alloraliving.com\/fr\/#website"},"primaryImageOfPage":{"@id":"https:\/\/alloraliving.com\/fr\/fauteuil-favola-sans-accoudoirs\/#primaryimage"},"image":{"@id":"https:\/\/alloraliving.com\/fr\/fauteuil-favola-sans-accoudoirs\/#primaryimage"},"thumbnailUrl":"https:\/\/alloraliving.com\/wp-content\/uploads\/5-prosty-element-sofy-modulowej-favola-sand-cream.jpg","datePublished":"2025-01-29T13:16:35+00:00","dateModified":"2025-02-11T07:36:33+00:00","breadcrumb":{"@id":"https:\/\/alloraliving.com\/fr\/fauteuil-favola-sans-accoudoirs\/#breadcrumb"},"inLanguage":"fr-FR","potentialAction":[{"@type":"ReadAction","target":["https:\/\/alloraliving.com\/fr\/fauteuil-favola-sans-accoudoirs\/"]}]},{"@type":"ImageObject","inLanguage":"fr-FR","@id":"https:\/\/alloraliving.com\/fr\/fauteuil-favola-sans-accoudoirs\/#primaryimage","url":"https:\/\/alloraliving.com\/wp-content\/uploads\/5-prosty-element-sofy-modulowej-favola-sand-cream.jpg","contentUrl":"https:\/\/alloraliving.com\/wp-content\/uploads\/5-prosty-element-sofy-modulowej-favola-sand-cream.jpg","width":1600,"height":1200},{"@type":"BreadcrumbList","@id":"https:\/\/alloraliving.com\/fr\/fauteuil-favola-sans-accoudoirs\/#breadcrumb","itemListElement":[{"@type":"ListItem","position":1,"name":"Strona g\u0142\u00f3wna","item":"https:\/\/alloraliving.com\/fr\/"},{"@type":"ListItem","position":2,"name":"Boutique","item":"https:\/\/alloraliving.com\/fr\/?page_id=6496"},{"@type":"ListItem","position":3,"name":"Fauteuil Favola sans accoudoirs"}]},{"@type":"WebSite","@id":"https:\/\/alloraliving.com\/fr\/#website","url":"https:\/\/alloraliving.com\/fr\/","name":"AlloraLiving.com","description":"","potentialAction":[{"@type":"SearchAction","target":{"@type":"EntryPoint","urlTemplate":"https:\/\/alloraliving.com\/fr\/?s={search_term_string}"},"query-input":{"@type":"PropertyValueSpecification","valueRequired":true,"valueName":"search_term_string"}}],"inLanguage":"fr-FR"}]},"og_availability":"instock","product_availability":"instock","product_condition":"new"},"_links":{"self":[{"href":"https:\/\/alloraliving.com\/fr\/wp-json\/wp\/v2\/product\/6712","targetHints":{"allow":["GET"]}}],"collection":[{"href":"https:\/\/alloraliving.com\/fr\/wp-json\/wp\/v2\/product"}],"about":[{"href":"https:\/\/alloraliving.com\/fr\/wp-json\/wp\/v2\/types\/product"}],"wp:featuredmedia":[{"embeddable":true,"href":"https:\/\/alloraliving.com\/fr\/wp-json\/wp\/v2\/media\/6715"}],"wp:attachment":[{"href":"https:\/\/alloraliving.com\/fr\/wp-json\/wp\/v2\/media?parent=6712"}],"wp:term":[{"taxonomy":"product_brand","embeddable":true,"href":"https:\/\/alloraliving.com\/fr\/wp-json\/wp\/v2\/product_brand?post=6712"},{"taxonomy":"product_cat","embeddable":true,"href":"https:\/\/alloraliving.com\/fr\/wp-json\/wp\/v2\/product_cat?post=6712"},{"taxonomy":"product_tag","embeddable":true,"href":"https:\/\/alloraliving.com\/fr\/wp-json\/wp\/v2\/product_tag?post=6712"}],"curies":[{"name":"wp","href":"https:\/\/api.w.org\/{rel}","templated":true}]}}