{"id":6713,"date":"2025-01-02T17:02:31","date_gmt":"2025-01-02T16:02:31","guid":{"rendered":"https:\/\/alloraliving.com\/ensemble-fauteuil-pouf-favola\/"},"modified":"2025-02-11T08:36:34","modified_gmt":"2025-02-11T07:36:34","slug":"ensemble-fauteuil-pouf-favola","status":"publish","type":"product","link":"https:\/\/alloraliving.com\/fr\/ensemble-fauteuil-pouf-favola\/","title":{"rendered":"Ensemble Fauteuil + Pouf Favola"},"content":{"rendered":"","protected":false},"excerpt":{"rendered":"<p>L&rsquo;ensemble fauteuil et pouf FAVOLA cr\u00e9e une composition d&rsquo;assise petite mais soigneusement pens\u00e9e. Le pouf est un \u00e9l\u00e9ment int\u00e9gral de l&rsquo;ensemble, plac\u00e9 de mani\u00e8re permanente dans sa structure, ce qui assure la stabilit\u00e9 et un aspect coh\u00e9rent. Le fauteuil offre une assise confortable, et le pouf compl\u00e8te parfaitement l&rsquo;ensemble, favorisant les moments de d\u00e9tente et de repos.<\/p>\n<p>La collection FAVOLA est la modularit\u00e9 au service de l&rsquo;\u00e9l\u00e9gance et de la fonctionnalit\u00e9 &#8211; chaque \u00e9l\u00e9ment a \u00e9t\u00e9 con\u00e7u pour fonctionner en harmonie avec le reste, cr\u00e9ant un int\u00e9rieur dans lequel l&rsquo;esth\u00e9tique et le confort restent en \u00e9quilibre.<\/p>\n","protected":false},"featured_media":6720,"template":"","meta":[],"product_brand":[],"product_cat":[934,930],"product_tag":[],"class_list":{"0":"post-6713","1":"product","2":"type-product","3":"status-publish","4":"has-post-thumbnail","6":"product_cat-collection-favola","7":"product_cat-sieges","8":"product_shipping_class-livraison-gratuite","10":"first","11":"instock","12":"taxable","13":"shipping-taxable","14":"purchasable","15":"product-type-variable","16":"has-default-attributes","17":"wvs-archive-product-wrapper"},"yoast_head":"<!-- This site is optimized with the Yoast SEO Premium plugin v26.8 (Yoast SEO v26.8) - https:\/\/yoast.com\/product\/yoast-seo-premium-wordpress\/ -->\n<title>Ensemble Fauteuil + Pouf Favola - AlloraLiving.com<\/title>\n<meta name=\"robots\" content=\"index, follow, max-snippet:-1, max-image-preview:large, max-video-preview:-1\" \/>\n<link rel=\"canonical\" href=\"https:\/\/alloraliving.com\/fr\/ensemble-fauteuil-pouf-favola\/\" \/>\n<meta property=\"og:locale\" content=\"fr_FR\" \/>\n<meta property=\"og:type\" content=\"article\" \/>\n<meta property=\"og:title\" content=\"Ensemble Fauteuil + Pouf Favola\" \/>\n<meta property=\"og:description\" content=\"L&#039;ensemble fauteuil et pouf FAVOLA cr\u00e9e une composition d&#039;assise petite mais soigneusement pens\u00e9e. Le pouf est un \u00e9l\u00e9ment int\u00e9gral de l&#039;ensemble, plac\u00e9 de mani\u00e8re permanente dans sa structure, ce qui assure la stabilit\u00e9 et un aspect coh\u00e9rent. Le fauteuil offre une assise confortable, et le pouf compl\u00e8te parfaitement l&#039;ensemble, favorisant les moments de d\u00e9tente et de repos. La collection FAVOLA est la modularit\u00e9 au service de l&#039;\u00e9l\u00e9gance et de la fonctionnalit\u00e9 - chaque \u00e9l\u00e9ment a \u00e9t\u00e9 con\u00e7u pour fonctionner en harmonie avec le reste, cr\u00e9ant un int\u00e9rieur dans lequel l&#039;esth\u00e9tique et le confort restent en \u00e9quilibre.\" \/>\n<meta property=\"og:url\" content=\"https:\/\/alloraliving.com\/fr\/ensemble-fauteuil-pouf-favola\/\" \/>\n<meta property=\"og:site_name\" content=\"AlloraLiving.com\" \/>\n<meta property=\"article:modified_time\" content=\"2025-02-11T07:36:34+00:00\" \/>\n<meta property=\"og:image\" content=\"https:\/\/alloraliving.com\/wp-content\/uploads\/1-zestaw-fotel-z-pufa-favola-sand-cream.jpg\" \/>\n\t<meta property=\"og:image:width\" content=\"1600\" \/>\n\t<meta property=\"og:image:height\" content=\"1200\" \/>\n\t<meta property=\"og:image:type\" content=\"image\/jpeg\" \/>\n<meta name=\"twitter:card\" content=\"summary_large_image\" \/>\n<meta name=\"twitter:label1\" content=\"Disponibilit\u00e9\" \/>\n\t<meta name=\"twitter:data1\" content=\"En stock\" \/>\n<script type=\"application\/ld+json\" class=\"yoast-schema-graph\">{\"@context\":\"https:\/\/schema.org\",\"@graph\":[{\"@type\":[\"WebPage\",\"ItemPage\"],\"@id\":\"https:\/\/alloraliving.com\/fr\/ensemble-fauteuil-pouf-favola\/\",\"url\":\"https:\/\/alloraliving.com\/fr\/ensemble-fauteuil-pouf-favola\/\",\"name\":\"Ensemble Fauteuil + Pouf Favola - AlloraLiving.com\",\"isPartOf\":{\"@id\":\"https:\/\/alloraliving.com\/fr\/#website\"},\"primaryImageOfPage\":{\"@id\":\"https:\/\/alloraliving.com\/fr\/ensemble-fauteuil-pouf-favola\/#primaryimage\"},\"image\":{\"@id\":\"https:\/\/alloraliving.com\/fr\/ensemble-fauteuil-pouf-favola\/#primaryimage\"},\"thumbnailUrl\":\"https:\/\/alloraliving.com\/wp-content\/uploads\/1-zestaw-fotel-z-pufa-favola-sand-cream.jpg\",\"datePublished\":\"2025-01-02T16:02:31+00:00\",\"dateModified\":\"2025-02-11T07:36:34+00:00\",\"breadcrumb\":{\"@id\":\"https:\/\/alloraliving.com\/fr\/ensemble-fauteuil-pouf-favola\/#breadcrumb\"},\"inLanguage\":\"fr-FR\",\"potentialAction\":[{\"@type\":\"ReadAction\",\"target\":[\"https:\/\/alloraliving.com\/fr\/ensemble-fauteuil-pouf-favola\/\"]}]},{\"@type\":\"ImageObject\",\"inLanguage\":\"fr-FR\",\"@id\":\"https:\/\/alloraliving.com\/fr\/ensemble-fauteuil-pouf-favola\/#primaryimage\",\"url\":\"https:\/\/alloraliving.com\/wp-content\/uploads\/1-zestaw-fotel-z-pufa-favola-sand-cream.jpg\",\"contentUrl\":\"https:\/\/alloraliving.com\/wp-content\/uploads\/1-zestaw-fotel-z-pufa-favola-sand-cream.jpg\",\"width\":1600,\"height\":1200},{\"@type\":\"BreadcrumbList\",\"@id\":\"https:\/\/alloraliving.com\/fr\/ensemble-fauteuil-pouf-favola\/#breadcrumb\",\"itemListElement\":[{\"@type\":\"ListItem\",\"position\":1,\"name\":\"Strona g\u0142\u00f3wna\",\"item\":\"https:\/\/alloraliving.com\/fr\/\"},{\"@type\":\"ListItem\",\"position\":2,\"name\":\"Boutique\",\"item\":\"https:\/\/alloraliving.com\/fr\/?page_id=6496\"},{\"@type\":\"ListItem\",\"position\":3,\"name\":\"Ensemble Fauteuil + Pouf Favola\"}]},{\"@type\":\"WebSite\",\"@id\":\"https:\/\/alloraliving.com\/fr\/#website\",\"url\":\"https:\/\/alloraliving.com\/fr\/\",\"name\":\"AlloraLiving.com\",\"description\":\"\",\"potentialAction\":[{\"@type\":\"SearchAction\",\"target\":{\"@type\":\"EntryPoint\",\"urlTemplate\":\"https:\/\/alloraliving.com\/fr\/?s={search_term_string}\"},\"query-input\":{\"@type\":\"PropertyValueSpecification\",\"valueRequired\":true,\"valueName\":\"search_term_string\"}}],\"inLanguage\":\"fr-FR\"}]}<\/script>\n<meta property=\"og:availability\" content=\"instock\" \/>\n<meta property=\"product:availability\" content=\"instock\" \/>\n<meta property=\"product:condition\" content=\"new\" \/>\n<!-- \/ Yoast SEO Premium plugin. -->","yoast_head_json":{"title":"Ensemble Fauteuil + Pouf Favola - AlloraLiving.com","robots":{"index":"index","follow":"follow","max-snippet":"max-snippet:-1","max-image-preview":"max-image-preview:large","max-video-preview":"max-video-preview:-1"},"canonical":"https:\/\/alloraliving.com\/fr\/ensemble-fauteuil-pouf-favola\/","og_locale":"fr_FR","og_type":"article","og_title":"Ensemble Fauteuil + Pouf Favola","og_description":"L'ensemble fauteuil et pouf FAVOLA cr\u00e9e une composition d'assise petite mais soigneusement pens\u00e9e. Le pouf est un \u00e9l\u00e9ment int\u00e9gral de l'ensemble, plac\u00e9 de mani\u00e8re permanente dans sa structure, ce qui assure la stabilit\u00e9 et un aspect coh\u00e9rent. Le fauteuil offre une assise confortable, et le pouf compl\u00e8te parfaitement l'ensemble, favorisant les moments de d\u00e9tente et de repos. La collection FAVOLA est la modularit\u00e9 au service de l'\u00e9l\u00e9gance et de la fonctionnalit\u00e9 - chaque \u00e9l\u00e9ment a \u00e9t\u00e9 con\u00e7u pour fonctionner en harmonie avec le reste, cr\u00e9ant un int\u00e9rieur dans lequel l'esth\u00e9tique et le confort restent en \u00e9quilibre.","og_url":"https:\/\/alloraliving.com\/fr\/ensemble-fauteuil-pouf-favola\/","og_site_name":"AlloraLiving.com","article_modified_time":"2025-02-11T07:36:34+00:00","og_image":[{"width":1600,"height":1200,"url":"https:\/\/alloraliving.com\/wp-content\/uploads\/1-zestaw-fotel-z-pufa-favola-sand-cream.jpg","type":"image\/jpeg"}],"twitter_card":"summary_large_image","twitter_misc":{"Disponibilit\u00e9":"En stock"},"schema":{"@context":"https:\/\/schema.org","@graph":[{"@type":["WebPage","ItemPage"],"@id":"https:\/\/alloraliving.com\/fr\/ensemble-fauteuil-pouf-favola\/","url":"https:\/\/alloraliving.com\/fr\/ensemble-fauteuil-pouf-favola\/","name":"Ensemble Fauteuil + Pouf Favola - AlloraLiving.com","isPartOf":{"@id":"https:\/\/alloraliving.com\/fr\/#website"},"primaryImageOfPage":{"@id":"https:\/\/alloraliving.com\/fr\/ensemble-fauteuil-pouf-favola\/#primaryimage"},"image":{"@id":"https:\/\/alloraliving.com\/fr\/ensemble-fauteuil-pouf-favola\/#primaryimage"},"thumbnailUrl":"https:\/\/alloraliving.com\/wp-content\/uploads\/1-zestaw-fotel-z-pufa-favola-sand-cream.jpg","datePublished":"2025-01-02T16:02:31+00:00","dateModified":"2025-02-11T07:36:34+00:00","breadcrumb":{"@id":"https:\/\/alloraliving.com\/fr\/ensemble-fauteuil-pouf-favola\/#breadcrumb"},"inLanguage":"fr-FR","potentialAction":[{"@type":"ReadAction","target":["https:\/\/alloraliving.com\/fr\/ensemble-fauteuil-pouf-favola\/"]}]},{"@type":"ImageObject","inLanguage":"fr-FR","@id":"https:\/\/alloraliving.com\/fr\/ensemble-fauteuil-pouf-favola\/#primaryimage","url":"https:\/\/alloraliving.com\/wp-content\/uploads\/1-zestaw-fotel-z-pufa-favola-sand-cream.jpg","contentUrl":"https:\/\/alloraliving.com\/wp-content\/uploads\/1-zestaw-fotel-z-pufa-favola-sand-cream.jpg","width":1600,"height":1200},{"@type":"BreadcrumbList","@id":"https:\/\/alloraliving.com\/fr\/ensemble-fauteuil-pouf-favola\/#breadcrumb","itemListElement":[{"@type":"ListItem","position":1,"name":"Strona g\u0142\u00f3wna","item":"https:\/\/alloraliving.com\/fr\/"},{"@type":"ListItem","position":2,"name":"Boutique","item":"https:\/\/alloraliving.com\/fr\/?page_id=6496"},{"@type":"ListItem","position":3,"name":"Ensemble Fauteuil + Pouf Favola"}]},{"@type":"WebSite","@id":"https:\/\/alloraliving.com\/fr\/#website","url":"https:\/\/alloraliving.com\/fr\/","name":"AlloraLiving.com","description":"","potentialAction":[{"@type":"SearchAction","target":{"@type":"EntryPoint","urlTemplate":"https:\/\/alloraliving.com\/fr\/?s={search_term_string}"},"query-input":{"@type":"PropertyValueSpecification","valueRequired":true,"valueName":"search_term_string"}}],"inLanguage":"fr-FR"}]},"og_availability":"instock","product_availability":"instock","product_condition":"new"},"_links":{"self":[{"href":"https:\/\/alloraliving.com\/fr\/wp-json\/wp\/v2\/product\/6713","targetHints":{"allow":["GET"]}}],"collection":[{"href":"https:\/\/alloraliving.com\/fr\/wp-json\/wp\/v2\/product"}],"about":[{"href":"https:\/\/alloraliving.com\/fr\/wp-json\/wp\/v2\/types\/product"}],"wp:featuredmedia":[{"embeddable":true,"href":"https:\/\/alloraliving.com\/fr\/wp-json\/wp\/v2\/media\/6720"}],"wp:attachment":[{"href":"https:\/\/alloraliving.com\/fr\/wp-json\/wp\/v2\/media?parent=6713"}],"wp:term":[{"taxonomy":"product_brand","embeddable":true,"href":"https:\/\/alloraliving.com\/fr\/wp-json\/wp\/v2\/product_brand?post=6713"},{"taxonomy":"product_cat","embeddable":true,"href":"https:\/\/alloraliving.com\/fr\/wp-json\/wp\/v2\/product_cat?post=6713"},{"taxonomy":"product_tag","embeddable":true,"href":"https:\/\/alloraliving.com\/fr\/wp-json\/wp\/v2\/product_tag?post=6713"}],"curies":[{"name":"wp","href":"https:\/\/api.w.org\/{rel}","templated":true}]}}