{"id":6714,"date":"2024-11-18T07:49:32","date_gmt":"2024-11-18T06:49:32","guid":{"rendered":"https:\/\/alloraliving.com\/canape-dangle-4-places-favola\/"},"modified":"2025-02-11T08:36:34","modified_gmt":"2025-02-11T07:36:34","slug":"canape-dangle-4-places-favola","status":"publish","type":"product","link":"https:\/\/alloraliving.com\/fr\/canape-dangle-4-places-favola\/","title":{"rendered":"Canap\u00e9 d&rsquo;angle 4 places Favola"},"content":{"rendered":"","protected":false},"excerpt":{"rendered":"<p>Le canap\u00e9 d&rsquo;angle 4 places FAVOLA est la quintessence du design moderne et de la fonctionnalit\u00e9, cr\u00e9\u00e9 pour les grands int\u00e9rieurs qui n\u00e9cessitent un sens parfait des proportions et une gestion consciente de l&rsquo;espace. Des assises larges et des lignes subtilement arrondies introduisent l&rsquo;harmonie, alliant \u00e9l\u00e9gance et confort. La conception modulaire permet un agencement qui s&rsquo;adapte en douceur au caract\u00e8re de l&rsquo;int\u00e9rieur et aux besoins des membres du m\u00e9nage.  <\/p>\n<p>Parfait aussi bien pour les r\u00e9unions intimes avec vos proches que pour les moments de d\u00e9tente en solo, le canap\u00e9 d&rsquo;angle FAVOLA est le c\u0153ur de chaque espace. Une collection inspir\u00e9e du \u00ab vivre la favola \u00bb italien \u2013 vivre comme dans un conte de f\u00e9es \u2013 est une proposition qui red\u00e9finit le concept de d\u00e9tente luxueuse \u00e0 la maison. <\/p>\n","protected":false},"featured_media":6722,"template":"","meta":[],"product_brand":[],"product_cat":[946,947,934],"product_tag":[],"class_list":{"0":"post-6714","1":"product","2":"type-product","3":"status-publish","4":"has-post-thumbnail","6":"product_cat-canapes","7":"product_cat-canapes-modulaires","8":"product_cat-collection-favola","9":"product_shipping_class-livraison-gratuite","11":"first","12":"instock","13":"taxable","14":"shipping-taxable","15":"purchasable","16":"product-type-variable","17":"has-default-attributes","18":"wvs-archive-product-wrapper"},"yoast_head":"<!-- This site is optimized with the Yoast SEO Premium plugin v26.8 (Yoast SEO v26.8) - https:\/\/yoast.com\/product\/yoast-seo-premium-wordpress\/ -->\n<title>Canap\u00e9 d&#039;angle 4 places Favola - AlloraLiving.com<\/title>\n<meta name=\"robots\" content=\"index, follow, max-snippet:-1, max-image-preview:large, max-video-preview:-1\" \/>\n<link rel=\"canonical\" href=\"https:\/\/alloraliving.com\/fr\/canape-dangle-4-places-favola\/\" \/>\n<meta property=\"og:locale\" content=\"fr_FR\" \/>\n<meta property=\"og:type\" content=\"article\" \/>\n<meta property=\"og:title\" content=\"Canap\u00e9 d&#039;angle 4 places Favola\" \/>\n<meta property=\"og:description\" content=\"Le canap\u00e9 d&#039;angle 4 places FAVOLA est la quintessence du design moderne et de la fonctionnalit\u00e9, cr\u00e9\u00e9 pour les grands int\u00e9rieurs qui n\u00e9cessitent un sens parfait des proportions et une gestion consciente de l&#039;espace. Des assises larges et des lignes subtilement arrondies introduisent l&#039;harmonie, alliant \u00e9l\u00e9gance et confort. La conception modulaire permet un agencement qui s&#039;adapte en douceur au caract\u00e8re de l&#039;int\u00e9rieur et aux besoins des membres du m\u00e9nage.  Parfait aussi bien pour les r\u00e9unions intimes avec vos proches que pour les moments de d\u00e9tente en solo, le canap\u00e9 d&#039;angle FAVOLA est le c\u0153ur de chaque espace. Une collection inspir\u00e9e du \u00ab vivre la favola \u00bb italien \u2013 vivre comme dans un conte de f\u00e9es \u2013 est une proposition qui red\u00e9finit le concept de d\u00e9tente luxueuse \u00e0 la maison.\" \/>\n<meta property=\"og:url\" content=\"https:\/\/alloraliving.com\/fr\/canape-dangle-4-places-favola\/\" \/>\n<meta property=\"og:site_name\" content=\"AlloraLiving.com\" \/>\n<meta property=\"article:modified_time\" content=\"2025-02-11T07:36:34+00:00\" \/>\n<meta property=\"og:image\" content=\"https:\/\/alloraliving.com\/wp-content\/uploads\/1-kremowy-naroznik-do-salonu-duzy-favola-sand-cream.jpg\" \/>\n\t<meta property=\"og:image:width\" content=\"1600\" \/>\n\t<meta property=\"og:image:height\" content=\"1200\" \/>\n\t<meta property=\"og:image:type\" content=\"image\/jpeg\" \/>\n<meta name=\"twitter:card\" content=\"summary_large_image\" \/>\n<meta name=\"twitter:label1\" content=\"Disponibilit\u00e9\" \/>\n\t<meta name=\"twitter:data1\" content=\"En stock\" \/>\n<script type=\"application\/ld+json\" class=\"yoast-schema-graph\">{\"@context\":\"https:\/\/schema.org\",\"@graph\":[{\"@type\":[\"WebPage\",\"ItemPage\"],\"@id\":\"https:\/\/alloraliving.com\/fr\/canape-dangle-4-places-favola\/\",\"url\":\"https:\/\/alloraliving.com\/fr\/canape-dangle-4-places-favola\/\",\"name\":\"Canap\u00e9 d'angle 4 places Favola - AlloraLiving.com\",\"isPartOf\":{\"@id\":\"https:\/\/alloraliving.com\/fr\/#website\"},\"primaryImageOfPage\":{\"@id\":\"https:\/\/alloraliving.com\/fr\/canape-dangle-4-places-favola\/#primaryimage\"},\"image\":{\"@id\":\"https:\/\/alloraliving.com\/fr\/canape-dangle-4-places-favola\/#primaryimage\"},\"thumbnailUrl\":\"https:\/\/alloraliving.com\/wp-content\/uploads\/1-kremowy-naroznik-do-salonu-duzy-favola-sand-cream.jpg\",\"datePublished\":\"2024-11-18T06:49:32+00:00\",\"dateModified\":\"2025-02-11T07:36:34+00:00\",\"breadcrumb\":{\"@id\":\"https:\/\/alloraliving.com\/fr\/canape-dangle-4-places-favola\/#breadcrumb\"},\"inLanguage\":\"fr-FR\",\"potentialAction\":[{\"@type\":\"ReadAction\",\"target\":[\"https:\/\/alloraliving.com\/fr\/canape-dangle-4-places-favola\/\"]}]},{\"@type\":\"ImageObject\",\"inLanguage\":\"fr-FR\",\"@id\":\"https:\/\/alloraliving.com\/fr\/canape-dangle-4-places-favola\/#primaryimage\",\"url\":\"https:\/\/alloraliving.com\/wp-content\/uploads\/1-kremowy-naroznik-do-salonu-duzy-favola-sand-cream.jpg\",\"contentUrl\":\"https:\/\/alloraliving.com\/wp-content\/uploads\/1-kremowy-naroznik-do-salonu-duzy-favola-sand-cream.jpg\",\"width\":1600,\"height\":1200},{\"@type\":\"BreadcrumbList\",\"@id\":\"https:\/\/alloraliving.com\/fr\/canape-dangle-4-places-favola\/#breadcrumb\",\"itemListElement\":[{\"@type\":\"ListItem\",\"position\":1,\"name\":\"Strona g\u0142\u00f3wna\",\"item\":\"https:\/\/alloraliving.com\/fr\/\"},{\"@type\":\"ListItem\",\"position\":2,\"name\":\"Boutique\",\"item\":\"https:\/\/alloraliving.com\/fr\/?page_id=6496\"},{\"@type\":\"ListItem\",\"position\":3,\"name\":\"Canap\u00e9 d&#8217;angle 4 places Favola\"}]},{\"@type\":\"WebSite\",\"@id\":\"https:\/\/alloraliving.com\/fr\/#website\",\"url\":\"https:\/\/alloraliving.com\/fr\/\",\"name\":\"AlloraLiving.com\",\"description\":\"\",\"potentialAction\":[{\"@type\":\"SearchAction\",\"target\":{\"@type\":\"EntryPoint\",\"urlTemplate\":\"https:\/\/alloraliving.com\/fr\/?s={search_term_string}\"},\"query-input\":{\"@type\":\"PropertyValueSpecification\",\"valueRequired\":true,\"valueName\":\"search_term_string\"}}],\"inLanguage\":\"fr-FR\"}]}<\/script>\n<meta property=\"og:availability\" content=\"instock\" \/>\n<meta property=\"product:availability\" content=\"instock\" \/>\n<meta property=\"product:condition\" content=\"new\" \/>\n<!-- \/ Yoast SEO Premium plugin. -->","yoast_head_json":{"title":"Canap\u00e9 d'angle 4 places Favola - AlloraLiving.com","robots":{"index":"index","follow":"follow","max-snippet":"max-snippet:-1","max-image-preview":"max-image-preview:large","max-video-preview":"max-video-preview:-1"},"canonical":"https:\/\/alloraliving.com\/fr\/canape-dangle-4-places-favola\/","og_locale":"fr_FR","og_type":"article","og_title":"Canap\u00e9 d'angle 4 places Favola","og_description":"Le canap\u00e9 d'angle 4 places FAVOLA est la quintessence du design moderne et de la fonctionnalit\u00e9, cr\u00e9\u00e9 pour les grands int\u00e9rieurs qui n\u00e9cessitent un sens parfait des proportions et une gestion consciente de l'espace. Des assises larges et des lignes subtilement arrondies introduisent l'harmonie, alliant \u00e9l\u00e9gance et confort. La conception modulaire permet un agencement qui s'adapte en douceur au caract\u00e8re de l'int\u00e9rieur et aux besoins des membres du m\u00e9nage.  Parfait aussi bien pour les r\u00e9unions intimes avec vos proches que pour les moments de d\u00e9tente en solo, le canap\u00e9 d'angle FAVOLA est le c\u0153ur de chaque espace. Une collection inspir\u00e9e du \u00ab vivre la favola \u00bb italien \u2013 vivre comme dans un conte de f\u00e9es \u2013 est une proposition qui red\u00e9finit le concept de d\u00e9tente luxueuse \u00e0 la maison.","og_url":"https:\/\/alloraliving.com\/fr\/canape-dangle-4-places-favola\/","og_site_name":"AlloraLiving.com","article_modified_time":"2025-02-11T07:36:34+00:00","og_image":[{"width":1600,"height":1200,"url":"https:\/\/alloraliving.com\/wp-content\/uploads\/1-kremowy-naroznik-do-salonu-duzy-favola-sand-cream.jpg","type":"image\/jpeg"}],"twitter_card":"summary_large_image","twitter_misc":{"Disponibilit\u00e9":"En stock"},"schema":{"@context":"https:\/\/schema.org","@graph":[{"@type":["WebPage","ItemPage"],"@id":"https:\/\/alloraliving.com\/fr\/canape-dangle-4-places-favola\/","url":"https:\/\/alloraliving.com\/fr\/canape-dangle-4-places-favola\/","name":"Canap\u00e9 d'angle 4 places Favola - AlloraLiving.com","isPartOf":{"@id":"https:\/\/alloraliving.com\/fr\/#website"},"primaryImageOfPage":{"@id":"https:\/\/alloraliving.com\/fr\/canape-dangle-4-places-favola\/#primaryimage"},"image":{"@id":"https:\/\/alloraliving.com\/fr\/canape-dangle-4-places-favola\/#primaryimage"},"thumbnailUrl":"https:\/\/alloraliving.com\/wp-content\/uploads\/1-kremowy-naroznik-do-salonu-duzy-favola-sand-cream.jpg","datePublished":"2024-11-18T06:49:32+00:00","dateModified":"2025-02-11T07:36:34+00:00","breadcrumb":{"@id":"https:\/\/alloraliving.com\/fr\/canape-dangle-4-places-favola\/#breadcrumb"},"inLanguage":"fr-FR","potentialAction":[{"@type":"ReadAction","target":["https:\/\/alloraliving.com\/fr\/canape-dangle-4-places-favola\/"]}]},{"@type":"ImageObject","inLanguage":"fr-FR","@id":"https:\/\/alloraliving.com\/fr\/canape-dangle-4-places-favola\/#primaryimage","url":"https:\/\/alloraliving.com\/wp-content\/uploads\/1-kremowy-naroznik-do-salonu-duzy-favola-sand-cream.jpg","contentUrl":"https:\/\/alloraliving.com\/wp-content\/uploads\/1-kremowy-naroznik-do-salonu-duzy-favola-sand-cream.jpg","width":1600,"height":1200},{"@type":"BreadcrumbList","@id":"https:\/\/alloraliving.com\/fr\/canape-dangle-4-places-favola\/#breadcrumb","itemListElement":[{"@type":"ListItem","position":1,"name":"Strona g\u0142\u00f3wna","item":"https:\/\/alloraliving.com\/fr\/"},{"@type":"ListItem","position":2,"name":"Boutique","item":"https:\/\/alloraliving.com\/fr\/?page_id=6496"},{"@type":"ListItem","position":3,"name":"Canap\u00e9 d&#8217;angle 4 places Favola"}]},{"@type":"WebSite","@id":"https:\/\/alloraliving.com\/fr\/#website","url":"https:\/\/alloraliving.com\/fr\/","name":"AlloraLiving.com","description":"","potentialAction":[{"@type":"SearchAction","target":{"@type":"EntryPoint","urlTemplate":"https:\/\/alloraliving.com\/fr\/?s={search_term_string}"},"query-input":{"@type":"PropertyValueSpecification","valueRequired":true,"valueName":"search_term_string"}}],"inLanguage":"fr-FR"}]},"og_availability":"instock","product_availability":"instock","product_condition":"new"},"_links":{"self":[{"href":"https:\/\/alloraliving.com\/fr\/wp-json\/wp\/v2\/product\/6714","targetHints":{"allow":["GET"]}}],"collection":[{"href":"https:\/\/alloraliving.com\/fr\/wp-json\/wp\/v2\/product"}],"about":[{"href":"https:\/\/alloraliving.com\/fr\/wp-json\/wp\/v2\/types\/product"}],"wp:featuredmedia":[{"embeddable":true,"href":"https:\/\/alloraliving.com\/fr\/wp-json\/wp\/v2\/media\/6722"}],"wp:attachment":[{"href":"https:\/\/alloraliving.com\/fr\/wp-json\/wp\/v2\/media?parent=6714"}],"wp:term":[{"taxonomy":"product_brand","embeddable":true,"href":"https:\/\/alloraliving.com\/fr\/wp-json\/wp\/v2\/product_brand?post=6714"},{"taxonomy":"product_cat","embeddable":true,"href":"https:\/\/alloraliving.com\/fr\/wp-json\/wp\/v2\/product_cat?post=6714"},{"taxonomy":"product_tag","embeddable":true,"href":"https:\/\/alloraliving.com\/fr\/wp-json\/wp\/v2\/product_tag?post=6714"}],"curies":[{"name":"wp","href":"https:\/\/api.w.org\/{rel}","templated":true}]}}