{"id":6716,"date":"2024-10-28T09:59:47","date_gmt":"2024-10-28T08:59:47","guid":{"rendered":"https:\/\/alloraliving.com\/pouf-favola\/"},"modified":"2025-02-11T08:36:34","modified_gmt":"2025-02-11T07:36:34","slug":"pouf-favola","status":"publish","type":"product","link":"https:\/\/alloraliving.com\/fr\/pouf-favola\/","title":{"rendered":"Pouf Favola"},"content":{"rendered":"","protected":false},"excerpt":{"rendered":"<p>Le pouf de la collection FAVOLA est un \u00e9l\u00e9ment fonctionnel et confortable qui compl\u00e8te parfaitement l&rsquo;espace d\u00e9tente. La forme douce et \u00e9l\u00e9gante de ce pouf en fait non seulement un endroit suppl\u00e9mentaire pour s&rsquo;asseoir, mais aussi un accent subtil dans n&rsquo;importe quel int\u00e9rieur. <\/p>\n<p>Fabuleusement simple \u00e0 agencer, le pouf peut \u00eatre utilis\u00e9 seul ou dans le cadre d&rsquo;une configuration plus grande avec d&rsquo;autres modules FAVOLA. De plus, le pouf est disponible en diff\u00e9rentes couleurs, ce qui vous permet de cr\u00e9er un accent distinctif dans votre int\u00e9rieur, adapt\u00e9 \u00e0 vos besoins et \u00e0 votre style individuels. <\/p>\n","protected":false},"featured_media":6728,"template":"","meta":[],"product_brand":[],"product_cat":[934,945],"product_tag":[],"class_list":{"0":"post-6716","1":"product","2":"type-product","3":"status-publish","4":"has-post-thumbnail","6":"product_cat-collection-favola","7":"product_cat-poufs-fr","8":"product_shipping_class-livraison-gratuite","10":"first","11":"instock","12":"taxable","13":"shipping-taxable","14":"purchasable","15":"product-type-variable","16":"has-default-attributes","17":"wvs-archive-product-wrapper"},"yoast_head":"<!-- This site is optimized with the Yoast SEO Premium plugin v26.8 (Yoast SEO v26.8) - https:\/\/yoast.com\/product\/yoast-seo-premium-wordpress\/ -->\n<title>Pouf Favola - AlloraLiving.com<\/title>\n<meta name=\"robots\" content=\"index, follow, max-snippet:-1, max-image-preview:large, max-video-preview:-1\" \/>\n<link rel=\"canonical\" href=\"https:\/\/alloraliving.com\/fr\/pouf-favola\/\" \/>\n<meta property=\"og:locale\" content=\"fr_FR\" \/>\n<meta property=\"og:type\" content=\"article\" \/>\n<meta property=\"og:title\" content=\"Pouf Favola\" \/>\n<meta property=\"og:description\" content=\"Le pouf de la collection FAVOLA est un \u00e9l\u00e9ment fonctionnel et confortable qui compl\u00e8te parfaitement l&#039;espace d\u00e9tente. La forme douce et \u00e9l\u00e9gante de ce pouf en fait non seulement un endroit suppl\u00e9mentaire pour s&#039;asseoir, mais aussi un accent subtil dans n&#039;importe quel int\u00e9rieur.  Fabuleusement simple \u00e0 agencer, le pouf peut \u00eatre utilis\u00e9 seul ou dans le cadre d&#039;une configuration plus grande avec d&#039;autres modules FAVOLA. De plus, le pouf est disponible en diff\u00e9rentes couleurs, ce qui vous permet de cr\u00e9er un accent distinctif dans votre int\u00e9rieur, adapt\u00e9 \u00e0 vos besoins et \u00e0 votre style individuels.\" \/>\n<meta property=\"og:url\" content=\"https:\/\/alloraliving.com\/fr\/pouf-favola\/\" \/>\n<meta property=\"og:site_name\" content=\"AlloraLiving.com\" \/>\n<meta property=\"article:modified_time\" content=\"2025-02-11T07:36:34+00:00\" \/>\n<meta property=\"og:image\" content=\"https:\/\/alloraliving.com\/wp-content\/uploads\/3-siedzisko-kwadratowe-do-salonu-favola-sand-cream.jpg\" \/>\n\t<meta property=\"og:image:width\" content=\"1600\" \/>\n\t<meta property=\"og:image:height\" content=\"1200\" \/>\n\t<meta property=\"og:image:type\" content=\"image\/jpeg\" \/>\n<meta name=\"twitter:card\" content=\"summary_large_image\" \/>\n<meta name=\"twitter:label1\" content=\"Disponibilit\u00e9\" \/>\n\t<meta name=\"twitter:data1\" content=\"En stock\" \/>\n<script type=\"application\/ld+json\" class=\"yoast-schema-graph\">{\"@context\":\"https:\/\/schema.org\",\"@graph\":[{\"@type\":[\"WebPage\",\"ItemPage\"],\"@id\":\"https:\/\/alloraliving.com\/fr\/pouf-favola\/\",\"url\":\"https:\/\/alloraliving.com\/fr\/pouf-favola\/\",\"name\":\"Pouf Favola - AlloraLiving.com\",\"isPartOf\":{\"@id\":\"https:\/\/alloraliving.com\/fr\/#website\"},\"primaryImageOfPage\":{\"@id\":\"https:\/\/alloraliving.com\/fr\/pouf-favola\/#primaryimage\"},\"image\":{\"@id\":\"https:\/\/alloraliving.com\/fr\/pouf-favola\/#primaryimage\"},\"thumbnailUrl\":\"https:\/\/alloraliving.com\/wp-content\/uploads\/3-siedzisko-kwadratowe-do-salonu-favola-sand-cream.jpg\",\"datePublished\":\"2024-10-28T08:59:47+00:00\",\"dateModified\":\"2025-02-11T07:36:34+00:00\",\"breadcrumb\":{\"@id\":\"https:\/\/alloraliving.com\/fr\/pouf-favola\/#breadcrumb\"},\"inLanguage\":\"fr-FR\",\"potentialAction\":[{\"@type\":\"ReadAction\",\"target\":[\"https:\/\/alloraliving.com\/fr\/pouf-favola\/\"]}]},{\"@type\":\"ImageObject\",\"inLanguage\":\"fr-FR\",\"@id\":\"https:\/\/alloraliving.com\/fr\/pouf-favola\/#primaryimage\",\"url\":\"https:\/\/alloraliving.com\/wp-content\/uploads\/3-siedzisko-kwadratowe-do-salonu-favola-sand-cream.jpg\",\"contentUrl\":\"https:\/\/alloraliving.com\/wp-content\/uploads\/3-siedzisko-kwadratowe-do-salonu-favola-sand-cream.jpg\",\"width\":1600,\"height\":1200},{\"@type\":\"BreadcrumbList\",\"@id\":\"https:\/\/alloraliving.com\/fr\/pouf-favola\/#breadcrumb\",\"itemListElement\":[{\"@type\":\"ListItem\",\"position\":1,\"name\":\"Strona g\u0142\u00f3wna\",\"item\":\"https:\/\/alloraliving.com\/fr\/\"},{\"@type\":\"ListItem\",\"position\":2,\"name\":\"Boutique\",\"item\":\"https:\/\/alloraliving.com\/fr\/?page_id=6496\"},{\"@type\":\"ListItem\",\"position\":3,\"name\":\"Pouf Favola\"}]},{\"@type\":\"WebSite\",\"@id\":\"https:\/\/alloraliving.com\/fr\/#website\",\"url\":\"https:\/\/alloraliving.com\/fr\/\",\"name\":\"AlloraLiving.com\",\"description\":\"\",\"potentialAction\":[{\"@type\":\"SearchAction\",\"target\":{\"@type\":\"EntryPoint\",\"urlTemplate\":\"https:\/\/alloraliving.com\/fr\/?s={search_term_string}\"},\"query-input\":{\"@type\":\"PropertyValueSpecification\",\"valueRequired\":true,\"valueName\":\"search_term_string\"}}],\"inLanguage\":\"fr-FR\"}]}<\/script>\n<meta property=\"og:availability\" content=\"instock\" \/>\n<meta property=\"product:availability\" content=\"instock\" \/>\n<meta property=\"product:condition\" content=\"new\" \/>\n<!-- \/ Yoast SEO Premium plugin. -->","yoast_head_json":{"title":"Pouf Favola - AlloraLiving.com","robots":{"index":"index","follow":"follow","max-snippet":"max-snippet:-1","max-image-preview":"max-image-preview:large","max-video-preview":"max-video-preview:-1"},"canonical":"https:\/\/alloraliving.com\/fr\/pouf-favola\/","og_locale":"fr_FR","og_type":"article","og_title":"Pouf Favola","og_description":"Le pouf de la collection FAVOLA est un \u00e9l\u00e9ment fonctionnel et confortable qui compl\u00e8te parfaitement l'espace d\u00e9tente. La forme douce et \u00e9l\u00e9gante de ce pouf en fait non seulement un endroit suppl\u00e9mentaire pour s'asseoir, mais aussi un accent subtil dans n'importe quel int\u00e9rieur.  Fabuleusement simple \u00e0 agencer, le pouf peut \u00eatre utilis\u00e9 seul ou dans le cadre d'une configuration plus grande avec d'autres modules FAVOLA. De plus, le pouf est disponible en diff\u00e9rentes couleurs, ce qui vous permet de cr\u00e9er un accent distinctif dans votre int\u00e9rieur, adapt\u00e9 \u00e0 vos besoins et \u00e0 votre style individuels.","og_url":"https:\/\/alloraliving.com\/fr\/pouf-favola\/","og_site_name":"AlloraLiving.com","article_modified_time":"2025-02-11T07:36:34+00:00","og_image":[{"width":1600,"height":1200,"url":"https:\/\/alloraliving.com\/wp-content\/uploads\/3-siedzisko-kwadratowe-do-salonu-favola-sand-cream.jpg","type":"image\/jpeg"}],"twitter_card":"summary_large_image","twitter_misc":{"Disponibilit\u00e9":"En stock"},"schema":{"@context":"https:\/\/schema.org","@graph":[{"@type":["WebPage","ItemPage"],"@id":"https:\/\/alloraliving.com\/fr\/pouf-favola\/","url":"https:\/\/alloraliving.com\/fr\/pouf-favola\/","name":"Pouf Favola - AlloraLiving.com","isPartOf":{"@id":"https:\/\/alloraliving.com\/fr\/#website"},"primaryImageOfPage":{"@id":"https:\/\/alloraliving.com\/fr\/pouf-favola\/#primaryimage"},"image":{"@id":"https:\/\/alloraliving.com\/fr\/pouf-favola\/#primaryimage"},"thumbnailUrl":"https:\/\/alloraliving.com\/wp-content\/uploads\/3-siedzisko-kwadratowe-do-salonu-favola-sand-cream.jpg","datePublished":"2024-10-28T08:59:47+00:00","dateModified":"2025-02-11T07:36:34+00:00","breadcrumb":{"@id":"https:\/\/alloraliving.com\/fr\/pouf-favola\/#breadcrumb"},"inLanguage":"fr-FR","potentialAction":[{"@type":"ReadAction","target":["https:\/\/alloraliving.com\/fr\/pouf-favola\/"]}]},{"@type":"ImageObject","inLanguage":"fr-FR","@id":"https:\/\/alloraliving.com\/fr\/pouf-favola\/#primaryimage","url":"https:\/\/alloraliving.com\/wp-content\/uploads\/3-siedzisko-kwadratowe-do-salonu-favola-sand-cream.jpg","contentUrl":"https:\/\/alloraliving.com\/wp-content\/uploads\/3-siedzisko-kwadratowe-do-salonu-favola-sand-cream.jpg","width":1600,"height":1200},{"@type":"BreadcrumbList","@id":"https:\/\/alloraliving.com\/fr\/pouf-favola\/#breadcrumb","itemListElement":[{"@type":"ListItem","position":1,"name":"Strona g\u0142\u00f3wna","item":"https:\/\/alloraliving.com\/fr\/"},{"@type":"ListItem","position":2,"name":"Boutique","item":"https:\/\/alloraliving.com\/fr\/?page_id=6496"},{"@type":"ListItem","position":3,"name":"Pouf Favola"}]},{"@type":"WebSite","@id":"https:\/\/alloraliving.com\/fr\/#website","url":"https:\/\/alloraliving.com\/fr\/","name":"AlloraLiving.com","description":"","potentialAction":[{"@type":"SearchAction","target":{"@type":"EntryPoint","urlTemplate":"https:\/\/alloraliving.com\/fr\/?s={search_term_string}"},"query-input":{"@type":"PropertyValueSpecification","valueRequired":true,"valueName":"search_term_string"}}],"inLanguage":"fr-FR"}]},"og_availability":"instock","product_availability":"instock","product_condition":"new"},"_links":{"self":[{"href":"https:\/\/alloraliving.com\/fr\/wp-json\/wp\/v2\/product\/6716","targetHints":{"allow":["GET"]}}],"collection":[{"href":"https:\/\/alloraliving.com\/fr\/wp-json\/wp\/v2\/product"}],"about":[{"href":"https:\/\/alloraliving.com\/fr\/wp-json\/wp\/v2\/types\/product"}],"wp:featuredmedia":[{"embeddable":true,"href":"https:\/\/alloraliving.com\/fr\/wp-json\/wp\/v2\/media\/6728"}],"wp:attachment":[{"href":"https:\/\/alloraliving.com\/fr\/wp-json\/wp\/v2\/media?parent=6716"}],"wp:term":[{"taxonomy":"product_brand","embeddable":true,"href":"https:\/\/alloraliving.com\/fr\/wp-json\/wp\/v2\/product_brand?post=6716"},{"taxonomy":"product_cat","embeddable":true,"href":"https:\/\/alloraliving.com\/fr\/wp-json\/wp\/v2\/product_cat?post=6716"},{"taxonomy":"product_tag","embeddable":true,"href":"https:\/\/alloraliving.com\/fr\/wp-json\/wp\/v2\/product_tag?post=6716"}],"curies":[{"name":"wp","href":"https:\/\/api.w.org\/{rel}","templated":true}]}}