{"id":6729,"date":"2024-10-28T11:55:31","date_gmt":"2024-10-28T10:55:31","guid":{"rendered":"https:\/\/alloraliving.com\/chaise-longue-favola-a-gauche\/"},"modified":"2025-02-11T08:36:34","modified_gmt":"2025-02-11T07:36:34","slug":"chaise-longue-favola-a-gauche","status":"publish","type":"product","link":"https:\/\/alloraliving.com\/fr\/chaise-longue-favola-a-gauche\/","title":{"rendered":"Chaise longue Favola \u00e0 gauche"},"content":{"rendered":"","protected":false},"excerpt":{"rendered":"<p>La chaise longue de la collection FAVOLA est l&rsquo;essence du confort et de l&rsquo;\u00e9l\u00e9gance, con\u00e7ue pour ceux qui appr\u00e9cient la simplicit\u00e9 dans une version moderne. Sa forme douce et recouverte de tissu offre un confort, tandis que le si\u00e8ge large et le dossier subtil et doux en font l&rsquo;endroit id\u00e9al pour se d\u00e9tendre. <\/p>\n<p>Cette chaise longue, comme toute la collection FAVOLA, est fabuleusement simple \u00e0 agencer. Vous pouvez le combiner avec d&rsquo;autres \u00e9l\u00e9ments pour cr\u00e9er un espace plein de confort que vous pourrez facilement personnaliser avec des accessoires. La collection FAVOLA est la solution parfaite si vous recherchez des meubles intemporels et confortables.  <\/p>\n","protected":false},"featured_media":6757,"template":"","meta":[],"product_brand":[],"product_cat":[946,947,934],"product_tag":[],"class_list":{"0":"post-6729","1":"product","2":"type-product","3":"status-publish","4":"has-post-thumbnail","6":"product_cat-canapes","7":"product_cat-canapes-modulaires","8":"product_cat-collection-favola","9":"product_shipping_class-livraison-gratuite","11":"first","12":"instock","13":"taxable","14":"shipping-taxable","15":"purchasable","16":"product-type-variable","17":"has-default-attributes","18":"wvs-archive-product-wrapper"},"yoast_head":"<!-- This site is optimized with the Yoast SEO Premium plugin v26.8 (Yoast SEO v26.8) - https:\/\/yoast.com\/product\/yoast-seo-premium-wordpress\/ -->\n<title>Chaise longue Favola \u00e0 gauche - AlloraLiving.com<\/title>\n<meta name=\"robots\" content=\"index, follow, max-snippet:-1, max-image-preview:large, max-video-preview:-1\" \/>\n<link rel=\"canonical\" href=\"https:\/\/alloraliving.com\/fr\/chaise-longue-favola-a-gauche\/\" \/>\n<meta property=\"og:locale\" content=\"fr_FR\" \/>\n<meta property=\"og:type\" content=\"article\" \/>\n<meta property=\"og:title\" content=\"Chaise longue Favola \u00e0 gauche\" \/>\n<meta property=\"og:description\" content=\"La chaise longue de la collection FAVOLA est l&#039;essence du confort et de l&#039;\u00e9l\u00e9gance, con\u00e7ue pour ceux qui appr\u00e9cient la simplicit\u00e9 dans une version moderne. Sa forme douce et recouverte de tissu offre un confort, tandis que le si\u00e8ge large et le dossier subtil et doux en font l&#039;endroit id\u00e9al pour se d\u00e9tendre.  Cette chaise longue, comme toute la collection FAVOLA, est fabuleusement simple \u00e0 agencer. Vous pouvez le combiner avec d&#039;autres \u00e9l\u00e9ments pour cr\u00e9er un espace plein de confort que vous pourrez facilement personnaliser avec des accessoires. La collection FAVOLA est la solution parfaite si vous recherchez des meubles intemporels et confortables.\" \/>\n<meta property=\"og:url\" content=\"https:\/\/alloraliving.com\/fr\/chaise-longue-favola-a-gauche\/\" \/>\n<meta property=\"og:site_name\" content=\"AlloraLiving.com\" \/>\n<meta property=\"article:modified_time\" content=\"2025-02-11T07:36:34+00:00\" \/>\n<meta property=\"og:image\" content=\"https:\/\/alloraliving.com\/wp-content\/uploads\/1-szezlong-lewy-do-sofy-modulowej-favola-sand-cream.jpg\" \/>\n\t<meta property=\"og:image:width\" content=\"1600\" \/>\n\t<meta property=\"og:image:height\" content=\"1200\" \/>\n\t<meta property=\"og:image:type\" content=\"image\/jpeg\" \/>\n<meta name=\"twitter:card\" content=\"summary_large_image\" \/>\n<meta name=\"twitter:label1\" content=\"Disponibilit\u00e9\" \/>\n\t<meta name=\"twitter:data1\" content=\"En stock\" \/>\n<script type=\"application\/ld+json\" class=\"yoast-schema-graph\">{\"@context\":\"https:\/\/schema.org\",\"@graph\":[{\"@type\":[\"WebPage\",\"ItemPage\"],\"@id\":\"https:\/\/alloraliving.com\/fr\/chaise-longue-favola-a-gauche\/\",\"url\":\"https:\/\/alloraliving.com\/fr\/chaise-longue-favola-a-gauche\/\",\"name\":\"Chaise longue Favola \u00e0 gauche - AlloraLiving.com\",\"isPartOf\":{\"@id\":\"https:\/\/alloraliving.com\/fr\/#website\"},\"primaryImageOfPage\":{\"@id\":\"https:\/\/alloraliving.com\/fr\/chaise-longue-favola-a-gauche\/#primaryimage\"},\"image\":{\"@id\":\"https:\/\/alloraliving.com\/fr\/chaise-longue-favola-a-gauche\/#primaryimage\"},\"thumbnailUrl\":\"https:\/\/alloraliving.com\/wp-content\/uploads\/1-szezlong-lewy-do-sofy-modulowej-favola-sand-cream.jpg\",\"datePublished\":\"2024-10-28T10:55:31+00:00\",\"dateModified\":\"2025-02-11T07:36:34+00:00\",\"breadcrumb\":{\"@id\":\"https:\/\/alloraliving.com\/fr\/chaise-longue-favola-a-gauche\/#breadcrumb\"},\"inLanguage\":\"fr-FR\",\"potentialAction\":[{\"@type\":\"ReadAction\",\"target\":[\"https:\/\/alloraliving.com\/fr\/chaise-longue-favola-a-gauche\/\"]}]},{\"@type\":\"ImageObject\",\"inLanguage\":\"fr-FR\",\"@id\":\"https:\/\/alloraliving.com\/fr\/chaise-longue-favola-a-gauche\/#primaryimage\",\"url\":\"https:\/\/alloraliving.com\/wp-content\/uploads\/1-szezlong-lewy-do-sofy-modulowej-favola-sand-cream.jpg\",\"contentUrl\":\"https:\/\/alloraliving.com\/wp-content\/uploads\/1-szezlong-lewy-do-sofy-modulowej-favola-sand-cream.jpg\",\"width\":1600,\"height\":1200},{\"@type\":\"BreadcrumbList\",\"@id\":\"https:\/\/alloraliving.com\/fr\/chaise-longue-favola-a-gauche\/#breadcrumb\",\"itemListElement\":[{\"@type\":\"ListItem\",\"position\":1,\"name\":\"Strona g\u0142\u00f3wna\",\"item\":\"https:\/\/alloraliving.com\/fr\/\"},{\"@type\":\"ListItem\",\"position\":2,\"name\":\"Boutique\",\"item\":\"https:\/\/alloraliving.com\/fr\/?page_id=6496\"},{\"@type\":\"ListItem\",\"position\":3,\"name\":\"Chaise longue Favola \u00e0 gauche\"}]},{\"@type\":\"WebSite\",\"@id\":\"https:\/\/alloraliving.com\/fr\/#website\",\"url\":\"https:\/\/alloraliving.com\/fr\/\",\"name\":\"AlloraLiving.com\",\"description\":\"\",\"potentialAction\":[{\"@type\":\"SearchAction\",\"target\":{\"@type\":\"EntryPoint\",\"urlTemplate\":\"https:\/\/alloraliving.com\/fr\/?s={search_term_string}\"},\"query-input\":{\"@type\":\"PropertyValueSpecification\",\"valueRequired\":true,\"valueName\":\"search_term_string\"}}],\"inLanguage\":\"fr-FR\"}]}<\/script>\n<meta property=\"og:availability\" content=\"instock\" \/>\n<meta property=\"product:availability\" content=\"instock\" \/>\n<meta property=\"product:condition\" content=\"new\" \/>\n<!-- \/ Yoast SEO Premium plugin. -->","yoast_head_json":{"title":"Chaise longue Favola \u00e0 gauche - AlloraLiving.com","robots":{"index":"index","follow":"follow","max-snippet":"max-snippet:-1","max-image-preview":"max-image-preview:large","max-video-preview":"max-video-preview:-1"},"canonical":"https:\/\/alloraliving.com\/fr\/chaise-longue-favola-a-gauche\/","og_locale":"fr_FR","og_type":"article","og_title":"Chaise longue Favola \u00e0 gauche","og_description":"La chaise longue de la collection FAVOLA est l'essence du confort et de l'\u00e9l\u00e9gance, con\u00e7ue pour ceux qui appr\u00e9cient la simplicit\u00e9 dans une version moderne. Sa forme douce et recouverte de tissu offre un confort, tandis que le si\u00e8ge large et le dossier subtil et doux en font l'endroit id\u00e9al pour se d\u00e9tendre.  Cette chaise longue, comme toute la collection FAVOLA, est fabuleusement simple \u00e0 agencer. Vous pouvez le combiner avec d'autres \u00e9l\u00e9ments pour cr\u00e9er un espace plein de confort que vous pourrez facilement personnaliser avec des accessoires. La collection FAVOLA est la solution parfaite si vous recherchez des meubles intemporels et confortables.","og_url":"https:\/\/alloraliving.com\/fr\/chaise-longue-favola-a-gauche\/","og_site_name":"AlloraLiving.com","article_modified_time":"2025-02-11T07:36:34+00:00","og_image":[{"width":1600,"height":1200,"url":"https:\/\/alloraliving.com\/wp-content\/uploads\/1-szezlong-lewy-do-sofy-modulowej-favola-sand-cream.jpg","type":"image\/jpeg"}],"twitter_card":"summary_large_image","twitter_misc":{"Disponibilit\u00e9":"En stock"},"schema":{"@context":"https:\/\/schema.org","@graph":[{"@type":["WebPage","ItemPage"],"@id":"https:\/\/alloraliving.com\/fr\/chaise-longue-favola-a-gauche\/","url":"https:\/\/alloraliving.com\/fr\/chaise-longue-favola-a-gauche\/","name":"Chaise longue Favola \u00e0 gauche - AlloraLiving.com","isPartOf":{"@id":"https:\/\/alloraliving.com\/fr\/#website"},"primaryImageOfPage":{"@id":"https:\/\/alloraliving.com\/fr\/chaise-longue-favola-a-gauche\/#primaryimage"},"image":{"@id":"https:\/\/alloraliving.com\/fr\/chaise-longue-favola-a-gauche\/#primaryimage"},"thumbnailUrl":"https:\/\/alloraliving.com\/wp-content\/uploads\/1-szezlong-lewy-do-sofy-modulowej-favola-sand-cream.jpg","datePublished":"2024-10-28T10:55:31+00:00","dateModified":"2025-02-11T07:36:34+00:00","breadcrumb":{"@id":"https:\/\/alloraliving.com\/fr\/chaise-longue-favola-a-gauche\/#breadcrumb"},"inLanguage":"fr-FR","potentialAction":[{"@type":"ReadAction","target":["https:\/\/alloraliving.com\/fr\/chaise-longue-favola-a-gauche\/"]}]},{"@type":"ImageObject","inLanguage":"fr-FR","@id":"https:\/\/alloraliving.com\/fr\/chaise-longue-favola-a-gauche\/#primaryimage","url":"https:\/\/alloraliving.com\/wp-content\/uploads\/1-szezlong-lewy-do-sofy-modulowej-favola-sand-cream.jpg","contentUrl":"https:\/\/alloraliving.com\/wp-content\/uploads\/1-szezlong-lewy-do-sofy-modulowej-favola-sand-cream.jpg","width":1600,"height":1200},{"@type":"BreadcrumbList","@id":"https:\/\/alloraliving.com\/fr\/chaise-longue-favola-a-gauche\/#breadcrumb","itemListElement":[{"@type":"ListItem","position":1,"name":"Strona g\u0142\u00f3wna","item":"https:\/\/alloraliving.com\/fr\/"},{"@type":"ListItem","position":2,"name":"Boutique","item":"https:\/\/alloraliving.com\/fr\/?page_id=6496"},{"@type":"ListItem","position":3,"name":"Chaise longue Favola \u00e0 gauche"}]},{"@type":"WebSite","@id":"https:\/\/alloraliving.com\/fr\/#website","url":"https:\/\/alloraliving.com\/fr\/","name":"AlloraLiving.com","description":"","potentialAction":[{"@type":"SearchAction","target":{"@type":"EntryPoint","urlTemplate":"https:\/\/alloraliving.com\/fr\/?s={search_term_string}"},"query-input":{"@type":"PropertyValueSpecification","valueRequired":true,"valueName":"search_term_string"}}],"inLanguage":"fr-FR"}]},"og_availability":"instock","product_availability":"instock","product_condition":"new"},"_links":{"self":[{"href":"https:\/\/alloraliving.com\/fr\/wp-json\/wp\/v2\/product\/6729","targetHints":{"allow":["GET"]}}],"collection":[{"href":"https:\/\/alloraliving.com\/fr\/wp-json\/wp\/v2\/product"}],"about":[{"href":"https:\/\/alloraliving.com\/fr\/wp-json\/wp\/v2\/types\/product"}],"wp:featuredmedia":[{"embeddable":true,"href":"https:\/\/alloraliving.com\/fr\/wp-json\/wp\/v2\/media\/6757"}],"wp:attachment":[{"href":"https:\/\/alloraliving.com\/fr\/wp-json\/wp\/v2\/media?parent=6729"}],"wp:term":[{"taxonomy":"product_brand","embeddable":true,"href":"https:\/\/alloraliving.com\/fr\/wp-json\/wp\/v2\/product_brand?post=6729"},{"taxonomy":"product_cat","embeddable":true,"href":"https:\/\/alloraliving.com\/fr\/wp-json\/wp\/v2\/product_cat?post=6729"},{"taxonomy":"product_tag","embeddable":true,"href":"https:\/\/alloraliving.com\/fr\/wp-json\/wp\/v2\/product_tag?post=6729"}],"curies":[{"name":"wp","href":"https:\/\/api.w.org\/{rel}","templated":true}]}}