{"id":6823,"date":"2025-01-02T16:52:21","date_gmt":"2025-01-02T15:52:21","guid":{"rendered":"https:\/\/alloraliving.com\/ensemble-de-2-fauteuils-favola\/"},"modified":"2025-02-11T08:36:37","modified_gmt":"2025-02-11T07:36:37","slug":"ensemble-de-2-fauteuils-favola","status":"publish","type":"product","link":"https:\/\/alloraliving.com\/fr\/ensemble-de-2-fauteuils-favola\/","title":{"rendered":"Ensemble de 2 fauteuils Favola"},"content":{"rendered":"","protected":false},"excerpt":{"rendered":"<p>L&rsquo;ensemble de deux fauteuils FAVOLA est une composition cr\u00e9\u00e9e dans l&rsquo;optique d&rsquo;une zone de d\u00e9tente coh\u00e9rente et confortable. Les deux \u00e9l\u00e9ments s&rsquo;assemblent parfaitement, offrant un lieu de discussion et de d\u00e9tente tout en maintenant un \u00e9quilibre esth\u00e9tique. Leur caract\u00e8re modulaire, bien que non destin\u00e9 \u00e0 \u00eatre d\u00e9plac\u00e9 librement, garantit stabilit\u00e9 et int\u00e9gration harmonieuse dans l&rsquo;espace.  <\/p>\n<p>La collection FAVOLA, inspir\u00e9e de l&rsquo;italien \u00abvivere la favola\u00bb, a \u00e9t\u00e9 con\u00e7ue pour que chaque ensemble et configuration constitue un tout bien pens\u00e9. De cette fa\u00e7on, votre salon b\u00e9n\u00e9ficie d&rsquo;un agencement dans lequel \u00e9l\u00e9gance, fonctionnalit\u00e9 et coh\u00e9rence vont de pair. <\/p>\n","protected":false},"featured_media":6834,"template":"","meta":[],"product_brand":[],"product_cat":[934,930],"product_tag":[],"class_list":{"0":"post-6823","1":"product","2":"type-product","3":"status-publish","4":"has-post-thumbnail","6":"product_cat-collection-favola","7":"product_cat-sieges","8":"product_shipping_class-livraison-gratuite","10":"first","11":"instock","12":"taxable","13":"shipping-taxable","14":"purchasable","15":"product-type-variable","16":"has-default-attributes","17":"wvs-archive-product-wrapper"},"yoast_head":"<!-- This site is optimized with the Yoast SEO Premium plugin v26.8 (Yoast SEO v26.8) - https:\/\/yoast.com\/product\/yoast-seo-premium-wordpress\/ -->\n<title>Ensemble de 2 fauteuils Favola - AlloraLiving.com<\/title>\n<meta name=\"robots\" content=\"index, follow, max-snippet:-1, max-image-preview:large, max-video-preview:-1\" \/>\n<link rel=\"canonical\" href=\"https:\/\/alloraliving.com\/fr\/ensemble-de-2-fauteuils-favola\/\" \/>\n<meta property=\"og:locale\" content=\"fr_FR\" \/>\n<meta property=\"og:type\" content=\"article\" \/>\n<meta property=\"og:title\" content=\"Ensemble de 2 fauteuils Favola\" \/>\n<meta property=\"og:description\" content=\"L&#039;ensemble de deux fauteuils FAVOLA est une composition cr\u00e9\u00e9e dans l&#039;optique d&#039;une zone de d\u00e9tente coh\u00e9rente et confortable. Les deux \u00e9l\u00e9ments s&#039;assemblent parfaitement, offrant un lieu de discussion et de d\u00e9tente tout en maintenant un \u00e9quilibre esth\u00e9tique. Leur caract\u00e8re modulaire, bien que non destin\u00e9 \u00e0 \u00eatre d\u00e9plac\u00e9 librement, garantit stabilit\u00e9 et int\u00e9gration harmonieuse dans l&#039;espace.  La collection FAVOLA, inspir\u00e9e de l&#039;italien \u00abvivere la favola\u00bb, a \u00e9t\u00e9 con\u00e7ue pour que chaque ensemble et configuration constitue un tout bien pens\u00e9. De cette fa\u00e7on, votre salon b\u00e9n\u00e9ficie d&#039;un agencement dans lequel \u00e9l\u00e9gance, fonctionnalit\u00e9 et coh\u00e9rence vont de pair.\" \/>\n<meta property=\"og:url\" content=\"https:\/\/alloraliving.com\/fr\/ensemble-de-2-fauteuils-favola\/\" \/>\n<meta property=\"og:site_name\" content=\"AlloraLiving.com\" \/>\n<meta property=\"article:modified_time\" content=\"2025-02-11T07:36:37+00:00\" \/>\n<meta property=\"og:image\" content=\"https:\/\/alloraliving.com\/wp-content\/uploads\/1-zestaw-2-fotele-favola-sand-cream.jpg\" \/>\n\t<meta property=\"og:image:width\" content=\"1600\" \/>\n\t<meta property=\"og:image:height\" content=\"1200\" \/>\n\t<meta property=\"og:image:type\" content=\"image\/jpeg\" \/>\n<meta name=\"twitter:card\" content=\"summary_large_image\" \/>\n<meta name=\"twitter:label1\" content=\"Disponibilit\u00e9\" \/>\n\t<meta name=\"twitter:data1\" content=\"En stock\" \/>\n<script type=\"application\/ld+json\" class=\"yoast-schema-graph\">{\"@context\":\"https:\/\/schema.org\",\"@graph\":[{\"@type\":[\"WebPage\",\"ItemPage\"],\"@id\":\"https:\/\/alloraliving.com\/fr\/ensemble-de-2-fauteuils-favola\/\",\"url\":\"https:\/\/alloraliving.com\/fr\/ensemble-de-2-fauteuils-favola\/\",\"name\":\"Ensemble de 2 fauteuils Favola - AlloraLiving.com\",\"isPartOf\":{\"@id\":\"https:\/\/alloraliving.com\/fr\/#website\"},\"primaryImageOfPage\":{\"@id\":\"https:\/\/alloraliving.com\/fr\/ensemble-de-2-fauteuils-favola\/#primaryimage\"},\"image\":{\"@id\":\"https:\/\/alloraliving.com\/fr\/ensemble-de-2-fauteuils-favola\/#primaryimage\"},\"thumbnailUrl\":\"https:\/\/alloraliving.com\/wp-content\/uploads\/1-zestaw-2-fotele-favola-sand-cream.jpg\",\"datePublished\":\"2025-01-02T15:52:21+00:00\",\"dateModified\":\"2025-02-11T07:36:37+00:00\",\"breadcrumb\":{\"@id\":\"https:\/\/alloraliving.com\/fr\/ensemble-de-2-fauteuils-favola\/#breadcrumb\"},\"inLanguage\":\"fr-FR\",\"potentialAction\":[{\"@type\":\"ReadAction\",\"target\":[\"https:\/\/alloraliving.com\/fr\/ensemble-de-2-fauteuils-favola\/\"]}]},{\"@type\":\"ImageObject\",\"inLanguage\":\"fr-FR\",\"@id\":\"https:\/\/alloraliving.com\/fr\/ensemble-de-2-fauteuils-favola\/#primaryimage\",\"url\":\"https:\/\/alloraliving.com\/wp-content\/uploads\/1-zestaw-2-fotele-favola-sand-cream.jpg\",\"contentUrl\":\"https:\/\/alloraliving.com\/wp-content\/uploads\/1-zestaw-2-fotele-favola-sand-cream.jpg\",\"width\":1600,\"height\":1200},{\"@type\":\"BreadcrumbList\",\"@id\":\"https:\/\/alloraliving.com\/fr\/ensemble-de-2-fauteuils-favola\/#breadcrumb\",\"itemListElement\":[{\"@type\":\"ListItem\",\"position\":1,\"name\":\"Strona g\u0142\u00f3wna\",\"item\":\"https:\/\/alloraliving.com\/fr\/\"},{\"@type\":\"ListItem\",\"position\":2,\"name\":\"Boutique\",\"item\":\"https:\/\/alloraliving.com\/fr\/?page_id=6496\"},{\"@type\":\"ListItem\",\"position\":3,\"name\":\"Ensemble de 2 fauteuils Favola\"}]},{\"@type\":\"WebSite\",\"@id\":\"https:\/\/alloraliving.com\/fr\/#website\",\"url\":\"https:\/\/alloraliving.com\/fr\/\",\"name\":\"AlloraLiving.com\",\"description\":\"\",\"potentialAction\":[{\"@type\":\"SearchAction\",\"target\":{\"@type\":\"EntryPoint\",\"urlTemplate\":\"https:\/\/alloraliving.com\/fr\/?s={search_term_string}\"},\"query-input\":{\"@type\":\"PropertyValueSpecification\",\"valueRequired\":true,\"valueName\":\"search_term_string\"}}],\"inLanguage\":\"fr-FR\"}]}<\/script>\n<meta property=\"og:availability\" content=\"instock\" \/>\n<meta property=\"product:availability\" content=\"instock\" \/>\n<meta property=\"product:condition\" content=\"new\" \/>\n<!-- \/ Yoast SEO Premium plugin. -->","yoast_head_json":{"title":"Ensemble de 2 fauteuils Favola - AlloraLiving.com","robots":{"index":"index","follow":"follow","max-snippet":"max-snippet:-1","max-image-preview":"max-image-preview:large","max-video-preview":"max-video-preview:-1"},"canonical":"https:\/\/alloraliving.com\/fr\/ensemble-de-2-fauteuils-favola\/","og_locale":"fr_FR","og_type":"article","og_title":"Ensemble de 2 fauteuils Favola","og_description":"L'ensemble de deux fauteuils FAVOLA est une composition cr\u00e9\u00e9e dans l'optique d'une zone de d\u00e9tente coh\u00e9rente et confortable. Les deux \u00e9l\u00e9ments s'assemblent parfaitement, offrant un lieu de discussion et de d\u00e9tente tout en maintenant un \u00e9quilibre esth\u00e9tique. Leur caract\u00e8re modulaire, bien que non destin\u00e9 \u00e0 \u00eatre d\u00e9plac\u00e9 librement, garantit stabilit\u00e9 et int\u00e9gration harmonieuse dans l'espace.  La collection FAVOLA, inspir\u00e9e de l'italien \u00abvivere la favola\u00bb, a \u00e9t\u00e9 con\u00e7ue pour que chaque ensemble et configuration constitue un tout bien pens\u00e9. De cette fa\u00e7on, votre salon b\u00e9n\u00e9ficie d'un agencement dans lequel \u00e9l\u00e9gance, fonctionnalit\u00e9 et coh\u00e9rence vont de pair.","og_url":"https:\/\/alloraliving.com\/fr\/ensemble-de-2-fauteuils-favola\/","og_site_name":"AlloraLiving.com","article_modified_time":"2025-02-11T07:36:37+00:00","og_image":[{"width":1600,"height":1200,"url":"https:\/\/alloraliving.com\/wp-content\/uploads\/1-zestaw-2-fotele-favola-sand-cream.jpg","type":"image\/jpeg"}],"twitter_card":"summary_large_image","twitter_misc":{"Disponibilit\u00e9":"En stock"},"schema":{"@context":"https:\/\/schema.org","@graph":[{"@type":["WebPage","ItemPage"],"@id":"https:\/\/alloraliving.com\/fr\/ensemble-de-2-fauteuils-favola\/","url":"https:\/\/alloraliving.com\/fr\/ensemble-de-2-fauteuils-favola\/","name":"Ensemble de 2 fauteuils Favola - AlloraLiving.com","isPartOf":{"@id":"https:\/\/alloraliving.com\/fr\/#website"},"primaryImageOfPage":{"@id":"https:\/\/alloraliving.com\/fr\/ensemble-de-2-fauteuils-favola\/#primaryimage"},"image":{"@id":"https:\/\/alloraliving.com\/fr\/ensemble-de-2-fauteuils-favola\/#primaryimage"},"thumbnailUrl":"https:\/\/alloraliving.com\/wp-content\/uploads\/1-zestaw-2-fotele-favola-sand-cream.jpg","datePublished":"2025-01-02T15:52:21+00:00","dateModified":"2025-02-11T07:36:37+00:00","breadcrumb":{"@id":"https:\/\/alloraliving.com\/fr\/ensemble-de-2-fauteuils-favola\/#breadcrumb"},"inLanguage":"fr-FR","potentialAction":[{"@type":"ReadAction","target":["https:\/\/alloraliving.com\/fr\/ensemble-de-2-fauteuils-favola\/"]}]},{"@type":"ImageObject","inLanguage":"fr-FR","@id":"https:\/\/alloraliving.com\/fr\/ensemble-de-2-fauteuils-favola\/#primaryimage","url":"https:\/\/alloraliving.com\/wp-content\/uploads\/1-zestaw-2-fotele-favola-sand-cream.jpg","contentUrl":"https:\/\/alloraliving.com\/wp-content\/uploads\/1-zestaw-2-fotele-favola-sand-cream.jpg","width":1600,"height":1200},{"@type":"BreadcrumbList","@id":"https:\/\/alloraliving.com\/fr\/ensemble-de-2-fauteuils-favola\/#breadcrumb","itemListElement":[{"@type":"ListItem","position":1,"name":"Strona g\u0142\u00f3wna","item":"https:\/\/alloraliving.com\/fr\/"},{"@type":"ListItem","position":2,"name":"Boutique","item":"https:\/\/alloraliving.com\/fr\/?page_id=6496"},{"@type":"ListItem","position":3,"name":"Ensemble de 2 fauteuils Favola"}]},{"@type":"WebSite","@id":"https:\/\/alloraliving.com\/fr\/#website","url":"https:\/\/alloraliving.com\/fr\/","name":"AlloraLiving.com","description":"","potentialAction":[{"@type":"SearchAction","target":{"@type":"EntryPoint","urlTemplate":"https:\/\/alloraliving.com\/fr\/?s={search_term_string}"},"query-input":{"@type":"PropertyValueSpecification","valueRequired":true,"valueName":"search_term_string"}}],"inLanguage":"fr-FR"}]},"og_availability":"instock","product_availability":"instock","product_condition":"new"},"_links":{"self":[{"href":"https:\/\/alloraliving.com\/fr\/wp-json\/wp\/v2\/product\/6823","targetHints":{"allow":["GET"]}}],"collection":[{"href":"https:\/\/alloraliving.com\/fr\/wp-json\/wp\/v2\/product"}],"about":[{"href":"https:\/\/alloraliving.com\/fr\/wp-json\/wp\/v2\/types\/product"}],"wp:featuredmedia":[{"embeddable":true,"href":"https:\/\/alloraliving.com\/fr\/wp-json\/wp\/v2\/media\/6834"}],"wp:attachment":[{"href":"https:\/\/alloraliving.com\/fr\/wp-json\/wp\/v2\/media?parent=6823"}],"wp:term":[{"taxonomy":"product_brand","embeddable":true,"href":"https:\/\/alloraliving.com\/fr\/wp-json\/wp\/v2\/product_brand?post=6823"},{"taxonomy":"product_cat","embeddable":true,"href":"https:\/\/alloraliving.com\/fr\/wp-json\/wp\/v2\/product_cat?post=6823"},{"taxonomy":"product_tag","embeddable":true,"href":"https:\/\/alloraliving.com\/fr\/wp-json\/wp\/v2\/product_tag?post=6823"}],"curies":[{"name":"wp","href":"https:\/\/api.w.org\/{rel}","templated":true}]}}