{"id":6829,"date":"2024-11-17T11:59:40","date_gmt":"2024-11-17T10:59:40","guid":{"rendered":"https:\/\/alloraliving.com\/canape-dangle-6-places-favola\/"},"modified":"2025-02-11T08:36:38","modified_gmt":"2025-02-11T07:36:38","slug":"canape-dangle-6-places-favola","status":"publish","type":"product","link":"https:\/\/alloraliving.com\/fr\/canape-dangle-6-places-favola\/","title":{"rendered":"Canap\u00e9 d&rsquo;angle 6 places Favola"},"content":{"rendered":"","protected":false},"excerpt":{"rendered":"<p>Le canap\u00e9 d&rsquo;angle 6 places FAVOLA est une proposition cr\u00e9\u00e9e pour les int\u00e9rieurs spacieux, o\u00f9 l&rsquo;harmonie et le design \u00e9quilibr\u00e9 comptent. Des lignes douces et arrondies et des si\u00e8ges larges offrent le plus haut niveau de confort, cr\u00e9ant un lieu id\u00e9al pour la d\u00e9tente et la socialisation. La disposition des coins droits permet une utilisation optimale de l&rsquo;espace, conf\u00e9rant \u00e0 l&rsquo;int\u00e9rieur \u00e9l\u00e9gance et agencement fonctionnel.  <\/p>\n<p>Le rev\u00eatement en luxueux tissu velours fran\u00e7ais souligne le caract\u00e8re intemporel du meuble, offrant un jeu subtil de lumi\u00e8re et de texture. Le canap\u00e9 d&rsquo;angle FAVOLA est non seulement confortable, mais aussi un \u00e9l\u00e9ment de design unique qui s&rsquo;int\u00e8gre facilement dans diff\u00e9rents styles d&rsquo;int\u00e9rieur, du moderne au plus classique. <\/p>\n","protected":false},"featured_media":6838,"template":"","meta":[],"product_brand":[],"product_cat":[946,947,934],"product_tag":[],"class_list":{"0":"post-6829","1":"product","2":"type-product","3":"status-publish","4":"has-post-thumbnail","6":"product_cat-canapes","7":"product_cat-canapes-modulaires","8":"product_cat-collection-favola","9":"product_shipping_class-livraison-gratuite","11":"first","12":"instock","13":"taxable","14":"shipping-taxable","15":"purchasable","16":"product-type-variable","17":"has-default-attributes","18":"wvs-archive-product-wrapper"},"yoast_head":"<!-- This site is optimized with the Yoast SEO Premium plugin v26.8 (Yoast SEO v26.8) - https:\/\/yoast.com\/product\/yoast-seo-premium-wordpress\/ -->\n<title>Canap\u00e9 d&#039;angle 6 places Favola - AlloraLiving.com<\/title>\n<meta name=\"robots\" content=\"index, follow, max-snippet:-1, max-image-preview:large, max-video-preview:-1\" \/>\n<link rel=\"canonical\" href=\"https:\/\/alloraliving.com\/fr\/canape-dangle-6-places-favola\/\" \/>\n<meta property=\"og:locale\" content=\"fr_FR\" \/>\n<meta property=\"og:type\" content=\"article\" \/>\n<meta property=\"og:title\" content=\"Canap\u00e9 d&#039;angle 6 places Favola\" \/>\n<meta property=\"og:description\" content=\"Le canap\u00e9 d&#039;angle 6 places FAVOLA est une proposition cr\u00e9\u00e9e pour les int\u00e9rieurs spacieux, o\u00f9 l&#039;harmonie et le design \u00e9quilibr\u00e9 comptent. Des lignes douces et arrondies et des si\u00e8ges larges offrent le plus haut niveau de confort, cr\u00e9ant un lieu id\u00e9al pour la d\u00e9tente et la socialisation. La disposition des coins droits permet une utilisation optimale de l&#039;espace, conf\u00e9rant \u00e0 l&#039;int\u00e9rieur \u00e9l\u00e9gance et agencement fonctionnel.  Le rev\u00eatement en luxueux tissu velours fran\u00e7ais souligne le caract\u00e8re intemporel du meuble, offrant un jeu subtil de lumi\u00e8re et de texture. Le canap\u00e9 d&#039;angle FAVOLA est non seulement confortable, mais aussi un \u00e9l\u00e9ment de design unique qui s&#039;int\u00e8gre facilement dans diff\u00e9rents styles d&#039;int\u00e9rieur, du moderne au plus classique.\" \/>\n<meta property=\"og:url\" content=\"https:\/\/alloraliving.com\/fr\/canape-dangle-6-places-favola\/\" \/>\n<meta property=\"og:site_name\" content=\"AlloraLiving.com\" \/>\n<meta property=\"article:modified_time\" content=\"2025-02-11T07:36:38+00:00\" \/>\n<meta property=\"og:image\" content=\"https:\/\/alloraliving.com\/wp-content\/uploads\/1-duzy-kremowy-naroznik-lietra-u-do-salonu-favola-sand-cream.jpg\" \/>\n\t<meta property=\"og:image:width\" content=\"1600\" \/>\n\t<meta property=\"og:image:height\" content=\"1200\" \/>\n\t<meta property=\"og:image:type\" content=\"image\/jpeg\" \/>\n<meta name=\"twitter:card\" content=\"summary_large_image\" \/>\n<meta name=\"twitter:label1\" content=\"Disponibilit\u00e9\" \/>\n\t<meta name=\"twitter:data1\" content=\"En stock\" \/>\n<script type=\"application\/ld+json\" class=\"yoast-schema-graph\">{\"@context\":\"https:\/\/schema.org\",\"@graph\":[{\"@type\":[\"WebPage\",\"ItemPage\"],\"@id\":\"https:\/\/alloraliving.com\/fr\/canape-dangle-6-places-favola\/\",\"url\":\"https:\/\/alloraliving.com\/fr\/canape-dangle-6-places-favola\/\",\"name\":\"Canap\u00e9 d'angle 6 places Favola - AlloraLiving.com\",\"isPartOf\":{\"@id\":\"https:\/\/alloraliving.com\/fr\/#website\"},\"primaryImageOfPage\":{\"@id\":\"https:\/\/alloraliving.com\/fr\/canape-dangle-6-places-favola\/#primaryimage\"},\"image\":{\"@id\":\"https:\/\/alloraliving.com\/fr\/canape-dangle-6-places-favola\/#primaryimage\"},\"thumbnailUrl\":\"https:\/\/alloraliving.com\/wp-content\/uploads\/1-duzy-kremowy-naroznik-lietra-u-do-salonu-favola-sand-cream.jpg\",\"datePublished\":\"2024-11-17T10:59:40+00:00\",\"dateModified\":\"2025-02-11T07:36:38+00:00\",\"breadcrumb\":{\"@id\":\"https:\/\/alloraliving.com\/fr\/canape-dangle-6-places-favola\/#breadcrumb\"},\"inLanguage\":\"fr-FR\",\"potentialAction\":[{\"@type\":\"ReadAction\",\"target\":[\"https:\/\/alloraliving.com\/fr\/canape-dangle-6-places-favola\/\"]}]},{\"@type\":\"ImageObject\",\"inLanguage\":\"fr-FR\",\"@id\":\"https:\/\/alloraliving.com\/fr\/canape-dangle-6-places-favola\/#primaryimage\",\"url\":\"https:\/\/alloraliving.com\/wp-content\/uploads\/1-duzy-kremowy-naroznik-lietra-u-do-salonu-favola-sand-cream.jpg\",\"contentUrl\":\"https:\/\/alloraliving.com\/wp-content\/uploads\/1-duzy-kremowy-naroznik-lietra-u-do-salonu-favola-sand-cream.jpg\",\"width\":1600,\"height\":1200},{\"@type\":\"BreadcrumbList\",\"@id\":\"https:\/\/alloraliving.com\/fr\/canape-dangle-6-places-favola\/#breadcrumb\",\"itemListElement\":[{\"@type\":\"ListItem\",\"position\":1,\"name\":\"Strona g\u0142\u00f3wna\",\"item\":\"https:\/\/alloraliving.com\/fr\/\"},{\"@type\":\"ListItem\",\"position\":2,\"name\":\"Boutique\",\"item\":\"https:\/\/alloraliving.com\/fr\/?page_id=6496\"},{\"@type\":\"ListItem\",\"position\":3,\"name\":\"Canap\u00e9 d&#8217;angle 6 places Favola\"}]},{\"@type\":\"WebSite\",\"@id\":\"https:\/\/alloraliving.com\/fr\/#website\",\"url\":\"https:\/\/alloraliving.com\/fr\/\",\"name\":\"AlloraLiving.com\",\"description\":\"\",\"potentialAction\":[{\"@type\":\"SearchAction\",\"target\":{\"@type\":\"EntryPoint\",\"urlTemplate\":\"https:\/\/alloraliving.com\/fr\/?s={search_term_string}\"},\"query-input\":{\"@type\":\"PropertyValueSpecification\",\"valueRequired\":true,\"valueName\":\"search_term_string\"}}],\"inLanguage\":\"fr-FR\"}]}<\/script>\n<meta property=\"og:availability\" content=\"instock\" \/>\n<meta property=\"product:availability\" content=\"instock\" \/>\n<meta property=\"product:condition\" content=\"new\" \/>\n<!-- \/ Yoast SEO Premium plugin. -->","yoast_head_json":{"title":"Canap\u00e9 d'angle 6 places Favola - AlloraLiving.com","robots":{"index":"index","follow":"follow","max-snippet":"max-snippet:-1","max-image-preview":"max-image-preview:large","max-video-preview":"max-video-preview:-1"},"canonical":"https:\/\/alloraliving.com\/fr\/canape-dangle-6-places-favola\/","og_locale":"fr_FR","og_type":"article","og_title":"Canap\u00e9 d'angle 6 places Favola","og_description":"Le canap\u00e9 d'angle 6 places FAVOLA est une proposition cr\u00e9\u00e9e pour les int\u00e9rieurs spacieux, o\u00f9 l'harmonie et le design \u00e9quilibr\u00e9 comptent. Des lignes douces et arrondies et des si\u00e8ges larges offrent le plus haut niveau de confort, cr\u00e9ant un lieu id\u00e9al pour la d\u00e9tente et la socialisation. La disposition des coins droits permet une utilisation optimale de l'espace, conf\u00e9rant \u00e0 l'int\u00e9rieur \u00e9l\u00e9gance et agencement fonctionnel.  Le rev\u00eatement en luxueux tissu velours fran\u00e7ais souligne le caract\u00e8re intemporel du meuble, offrant un jeu subtil de lumi\u00e8re et de texture. Le canap\u00e9 d'angle FAVOLA est non seulement confortable, mais aussi un \u00e9l\u00e9ment de design unique qui s'int\u00e8gre facilement dans diff\u00e9rents styles d'int\u00e9rieur, du moderne au plus classique.","og_url":"https:\/\/alloraliving.com\/fr\/canape-dangle-6-places-favola\/","og_site_name":"AlloraLiving.com","article_modified_time":"2025-02-11T07:36:38+00:00","og_image":[{"width":1600,"height":1200,"url":"https:\/\/alloraliving.com\/wp-content\/uploads\/1-duzy-kremowy-naroznik-lietra-u-do-salonu-favola-sand-cream.jpg","type":"image\/jpeg"}],"twitter_card":"summary_large_image","twitter_misc":{"Disponibilit\u00e9":"En stock"},"schema":{"@context":"https:\/\/schema.org","@graph":[{"@type":["WebPage","ItemPage"],"@id":"https:\/\/alloraliving.com\/fr\/canape-dangle-6-places-favola\/","url":"https:\/\/alloraliving.com\/fr\/canape-dangle-6-places-favola\/","name":"Canap\u00e9 d'angle 6 places Favola - AlloraLiving.com","isPartOf":{"@id":"https:\/\/alloraliving.com\/fr\/#website"},"primaryImageOfPage":{"@id":"https:\/\/alloraliving.com\/fr\/canape-dangle-6-places-favola\/#primaryimage"},"image":{"@id":"https:\/\/alloraliving.com\/fr\/canape-dangle-6-places-favola\/#primaryimage"},"thumbnailUrl":"https:\/\/alloraliving.com\/wp-content\/uploads\/1-duzy-kremowy-naroznik-lietra-u-do-salonu-favola-sand-cream.jpg","datePublished":"2024-11-17T10:59:40+00:00","dateModified":"2025-02-11T07:36:38+00:00","breadcrumb":{"@id":"https:\/\/alloraliving.com\/fr\/canape-dangle-6-places-favola\/#breadcrumb"},"inLanguage":"fr-FR","potentialAction":[{"@type":"ReadAction","target":["https:\/\/alloraliving.com\/fr\/canape-dangle-6-places-favola\/"]}]},{"@type":"ImageObject","inLanguage":"fr-FR","@id":"https:\/\/alloraliving.com\/fr\/canape-dangle-6-places-favola\/#primaryimage","url":"https:\/\/alloraliving.com\/wp-content\/uploads\/1-duzy-kremowy-naroznik-lietra-u-do-salonu-favola-sand-cream.jpg","contentUrl":"https:\/\/alloraliving.com\/wp-content\/uploads\/1-duzy-kremowy-naroznik-lietra-u-do-salonu-favola-sand-cream.jpg","width":1600,"height":1200},{"@type":"BreadcrumbList","@id":"https:\/\/alloraliving.com\/fr\/canape-dangle-6-places-favola\/#breadcrumb","itemListElement":[{"@type":"ListItem","position":1,"name":"Strona g\u0142\u00f3wna","item":"https:\/\/alloraliving.com\/fr\/"},{"@type":"ListItem","position":2,"name":"Boutique","item":"https:\/\/alloraliving.com\/fr\/?page_id=6496"},{"@type":"ListItem","position":3,"name":"Canap\u00e9 d&#8217;angle 6 places Favola"}]},{"@type":"WebSite","@id":"https:\/\/alloraliving.com\/fr\/#website","url":"https:\/\/alloraliving.com\/fr\/","name":"AlloraLiving.com","description":"","potentialAction":[{"@type":"SearchAction","target":{"@type":"EntryPoint","urlTemplate":"https:\/\/alloraliving.com\/fr\/?s={search_term_string}"},"query-input":{"@type":"PropertyValueSpecification","valueRequired":true,"valueName":"search_term_string"}}],"inLanguage":"fr-FR"}]},"og_availability":"instock","product_availability":"instock","product_condition":"new"},"_links":{"self":[{"href":"https:\/\/alloraliving.com\/fr\/wp-json\/wp\/v2\/product\/6829","targetHints":{"allow":["GET"]}}],"collection":[{"href":"https:\/\/alloraliving.com\/fr\/wp-json\/wp\/v2\/product"}],"about":[{"href":"https:\/\/alloraliving.com\/fr\/wp-json\/wp\/v2\/types\/product"}],"wp:featuredmedia":[{"embeddable":true,"href":"https:\/\/alloraliving.com\/fr\/wp-json\/wp\/v2\/media\/6838"}],"wp:attachment":[{"href":"https:\/\/alloraliving.com\/fr\/wp-json\/wp\/v2\/media?parent=6829"}],"wp:term":[{"taxonomy":"product_brand","embeddable":true,"href":"https:\/\/alloraliving.com\/fr\/wp-json\/wp\/v2\/product_brand?post=6829"},{"taxonomy":"product_cat","embeddable":true,"href":"https:\/\/alloraliving.com\/fr\/wp-json\/wp\/v2\/product_cat?post=6829"},{"taxonomy":"product_tag","embeddable":true,"href":"https:\/\/alloraliving.com\/fr\/wp-json\/wp\/v2\/product_tag?post=6829"}],"curies":[{"name":"wp","href":"https:\/\/api.w.org\/{rel}","templated":true}]}}