{"id":6836,"date":"2024-10-28T11:09:52","date_gmt":"2024-10-28T10:09:52","guid":{"rendered":"https:\/\/alloraliving.com\/element-simple-favola\/"},"modified":"2025-02-11T08:36:38","modified_gmt":"2025-02-11T07:36:38","slug":"element-simple-favola","status":"publish","type":"product","link":"https:\/\/alloraliving.com\/fr\/element-simple-favola\/","title":{"rendered":"\u00c9l\u00e9ment simple Favola"},"content":{"rendered":"","protected":false},"excerpt":{"rendered":"<p>L&rsquo;\u00e9l\u00e9ment droit FAVOLA est un module polyvalent qui s&rsquo;int\u00e8gre parfaitement dans diff\u00e9rentes configurations de meubles. Sa forme simple mais \u00e9l\u00e9gante compl\u00e8te parfaitement le si\u00e8ge confortable et doux, offrant un confort au quotidien. Ce module est con\u00e7u pour s&rsquo;adapter \u00e0 n&rsquo;importe quel espace, ajoutant une sensation \u00e0 la fois chaleureuse et intemporelle.  <\/p>\n<p>Vous pouvez le combiner librement avec d&rsquo;autres \u00e9l\u00e9ments de la collection FAVOLA, comme une chaise longue, des canap\u00e9s d&rsquo;angle ou des poufs, cr\u00e9ant ainsi un espace parfaitement adapt\u00e9 \u00e0 votre style et \u00e0 vos besoins. La collection FAVOLA offre des possibilit\u00e9s d\u2019agencement infinies et incroyablement faciles \u00e0 personnaliser. <\/p>\n","protected":false},"featured_media":6846,"template":"","meta":[],"product_brand":[],"product_cat":[946,947,934],"product_tag":[],"class_list":{"0":"post-6836","1":"product","2":"type-product","3":"status-publish","4":"has-post-thumbnail","6":"product_cat-canapes","7":"product_cat-canapes-modulaires","8":"product_cat-collection-favola","9":"product_shipping_class-livraison-gratuite","11":"first","12":"instock","13":"taxable","14":"shipping-taxable","15":"purchasable","16":"product-type-variable","17":"has-default-attributes","18":"wvs-archive-product-wrapper"},"yoast_head":"<!-- This site is optimized with the Yoast SEO Premium plugin v26.8 (Yoast SEO v26.8) - https:\/\/yoast.com\/product\/yoast-seo-premium-wordpress\/ -->\n<title>\u00c9l\u00e9ment simple Favola - AlloraLiving.com<\/title>\n<meta name=\"robots\" content=\"index, follow, max-snippet:-1, max-image-preview:large, max-video-preview:-1\" \/>\n<link rel=\"canonical\" href=\"https:\/\/alloraliving.com\/fr\/element-simple-favola\/\" \/>\n<meta property=\"og:locale\" content=\"fr_FR\" \/>\n<meta property=\"og:type\" content=\"article\" \/>\n<meta property=\"og:title\" content=\"\u00c9l\u00e9ment simple Favola\" \/>\n<meta property=\"og:description\" content=\"L&#039;\u00e9l\u00e9ment droit FAVOLA est un module polyvalent qui s&#039;int\u00e8gre parfaitement dans diff\u00e9rentes configurations de meubles. Sa forme simple mais \u00e9l\u00e9gante compl\u00e8te parfaitement le si\u00e8ge confortable et doux, offrant un confort au quotidien. Ce module est con\u00e7u pour s&#039;adapter \u00e0 n&#039;importe quel espace, ajoutant une sensation \u00e0 la fois chaleureuse et intemporelle.  Vous pouvez le combiner librement avec d&#039;autres \u00e9l\u00e9ments de la collection FAVOLA, comme une chaise longue, des canap\u00e9s d&#039;angle ou des poufs, cr\u00e9ant ainsi un espace parfaitement adapt\u00e9 \u00e0 votre style et \u00e0 vos besoins. La collection FAVOLA offre des possibilit\u00e9s d\u2019agencement infinies et incroyablement faciles \u00e0 personnaliser.\" \/>\n<meta property=\"og:url\" content=\"https:\/\/alloraliving.com\/fr\/element-simple-favola\/\" \/>\n<meta property=\"og:site_name\" content=\"AlloraLiving.com\" \/>\n<meta property=\"article:modified_time\" content=\"2025-02-11T07:36:38+00:00\" \/>\n<meta property=\"og:image\" content=\"https:\/\/alloraliving.com\/wp-content\/uploads\/4-prosty-element-sofy-modulowej-favola-sand-cream.jpg\" \/>\n\t<meta property=\"og:image:width\" content=\"1600\" \/>\n\t<meta property=\"og:image:height\" content=\"1200\" \/>\n\t<meta property=\"og:image:type\" content=\"image\/jpeg\" \/>\n<meta name=\"twitter:card\" content=\"summary_large_image\" \/>\n<meta name=\"twitter:label1\" content=\"Disponibilit\u00e9\" \/>\n\t<meta name=\"twitter:data1\" content=\"En stock\" \/>\n<script type=\"application\/ld+json\" class=\"yoast-schema-graph\">{\"@context\":\"https:\/\/schema.org\",\"@graph\":[{\"@type\":[\"WebPage\",\"ItemPage\"],\"@id\":\"https:\/\/alloraliving.com\/fr\/element-simple-favola\/\",\"url\":\"https:\/\/alloraliving.com\/fr\/element-simple-favola\/\",\"name\":\"\u00c9l\u00e9ment simple Favola - AlloraLiving.com\",\"isPartOf\":{\"@id\":\"https:\/\/alloraliving.com\/fr\/#website\"},\"primaryImageOfPage\":{\"@id\":\"https:\/\/alloraliving.com\/fr\/element-simple-favola\/#primaryimage\"},\"image\":{\"@id\":\"https:\/\/alloraliving.com\/fr\/element-simple-favola\/#primaryimage\"},\"thumbnailUrl\":\"https:\/\/alloraliving.com\/wp-content\/uploads\/4-prosty-element-sofy-modulowej-favola-sand-cream.jpg\",\"datePublished\":\"2024-10-28T10:09:52+00:00\",\"dateModified\":\"2025-02-11T07:36:38+00:00\",\"breadcrumb\":{\"@id\":\"https:\/\/alloraliving.com\/fr\/element-simple-favola\/#breadcrumb\"},\"inLanguage\":\"fr-FR\",\"potentialAction\":[{\"@type\":\"ReadAction\",\"target\":[\"https:\/\/alloraliving.com\/fr\/element-simple-favola\/\"]}]},{\"@type\":\"ImageObject\",\"inLanguage\":\"fr-FR\",\"@id\":\"https:\/\/alloraliving.com\/fr\/element-simple-favola\/#primaryimage\",\"url\":\"https:\/\/alloraliving.com\/wp-content\/uploads\/4-prosty-element-sofy-modulowej-favola-sand-cream.jpg\",\"contentUrl\":\"https:\/\/alloraliving.com\/wp-content\/uploads\/4-prosty-element-sofy-modulowej-favola-sand-cream.jpg\",\"width\":1600,\"height\":1200},{\"@type\":\"BreadcrumbList\",\"@id\":\"https:\/\/alloraliving.com\/fr\/element-simple-favola\/#breadcrumb\",\"itemListElement\":[{\"@type\":\"ListItem\",\"position\":1,\"name\":\"Strona g\u0142\u00f3wna\",\"item\":\"https:\/\/alloraliving.com\/fr\/\"},{\"@type\":\"ListItem\",\"position\":2,\"name\":\"Boutique\",\"item\":\"https:\/\/alloraliving.com\/fr\/?page_id=6496\"},{\"@type\":\"ListItem\",\"position\":3,\"name\":\"\u00c9l\u00e9ment simple Favola\"}]},{\"@type\":\"WebSite\",\"@id\":\"https:\/\/alloraliving.com\/fr\/#website\",\"url\":\"https:\/\/alloraliving.com\/fr\/\",\"name\":\"AlloraLiving.com\",\"description\":\"\",\"potentialAction\":[{\"@type\":\"SearchAction\",\"target\":{\"@type\":\"EntryPoint\",\"urlTemplate\":\"https:\/\/alloraliving.com\/fr\/?s={search_term_string}\"},\"query-input\":{\"@type\":\"PropertyValueSpecification\",\"valueRequired\":true,\"valueName\":\"search_term_string\"}}],\"inLanguage\":\"fr-FR\"}]}<\/script>\n<meta property=\"og:availability\" content=\"instock\" \/>\n<meta property=\"product:availability\" content=\"instock\" \/>\n<meta property=\"product:condition\" content=\"new\" \/>\n<!-- \/ Yoast SEO Premium plugin. -->","yoast_head_json":{"title":"\u00c9l\u00e9ment simple Favola - AlloraLiving.com","robots":{"index":"index","follow":"follow","max-snippet":"max-snippet:-1","max-image-preview":"max-image-preview:large","max-video-preview":"max-video-preview:-1"},"canonical":"https:\/\/alloraliving.com\/fr\/element-simple-favola\/","og_locale":"fr_FR","og_type":"article","og_title":"\u00c9l\u00e9ment simple Favola","og_description":"L'\u00e9l\u00e9ment droit FAVOLA est un module polyvalent qui s'int\u00e8gre parfaitement dans diff\u00e9rentes configurations de meubles. Sa forme simple mais \u00e9l\u00e9gante compl\u00e8te parfaitement le si\u00e8ge confortable et doux, offrant un confort au quotidien. Ce module est con\u00e7u pour s'adapter \u00e0 n'importe quel espace, ajoutant une sensation \u00e0 la fois chaleureuse et intemporelle.  Vous pouvez le combiner librement avec d'autres \u00e9l\u00e9ments de la collection FAVOLA, comme une chaise longue, des canap\u00e9s d'angle ou des poufs, cr\u00e9ant ainsi un espace parfaitement adapt\u00e9 \u00e0 votre style et \u00e0 vos besoins. La collection FAVOLA offre des possibilit\u00e9s d\u2019agencement infinies et incroyablement faciles \u00e0 personnaliser.","og_url":"https:\/\/alloraliving.com\/fr\/element-simple-favola\/","og_site_name":"AlloraLiving.com","article_modified_time":"2025-02-11T07:36:38+00:00","og_image":[{"width":1600,"height":1200,"url":"https:\/\/alloraliving.com\/wp-content\/uploads\/4-prosty-element-sofy-modulowej-favola-sand-cream.jpg","type":"image\/jpeg"}],"twitter_card":"summary_large_image","twitter_misc":{"Disponibilit\u00e9":"En stock"},"schema":{"@context":"https:\/\/schema.org","@graph":[{"@type":["WebPage","ItemPage"],"@id":"https:\/\/alloraliving.com\/fr\/element-simple-favola\/","url":"https:\/\/alloraliving.com\/fr\/element-simple-favola\/","name":"\u00c9l\u00e9ment simple Favola - AlloraLiving.com","isPartOf":{"@id":"https:\/\/alloraliving.com\/fr\/#website"},"primaryImageOfPage":{"@id":"https:\/\/alloraliving.com\/fr\/element-simple-favola\/#primaryimage"},"image":{"@id":"https:\/\/alloraliving.com\/fr\/element-simple-favola\/#primaryimage"},"thumbnailUrl":"https:\/\/alloraliving.com\/wp-content\/uploads\/4-prosty-element-sofy-modulowej-favola-sand-cream.jpg","datePublished":"2024-10-28T10:09:52+00:00","dateModified":"2025-02-11T07:36:38+00:00","breadcrumb":{"@id":"https:\/\/alloraliving.com\/fr\/element-simple-favola\/#breadcrumb"},"inLanguage":"fr-FR","potentialAction":[{"@type":"ReadAction","target":["https:\/\/alloraliving.com\/fr\/element-simple-favola\/"]}]},{"@type":"ImageObject","inLanguage":"fr-FR","@id":"https:\/\/alloraliving.com\/fr\/element-simple-favola\/#primaryimage","url":"https:\/\/alloraliving.com\/wp-content\/uploads\/4-prosty-element-sofy-modulowej-favola-sand-cream.jpg","contentUrl":"https:\/\/alloraliving.com\/wp-content\/uploads\/4-prosty-element-sofy-modulowej-favola-sand-cream.jpg","width":1600,"height":1200},{"@type":"BreadcrumbList","@id":"https:\/\/alloraliving.com\/fr\/element-simple-favola\/#breadcrumb","itemListElement":[{"@type":"ListItem","position":1,"name":"Strona g\u0142\u00f3wna","item":"https:\/\/alloraliving.com\/fr\/"},{"@type":"ListItem","position":2,"name":"Boutique","item":"https:\/\/alloraliving.com\/fr\/?page_id=6496"},{"@type":"ListItem","position":3,"name":"\u00c9l\u00e9ment simple Favola"}]},{"@type":"WebSite","@id":"https:\/\/alloraliving.com\/fr\/#website","url":"https:\/\/alloraliving.com\/fr\/","name":"AlloraLiving.com","description":"","potentialAction":[{"@type":"SearchAction","target":{"@type":"EntryPoint","urlTemplate":"https:\/\/alloraliving.com\/fr\/?s={search_term_string}"},"query-input":{"@type":"PropertyValueSpecification","valueRequired":true,"valueName":"search_term_string"}}],"inLanguage":"fr-FR"}]},"og_availability":"instock","product_availability":"instock","product_condition":"new"},"_links":{"self":[{"href":"https:\/\/alloraliving.com\/fr\/wp-json\/wp\/v2\/product\/6836","targetHints":{"allow":["GET"]}}],"collection":[{"href":"https:\/\/alloraliving.com\/fr\/wp-json\/wp\/v2\/product"}],"about":[{"href":"https:\/\/alloraliving.com\/fr\/wp-json\/wp\/v2\/types\/product"}],"wp:featuredmedia":[{"embeddable":true,"href":"https:\/\/alloraliving.com\/fr\/wp-json\/wp\/v2\/media\/6846"}],"wp:attachment":[{"href":"https:\/\/alloraliving.com\/fr\/wp-json\/wp\/v2\/media?parent=6836"}],"wp:term":[{"taxonomy":"product_brand","embeddable":true,"href":"https:\/\/alloraliving.com\/fr\/wp-json\/wp\/v2\/product_brand?post=6836"},{"taxonomy":"product_cat","embeddable":true,"href":"https:\/\/alloraliving.com\/fr\/wp-json\/wp\/v2\/product_cat?post=6836"},{"taxonomy":"product_tag","embeddable":true,"href":"https:\/\/alloraliving.com\/fr\/wp-json\/wp\/v2\/product_tag?post=6836"}],"curies":[{"name":"wp","href":"https:\/\/api.w.org\/{rel}","templated":true}]}}