{"id":6905,"date":"2024-11-18T10:21:51","date_gmt":"2024-11-18T09:21:51","guid":{"rendered":"https:\/\/alloraliving.com\/canape-6-places-favola-avec-pouf-etroit\/"},"modified":"2025-02-11T08:36:40","modified_gmt":"2025-02-11T07:36:40","slug":"canape-6-places-favola-avec-pouf-etroit","status":"publish","type":"product","link":"https:\/\/alloraliving.com\/fr\/canape-6-places-favola-avec-pouf-etroit\/","title":{"rendered":"Canap\u00e9 6 places Favola avec pouf \u00e9troit"},"content":{"rendered":"","protected":false},"excerpt":{"rendered":"<p>Le canap\u00e9 6 places FAVOLA avec pouf est une proposition pour les int\u00e9rieurs spacieux o\u00f9 le confort et la flexibilit\u00e9 d&rsquo;agencement sont importants. L&rsquo;utilisation de nombreux \u00e9l\u00e9ments permet de cr\u00e9er une zone de d\u00e9tente diversifi\u00e9e, fonctionnant aussi bien dans les espaces priv\u00e9s que publics. <\/p>\n<p>La collection FAVOLA, inspir\u00e9e du \u00abvivere la favola\u00bb italien, offre la libert\u00e9 de fa\u00e7onner l&rsquo;espace en fonction des besoins individuels. Chaque \u00e9l\u00e9ment s&rsquo;harmonise avec les autres, cr\u00e9ant une atmosph\u00e8re dans laquelle l&rsquo;\u00e9l\u00e9gance et la fonctionnalit\u00e9 restent en parfait \u00e9quilibre. <\/p>\n","protected":false},"featured_media":6935,"template":"","meta":[],"product_brand":[],"product_cat":[946,947,934],"product_tag":[],"class_list":{"0":"post-6905","1":"product","2":"type-product","3":"status-publish","4":"has-post-thumbnail","6":"product_cat-canapes","7":"product_cat-canapes-modulaires","8":"product_cat-collection-favola","9":"product_shipping_class-livraison-gratuite","11":"first","12":"instock","13":"taxable","14":"shipping-taxable","15":"purchasable","16":"product-type-variable","17":"has-default-attributes","18":"wvs-archive-product-wrapper"},"yoast_head":"<!-- This site is optimized with the Yoast SEO Premium plugin v26.8 (Yoast SEO v26.8) - https:\/\/yoast.com\/product\/yoast-seo-premium-wordpress\/ -->\n<title>Canap\u00e9 6 places Favola avec pouf \u00e9troit - AlloraLiving.com<\/title>\n<meta name=\"robots\" content=\"index, follow, max-snippet:-1, max-image-preview:large, max-video-preview:-1\" \/>\n<link rel=\"canonical\" href=\"https:\/\/alloraliving.com\/fr\/canape-6-places-favola-avec-pouf-etroit\/\" \/>\n<meta property=\"og:locale\" content=\"fr_FR\" \/>\n<meta property=\"og:type\" content=\"article\" \/>\n<meta property=\"og:title\" content=\"Canap\u00e9 6 places Favola avec pouf \u00e9troit\" \/>\n<meta property=\"og:description\" content=\"Le canap\u00e9 6 places FAVOLA avec pouf est une proposition pour les int\u00e9rieurs spacieux o\u00f9 le confort et la flexibilit\u00e9 d&#039;agencement sont importants. L&#039;utilisation de nombreux \u00e9l\u00e9ments permet de cr\u00e9er une zone de d\u00e9tente diversifi\u00e9e, fonctionnant aussi bien dans les espaces priv\u00e9s que publics.  La collection FAVOLA, inspir\u00e9e du \u00abvivere la favola\u00bb italien, offre la libert\u00e9 de fa\u00e7onner l&#039;espace en fonction des besoins individuels. Chaque \u00e9l\u00e9ment s&#039;harmonise avec les autres, cr\u00e9ant une atmosph\u00e8re dans laquelle l&#039;\u00e9l\u00e9gance et la fonctionnalit\u00e9 restent en parfait \u00e9quilibre.\" \/>\n<meta property=\"og:url\" content=\"https:\/\/alloraliving.com\/fr\/canape-6-places-favola-avec-pouf-etroit\/\" \/>\n<meta property=\"og:site_name\" content=\"AlloraLiving.com\" \/>\n<meta property=\"article:modified_time\" content=\"2025-02-11T07:36:40+00:00\" \/>\n<meta property=\"og:image\" content=\"https:\/\/alloraliving.com\/wp-content\/uploads\/4-duza-kremowa-kanapa-narozna-do-salonu-6-osobowa-favola-sand-cream-1.jpg\" \/>\n\t<meta property=\"og:image:width\" content=\"1600\" \/>\n\t<meta property=\"og:image:height\" content=\"1200\" \/>\n\t<meta property=\"og:image:type\" content=\"image\/jpeg\" \/>\n<meta name=\"twitter:card\" content=\"summary_large_image\" \/>\n<meta name=\"twitter:label1\" content=\"Disponibilit\u00e9\" \/>\n\t<meta name=\"twitter:data1\" content=\"En stock\" \/>\n<script type=\"application\/ld+json\" class=\"yoast-schema-graph\">{\"@context\":\"https:\/\/schema.org\",\"@graph\":[{\"@type\":[\"WebPage\",\"ItemPage\"],\"@id\":\"https:\/\/alloraliving.com\/fr\/canape-6-places-favola-avec-pouf-etroit\/\",\"url\":\"https:\/\/alloraliving.com\/fr\/canape-6-places-favola-avec-pouf-etroit\/\",\"name\":\"Canap\u00e9 6 places Favola avec pouf \u00e9troit - AlloraLiving.com\",\"isPartOf\":{\"@id\":\"https:\/\/alloraliving.com\/fr\/#website\"},\"primaryImageOfPage\":{\"@id\":\"https:\/\/alloraliving.com\/fr\/canape-6-places-favola-avec-pouf-etroit\/#primaryimage\"},\"image\":{\"@id\":\"https:\/\/alloraliving.com\/fr\/canape-6-places-favola-avec-pouf-etroit\/#primaryimage\"},\"thumbnailUrl\":\"https:\/\/alloraliving.com\/wp-content\/uploads\/4-duza-kremowa-kanapa-narozna-do-salonu-6-osobowa-favola-sand-cream-1.jpg\",\"datePublished\":\"2024-11-18T09:21:51+00:00\",\"dateModified\":\"2025-02-11T07:36:40+00:00\",\"breadcrumb\":{\"@id\":\"https:\/\/alloraliving.com\/fr\/canape-6-places-favola-avec-pouf-etroit\/#breadcrumb\"},\"inLanguage\":\"fr-FR\",\"potentialAction\":[{\"@type\":\"ReadAction\",\"target\":[\"https:\/\/alloraliving.com\/fr\/canape-6-places-favola-avec-pouf-etroit\/\"]}]},{\"@type\":\"ImageObject\",\"inLanguage\":\"fr-FR\",\"@id\":\"https:\/\/alloraliving.com\/fr\/canape-6-places-favola-avec-pouf-etroit\/#primaryimage\",\"url\":\"https:\/\/alloraliving.com\/wp-content\/uploads\/4-duza-kremowa-kanapa-narozna-do-salonu-6-osobowa-favola-sand-cream-1.jpg\",\"contentUrl\":\"https:\/\/alloraliving.com\/wp-content\/uploads\/4-duza-kremowa-kanapa-narozna-do-salonu-6-osobowa-favola-sand-cream-1.jpg\",\"width\":1600,\"height\":1200},{\"@type\":\"BreadcrumbList\",\"@id\":\"https:\/\/alloraliving.com\/fr\/canape-6-places-favola-avec-pouf-etroit\/#breadcrumb\",\"itemListElement\":[{\"@type\":\"ListItem\",\"position\":1,\"name\":\"Strona g\u0142\u00f3wna\",\"item\":\"https:\/\/alloraliving.com\/fr\/\"},{\"@type\":\"ListItem\",\"position\":2,\"name\":\"Boutique\",\"item\":\"https:\/\/alloraliving.com\/fr\/?page_id=6496\"},{\"@type\":\"ListItem\",\"position\":3,\"name\":\"Canap\u00e9 6 places Favola avec pouf \u00e9troit\"}]},{\"@type\":\"WebSite\",\"@id\":\"https:\/\/alloraliving.com\/fr\/#website\",\"url\":\"https:\/\/alloraliving.com\/fr\/\",\"name\":\"AlloraLiving.com\",\"description\":\"\",\"potentialAction\":[{\"@type\":\"SearchAction\",\"target\":{\"@type\":\"EntryPoint\",\"urlTemplate\":\"https:\/\/alloraliving.com\/fr\/?s={search_term_string}\"},\"query-input\":{\"@type\":\"PropertyValueSpecification\",\"valueRequired\":true,\"valueName\":\"search_term_string\"}}],\"inLanguage\":\"fr-FR\"}]}<\/script>\n<meta property=\"og:availability\" content=\"instock\" \/>\n<meta property=\"product:availability\" content=\"instock\" \/>\n<meta property=\"product:condition\" content=\"new\" \/>\n<!-- \/ Yoast SEO Premium plugin. -->","yoast_head_json":{"title":"Canap\u00e9 6 places Favola avec pouf \u00e9troit - AlloraLiving.com","robots":{"index":"index","follow":"follow","max-snippet":"max-snippet:-1","max-image-preview":"max-image-preview:large","max-video-preview":"max-video-preview:-1"},"canonical":"https:\/\/alloraliving.com\/fr\/canape-6-places-favola-avec-pouf-etroit\/","og_locale":"fr_FR","og_type":"article","og_title":"Canap\u00e9 6 places Favola avec pouf \u00e9troit","og_description":"Le canap\u00e9 6 places FAVOLA avec pouf est une proposition pour les int\u00e9rieurs spacieux o\u00f9 le confort et la flexibilit\u00e9 d'agencement sont importants. L'utilisation de nombreux \u00e9l\u00e9ments permet de cr\u00e9er une zone de d\u00e9tente diversifi\u00e9e, fonctionnant aussi bien dans les espaces priv\u00e9s que publics.  La collection FAVOLA, inspir\u00e9e du \u00abvivere la favola\u00bb italien, offre la libert\u00e9 de fa\u00e7onner l'espace en fonction des besoins individuels. Chaque \u00e9l\u00e9ment s'harmonise avec les autres, cr\u00e9ant une atmosph\u00e8re dans laquelle l'\u00e9l\u00e9gance et la fonctionnalit\u00e9 restent en parfait \u00e9quilibre.","og_url":"https:\/\/alloraliving.com\/fr\/canape-6-places-favola-avec-pouf-etroit\/","og_site_name":"AlloraLiving.com","article_modified_time":"2025-02-11T07:36:40+00:00","og_image":[{"width":1600,"height":1200,"url":"https:\/\/alloraliving.com\/wp-content\/uploads\/4-duza-kremowa-kanapa-narozna-do-salonu-6-osobowa-favola-sand-cream-1.jpg","type":"image\/jpeg"}],"twitter_card":"summary_large_image","twitter_misc":{"Disponibilit\u00e9":"En stock"},"schema":{"@context":"https:\/\/schema.org","@graph":[{"@type":["WebPage","ItemPage"],"@id":"https:\/\/alloraliving.com\/fr\/canape-6-places-favola-avec-pouf-etroit\/","url":"https:\/\/alloraliving.com\/fr\/canape-6-places-favola-avec-pouf-etroit\/","name":"Canap\u00e9 6 places Favola avec pouf \u00e9troit - AlloraLiving.com","isPartOf":{"@id":"https:\/\/alloraliving.com\/fr\/#website"},"primaryImageOfPage":{"@id":"https:\/\/alloraliving.com\/fr\/canape-6-places-favola-avec-pouf-etroit\/#primaryimage"},"image":{"@id":"https:\/\/alloraliving.com\/fr\/canape-6-places-favola-avec-pouf-etroit\/#primaryimage"},"thumbnailUrl":"https:\/\/alloraliving.com\/wp-content\/uploads\/4-duza-kremowa-kanapa-narozna-do-salonu-6-osobowa-favola-sand-cream-1.jpg","datePublished":"2024-11-18T09:21:51+00:00","dateModified":"2025-02-11T07:36:40+00:00","breadcrumb":{"@id":"https:\/\/alloraliving.com\/fr\/canape-6-places-favola-avec-pouf-etroit\/#breadcrumb"},"inLanguage":"fr-FR","potentialAction":[{"@type":"ReadAction","target":["https:\/\/alloraliving.com\/fr\/canape-6-places-favola-avec-pouf-etroit\/"]}]},{"@type":"ImageObject","inLanguage":"fr-FR","@id":"https:\/\/alloraliving.com\/fr\/canape-6-places-favola-avec-pouf-etroit\/#primaryimage","url":"https:\/\/alloraliving.com\/wp-content\/uploads\/4-duza-kremowa-kanapa-narozna-do-salonu-6-osobowa-favola-sand-cream-1.jpg","contentUrl":"https:\/\/alloraliving.com\/wp-content\/uploads\/4-duza-kremowa-kanapa-narozna-do-salonu-6-osobowa-favola-sand-cream-1.jpg","width":1600,"height":1200},{"@type":"BreadcrumbList","@id":"https:\/\/alloraliving.com\/fr\/canape-6-places-favola-avec-pouf-etroit\/#breadcrumb","itemListElement":[{"@type":"ListItem","position":1,"name":"Strona g\u0142\u00f3wna","item":"https:\/\/alloraliving.com\/fr\/"},{"@type":"ListItem","position":2,"name":"Boutique","item":"https:\/\/alloraliving.com\/fr\/?page_id=6496"},{"@type":"ListItem","position":3,"name":"Canap\u00e9 6 places Favola avec pouf \u00e9troit"}]},{"@type":"WebSite","@id":"https:\/\/alloraliving.com\/fr\/#website","url":"https:\/\/alloraliving.com\/fr\/","name":"AlloraLiving.com","description":"","potentialAction":[{"@type":"SearchAction","target":{"@type":"EntryPoint","urlTemplate":"https:\/\/alloraliving.com\/fr\/?s={search_term_string}"},"query-input":{"@type":"PropertyValueSpecification","valueRequired":true,"valueName":"search_term_string"}}],"inLanguage":"fr-FR"}]},"og_availability":"instock","product_availability":"instock","product_condition":"new"},"_links":{"self":[{"href":"https:\/\/alloraliving.com\/fr\/wp-json\/wp\/v2\/product\/6905","targetHints":{"allow":["GET"]}}],"collection":[{"href":"https:\/\/alloraliving.com\/fr\/wp-json\/wp\/v2\/product"}],"about":[{"href":"https:\/\/alloraliving.com\/fr\/wp-json\/wp\/v2\/types\/product"}],"wp:featuredmedia":[{"embeddable":true,"href":"https:\/\/alloraliving.com\/fr\/wp-json\/wp\/v2\/media\/6935"}],"wp:attachment":[{"href":"https:\/\/alloraliving.com\/fr\/wp-json\/wp\/v2\/media?parent=6905"}],"wp:term":[{"taxonomy":"product_brand","embeddable":true,"href":"https:\/\/alloraliving.com\/fr\/wp-json\/wp\/v2\/product_brand?post=6905"},{"taxonomy":"product_cat","embeddable":true,"href":"https:\/\/alloraliving.com\/fr\/wp-json\/wp\/v2\/product_cat?post=6905"},{"taxonomy":"product_tag","embeddable":true,"href":"https:\/\/alloraliving.com\/fr\/wp-json\/wp\/v2\/product_tag?post=6905"}],"curies":[{"name":"wp","href":"https:\/\/api.w.org\/{rel}","templated":true}]}}