{"id":6959,"date":"2024-11-17T10:09:08","date_gmt":"2024-11-17T09:09:08","guid":{"rendered":"https:\/\/alloraliving.com\/element-dangle-favola\/"},"modified":"2025-02-11T08:36:42","modified_gmt":"2025-02-11T07:36:42","slug":"element-dangle-favola","status":"publish","type":"product","link":"https:\/\/alloraliving.com\/fr\/element-dangle-favola\/","title":{"rendered":"\u00c9l\u00e9ment d&rsquo;angle Favola"},"content":{"rendered":"","protected":false},"excerpt":{"rendered":"<p>L&rsquo;\u00e9l\u00e9ment d&rsquo;angle FAVOLA est un module cl\u00e9 qui permet de relier en douceur d&rsquo;autres parties de la collection \u00e0 angle droit, permettant ainsi de cr\u00e9er des compositions parfaitement adapt\u00e9es aux besoins de l&rsquo;espace am\u00e9nag\u00e9. Ses lignes douces et arrondies et son assise large garantissent non seulement du confort, mais aussi un look subtil et \u00e9l\u00e9gant. <\/p>\n<p>Ce module, comme toute la collection FAVOLA, se distingue par son rev\u00eatement en velours fran\u00e7ais exclusif, qui conf\u00e8re \u00e0 l&rsquo;int\u00e9rieur un caract\u00e8re luxueux. Chez Allora Living, nous s\u00e9lectionnons les tissus avec le plus grand soin, guid\u00e9s par leur qualit\u00e9 et leur fonctionnalit\u00e9 \u2013 le velours fran\u00e7ais impressionne non seulement par son aspect \u00e9l\u00e9gant, mais aussi par ses propri\u00e9t\u00e9s uniques, telles que la r\u00e9sistance \u00e0 l&rsquo;abrasion, la r\u00e9sistance au feu et la facilit\u00e9 d&rsquo;entretien gr\u00e2ce \u00e0 un rev\u00eatement qui limite l&rsquo;absorption des liquides. <\/p>\n","protected":false},"featured_media":6963,"template":"","meta":[],"product_brand":[],"product_cat":[946,947,934],"product_tag":[],"class_list":{"0":"post-6959","1":"product","2":"type-product","3":"status-publish","4":"has-post-thumbnail","6":"product_cat-canapes","7":"product_cat-canapes-modulaires","8":"product_cat-collection-favola","9":"product_shipping_class-livraison-gratuite","11":"first","12":"instock","13":"taxable","14":"shipping-taxable","15":"purchasable","16":"product-type-variable","17":"has-default-attributes","18":"wvs-archive-product-wrapper"},"yoast_head":"<!-- This site is optimized with the Yoast SEO Premium plugin v26.8 (Yoast SEO v26.8) - https:\/\/yoast.com\/product\/yoast-seo-premium-wordpress\/ -->\n<title>\u00c9l\u00e9ment d&#039;angle Favola - AlloraLiving.com<\/title>\n<meta name=\"robots\" content=\"index, follow, max-snippet:-1, max-image-preview:large, max-video-preview:-1\" \/>\n<link rel=\"canonical\" href=\"https:\/\/alloraliving.com\/fr\/element-dangle-favola\/\" \/>\n<meta property=\"og:locale\" content=\"fr_FR\" \/>\n<meta property=\"og:type\" content=\"article\" \/>\n<meta property=\"og:title\" content=\"\u00c9l\u00e9ment d&#039;angle Favola\" \/>\n<meta property=\"og:description\" content=\"L&#039;\u00e9l\u00e9ment d&#039;angle FAVOLA est un module cl\u00e9 qui permet de relier en douceur d&#039;autres parties de la collection \u00e0 angle droit, permettant ainsi de cr\u00e9er des compositions parfaitement adapt\u00e9es aux besoins de l&#039;espace am\u00e9nag\u00e9. Ses lignes douces et arrondies et son assise large garantissent non seulement du confort, mais aussi un look subtil et \u00e9l\u00e9gant.  Ce module, comme toute la collection FAVOLA, se distingue par son rev\u00eatement en velours fran\u00e7ais exclusif, qui conf\u00e8re \u00e0 l&#039;int\u00e9rieur un caract\u00e8re luxueux. Chez Allora Living, nous s\u00e9lectionnons les tissus avec le plus grand soin, guid\u00e9s par leur qualit\u00e9 et leur fonctionnalit\u00e9 \u2013 le velours fran\u00e7ais impressionne non seulement par son aspect \u00e9l\u00e9gant, mais aussi par ses propri\u00e9t\u00e9s uniques, telles que la r\u00e9sistance \u00e0 l&#039;abrasion, la r\u00e9sistance au feu et la facilit\u00e9 d&#039;entretien gr\u00e2ce \u00e0 un rev\u00eatement qui limite l&#039;absorption des liquides.\" \/>\n<meta property=\"og:url\" content=\"https:\/\/alloraliving.com\/fr\/element-dangle-favola\/\" \/>\n<meta property=\"og:site_name\" content=\"AlloraLiving.com\" \/>\n<meta property=\"article:modified_time\" content=\"2025-02-11T07:36:42+00:00\" \/>\n<meta property=\"og:image\" content=\"https:\/\/alloraliving.com\/wp-content\/uploads\/4-narozny-element-sofy-modulowej-favola-sand-cream.jpg\" \/>\n\t<meta property=\"og:image:width\" content=\"1600\" \/>\n\t<meta property=\"og:image:height\" content=\"1200\" \/>\n\t<meta property=\"og:image:type\" content=\"image\/jpeg\" \/>\n<meta name=\"twitter:card\" content=\"summary_large_image\" \/>\n<meta name=\"twitter:label1\" content=\"Disponibilit\u00e9\" \/>\n\t<meta name=\"twitter:data1\" content=\"En stock\" \/>\n<script type=\"application\/ld+json\" class=\"yoast-schema-graph\">{\"@context\":\"https:\/\/schema.org\",\"@graph\":[{\"@type\":[\"WebPage\",\"ItemPage\"],\"@id\":\"https:\/\/alloraliving.com\/fr\/element-dangle-favola\/\",\"url\":\"https:\/\/alloraliving.com\/fr\/element-dangle-favola\/\",\"name\":\"\u00c9l\u00e9ment d'angle Favola - AlloraLiving.com\",\"isPartOf\":{\"@id\":\"https:\/\/alloraliving.com\/fr\/#website\"},\"primaryImageOfPage\":{\"@id\":\"https:\/\/alloraliving.com\/fr\/element-dangle-favola\/#primaryimage\"},\"image\":{\"@id\":\"https:\/\/alloraliving.com\/fr\/element-dangle-favola\/#primaryimage\"},\"thumbnailUrl\":\"https:\/\/alloraliving.com\/wp-content\/uploads\/4-narozny-element-sofy-modulowej-favola-sand-cream.jpg\",\"datePublished\":\"2024-11-17T09:09:08+00:00\",\"dateModified\":\"2025-02-11T07:36:42+00:00\",\"breadcrumb\":{\"@id\":\"https:\/\/alloraliving.com\/fr\/element-dangle-favola\/#breadcrumb\"},\"inLanguage\":\"fr-FR\",\"potentialAction\":[{\"@type\":\"ReadAction\",\"target\":[\"https:\/\/alloraliving.com\/fr\/element-dangle-favola\/\"]}]},{\"@type\":\"ImageObject\",\"inLanguage\":\"fr-FR\",\"@id\":\"https:\/\/alloraliving.com\/fr\/element-dangle-favola\/#primaryimage\",\"url\":\"https:\/\/alloraliving.com\/wp-content\/uploads\/4-narozny-element-sofy-modulowej-favola-sand-cream.jpg\",\"contentUrl\":\"https:\/\/alloraliving.com\/wp-content\/uploads\/4-narozny-element-sofy-modulowej-favola-sand-cream.jpg\",\"width\":1600,\"height\":1200},{\"@type\":\"BreadcrumbList\",\"@id\":\"https:\/\/alloraliving.com\/fr\/element-dangle-favola\/#breadcrumb\",\"itemListElement\":[{\"@type\":\"ListItem\",\"position\":1,\"name\":\"Strona g\u0142\u00f3wna\",\"item\":\"https:\/\/alloraliving.com\/fr\/\"},{\"@type\":\"ListItem\",\"position\":2,\"name\":\"Boutique\",\"item\":\"https:\/\/alloraliving.com\/fr\/?page_id=6496\"},{\"@type\":\"ListItem\",\"position\":3,\"name\":\"\u00c9l\u00e9ment d&#8217;angle Favola\"}]},{\"@type\":\"WebSite\",\"@id\":\"https:\/\/alloraliving.com\/fr\/#website\",\"url\":\"https:\/\/alloraliving.com\/fr\/\",\"name\":\"AlloraLiving.com\",\"description\":\"\",\"potentialAction\":[{\"@type\":\"SearchAction\",\"target\":{\"@type\":\"EntryPoint\",\"urlTemplate\":\"https:\/\/alloraliving.com\/fr\/?s={search_term_string}\"},\"query-input\":{\"@type\":\"PropertyValueSpecification\",\"valueRequired\":true,\"valueName\":\"search_term_string\"}}],\"inLanguage\":\"fr-FR\"}]}<\/script>\n<meta property=\"og:availability\" content=\"instock\" \/>\n<meta property=\"product:availability\" content=\"instock\" \/>\n<meta property=\"product:condition\" content=\"new\" \/>\n<!-- \/ Yoast SEO Premium plugin. -->","yoast_head_json":{"title":"\u00c9l\u00e9ment d'angle Favola - AlloraLiving.com","robots":{"index":"index","follow":"follow","max-snippet":"max-snippet:-1","max-image-preview":"max-image-preview:large","max-video-preview":"max-video-preview:-1"},"canonical":"https:\/\/alloraliving.com\/fr\/element-dangle-favola\/","og_locale":"fr_FR","og_type":"article","og_title":"\u00c9l\u00e9ment d'angle Favola","og_description":"L'\u00e9l\u00e9ment d'angle FAVOLA est un module cl\u00e9 qui permet de relier en douceur d'autres parties de la collection \u00e0 angle droit, permettant ainsi de cr\u00e9er des compositions parfaitement adapt\u00e9es aux besoins de l'espace am\u00e9nag\u00e9. Ses lignes douces et arrondies et son assise large garantissent non seulement du confort, mais aussi un look subtil et \u00e9l\u00e9gant.  Ce module, comme toute la collection FAVOLA, se distingue par son rev\u00eatement en velours fran\u00e7ais exclusif, qui conf\u00e8re \u00e0 l'int\u00e9rieur un caract\u00e8re luxueux. Chez Allora Living, nous s\u00e9lectionnons les tissus avec le plus grand soin, guid\u00e9s par leur qualit\u00e9 et leur fonctionnalit\u00e9 \u2013 le velours fran\u00e7ais impressionne non seulement par son aspect \u00e9l\u00e9gant, mais aussi par ses propri\u00e9t\u00e9s uniques, telles que la r\u00e9sistance \u00e0 l'abrasion, la r\u00e9sistance au feu et la facilit\u00e9 d'entretien gr\u00e2ce \u00e0 un rev\u00eatement qui limite l'absorption des liquides.","og_url":"https:\/\/alloraliving.com\/fr\/element-dangle-favola\/","og_site_name":"AlloraLiving.com","article_modified_time":"2025-02-11T07:36:42+00:00","og_image":[{"width":1600,"height":1200,"url":"https:\/\/alloraliving.com\/wp-content\/uploads\/4-narozny-element-sofy-modulowej-favola-sand-cream.jpg","type":"image\/jpeg"}],"twitter_card":"summary_large_image","twitter_misc":{"Disponibilit\u00e9":"En stock"},"schema":{"@context":"https:\/\/schema.org","@graph":[{"@type":["WebPage","ItemPage"],"@id":"https:\/\/alloraliving.com\/fr\/element-dangle-favola\/","url":"https:\/\/alloraliving.com\/fr\/element-dangle-favola\/","name":"\u00c9l\u00e9ment d'angle Favola - AlloraLiving.com","isPartOf":{"@id":"https:\/\/alloraliving.com\/fr\/#website"},"primaryImageOfPage":{"@id":"https:\/\/alloraliving.com\/fr\/element-dangle-favola\/#primaryimage"},"image":{"@id":"https:\/\/alloraliving.com\/fr\/element-dangle-favola\/#primaryimage"},"thumbnailUrl":"https:\/\/alloraliving.com\/wp-content\/uploads\/4-narozny-element-sofy-modulowej-favola-sand-cream.jpg","datePublished":"2024-11-17T09:09:08+00:00","dateModified":"2025-02-11T07:36:42+00:00","breadcrumb":{"@id":"https:\/\/alloraliving.com\/fr\/element-dangle-favola\/#breadcrumb"},"inLanguage":"fr-FR","potentialAction":[{"@type":"ReadAction","target":["https:\/\/alloraliving.com\/fr\/element-dangle-favola\/"]}]},{"@type":"ImageObject","inLanguage":"fr-FR","@id":"https:\/\/alloraliving.com\/fr\/element-dangle-favola\/#primaryimage","url":"https:\/\/alloraliving.com\/wp-content\/uploads\/4-narozny-element-sofy-modulowej-favola-sand-cream.jpg","contentUrl":"https:\/\/alloraliving.com\/wp-content\/uploads\/4-narozny-element-sofy-modulowej-favola-sand-cream.jpg","width":1600,"height":1200},{"@type":"BreadcrumbList","@id":"https:\/\/alloraliving.com\/fr\/element-dangle-favola\/#breadcrumb","itemListElement":[{"@type":"ListItem","position":1,"name":"Strona g\u0142\u00f3wna","item":"https:\/\/alloraliving.com\/fr\/"},{"@type":"ListItem","position":2,"name":"Boutique","item":"https:\/\/alloraliving.com\/fr\/?page_id=6496"},{"@type":"ListItem","position":3,"name":"\u00c9l\u00e9ment d&#8217;angle Favola"}]},{"@type":"WebSite","@id":"https:\/\/alloraliving.com\/fr\/#website","url":"https:\/\/alloraliving.com\/fr\/","name":"AlloraLiving.com","description":"","potentialAction":[{"@type":"SearchAction","target":{"@type":"EntryPoint","urlTemplate":"https:\/\/alloraliving.com\/fr\/?s={search_term_string}"},"query-input":{"@type":"PropertyValueSpecification","valueRequired":true,"valueName":"search_term_string"}}],"inLanguage":"fr-FR"}]},"og_availability":"instock","product_availability":"instock","product_condition":"new"},"_links":{"self":[{"href":"https:\/\/alloraliving.com\/fr\/wp-json\/wp\/v2\/product\/6959","targetHints":{"allow":["GET"]}}],"collection":[{"href":"https:\/\/alloraliving.com\/fr\/wp-json\/wp\/v2\/product"}],"about":[{"href":"https:\/\/alloraliving.com\/fr\/wp-json\/wp\/v2\/types\/product"}],"wp:featuredmedia":[{"embeddable":true,"href":"https:\/\/alloraliving.com\/fr\/wp-json\/wp\/v2\/media\/6963"}],"wp:attachment":[{"href":"https:\/\/alloraliving.com\/fr\/wp-json\/wp\/v2\/media?parent=6959"}],"wp:term":[{"taxonomy":"product_brand","embeddable":true,"href":"https:\/\/alloraliving.com\/fr\/wp-json\/wp\/v2\/product_brand?post=6959"},{"taxonomy":"product_cat","embeddable":true,"href":"https:\/\/alloraliving.com\/fr\/wp-json\/wp\/v2\/product_cat?post=6959"},{"taxonomy":"product_tag","embeddable":true,"href":"https:\/\/alloraliving.com\/fr\/wp-json\/wp\/v2\/product_tag?post=6959"}],"curies":[{"name":"wp","href":"https:\/\/api.w.org\/{rel}","templated":true}]}}