{"id":6962,"date":"2024-11-18T08:32:47","date_gmt":"2024-11-18T07:32:47","guid":{"rendered":"https:\/\/alloraliving.com\/canape-2-places-favola-avec-pouf-etroit\/"},"modified":"2025-02-11T08:36:42","modified_gmt":"2025-02-11T07:36:42","slug":"canape-2-places-favola-avec-pouf-etroit","status":"publish","type":"product","link":"https:\/\/alloraliving.com\/fr\/canape-2-places-favola-avec-pouf-etroit\/","title":{"rendered":"Canap\u00e9 2 places Favola avec pouf \u00e9troit"},"content":{"rendered":"","protected":false},"excerpt":{"rendered":"<p>Ce canap\u00e9 2 places FAVOLA original et sym\u00e9trique est con\u00e7u avec un pouf \u00e9troit int\u00e9gr\u00e9 au milieu, ce qui lui conf\u00e8re un aspect intrigant et harmonieux. Au lieu d&rsquo;un si\u00e8ge suppl\u00e9mentaire, dans la partie centrale du canap\u00e9 se trouve un module bas sans dossier, id\u00e9al pour ranger votre livre pr\u00e9f\u00e9r\u00e9 ou disposer des oreillers. Gr\u00e2ce \u00e0 cela, la composition du mobilier conserve une coh\u00e9rence esth\u00e9tique et offre en m\u00eame temps un endroit unique pour un accent d\u00e9coratif.  <\/p>\n<p>Le caract\u00e8re modulaire de la collection FAVOLA r\u00e9sulte de la recherche de l\u2019\u00e9quilibre parfait entre forme et fonction. Cette forme unique d&rsquo;un canap\u00e9 2 places avec un pouf \u00e9troit au milieu illustre parfaitement cette id\u00e9e, apportant une \u00e9l\u00e9gance raffin\u00e9e \u00e0 l&rsquo;int\u00e9rieur et des solutions pratiques qui contribuent \u00e0 cr\u00e9er une zone de d\u00e9tente confortable. <\/p>\n","protected":false},"featured_media":6978,"template":"","meta":[],"product_brand":[],"product_cat":[946,947,934],"product_tag":[],"class_list":{"0":"post-6962","1":"product","2":"type-product","3":"status-publish","4":"has-post-thumbnail","6":"product_cat-canapes","7":"product_cat-canapes-modulaires","8":"product_cat-collection-favola","9":"product_shipping_class-livraison-gratuite","11":"first","12":"instock","13":"taxable","14":"shipping-taxable","15":"purchasable","16":"product-type-variable","17":"has-default-attributes","18":"wvs-archive-product-wrapper"},"yoast_head":"<!-- This site is optimized with the Yoast SEO Premium plugin v26.8 (Yoast SEO v26.8) - https:\/\/yoast.com\/product\/yoast-seo-premium-wordpress\/ -->\n<title>Canap\u00e9 2 places Favola avec pouf \u00e9troit - AlloraLiving.com<\/title>\n<meta name=\"robots\" content=\"index, follow, max-snippet:-1, max-image-preview:large, max-video-preview:-1\" \/>\n<link rel=\"canonical\" href=\"https:\/\/alloraliving.com\/fr\/canape-2-places-favola-avec-pouf-etroit\/\" \/>\n<meta property=\"og:locale\" content=\"fr_FR\" \/>\n<meta property=\"og:type\" content=\"article\" \/>\n<meta property=\"og:title\" content=\"Canap\u00e9 2 places Favola avec pouf \u00e9troit\" \/>\n<meta property=\"og:description\" content=\"Ce canap\u00e9 2 places FAVOLA original et sym\u00e9trique est con\u00e7u avec un pouf \u00e9troit int\u00e9gr\u00e9 au milieu, ce qui lui conf\u00e8re un aspect intrigant et harmonieux. Au lieu d&#039;un si\u00e8ge suppl\u00e9mentaire, dans la partie centrale du canap\u00e9 se trouve un module bas sans dossier, id\u00e9al pour ranger votre livre pr\u00e9f\u00e9r\u00e9 ou disposer des oreillers. Gr\u00e2ce \u00e0 cela, la composition du mobilier conserve une coh\u00e9rence esth\u00e9tique et offre en m\u00eame temps un endroit unique pour un accent d\u00e9coratif.  Le caract\u00e8re modulaire de la collection FAVOLA r\u00e9sulte de la recherche de l\u2019\u00e9quilibre parfait entre forme et fonction. Cette forme unique d&#039;un canap\u00e9 2 places avec un pouf \u00e9troit au milieu illustre parfaitement cette id\u00e9e, apportant une \u00e9l\u00e9gance raffin\u00e9e \u00e0 l&#039;int\u00e9rieur et des solutions pratiques qui contribuent \u00e0 cr\u00e9er une zone de d\u00e9tente confortable.\" \/>\n<meta property=\"og:url\" content=\"https:\/\/alloraliving.com\/fr\/canape-2-places-favola-avec-pouf-etroit\/\" \/>\n<meta property=\"og:site_name\" content=\"AlloraLiving.com\" \/>\n<meta property=\"article:modified_time\" content=\"2025-02-11T07:36:42+00:00\" \/>\n<meta property=\"og:image\" content=\"https:\/\/alloraliving.com\/wp-content\/uploads\/1-bezowa-sofa-2-osobowa-do-salonu-favola-sand-cream.jpg\" \/>\n\t<meta property=\"og:image:width\" content=\"1600\" \/>\n\t<meta property=\"og:image:height\" content=\"1200\" \/>\n\t<meta property=\"og:image:type\" content=\"image\/jpeg\" \/>\n<meta name=\"twitter:card\" content=\"summary_large_image\" \/>\n<meta name=\"twitter:label1\" content=\"Disponibilit\u00e9\" \/>\n\t<meta name=\"twitter:data1\" content=\"En stock\" \/>\n<script type=\"application\/ld+json\" class=\"yoast-schema-graph\">{\"@context\":\"https:\/\/schema.org\",\"@graph\":[{\"@type\":[\"WebPage\",\"ItemPage\"],\"@id\":\"https:\/\/alloraliving.com\/fr\/canape-2-places-favola-avec-pouf-etroit\/\",\"url\":\"https:\/\/alloraliving.com\/fr\/canape-2-places-favola-avec-pouf-etroit\/\",\"name\":\"Canap\u00e9 2 places Favola avec pouf \u00e9troit - AlloraLiving.com\",\"isPartOf\":{\"@id\":\"https:\/\/alloraliving.com\/fr\/#website\"},\"primaryImageOfPage\":{\"@id\":\"https:\/\/alloraliving.com\/fr\/canape-2-places-favola-avec-pouf-etroit\/#primaryimage\"},\"image\":{\"@id\":\"https:\/\/alloraliving.com\/fr\/canape-2-places-favola-avec-pouf-etroit\/#primaryimage\"},\"thumbnailUrl\":\"https:\/\/alloraliving.com\/wp-content\/uploads\/1-bezowa-sofa-2-osobowa-do-salonu-favola-sand-cream.jpg\",\"datePublished\":\"2024-11-18T07:32:47+00:00\",\"dateModified\":\"2025-02-11T07:36:42+00:00\",\"breadcrumb\":{\"@id\":\"https:\/\/alloraliving.com\/fr\/canape-2-places-favola-avec-pouf-etroit\/#breadcrumb\"},\"inLanguage\":\"fr-FR\",\"potentialAction\":[{\"@type\":\"ReadAction\",\"target\":[\"https:\/\/alloraliving.com\/fr\/canape-2-places-favola-avec-pouf-etroit\/\"]}]},{\"@type\":\"ImageObject\",\"inLanguage\":\"fr-FR\",\"@id\":\"https:\/\/alloraliving.com\/fr\/canape-2-places-favola-avec-pouf-etroit\/#primaryimage\",\"url\":\"https:\/\/alloraliving.com\/wp-content\/uploads\/1-bezowa-sofa-2-osobowa-do-salonu-favola-sand-cream.jpg\",\"contentUrl\":\"https:\/\/alloraliving.com\/wp-content\/uploads\/1-bezowa-sofa-2-osobowa-do-salonu-favola-sand-cream.jpg\",\"width\":1600,\"height\":1200},{\"@type\":\"BreadcrumbList\",\"@id\":\"https:\/\/alloraliving.com\/fr\/canape-2-places-favola-avec-pouf-etroit\/#breadcrumb\",\"itemListElement\":[{\"@type\":\"ListItem\",\"position\":1,\"name\":\"Strona g\u0142\u00f3wna\",\"item\":\"https:\/\/alloraliving.com\/fr\/\"},{\"@type\":\"ListItem\",\"position\":2,\"name\":\"Boutique\",\"item\":\"https:\/\/alloraliving.com\/fr\/?page_id=6496\"},{\"@type\":\"ListItem\",\"position\":3,\"name\":\"Canap\u00e9 2 places Favola avec pouf \u00e9troit\"}]},{\"@type\":\"WebSite\",\"@id\":\"https:\/\/alloraliving.com\/fr\/#website\",\"url\":\"https:\/\/alloraliving.com\/fr\/\",\"name\":\"AlloraLiving.com\",\"description\":\"\",\"potentialAction\":[{\"@type\":\"SearchAction\",\"target\":{\"@type\":\"EntryPoint\",\"urlTemplate\":\"https:\/\/alloraliving.com\/fr\/?s={search_term_string}\"},\"query-input\":{\"@type\":\"PropertyValueSpecification\",\"valueRequired\":true,\"valueName\":\"search_term_string\"}}],\"inLanguage\":\"fr-FR\"}]}<\/script>\n<meta property=\"og:availability\" content=\"instock\" \/>\n<meta property=\"product:availability\" content=\"instock\" \/>\n<meta property=\"product:condition\" content=\"new\" \/>\n<!-- \/ Yoast SEO Premium plugin. -->","yoast_head_json":{"title":"Canap\u00e9 2 places Favola avec pouf \u00e9troit - AlloraLiving.com","robots":{"index":"index","follow":"follow","max-snippet":"max-snippet:-1","max-image-preview":"max-image-preview:large","max-video-preview":"max-video-preview:-1"},"canonical":"https:\/\/alloraliving.com\/fr\/canape-2-places-favola-avec-pouf-etroit\/","og_locale":"fr_FR","og_type":"article","og_title":"Canap\u00e9 2 places Favola avec pouf \u00e9troit","og_description":"Ce canap\u00e9 2 places FAVOLA original et sym\u00e9trique est con\u00e7u avec un pouf \u00e9troit int\u00e9gr\u00e9 au milieu, ce qui lui conf\u00e8re un aspect intrigant et harmonieux. Au lieu d'un si\u00e8ge suppl\u00e9mentaire, dans la partie centrale du canap\u00e9 se trouve un module bas sans dossier, id\u00e9al pour ranger votre livre pr\u00e9f\u00e9r\u00e9 ou disposer des oreillers. Gr\u00e2ce \u00e0 cela, la composition du mobilier conserve une coh\u00e9rence esth\u00e9tique et offre en m\u00eame temps un endroit unique pour un accent d\u00e9coratif.  Le caract\u00e8re modulaire de la collection FAVOLA r\u00e9sulte de la recherche de l\u2019\u00e9quilibre parfait entre forme et fonction. Cette forme unique d'un canap\u00e9 2 places avec un pouf \u00e9troit au milieu illustre parfaitement cette id\u00e9e, apportant une \u00e9l\u00e9gance raffin\u00e9e \u00e0 l'int\u00e9rieur et des solutions pratiques qui contribuent \u00e0 cr\u00e9er une zone de d\u00e9tente confortable.","og_url":"https:\/\/alloraliving.com\/fr\/canape-2-places-favola-avec-pouf-etroit\/","og_site_name":"AlloraLiving.com","article_modified_time":"2025-02-11T07:36:42+00:00","og_image":[{"width":1600,"height":1200,"url":"https:\/\/alloraliving.com\/wp-content\/uploads\/1-bezowa-sofa-2-osobowa-do-salonu-favola-sand-cream.jpg","type":"image\/jpeg"}],"twitter_card":"summary_large_image","twitter_misc":{"Disponibilit\u00e9":"En stock"},"schema":{"@context":"https:\/\/schema.org","@graph":[{"@type":["WebPage","ItemPage"],"@id":"https:\/\/alloraliving.com\/fr\/canape-2-places-favola-avec-pouf-etroit\/","url":"https:\/\/alloraliving.com\/fr\/canape-2-places-favola-avec-pouf-etroit\/","name":"Canap\u00e9 2 places Favola avec pouf \u00e9troit - AlloraLiving.com","isPartOf":{"@id":"https:\/\/alloraliving.com\/fr\/#website"},"primaryImageOfPage":{"@id":"https:\/\/alloraliving.com\/fr\/canape-2-places-favola-avec-pouf-etroit\/#primaryimage"},"image":{"@id":"https:\/\/alloraliving.com\/fr\/canape-2-places-favola-avec-pouf-etroit\/#primaryimage"},"thumbnailUrl":"https:\/\/alloraliving.com\/wp-content\/uploads\/1-bezowa-sofa-2-osobowa-do-salonu-favola-sand-cream.jpg","datePublished":"2024-11-18T07:32:47+00:00","dateModified":"2025-02-11T07:36:42+00:00","breadcrumb":{"@id":"https:\/\/alloraliving.com\/fr\/canape-2-places-favola-avec-pouf-etroit\/#breadcrumb"},"inLanguage":"fr-FR","potentialAction":[{"@type":"ReadAction","target":["https:\/\/alloraliving.com\/fr\/canape-2-places-favola-avec-pouf-etroit\/"]}]},{"@type":"ImageObject","inLanguage":"fr-FR","@id":"https:\/\/alloraliving.com\/fr\/canape-2-places-favola-avec-pouf-etroit\/#primaryimage","url":"https:\/\/alloraliving.com\/wp-content\/uploads\/1-bezowa-sofa-2-osobowa-do-salonu-favola-sand-cream.jpg","contentUrl":"https:\/\/alloraliving.com\/wp-content\/uploads\/1-bezowa-sofa-2-osobowa-do-salonu-favola-sand-cream.jpg","width":1600,"height":1200},{"@type":"BreadcrumbList","@id":"https:\/\/alloraliving.com\/fr\/canape-2-places-favola-avec-pouf-etroit\/#breadcrumb","itemListElement":[{"@type":"ListItem","position":1,"name":"Strona g\u0142\u00f3wna","item":"https:\/\/alloraliving.com\/fr\/"},{"@type":"ListItem","position":2,"name":"Boutique","item":"https:\/\/alloraliving.com\/fr\/?page_id=6496"},{"@type":"ListItem","position":3,"name":"Canap\u00e9 2 places Favola avec pouf \u00e9troit"}]},{"@type":"WebSite","@id":"https:\/\/alloraliving.com\/fr\/#website","url":"https:\/\/alloraliving.com\/fr\/","name":"AlloraLiving.com","description":"","potentialAction":[{"@type":"SearchAction","target":{"@type":"EntryPoint","urlTemplate":"https:\/\/alloraliving.com\/fr\/?s={search_term_string}"},"query-input":{"@type":"PropertyValueSpecification","valueRequired":true,"valueName":"search_term_string"}}],"inLanguage":"fr-FR"}]},"og_availability":"instock","product_availability":"instock","product_condition":"new"},"_links":{"self":[{"href":"https:\/\/alloraliving.com\/fr\/wp-json\/wp\/v2\/product\/6962","targetHints":{"allow":["GET"]}}],"collection":[{"href":"https:\/\/alloraliving.com\/fr\/wp-json\/wp\/v2\/product"}],"about":[{"href":"https:\/\/alloraliving.com\/fr\/wp-json\/wp\/v2\/types\/product"}],"wp:featuredmedia":[{"embeddable":true,"href":"https:\/\/alloraliving.com\/fr\/wp-json\/wp\/v2\/media\/6978"}],"wp:attachment":[{"href":"https:\/\/alloraliving.com\/fr\/wp-json\/wp\/v2\/media?parent=6962"}],"wp:term":[{"taxonomy":"product_brand","embeddable":true,"href":"https:\/\/alloraliving.com\/fr\/wp-json\/wp\/v2\/product_brand?post=6962"},{"taxonomy":"product_cat","embeddable":true,"href":"https:\/\/alloraliving.com\/fr\/wp-json\/wp\/v2\/product_cat?post=6962"},{"taxonomy":"product_tag","embeddable":true,"href":"https:\/\/alloraliving.com\/fr\/wp-json\/wp\/v2\/product_tag?post=6962"}],"curies":[{"name":"wp","href":"https:\/\/api.w.org\/{rel}","templated":true}]}}