{"id":6997,"date":"2025-01-03T08:05:46","date_gmt":"2025-01-03T07:05:46","guid":{"rendered":"https:\/\/alloraliving.com\/ensemble-favola-fauteuil-sans-accoudoirs-pouf\/"},"modified":"2025-02-11T08:36:42","modified_gmt":"2025-02-11T07:36:42","slug":"ensemble-favola-fauteuil-sans-accoudoirs-pouf","status":"publish","type":"product","link":"https:\/\/alloraliving.com\/fr\/ensemble-favola-fauteuil-sans-accoudoirs-pouf\/","title":{"rendered":"Ensemble Favola Fauteuil sans accoudoirs + Pouf"},"content":{"rendered":"","protected":false},"excerpt":{"rendered":"<p>L&rsquo;ensemble compos\u00e9 d&rsquo;un \u00e9l\u00e9ment droit et d&rsquo;un pouf FAVOLA introduit fonctionnalit\u00e9 et flexibilit\u00e9 \u00e0 l&rsquo;int\u00e9rieur. Un module simple peut servir de si\u00e8ge de base, tandis qu&rsquo;un pouf s\u00e9par\u00e9 offre un espace suppl\u00e9mentaire pour reposer ou soutenir les jambes, permettant ainsi toute modification de l&rsquo;agencement sans perdre la coh\u00e9rence visuelle. <\/p>\n<p>La collection FAVOLA, inspir\u00e9e de l&rsquo;id\u00e9e italienne de \u00ab vie de conte de f\u00e9es \u00bb, vous encourage \u00e0 cr\u00e9er vos propres compositions de meubles. Gr\u00e2ce \u00e0 sa modularit\u00e9, vous pouvez exp\u00e9rimenter librement l&rsquo;agencement, en cr\u00e9ant des arrangements qui refl\u00e8tent votre style et vos besoins individuels. <\/p>\n","protected":false},"featured_media":7005,"template":"","meta":[],"product_brand":[],"product_cat":[946,947,934],"product_tag":[],"class_list":{"0":"post-6997","1":"product","2":"type-product","3":"status-publish","4":"has-post-thumbnail","6":"product_cat-canapes","7":"product_cat-canapes-modulaires","8":"product_cat-collection-favola","9":"product_shipping_class-livraison-gratuite","11":"first","12":"instock","13":"taxable","14":"shipping-taxable","15":"purchasable","16":"product-type-variable","17":"has-default-attributes","18":"wvs-archive-product-wrapper"},"yoast_head":"<!-- This site is optimized with the Yoast SEO Premium plugin v26.8 (Yoast SEO v26.8) - https:\/\/yoast.com\/product\/yoast-seo-premium-wordpress\/ -->\n<title>Ensemble Favola Fauteuil sans accoudoirs + Pouf - AlloraLiving.com<\/title>\n<meta name=\"robots\" content=\"index, follow, max-snippet:-1, max-image-preview:large, max-video-preview:-1\" \/>\n<link rel=\"canonical\" href=\"https:\/\/alloraliving.com\/fr\/ensemble-favola-fauteuil-sans-accoudoirs-pouf\/\" \/>\n<meta property=\"og:locale\" content=\"fr_FR\" \/>\n<meta property=\"og:type\" content=\"article\" \/>\n<meta property=\"og:title\" content=\"Ensemble Favola Fauteuil sans accoudoirs + Pouf\" \/>\n<meta property=\"og:description\" content=\"L&#039;ensemble compos\u00e9 d&#039;un \u00e9l\u00e9ment droit et d&#039;un pouf FAVOLA introduit fonctionnalit\u00e9 et flexibilit\u00e9 \u00e0 l&#039;int\u00e9rieur. Un module simple peut servir de si\u00e8ge de base, tandis qu&#039;un pouf s\u00e9par\u00e9 offre un espace suppl\u00e9mentaire pour reposer ou soutenir les jambes, permettant ainsi toute modification de l&#039;agencement sans perdre la coh\u00e9rence visuelle.  La collection FAVOLA, inspir\u00e9e de l&#039;id\u00e9e italienne de \u00ab vie de conte de f\u00e9es \u00bb, vous encourage \u00e0 cr\u00e9er vos propres compositions de meubles. Gr\u00e2ce \u00e0 sa modularit\u00e9, vous pouvez exp\u00e9rimenter librement l&#039;agencement, en cr\u00e9ant des arrangements qui refl\u00e8tent votre style et vos besoins individuels.\" \/>\n<meta property=\"og:url\" content=\"https:\/\/alloraliving.com\/fr\/ensemble-favola-fauteuil-sans-accoudoirs-pouf\/\" \/>\n<meta property=\"og:site_name\" content=\"AlloraLiving.com\" \/>\n<meta property=\"article:modified_time\" content=\"2025-02-11T07:36:42+00:00\" \/>\n<meta property=\"og:image\" content=\"https:\/\/alloraliving.com\/wp-content\/uploads\/1-zestaw-element-prosty-z-pufa-favola-sand-cream.jpg\" \/>\n\t<meta property=\"og:image:width\" content=\"1600\" \/>\n\t<meta property=\"og:image:height\" content=\"1200\" \/>\n\t<meta property=\"og:image:type\" content=\"image\/jpeg\" \/>\n<meta name=\"twitter:card\" content=\"summary_large_image\" \/>\n<meta name=\"twitter:label1\" content=\"Disponibilit\u00e9\" \/>\n\t<meta name=\"twitter:data1\" content=\"En stock\" \/>\n<script type=\"application\/ld+json\" class=\"yoast-schema-graph\">{\"@context\":\"https:\/\/schema.org\",\"@graph\":[{\"@type\":[\"WebPage\",\"ItemPage\"],\"@id\":\"https:\/\/alloraliving.com\/fr\/ensemble-favola-fauteuil-sans-accoudoirs-pouf\/\",\"url\":\"https:\/\/alloraliving.com\/fr\/ensemble-favola-fauteuil-sans-accoudoirs-pouf\/\",\"name\":\"Ensemble Favola Fauteuil sans accoudoirs + Pouf - AlloraLiving.com\",\"isPartOf\":{\"@id\":\"https:\/\/alloraliving.com\/fr\/#website\"},\"primaryImageOfPage\":{\"@id\":\"https:\/\/alloraliving.com\/fr\/ensemble-favola-fauteuil-sans-accoudoirs-pouf\/#primaryimage\"},\"image\":{\"@id\":\"https:\/\/alloraliving.com\/fr\/ensemble-favola-fauteuil-sans-accoudoirs-pouf\/#primaryimage\"},\"thumbnailUrl\":\"https:\/\/alloraliving.com\/wp-content\/uploads\/1-zestaw-element-prosty-z-pufa-favola-sand-cream.jpg\",\"datePublished\":\"2025-01-03T07:05:46+00:00\",\"dateModified\":\"2025-02-11T07:36:42+00:00\",\"breadcrumb\":{\"@id\":\"https:\/\/alloraliving.com\/fr\/ensemble-favola-fauteuil-sans-accoudoirs-pouf\/#breadcrumb\"},\"inLanguage\":\"fr-FR\",\"potentialAction\":[{\"@type\":\"ReadAction\",\"target\":[\"https:\/\/alloraliving.com\/fr\/ensemble-favola-fauteuil-sans-accoudoirs-pouf\/\"]}]},{\"@type\":\"ImageObject\",\"inLanguage\":\"fr-FR\",\"@id\":\"https:\/\/alloraliving.com\/fr\/ensemble-favola-fauteuil-sans-accoudoirs-pouf\/#primaryimage\",\"url\":\"https:\/\/alloraliving.com\/wp-content\/uploads\/1-zestaw-element-prosty-z-pufa-favola-sand-cream.jpg\",\"contentUrl\":\"https:\/\/alloraliving.com\/wp-content\/uploads\/1-zestaw-element-prosty-z-pufa-favola-sand-cream.jpg\",\"width\":1600,\"height\":1200},{\"@type\":\"BreadcrumbList\",\"@id\":\"https:\/\/alloraliving.com\/fr\/ensemble-favola-fauteuil-sans-accoudoirs-pouf\/#breadcrumb\",\"itemListElement\":[{\"@type\":\"ListItem\",\"position\":1,\"name\":\"Strona g\u0142\u00f3wna\",\"item\":\"https:\/\/alloraliving.com\/fr\/\"},{\"@type\":\"ListItem\",\"position\":2,\"name\":\"Boutique\",\"item\":\"https:\/\/alloraliving.com\/fr\/?page_id=6496\"},{\"@type\":\"ListItem\",\"position\":3,\"name\":\"Ensemble Favola Fauteuil sans accoudoirs + Pouf\"}]},{\"@type\":\"WebSite\",\"@id\":\"https:\/\/alloraliving.com\/fr\/#website\",\"url\":\"https:\/\/alloraliving.com\/fr\/\",\"name\":\"AlloraLiving.com\",\"description\":\"\",\"potentialAction\":[{\"@type\":\"SearchAction\",\"target\":{\"@type\":\"EntryPoint\",\"urlTemplate\":\"https:\/\/alloraliving.com\/fr\/?s={search_term_string}\"},\"query-input\":{\"@type\":\"PropertyValueSpecification\",\"valueRequired\":true,\"valueName\":\"search_term_string\"}}],\"inLanguage\":\"fr-FR\"}]}<\/script>\n<meta property=\"og:availability\" content=\"instock\" \/>\n<meta property=\"product:availability\" content=\"instock\" \/>\n<meta property=\"product:condition\" content=\"new\" \/>\n<!-- \/ Yoast SEO Premium plugin. -->","yoast_head_json":{"title":"Ensemble Favola Fauteuil sans accoudoirs + Pouf - AlloraLiving.com","robots":{"index":"index","follow":"follow","max-snippet":"max-snippet:-1","max-image-preview":"max-image-preview:large","max-video-preview":"max-video-preview:-1"},"canonical":"https:\/\/alloraliving.com\/fr\/ensemble-favola-fauteuil-sans-accoudoirs-pouf\/","og_locale":"fr_FR","og_type":"article","og_title":"Ensemble Favola Fauteuil sans accoudoirs + Pouf","og_description":"L'ensemble compos\u00e9 d'un \u00e9l\u00e9ment droit et d'un pouf FAVOLA introduit fonctionnalit\u00e9 et flexibilit\u00e9 \u00e0 l'int\u00e9rieur. Un module simple peut servir de si\u00e8ge de base, tandis qu'un pouf s\u00e9par\u00e9 offre un espace suppl\u00e9mentaire pour reposer ou soutenir les jambes, permettant ainsi toute modification de l'agencement sans perdre la coh\u00e9rence visuelle.  La collection FAVOLA, inspir\u00e9e de l'id\u00e9e italienne de \u00ab vie de conte de f\u00e9es \u00bb, vous encourage \u00e0 cr\u00e9er vos propres compositions de meubles. Gr\u00e2ce \u00e0 sa modularit\u00e9, vous pouvez exp\u00e9rimenter librement l'agencement, en cr\u00e9ant des arrangements qui refl\u00e8tent votre style et vos besoins individuels.","og_url":"https:\/\/alloraliving.com\/fr\/ensemble-favola-fauteuil-sans-accoudoirs-pouf\/","og_site_name":"AlloraLiving.com","article_modified_time":"2025-02-11T07:36:42+00:00","og_image":[{"width":1600,"height":1200,"url":"https:\/\/alloraliving.com\/wp-content\/uploads\/1-zestaw-element-prosty-z-pufa-favola-sand-cream.jpg","type":"image\/jpeg"}],"twitter_card":"summary_large_image","twitter_misc":{"Disponibilit\u00e9":"En stock"},"schema":{"@context":"https:\/\/schema.org","@graph":[{"@type":["WebPage","ItemPage"],"@id":"https:\/\/alloraliving.com\/fr\/ensemble-favola-fauteuil-sans-accoudoirs-pouf\/","url":"https:\/\/alloraliving.com\/fr\/ensemble-favola-fauteuil-sans-accoudoirs-pouf\/","name":"Ensemble Favola Fauteuil sans accoudoirs + Pouf - AlloraLiving.com","isPartOf":{"@id":"https:\/\/alloraliving.com\/fr\/#website"},"primaryImageOfPage":{"@id":"https:\/\/alloraliving.com\/fr\/ensemble-favola-fauteuil-sans-accoudoirs-pouf\/#primaryimage"},"image":{"@id":"https:\/\/alloraliving.com\/fr\/ensemble-favola-fauteuil-sans-accoudoirs-pouf\/#primaryimage"},"thumbnailUrl":"https:\/\/alloraliving.com\/wp-content\/uploads\/1-zestaw-element-prosty-z-pufa-favola-sand-cream.jpg","datePublished":"2025-01-03T07:05:46+00:00","dateModified":"2025-02-11T07:36:42+00:00","breadcrumb":{"@id":"https:\/\/alloraliving.com\/fr\/ensemble-favola-fauteuil-sans-accoudoirs-pouf\/#breadcrumb"},"inLanguage":"fr-FR","potentialAction":[{"@type":"ReadAction","target":["https:\/\/alloraliving.com\/fr\/ensemble-favola-fauteuil-sans-accoudoirs-pouf\/"]}]},{"@type":"ImageObject","inLanguage":"fr-FR","@id":"https:\/\/alloraliving.com\/fr\/ensemble-favola-fauteuil-sans-accoudoirs-pouf\/#primaryimage","url":"https:\/\/alloraliving.com\/wp-content\/uploads\/1-zestaw-element-prosty-z-pufa-favola-sand-cream.jpg","contentUrl":"https:\/\/alloraliving.com\/wp-content\/uploads\/1-zestaw-element-prosty-z-pufa-favola-sand-cream.jpg","width":1600,"height":1200},{"@type":"BreadcrumbList","@id":"https:\/\/alloraliving.com\/fr\/ensemble-favola-fauteuil-sans-accoudoirs-pouf\/#breadcrumb","itemListElement":[{"@type":"ListItem","position":1,"name":"Strona g\u0142\u00f3wna","item":"https:\/\/alloraliving.com\/fr\/"},{"@type":"ListItem","position":2,"name":"Boutique","item":"https:\/\/alloraliving.com\/fr\/?page_id=6496"},{"@type":"ListItem","position":3,"name":"Ensemble Favola Fauteuil sans accoudoirs + Pouf"}]},{"@type":"WebSite","@id":"https:\/\/alloraliving.com\/fr\/#website","url":"https:\/\/alloraliving.com\/fr\/","name":"AlloraLiving.com","description":"","potentialAction":[{"@type":"SearchAction","target":{"@type":"EntryPoint","urlTemplate":"https:\/\/alloraliving.com\/fr\/?s={search_term_string}"},"query-input":{"@type":"PropertyValueSpecification","valueRequired":true,"valueName":"search_term_string"}}],"inLanguage":"fr-FR"}]},"og_availability":"instock","product_availability":"instock","product_condition":"new"},"_links":{"self":[{"href":"https:\/\/alloraliving.com\/fr\/wp-json\/wp\/v2\/product\/6997","targetHints":{"allow":["GET"]}}],"collection":[{"href":"https:\/\/alloraliving.com\/fr\/wp-json\/wp\/v2\/product"}],"about":[{"href":"https:\/\/alloraliving.com\/fr\/wp-json\/wp\/v2\/types\/product"}],"wp:featuredmedia":[{"embeddable":true,"href":"https:\/\/alloraliving.com\/fr\/wp-json\/wp\/v2\/media\/7005"}],"wp:attachment":[{"href":"https:\/\/alloraliving.com\/fr\/wp-json\/wp\/v2\/media?parent=6997"}],"wp:term":[{"taxonomy":"product_brand","embeddable":true,"href":"https:\/\/alloraliving.com\/fr\/wp-json\/wp\/v2\/product_brand?post=6997"},{"taxonomy":"product_cat","embeddable":true,"href":"https:\/\/alloraliving.com\/fr\/wp-json\/wp\/v2\/product_cat?post=6997"},{"taxonomy":"product_tag","embeddable":true,"href":"https:\/\/alloraliving.com\/fr\/wp-json\/wp\/v2\/product_tag?post=6997"}],"curies":[{"name":"wp","href":"https:\/\/api.w.org\/{rel}","templated":true}]}}