{"id":7020,"date":"2024-11-18T10:09:35","date_gmt":"2024-11-18T09:09:35","guid":{"rendered":"https:\/\/alloraliving.com\/canape-5-places-favola-avec-pouf-dangle\/"},"modified":"2025-02-11T08:36:44","modified_gmt":"2025-02-11T07:36:44","slug":"canape-5-places-favola-avec-pouf-dangle","status":"publish","type":"product","link":"https:\/\/alloraliving.com\/fr\/canape-5-places-favola-avec-pouf-dangle\/","title":{"rendered":"Canap\u00e9 5 places Favola avec pouf d&rsquo;angle"},"content":{"rendered":"","protected":false},"excerpt":{"rendered":"<p>Le canap\u00e9 5 places FAVOLA avec pouf d&rsquo;angle est une solution qui relie les segments les plus longs et les plus courts du syst\u00e8me \u00e0 angle droit, cr\u00e9ant ainsi une forme ouverte caract\u00e9ristique. Le pouf sans dossier souligne subtilement l&rsquo;architecture du meuble, fa\u00e7onnant l&rsquo;espace et permettant la libre p\u00e9n\u00e9tration de la vue et du mouvement derri\u00e8re sa forme. <\/p>\n<p>Dans l&rsquo;esprit du \u00abvivere la favola\u00bb italien, la collection FAVOLA offre modularit\u00e9 et flexibilit\u00e9 d&rsquo;agencement, permettant de cr\u00e9er des int\u00e9rieurs au caract\u00e8re unique, dans lesquels chaque \u00e9l\u00e9ment s&rsquo;harmonise avec le reste, cr\u00e9ant un ensemble harmonieux et inspirant.<\/p>\n","protected":false},"featured_media":7037,"template":"","meta":[],"product_brand":[],"product_cat":[946,947,934],"product_tag":[],"class_list":{"0":"post-7020","1":"product","2":"type-product","3":"status-publish","4":"has-post-thumbnail","6":"product_cat-canapes","7":"product_cat-canapes-modulaires","8":"product_cat-collection-favola","9":"product_shipping_class-livraison-gratuite","11":"first","12":"instock","13":"taxable","14":"shipping-taxable","15":"purchasable","16":"product-type-variable","17":"has-default-attributes","18":"wvs-archive-product-wrapper"},"yoast_head":"<!-- This site is optimized with the Yoast SEO Premium plugin v26.8 (Yoast SEO v26.8) - https:\/\/yoast.com\/product\/yoast-seo-premium-wordpress\/ -->\n<title>Canap\u00e9 5 places Favola avec pouf d&#039;angle - AlloraLiving.com<\/title>\n<meta name=\"robots\" content=\"index, follow, max-snippet:-1, max-image-preview:large, max-video-preview:-1\" \/>\n<link rel=\"canonical\" href=\"https:\/\/alloraliving.com\/fr\/canape-5-places-favola-avec-pouf-dangle\/\" \/>\n<meta property=\"og:locale\" content=\"fr_FR\" \/>\n<meta property=\"og:type\" content=\"article\" \/>\n<meta property=\"og:title\" content=\"Canap\u00e9 5 places Favola avec pouf d&#039;angle\" \/>\n<meta property=\"og:description\" content=\"Le canap\u00e9 5 places FAVOLA avec pouf d&#039;angle est une solution qui relie les segments les plus longs et les plus courts du syst\u00e8me \u00e0 angle droit, cr\u00e9ant ainsi une forme ouverte caract\u00e9ristique. Le pouf sans dossier souligne subtilement l&#039;architecture du meuble, fa\u00e7onnant l&#039;espace et permettant la libre p\u00e9n\u00e9tration de la vue et du mouvement derri\u00e8re sa forme.  Dans l&#039;esprit du \u00abvivere la favola\u00bb italien, la collection FAVOLA offre modularit\u00e9 et flexibilit\u00e9 d&#039;agencement, permettant de cr\u00e9er des int\u00e9rieurs au caract\u00e8re unique, dans lesquels chaque \u00e9l\u00e9ment s&#039;harmonise avec le reste, cr\u00e9ant un ensemble harmonieux et inspirant.\" \/>\n<meta property=\"og:url\" content=\"https:\/\/alloraliving.com\/fr\/canape-5-places-favola-avec-pouf-dangle\/\" \/>\n<meta property=\"og:site_name\" content=\"AlloraLiving.com\" \/>\n<meta property=\"article:modified_time\" content=\"2025-02-11T07:36:44+00:00\" \/>\n<meta property=\"og:image\" content=\"https:\/\/alloraliving.com\/wp-content\/uploads\/1-kremowa-narozna-sofa-modulowa-5-osobowa-favola-sand-cream.jpg\" \/>\n\t<meta property=\"og:image:width\" content=\"1600\" \/>\n\t<meta property=\"og:image:height\" content=\"1200\" \/>\n\t<meta property=\"og:image:type\" content=\"image\/jpeg\" \/>\n<meta name=\"twitter:card\" content=\"summary_large_image\" \/>\n<meta name=\"twitter:label1\" content=\"Disponibilit\u00e9\" \/>\n\t<meta name=\"twitter:data1\" content=\"En stock\" \/>\n<script type=\"application\/ld+json\" class=\"yoast-schema-graph\">{\"@context\":\"https:\/\/schema.org\",\"@graph\":[{\"@type\":[\"WebPage\",\"ItemPage\"],\"@id\":\"https:\/\/alloraliving.com\/fr\/canape-5-places-favola-avec-pouf-dangle\/\",\"url\":\"https:\/\/alloraliving.com\/fr\/canape-5-places-favola-avec-pouf-dangle\/\",\"name\":\"Canap\u00e9 5 places Favola avec pouf d'angle - AlloraLiving.com\",\"isPartOf\":{\"@id\":\"https:\/\/alloraliving.com\/fr\/#website\"},\"primaryImageOfPage\":{\"@id\":\"https:\/\/alloraliving.com\/fr\/canape-5-places-favola-avec-pouf-dangle\/#primaryimage\"},\"image\":{\"@id\":\"https:\/\/alloraliving.com\/fr\/canape-5-places-favola-avec-pouf-dangle\/#primaryimage\"},\"thumbnailUrl\":\"https:\/\/alloraliving.com\/wp-content\/uploads\/1-kremowa-narozna-sofa-modulowa-5-osobowa-favola-sand-cream.jpg\",\"datePublished\":\"2024-11-18T09:09:35+00:00\",\"dateModified\":\"2025-02-11T07:36:44+00:00\",\"breadcrumb\":{\"@id\":\"https:\/\/alloraliving.com\/fr\/canape-5-places-favola-avec-pouf-dangle\/#breadcrumb\"},\"inLanguage\":\"fr-FR\",\"potentialAction\":[{\"@type\":\"ReadAction\",\"target\":[\"https:\/\/alloraliving.com\/fr\/canape-5-places-favola-avec-pouf-dangle\/\"]}]},{\"@type\":\"ImageObject\",\"inLanguage\":\"fr-FR\",\"@id\":\"https:\/\/alloraliving.com\/fr\/canape-5-places-favola-avec-pouf-dangle\/#primaryimage\",\"url\":\"https:\/\/alloraliving.com\/wp-content\/uploads\/1-kremowa-narozna-sofa-modulowa-5-osobowa-favola-sand-cream.jpg\",\"contentUrl\":\"https:\/\/alloraliving.com\/wp-content\/uploads\/1-kremowa-narozna-sofa-modulowa-5-osobowa-favola-sand-cream.jpg\",\"width\":1600,\"height\":1200},{\"@type\":\"BreadcrumbList\",\"@id\":\"https:\/\/alloraliving.com\/fr\/canape-5-places-favola-avec-pouf-dangle\/#breadcrumb\",\"itemListElement\":[{\"@type\":\"ListItem\",\"position\":1,\"name\":\"Strona g\u0142\u00f3wna\",\"item\":\"https:\/\/alloraliving.com\/fr\/\"},{\"@type\":\"ListItem\",\"position\":2,\"name\":\"Boutique\",\"item\":\"https:\/\/alloraliving.com\/fr\/?page_id=6496\"},{\"@type\":\"ListItem\",\"position\":3,\"name\":\"Canap\u00e9 5 places Favola avec pouf d&#8217;angle\"}]},{\"@type\":\"WebSite\",\"@id\":\"https:\/\/alloraliving.com\/fr\/#website\",\"url\":\"https:\/\/alloraliving.com\/fr\/\",\"name\":\"AlloraLiving.com\",\"description\":\"\",\"potentialAction\":[{\"@type\":\"SearchAction\",\"target\":{\"@type\":\"EntryPoint\",\"urlTemplate\":\"https:\/\/alloraliving.com\/fr\/?s={search_term_string}\"},\"query-input\":{\"@type\":\"PropertyValueSpecification\",\"valueRequired\":true,\"valueName\":\"search_term_string\"}}],\"inLanguage\":\"fr-FR\"}]}<\/script>\n<meta property=\"og:availability\" content=\"instock\" \/>\n<meta property=\"product:availability\" content=\"instock\" \/>\n<meta property=\"product:condition\" content=\"new\" \/>\n<!-- \/ Yoast SEO Premium plugin. -->","yoast_head_json":{"title":"Canap\u00e9 5 places Favola avec pouf d'angle - AlloraLiving.com","robots":{"index":"index","follow":"follow","max-snippet":"max-snippet:-1","max-image-preview":"max-image-preview:large","max-video-preview":"max-video-preview:-1"},"canonical":"https:\/\/alloraliving.com\/fr\/canape-5-places-favola-avec-pouf-dangle\/","og_locale":"fr_FR","og_type":"article","og_title":"Canap\u00e9 5 places Favola avec pouf d'angle","og_description":"Le canap\u00e9 5 places FAVOLA avec pouf d'angle est une solution qui relie les segments les plus longs et les plus courts du syst\u00e8me \u00e0 angle droit, cr\u00e9ant ainsi une forme ouverte caract\u00e9ristique. Le pouf sans dossier souligne subtilement l'architecture du meuble, fa\u00e7onnant l'espace et permettant la libre p\u00e9n\u00e9tration de la vue et du mouvement derri\u00e8re sa forme.  Dans l'esprit du \u00abvivere la favola\u00bb italien, la collection FAVOLA offre modularit\u00e9 et flexibilit\u00e9 d'agencement, permettant de cr\u00e9er des int\u00e9rieurs au caract\u00e8re unique, dans lesquels chaque \u00e9l\u00e9ment s'harmonise avec le reste, cr\u00e9ant un ensemble harmonieux et inspirant.","og_url":"https:\/\/alloraliving.com\/fr\/canape-5-places-favola-avec-pouf-dangle\/","og_site_name":"AlloraLiving.com","article_modified_time":"2025-02-11T07:36:44+00:00","og_image":[{"width":1600,"height":1200,"url":"https:\/\/alloraliving.com\/wp-content\/uploads\/1-kremowa-narozna-sofa-modulowa-5-osobowa-favola-sand-cream.jpg","type":"image\/jpeg"}],"twitter_card":"summary_large_image","twitter_misc":{"Disponibilit\u00e9":"En stock"},"schema":{"@context":"https:\/\/schema.org","@graph":[{"@type":["WebPage","ItemPage"],"@id":"https:\/\/alloraliving.com\/fr\/canape-5-places-favola-avec-pouf-dangle\/","url":"https:\/\/alloraliving.com\/fr\/canape-5-places-favola-avec-pouf-dangle\/","name":"Canap\u00e9 5 places Favola avec pouf d'angle - AlloraLiving.com","isPartOf":{"@id":"https:\/\/alloraliving.com\/fr\/#website"},"primaryImageOfPage":{"@id":"https:\/\/alloraliving.com\/fr\/canape-5-places-favola-avec-pouf-dangle\/#primaryimage"},"image":{"@id":"https:\/\/alloraliving.com\/fr\/canape-5-places-favola-avec-pouf-dangle\/#primaryimage"},"thumbnailUrl":"https:\/\/alloraliving.com\/wp-content\/uploads\/1-kremowa-narozna-sofa-modulowa-5-osobowa-favola-sand-cream.jpg","datePublished":"2024-11-18T09:09:35+00:00","dateModified":"2025-02-11T07:36:44+00:00","breadcrumb":{"@id":"https:\/\/alloraliving.com\/fr\/canape-5-places-favola-avec-pouf-dangle\/#breadcrumb"},"inLanguage":"fr-FR","potentialAction":[{"@type":"ReadAction","target":["https:\/\/alloraliving.com\/fr\/canape-5-places-favola-avec-pouf-dangle\/"]}]},{"@type":"ImageObject","inLanguage":"fr-FR","@id":"https:\/\/alloraliving.com\/fr\/canape-5-places-favola-avec-pouf-dangle\/#primaryimage","url":"https:\/\/alloraliving.com\/wp-content\/uploads\/1-kremowa-narozna-sofa-modulowa-5-osobowa-favola-sand-cream.jpg","contentUrl":"https:\/\/alloraliving.com\/wp-content\/uploads\/1-kremowa-narozna-sofa-modulowa-5-osobowa-favola-sand-cream.jpg","width":1600,"height":1200},{"@type":"BreadcrumbList","@id":"https:\/\/alloraliving.com\/fr\/canape-5-places-favola-avec-pouf-dangle\/#breadcrumb","itemListElement":[{"@type":"ListItem","position":1,"name":"Strona g\u0142\u00f3wna","item":"https:\/\/alloraliving.com\/fr\/"},{"@type":"ListItem","position":2,"name":"Boutique","item":"https:\/\/alloraliving.com\/fr\/?page_id=6496"},{"@type":"ListItem","position":3,"name":"Canap\u00e9 5 places Favola avec pouf d&#8217;angle"}]},{"@type":"WebSite","@id":"https:\/\/alloraliving.com\/fr\/#website","url":"https:\/\/alloraliving.com\/fr\/","name":"AlloraLiving.com","description":"","potentialAction":[{"@type":"SearchAction","target":{"@type":"EntryPoint","urlTemplate":"https:\/\/alloraliving.com\/fr\/?s={search_term_string}"},"query-input":{"@type":"PropertyValueSpecification","valueRequired":true,"valueName":"search_term_string"}}],"inLanguage":"fr-FR"}]},"og_availability":"instock","product_availability":"instock","product_condition":"new"},"_links":{"self":[{"href":"https:\/\/alloraliving.com\/fr\/wp-json\/wp\/v2\/product\/7020","targetHints":{"allow":["GET"]}}],"collection":[{"href":"https:\/\/alloraliving.com\/fr\/wp-json\/wp\/v2\/product"}],"about":[{"href":"https:\/\/alloraliving.com\/fr\/wp-json\/wp\/v2\/types\/product"}],"wp:featuredmedia":[{"embeddable":true,"href":"https:\/\/alloraliving.com\/fr\/wp-json\/wp\/v2\/media\/7037"}],"wp:attachment":[{"href":"https:\/\/alloraliving.com\/fr\/wp-json\/wp\/v2\/media?parent=7020"}],"wp:term":[{"taxonomy":"product_brand","embeddable":true,"href":"https:\/\/alloraliving.com\/fr\/wp-json\/wp\/v2\/product_brand?post=7020"},{"taxonomy":"product_cat","embeddable":true,"href":"https:\/\/alloraliving.com\/fr\/wp-json\/wp\/v2\/product_cat?post=7020"},{"taxonomy":"product_tag","embeddable":true,"href":"https:\/\/alloraliving.com\/fr\/wp-json\/wp\/v2\/product_tag?post=7020"}],"curies":[{"name":"wp","href":"https:\/\/api.w.org\/{rel}","templated":true}]}}