{"id":7049,"date":"2024-10-28T10:45:19","date_gmt":"2024-10-28T09:45:19","guid":{"rendered":"https:\/\/alloraliving.com\/element-gauche-de-favola\/"},"modified":"2025-02-11T08:36:45","modified_gmt":"2025-02-11T07:36:45","slug":"element-gauche-de-favola","status":"publish","type":"product","link":"https:\/\/alloraliving.com\/fr\/element-gauche-de-favola\/","title":{"rendered":"\u00c9l\u00e9ment gauche de Favola"},"content":{"rendered":"","protected":false},"excerpt":{"rendered":"<p>L&rsquo;\u00e9l\u00e9ment droit gauche FAVOLA est un module qui ferme en douceur le corps du canap\u00e9 modulaire sur le c\u00f4t\u00e9 droit, cr\u00e9ant ainsi un ensemble coh\u00e9rent. Le si\u00e8ge souple et large, recouvert de tissu velours, offre non seulement du confort, mais ajoute \u00e9galement un caract\u00e8re \u00e9l\u00e9gant \u00e0 l&rsquo;int\u00e9rieur. <\/p>\n<p>Gr\u00e2ce \u00e0 la conception modulaire de la collection FAVOLA, vous avez une totale libert\u00e9 pour cr\u00e9er des am\u00e9nagements adapt\u00e9s \u00e0 votre style de vie. Inspir\u00e9e de l\u2019id\u00e9e de \u00ab vivre la favola \u00bb \u2013 vivre comme dans un conte de f\u00e9es, cette collection vous permet de cr\u00e9er un espace plein d\u2019harmonie et de beaut\u00e9, o\u00f9 chaque \u00e9l\u00e9ment introduit une atmosph\u00e8re unique qui peut \u00eatre librement modifi\u00e9e pour s\u2019adapter aux besoins et aux humeurs changeantes. Vous pouvez facilement adapter nos collections \u00e0 votre style \u00e0 l&rsquo;aide d&rsquo;ajouts et d&rsquo;accessoires.  <\/p>\n","protected":false},"featured_media":7054,"template":"","meta":[],"product_brand":[],"product_cat":[946,947,934],"product_tag":[],"class_list":{"0":"post-7049","1":"product","2":"type-product","3":"status-publish","4":"has-post-thumbnail","6":"product_cat-canapes","7":"product_cat-canapes-modulaires","8":"product_cat-collection-favola","9":"product_shipping_class-livraison-gratuite","11":"first","12":"instock","13":"taxable","14":"shipping-taxable","15":"purchasable","16":"product-type-variable","17":"has-default-attributes","18":"wvs-archive-product-wrapper"},"yoast_head":"<!-- This site is optimized with the Yoast SEO Premium plugin v26.8 (Yoast SEO v26.8) - https:\/\/yoast.com\/product\/yoast-seo-premium-wordpress\/ -->\n<title>\u00c9l\u00e9ment gauche de Favola - AlloraLiving.com<\/title>\n<meta name=\"robots\" content=\"index, follow, max-snippet:-1, max-image-preview:large, max-video-preview:-1\" \/>\n<link rel=\"canonical\" href=\"https:\/\/alloraliving.com\/fr\/element-gauche-de-favola\/\" \/>\n<meta property=\"og:locale\" content=\"fr_FR\" \/>\n<meta property=\"og:type\" content=\"article\" \/>\n<meta property=\"og:title\" content=\"\u00c9l\u00e9ment gauche de Favola\" \/>\n<meta property=\"og:description\" content=\"L&#039;\u00e9l\u00e9ment droit gauche FAVOLA est un module qui ferme en douceur le corps du canap\u00e9 modulaire sur le c\u00f4t\u00e9 droit, cr\u00e9ant ainsi un ensemble coh\u00e9rent. Le si\u00e8ge souple et large, recouvert de tissu velours, offre non seulement du confort, mais ajoute \u00e9galement un caract\u00e8re \u00e9l\u00e9gant \u00e0 l&#039;int\u00e9rieur.  Gr\u00e2ce \u00e0 la conception modulaire de la collection FAVOLA, vous avez une totale libert\u00e9 pour cr\u00e9er des am\u00e9nagements adapt\u00e9s \u00e0 votre style de vie. Inspir\u00e9e de l\u2019id\u00e9e de \u00ab vivre la favola \u00bb \u2013 vivre comme dans un conte de f\u00e9es, cette collection vous permet de cr\u00e9er un espace plein d\u2019harmonie et de beaut\u00e9, o\u00f9 chaque \u00e9l\u00e9ment introduit une atmosph\u00e8re unique qui peut \u00eatre librement modifi\u00e9e pour s\u2019adapter aux besoins et aux humeurs changeantes. Vous pouvez facilement adapter nos collections \u00e0 votre style \u00e0 l&#039;aide d&#039;ajouts et d&#039;accessoires.\" \/>\n<meta property=\"og:url\" content=\"https:\/\/alloraliving.com\/fr\/element-gauche-de-favola\/\" \/>\n<meta property=\"og:site_name\" content=\"AlloraLiving.com\" \/>\n<meta property=\"article:modified_time\" content=\"2025-02-11T07:36:45+00:00\" \/>\n<meta property=\"og:image\" content=\"https:\/\/alloraliving.com\/wp-content\/uploads\/3-lewy-element-sofy-modulowej-favola-sand-cream.jpg\" \/>\n\t<meta property=\"og:image:width\" content=\"1600\" \/>\n\t<meta property=\"og:image:height\" content=\"1200\" \/>\n\t<meta property=\"og:image:type\" content=\"image\/jpeg\" \/>\n<meta name=\"twitter:card\" content=\"summary_large_image\" \/>\n<meta name=\"twitter:label1\" content=\"Disponibilit\u00e9\" \/>\n\t<meta name=\"twitter:data1\" content=\"En stock\" \/>\n<script type=\"application\/ld+json\" class=\"yoast-schema-graph\">{\"@context\":\"https:\/\/schema.org\",\"@graph\":[{\"@type\":[\"WebPage\",\"ItemPage\"],\"@id\":\"https:\/\/alloraliving.com\/fr\/element-gauche-de-favola\/\",\"url\":\"https:\/\/alloraliving.com\/fr\/element-gauche-de-favola\/\",\"name\":\"\u00c9l\u00e9ment gauche de Favola - AlloraLiving.com\",\"isPartOf\":{\"@id\":\"https:\/\/alloraliving.com\/fr\/#website\"},\"primaryImageOfPage\":{\"@id\":\"https:\/\/alloraliving.com\/fr\/element-gauche-de-favola\/#primaryimage\"},\"image\":{\"@id\":\"https:\/\/alloraliving.com\/fr\/element-gauche-de-favola\/#primaryimage\"},\"thumbnailUrl\":\"https:\/\/alloraliving.com\/wp-content\/uploads\/3-lewy-element-sofy-modulowej-favola-sand-cream.jpg\",\"datePublished\":\"2024-10-28T09:45:19+00:00\",\"dateModified\":\"2025-02-11T07:36:45+00:00\",\"breadcrumb\":{\"@id\":\"https:\/\/alloraliving.com\/fr\/element-gauche-de-favola\/#breadcrumb\"},\"inLanguage\":\"fr-FR\",\"potentialAction\":[{\"@type\":\"ReadAction\",\"target\":[\"https:\/\/alloraliving.com\/fr\/element-gauche-de-favola\/\"]}]},{\"@type\":\"ImageObject\",\"inLanguage\":\"fr-FR\",\"@id\":\"https:\/\/alloraliving.com\/fr\/element-gauche-de-favola\/#primaryimage\",\"url\":\"https:\/\/alloraliving.com\/wp-content\/uploads\/3-lewy-element-sofy-modulowej-favola-sand-cream.jpg\",\"contentUrl\":\"https:\/\/alloraliving.com\/wp-content\/uploads\/3-lewy-element-sofy-modulowej-favola-sand-cream.jpg\",\"width\":1600,\"height\":1200},{\"@type\":\"BreadcrumbList\",\"@id\":\"https:\/\/alloraliving.com\/fr\/element-gauche-de-favola\/#breadcrumb\",\"itemListElement\":[{\"@type\":\"ListItem\",\"position\":1,\"name\":\"Strona g\u0142\u00f3wna\",\"item\":\"https:\/\/alloraliving.com\/fr\/\"},{\"@type\":\"ListItem\",\"position\":2,\"name\":\"Boutique\",\"item\":\"https:\/\/alloraliving.com\/fr\/?page_id=6496\"},{\"@type\":\"ListItem\",\"position\":3,\"name\":\"\u00c9l\u00e9ment gauche de Favola\"}]},{\"@type\":\"WebSite\",\"@id\":\"https:\/\/alloraliving.com\/fr\/#website\",\"url\":\"https:\/\/alloraliving.com\/fr\/\",\"name\":\"AlloraLiving.com\",\"description\":\"\",\"potentialAction\":[{\"@type\":\"SearchAction\",\"target\":{\"@type\":\"EntryPoint\",\"urlTemplate\":\"https:\/\/alloraliving.com\/fr\/?s={search_term_string}\"},\"query-input\":{\"@type\":\"PropertyValueSpecification\",\"valueRequired\":true,\"valueName\":\"search_term_string\"}}],\"inLanguage\":\"fr-FR\"}]}<\/script>\n<meta property=\"og:availability\" content=\"instock\" \/>\n<meta property=\"product:availability\" content=\"instock\" \/>\n<meta property=\"product:condition\" content=\"new\" \/>\n<!-- \/ Yoast SEO Premium plugin. -->","yoast_head_json":{"title":"\u00c9l\u00e9ment gauche de Favola - AlloraLiving.com","robots":{"index":"index","follow":"follow","max-snippet":"max-snippet:-1","max-image-preview":"max-image-preview:large","max-video-preview":"max-video-preview:-1"},"canonical":"https:\/\/alloraliving.com\/fr\/element-gauche-de-favola\/","og_locale":"fr_FR","og_type":"article","og_title":"\u00c9l\u00e9ment gauche de Favola","og_description":"L'\u00e9l\u00e9ment droit gauche FAVOLA est un module qui ferme en douceur le corps du canap\u00e9 modulaire sur le c\u00f4t\u00e9 droit, cr\u00e9ant ainsi un ensemble coh\u00e9rent. Le si\u00e8ge souple et large, recouvert de tissu velours, offre non seulement du confort, mais ajoute \u00e9galement un caract\u00e8re \u00e9l\u00e9gant \u00e0 l'int\u00e9rieur.  Gr\u00e2ce \u00e0 la conception modulaire de la collection FAVOLA, vous avez une totale libert\u00e9 pour cr\u00e9er des am\u00e9nagements adapt\u00e9s \u00e0 votre style de vie. Inspir\u00e9e de l\u2019id\u00e9e de \u00ab vivre la favola \u00bb \u2013 vivre comme dans un conte de f\u00e9es, cette collection vous permet de cr\u00e9er un espace plein d\u2019harmonie et de beaut\u00e9, o\u00f9 chaque \u00e9l\u00e9ment introduit une atmosph\u00e8re unique qui peut \u00eatre librement modifi\u00e9e pour s\u2019adapter aux besoins et aux humeurs changeantes. Vous pouvez facilement adapter nos collections \u00e0 votre style \u00e0 l'aide d'ajouts et d'accessoires.","og_url":"https:\/\/alloraliving.com\/fr\/element-gauche-de-favola\/","og_site_name":"AlloraLiving.com","article_modified_time":"2025-02-11T07:36:45+00:00","og_image":[{"width":1600,"height":1200,"url":"https:\/\/alloraliving.com\/wp-content\/uploads\/3-lewy-element-sofy-modulowej-favola-sand-cream.jpg","type":"image\/jpeg"}],"twitter_card":"summary_large_image","twitter_misc":{"Disponibilit\u00e9":"En stock"},"schema":{"@context":"https:\/\/schema.org","@graph":[{"@type":["WebPage","ItemPage"],"@id":"https:\/\/alloraliving.com\/fr\/element-gauche-de-favola\/","url":"https:\/\/alloraliving.com\/fr\/element-gauche-de-favola\/","name":"\u00c9l\u00e9ment gauche de Favola - AlloraLiving.com","isPartOf":{"@id":"https:\/\/alloraliving.com\/fr\/#website"},"primaryImageOfPage":{"@id":"https:\/\/alloraliving.com\/fr\/element-gauche-de-favola\/#primaryimage"},"image":{"@id":"https:\/\/alloraliving.com\/fr\/element-gauche-de-favola\/#primaryimage"},"thumbnailUrl":"https:\/\/alloraliving.com\/wp-content\/uploads\/3-lewy-element-sofy-modulowej-favola-sand-cream.jpg","datePublished":"2024-10-28T09:45:19+00:00","dateModified":"2025-02-11T07:36:45+00:00","breadcrumb":{"@id":"https:\/\/alloraliving.com\/fr\/element-gauche-de-favola\/#breadcrumb"},"inLanguage":"fr-FR","potentialAction":[{"@type":"ReadAction","target":["https:\/\/alloraliving.com\/fr\/element-gauche-de-favola\/"]}]},{"@type":"ImageObject","inLanguage":"fr-FR","@id":"https:\/\/alloraliving.com\/fr\/element-gauche-de-favola\/#primaryimage","url":"https:\/\/alloraliving.com\/wp-content\/uploads\/3-lewy-element-sofy-modulowej-favola-sand-cream.jpg","contentUrl":"https:\/\/alloraliving.com\/wp-content\/uploads\/3-lewy-element-sofy-modulowej-favola-sand-cream.jpg","width":1600,"height":1200},{"@type":"BreadcrumbList","@id":"https:\/\/alloraliving.com\/fr\/element-gauche-de-favola\/#breadcrumb","itemListElement":[{"@type":"ListItem","position":1,"name":"Strona g\u0142\u00f3wna","item":"https:\/\/alloraliving.com\/fr\/"},{"@type":"ListItem","position":2,"name":"Boutique","item":"https:\/\/alloraliving.com\/fr\/?page_id=6496"},{"@type":"ListItem","position":3,"name":"\u00c9l\u00e9ment gauche de Favola"}]},{"@type":"WebSite","@id":"https:\/\/alloraliving.com\/fr\/#website","url":"https:\/\/alloraliving.com\/fr\/","name":"AlloraLiving.com","description":"","potentialAction":[{"@type":"SearchAction","target":{"@type":"EntryPoint","urlTemplate":"https:\/\/alloraliving.com\/fr\/?s={search_term_string}"},"query-input":{"@type":"PropertyValueSpecification","valueRequired":true,"valueName":"search_term_string"}}],"inLanguage":"fr-FR"}]},"og_availability":"instock","product_availability":"instock","product_condition":"new"},"_links":{"self":[{"href":"https:\/\/alloraliving.com\/fr\/wp-json\/wp\/v2\/product\/7049","targetHints":{"allow":["GET"]}}],"collection":[{"href":"https:\/\/alloraliving.com\/fr\/wp-json\/wp\/v2\/product"}],"about":[{"href":"https:\/\/alloraliving.com\/fr\/wp-json\/wp\/v2\/types\/product"}],"wp:featuredmedia":[{"embeddable":true,"href":"https:\/\/alloraliving.com\/fr\/wp-json\/wp\/v2\/media\/7054"}],"wp:attachment":[{"href":"https:\/\/alloraliving.com\/fr\/wp-json\/wp\/v2\/media?parent=7049"}],"wp:term":[{"taxonomy":"product_brand","embeddable":true,"href":"https:\/\/alloraliving.com\/fr\/wp-json\/wp\/v2\/product_brand?post=7049"},{"taxonomy":"product_cat","embeddable":true,"href":"https:\/\/alloraliving.com\/fr\/wp-json\/wp\/v2\/product_cat?post=7049"},{"taxonomy":"product_tag","embeddable":true,"href":"https:\/\/alloraliving.com\/fr\/wp-json\/wp\/v2\/product_tag?post=7049"}],"curies":[{"name":"wp","href":"https:\/\/api.w.org\/{rel}","templated":true}]}}