{"id":7061,"date":"2024-11-18T08:17:24","date_gmt":"2024-11-18T07:17:24","guid":{"rendered":"https:\/\/alloraliving.com\/canape-2-places-favola\/"},"modified":"2025-02-11T08:36:46","modified_gmt":"2025-02-11T07:36:46","slug":"canape-2-places-favola","status":"publish","type":"product","link":"https:\/\/alloraliving.com\/fr\/canape-2-places-favola\/","title":{"rendered":"Canap\u00e9 2 places Favola"},"content":{"rendered":"","protected":false},"excerpt":{"rendered":"<p>Le canap\u00e9 2 places de la collection FAVOLA est une combinaison harmonieuse de forme compacte et d&rsquo;\u00e9l\u00e9gance intemporelle, id\u00e9ale pour les petits salons ou les coins salon cosy. Ses lignes douces et arrondies et ses assises confortables cr\u00e9ent un espace intime propice \u00e0 la d\u00e9tente et au moment de r\u00e9pit. Gr\u00e2ce \u00e0 son design universel, le canap\u00e9 s&rsquo;harmonise parfaitement avec les autres \u00e9l\u00e9ments de la collection FAVOLA, vous permettant de cr\u00e9er des compositions coh\u00e9rentes et \u00e9l\u00e9gantes.<\/p>\n<p>Le rev\u00eatement en luxueux tissu velours fran\u00e7ais ajoute une brillance subtile \u00e0 la collection, gr\u00e2ce \u00e0 laquelle les meubles propos\u00e9s introduisent l\u00e9g\u00e8ret\u00e9 et \u00e9l\u00e9gance \u00e0 l&rsquo;int\u00e9rieur, vous inspirant \u00e0 c\u00e9l\u00e9brer les moments du quotidien entour\u00e9s d&rsquo;un excellent design.<\/p>\n","protected":false},"featured_media":7083,"template":"","meta":[],"product_brand":[],"product_cat":[946,947,934],"product_tag":[],"class_list":{"0":"post-7061","1":"product","2":"type-product","3":"status-publish","4":"has-post-thumbnail","6":"product_cat-canapes","7":"product_cat-canapes-modulaires","8":"product_cat-collection-favola","9":"product_shipping_class-livraison-gratuite","11":"first","12":"instock","13":"taxable","14":"shipping-taxable","15":"purchasable","16":"product-type-variable","17":"has-default-attributes","18":"wvs-archive-product-wrapper"},"yoast_head":"<!-- This site is optimized with the Yoast SEO Premium plugin v26.8 (Yoast SEO v26.8) - https:\/\/yoast.com\/product\/yoast-seo-premium-wordpress\/ -->\n<title>Canap\u00e9 2 places Favola - AlloraLiving.com<\/title>\n<meta name=\"robots\" content=\"index, follow, max-snippet:-1, max-image-preview:large, max-video-preview:-1\" \/>\n<link rel=\"canonical\" href=\"https:\/\/alloraliving.com\/fr\/canape-2-places-favola\/\" \/>\n<meta property=\"og:locale\" content=\"fr_FR\" \/>\n<meta property=\"og:type\" content=\"article\" \/>\n<meta property=\"og:title\" content=\"Canap\u00e9 2 places Favola\" \/>\n<meta property=\"og:description\" content=\"Le canap\u00e9 2 places de la collection FAVOLA est une combinaison harmonieuse de forme compacte et d&#039;\u00e9l\u00e9gance intemporelle, id\u00e9ale pour les petits salons ou les coins salon cosy. Ses lignes douces et arrondies et ses assises confortables cr\u00e9ent un espace intime propice \u00e0 la d\u00e9tente et au moment de r\u00e9pit. Gr\u00e2ce \u00e0 son design universel, le canap\u00e9 s&#039;harmonise parfaitement avec les autres \u00e9l\u00e9ments de la collection FAVOLA, vous permettant de cr\u00e9er des compositions coh\u00e9rentes et \u00e9l\u00e9gantes. Le rev\u00eatement en luxueux tissu velours fran\u00e7ais ajoute une brillance subtile \u00e0 la collection, gr\u00e2ce \u00e0 laquelle les meubles propos\u00e9s introduisent l\u00e9g\u00e8ret\u00e9 et \u00e9l\u00e9gance \u00e0 l&#039;int\u00e9rieur, vous inspirant \u00e0 c\u00e9l\u00e9brer les moments du quotidien entour\u00e9s d&#039;un excellent design.\" \/>\n<meta property=\"og:url\" content=\"https:\/\/alloraliving.com\/fr\/canape-2-places-favola\/\" \/>\n<meta property=\"og:site_name\" content=\"AlloraLiving.com\" \/>\n<meta property=\"article:modified_time\" content=\"2025-02-11T07:36:46+00:00\" \/>\n<meta property=\"og:image\" content=\"https:\/\/alloraliving.com\/wp-content\/uploads\/1-kremowa-sofa-2-osobowa-favola-sand-cream.jpg\" \/>\n\t<meta property=\"og:image:width\" content=\"1600\" \/>\n\t<meta property=\"og:image:height\" content=\"1200\" \/>\n\t<meta property=\"og:image:type\" content=\"image\/jpeg\" \/>\n<meta name=\"twitter:card\" content=\"summary_large_image\" \/>\n<meta name=\"twitter:label1\" content=\"Disponibilit\u00e9\" \/>\n\t<meta name=\"twitter:data1\" content=\"En stock\" \/>\n<script type=\"application\/ld+json\" class=\"yoast-schema-graph\">{\"@context\":\"https:\/\/schema.org\",\"@graph\":[{\"@type\":[\"WebPage\",\"ItemPage\"],\"@id\":\"https:\/\/alloraliving.com\/fr\/canape-2-places-favola\/\",\"url\":\"https:\/\/alloraliving.com\/fr\/canape-2-places-favola\/\",\"name\":\"Canap\u00e9 2 places Favola - AlloraLiving.com\",\"isPartOf\":{\"@id\":\"https:\/\/alloraliving.com\/fr\/#website\"},\"primaryImageOfPage\":{\"@id\":\"https:\/\/alloraliving.com\/fr\/canape-2-places-favola\/#primaryimage\"},\"image\":{\"@id\":\"https:\/\/alloraliving.com\/fr\/canape-2-places-favola\/#primaryimage\"},\"thumbnailUrl\":\"https:\/\/alloraliving.com\/wp-content\/uploads\/1-kremowa-sofa-2-osobowa-favola-sand-cream.jpg\",\"datePublished\":\"2024-11-18T07:17:24+00:00\",\"dateModified\":\"2025-02-11T07:36:46+00:00\",\"breadcrumb\":{\"@id\":\"https:\/\/alloraliving.com\/fr\/canape-2-places-favola\/#breadcrumb\"},\"inLanguage\":\"fr-FR\",\"potentialAction\":[{\"@type\":\"ReadAction\",\"target\":[\"https:\/\/alloraliving.com\/fr\/canape-2-places-favola\/\"]}]},{\"@type\":\"ImageObject\",\"inLanguage\":\"fr-FR\",\"@id\":\"https:\/\/alloraliving.com\/fr\/canape-2-places-favola\/#primaryimage\",\"url\":\"https:\/\/alloraliving.com\/wp-content\/uploads\/1-kremowa-sofa-2-osobowa-favola-sand-cream.jpg\",\"contentUrl\":\"https:\/\/alloraliving.com\/wp-content\/uploads\/1-kremowa-sofa-2-osobowa-favola-sand-cream.jpg\",\"width\":1600,\"height\":1200},{\"@type\":\"BreadcrumbList\",\"@id\":\"https:\/\/alloraliving.com\/fr\/canape-2-places-favola\/#breadcrumb\",\"itemListElement\":[{\"@type\":\"ListItem\",\"position\":1,\"name\":\"Strona g\u0142\u00f3wna\",\"item\":\"https:\/\/alloraliving.com\/fr\/\"},{\"@type\":\"ListItem\",\"position\":2,\"name\":\"Boutique\",\"item\":\"https:\/\/alloraliving.com\/fr\/?page_id=6496\"},{\"@type\":\"ListItem\",\"position\":3,\"name\":\"Canap\u00e9 2 places Favola\"}]},{\"@type\":\"WebSite\",\"@id\":\"https:\/\/alloraliving.com\/fr\/#website\",\"url\":\"https:\/\/alloraliving.com\/fr\/\",\"name\":\"AlloraLiving.com\",\"description\":\"\",\"potentialAction\":[{\"@type\":\"SearchAction\",\"target\":{\"@type\":\"EntryPoint\",\"urlTemplate\":\"https:\/\/alloraliving.com\/fr\/?s={search_term_string}\"},\"query-input\":{\"@type\":\"PropertyValueSpecification\",\"valueRequired\":true,\"valueName\":\"search_term_string\"}}],\"inLanguage\":\"fr-FR\"}]}<\/script>\n<meta property=\"og:availability\" content=\"instock\" \/>\n<meta property=\"product:availability\" content=\"instock\" \/>\n<meta property=\"product:condition\" content=\"new\" \/>\n<!-- \/ Yoast SEO Premium plugin. -->","yoast_head_json":{"title":"Canap\u00e9 2 places Favola - AlloraLiving.com","robots":{"index":"index","follow":"follow","max-snippet":"max-snippet:-1","max-image-preview":"max-image-preview:large","max-video-preview":"max-video-preview:-1"},"canonical":"https:\/\/alloraliving.com\/fr\/canape-2-places-favola\/","og_locale":"fr_FR","og_type":"article","og_title":"Canap\u00e9 2 places Favola","og_description":"Le canap\u00e9 2 places de la collection FAVOLA est une combinaison harmonieuse de forme compacte et d'\u00e9l\u00e9gance intemporelle, id\u00e9ale pour les petits salons ou les coins salon cosy. Ses lignes douces et arrondies et ses assises confortables cr\u00e9ent un espace intime propice \u00e0 la d\u00e9tente et au moment de r\u00e9pit. Gr\u00e2ce \u00e0 son design universel, le canap\u00e9 s'harmonise parfaitement avec les autres \u00e9l\u00e9ments de la collection FAVOLA, vous permettant de cr\u00e9er des compositions coh\u00e9rentes et \u00e9l\u00e9gantes. Le rev\u00eatement en luxueux tissu velours fran\u00e7ais ajoute une brillance subtile \u00e0 la collection, gr\u00e2ce \u00e0 laquelle les meubles propos\u00e9s introduisent l\u00e9g\u00e8ret\u00e9 et \u00e9l\u00e9gance \u00e0 l'int\u00e9rieur, vous inspirant \u00e0 c\u00e9l\u00e9brer les moments du quotidien entour\u00e9s d'un excellent design.","og_url":"https:\/\/alloraliving.com\/fr\/canape-2-places-favola\/","og_site_name":"AlloraLiving.com","article_modified_time":"2025-02-11T07:36:46+00:00","og_image":[{"width":1600,"height":1200,"url":"https:\/\/alloraliving.com\/wp-content\/uploads\/1-kremowa-sofa-2-osobowa-favola-sand-cream.jpg","type":"image\/jpeg"}],"twitter_card":"summary_large_image","twitter_misc":{"Disponibilit\u00e9":"En stock"},"schema":{"@context":"https:\/\/schema.org","@graph":[{"@type":["WebPage","ItemPage"],"@id":"https:\/\/alloraliving.com\/fr\/canape-2-places-favola\/","url":"https:\/\/alloraliving.com\/fr\/canape-2-places-favola\/","name":"Canap\u00e9 2 places Favola - AlloraLiving.com","isPartOf":{"@id":"https:\/\/alloraliving.com\/fr\/#website"},"primaryImageOfPage":{"@id":"https:\/\/alloraliving.com\/fr\/canape-2-places-favola\/#primaryimage"},"image":{"@id":"https:\/\/alloraliving.com\/fr\/canape-2-places-favola\/#primaryimage"},"thumbnailUrl":"https:\/\/alloraliving.com\/wp-content\/uploads\/1-kremowa-sofa-2-osobowa-favola-sand-cream.jpg","datePublished":"2024-11-18T07:17:24+00:00","dateModified":"2025-02-11T07:36:46+00:00","breadcrumb":{"@id":"https:\/\/alloraliving.com\/fr\/canape-2-places-favola\/#breadcrumb"},"inLanguage":"fr-FR","potentialAction":[{"@type":"ReadAction","target":["https:\/\/alloraliving.com\/fr\/canape-2-places-favola\/"]}]},{"@type":"ImageObject","inLanguage":"fr-FR","@id":"https:\/\/alloraliving.com\/fr\/canape-2-places-favola\/#primaryimage","url":"https:\/\/alloraliving.com\/wp-content\/uploads\/1-kremowa-sofa-2-osobowa-favola-sand-cream.jpg","contentUrl":"https:\/\/alloraliving.com\/wp-content\/uploads\/1-kremowa-sofa-2-osobowa-favola-sand-cream.jpg","width":1600,"height":1200},{"@type":"BreadcrumbList","@id":"https:\/\/alloraliving.com\/fr\/canape-2-places-favola\/#breadcrumb","itemListElement":[{"@type":"ListItem","position":1,"name":"Strona g\u0142\u00f3wna","item":"https:\/\/alloraliving.com\/fr\/"},{"@type":"ListItem","position":2,"name":"Boutique","item":"https:\/\/alloraliving.com\/fr\/?page_id=6496"},{"@type":"ListItem","position":3,"name":"Canap\u00e9 2 places Favola"}]},{"@type":"WebSite","@id":"https:\/\/alloraliving.com\/fr\/#website","url":"https:\/\/alloraliving.com\/fr\/","name":"AlloraLiving.com","description":"","potentialAction":[{"@type":"SearchAction","target":{"@type":"EntryPoint","urlTemplate":"https:\/\/alloraliving.com\/fr\/?s={search_term_string}"},"query-input":{"@type":"PropertyValueSpecification","valueRequired":true,"valueName":"search_term_string"}}],"inLanguage":"fr-FR"}]},"og_availability":"instock","product_availability":"instock","product_condition":"new"},"_links":{"self":[{"href":"https:\/\/alloraliving.com\/fr\/wp-json\/wp\/v2\/product\/7061","targetHints":{"allow":["GET"]}}],"collection":[{"href":"https:\/\/alloraliving.com\/fr\/wp-json\/wp\/v2\/product"}],"about":[{"href":"https:\/\/alloraliving.com\/fr\/wp-json\/wp\/v2\/types\/product"}],"wp:featuredmedia":[{"embeddable":true,"href":"https:\/\/alloraliving.com\/fr\/wp-json\/wp\/v2\/media\/7083"}],"wp:attachment":[{"href":"https:\/\/alloraliving.com\/fr\/wp-json\/wp\/v2\/media?parent=7061"}],"wp:term":[{"taxonomy":"product_brand","embeddable":true,"href":"https:\/\/alloraliving.com\/fr\/wp-json\/wp\/v2\/product_brand?post=7061"},{"taxonomy":"product_cat","embeddable":true,"href":"https:\/\/alloraliving.com\/fr\/wp-json\/wp\/v2\/product_cat?post=7061"},{"taxonomy":"product_tag","embeddable":true,"href":"https:\/\/alloraliving.com\/fr\/wp-json\/wp\/v2\/product_tag?post=7061"}],"curies":[{"name":"wp","href":"https:\/\/api.w.org\/{rel}","templated":true}]}}