{"id":7072,"date":"2025-01-02T17:13:05","date_gmt":"2025-01-02T16:13:05","guid":{"rendered":"https:\/\/alloraliving.com\/ensemble-de-2-fauteuils-favola-sans-accoudoirs\/"},"modified":"2025-02-11T08:36:46","modified_gmt":"2025-02-11T07:36:46","slug":"ensemble-de-2-fauteuils-favola-sans-accoudoirs","status":"publish","type":"product","link":"https:\/\/alloraliving.com\/fr\/ensemble-de-2-fauteuils-favola-sans-accoudoirs\/","title":{"rendered":"Ensemble de 2 fauteuils Favola sans accoudoirs"},"content":{"rendered":"","protected":false},"excerpt":{"rendered":"<p>Un ensemble de deux \u00e9l\u00e9ments simples FAVOLA constitue une base solide pour cr\u00e9er un espace de d\u00e9tente confortable. Les deux modules, bien que non destin\u00e9s \u00e0 des modifications continues, fonctionnent parfaitement ensemble, offrant une composition coh\u00e9rente et ordonn\u00e9e. Il s\u2019agit d\u2019une proposition destin\u00e9e \u00e0 ceux qui appr\u00e9cient les solutions d\u2019am\u00e9nagement bien pens\u00e9es et stables.  <\/p>\n<p>La collection FAVOLA, s&rsquo;inspirant de l&rsquo;esth\u00e9tique italienne, met l&rsquo;accent sur la modularit\u00e9, qui sert \u00e0 cr\u00e9er un espace harmonieux et fonctionnel. Gr\u00e2ce \u00e0 cela, l&rsquo;int\u00e9rieur gagne en caract\u00e8re et assure un confort au quotidien. <\/p>\n","protected":false},"featured_media":7086,"template":"","meta":[],"product_brand":[],"product_cat":[946,947,934],"product_tag":[],"class_list":{"0":"post-7072","1":"product","2":"type-product","3":"status-publish","4":"has-post-thumbnail","6":"product_cat-canapes","7":"product_cat-canapes-modulaires","8":"product_cat-collection-favola","9":"product_shipping_class-livraison-gratuite","11":"first","12":"instock","13":"taxable","14":"shipping-taxable","15":"purchasable","16":"product-type-variable","17":"has-default-attributes","18":"wvs-archive-product-wrapper"},"yoast_head":"<!-- This site is optimized with the Yoast SEO Premium plugin v26.8 (Yoast SEO v26.8) - https:\/\/yoast.com\/product\/yoast-seo-premium-wordpress\/ -->\n<title>Ensemble de 2 fauteuils Favola sans accoudoirs - AlloraLiving.com<\/title>\n<meta name=\"robots\" content=\"index, follow, max-snippet:-1, max-image-preview:large, max-video-preview:-1\" \/>\n<link rel=\"canonical\" href=\"https:\/\/alloraliving.com\/fr\/ensemble-de-2-fauteuils-favola-sans-accoudoirs\/\" \/>\n<meta property=\"og:locale\" content=\"fr_FR\" \/>\n<meta property=\"og:type\" content=\"article\" \/>\n<meta property=\"og:title\" content=\"Ensemble de 2 fauteuils Favola sans accoudoirs\" \/>\n<meta property=\"og:description\" content=\"Un ensemble de deux \u00e9l\u00e9ments simples FAVOLA constitue une base solide pour cr\u00e9er un espace de d\u00e9tente confortable. Les deux modules, bien que non destin\u00e9s \u00e0 des modifications continues, fonctionnent parfaitement ensemble, offrant une composition coh\u00e9rente et ordonn\u00e9e. Il s\u2019agit d\u2019une proposition destin\u00e9e \u00e0 ceux qui appr\u00e9cient les solutions d\u2019am\u00e9nagement bien pens\u00e9es et stables.  La collection FAVOLA, s&#039;inspirant de l&#039;esth\u00e9tique italienne, met l&#039;accent sur la modularit\u00e9, qui sert \u00e0 cr\u00e9er un espace harmonieux et fonctionnel. Gr\u00e2ce \u00e0 cela, l&#039;int\u00e9rieur gagne en caract\u00e8re et assure un confort au quotidien.\" \/>\n<meta property=\"og:url\" content=\"https:\/\/alloraliving.com\/fr\/ensemble-de-2-fauteuils-favola-sans-accoudoirs\/\" \/>\n<meta property=\"og:site_name\" content=\"AlloraLiving.com\" \/>\n<meta property=\"article:modified_time\" content=\"2025-02-11T07:36:46+00:00\" \/>\n<meta property=\"og:image\" content=\"https:\/\/alloraliving.com\/wp-content\/uploads\/1-zestaw-2-elementy-proste-favola-sand-cream.jpg\" \/>\n\t<meta property=\"og:image:width\" content=\"1600\" \/>\n\t<meta property=\"og:image:height\" content=\"1200\" \/>\n\t<meta property=\"og:image:type\" content=\"image\/jpeg\" \/>\n<meta name=\"twitter:card\" content=\"summary_large_image\" \/>\n<meta name=\"twitter:label1\" content=\"Disponibilit\u00e9\" \/>\n\t<meta name=\"twitter:data1\" content=\"En stock\" \/>\n<script type=\"application\/ld+json\" class=\"yoast-schema-graph\">{\"@context\":\"https:\/\/schema.org\",\"@graph\":[{\"@type\":[\"WebPage\",\"ItemPage\"],\"@id\":\"https:\/\/alloraliving.com\/fr\/ensemble-de-2-fauteuils-favola-sans-accoudoirs\/\",\"url\":\"https:\/\/alloraliving.com\/fr\/ensemble-de-2-fauteuils-favola-sans-accoudoirs\/\",\"name\":\"Ensemble de 2 fauteuils Favola sans accoudoirs - AlloraLiving.com\",\"isPartOf\":{\"@id\":\"https:\/\/alloraliving.com\/fr\/#website\"},\"primaryImageOfPage\":{\"@id\":\"https:\/\/alloraliving.com\/fr\/ensemble-de-2-fauteuils-favola-sans-accoudoirs\/#primaryimage\"},\"image\":{\"@id\":\"https:\/\/alloraliving.com\/fr\/ensemble-de-2-fauteuils-favola-sans-accoudoirs\/#primaryimage\"},\"thumbnailUrl\":\"https:\/\/alloraliving.com\/wp-content\/uploads\/1-zestaw-2-elementy-proste-favola-sand-cream.jpg\",\"datePublished\":\"2025-01-02T16:13:05+00:00\",\"dateModified\":\"2025-02-11T07:36:46+00:00\",\"breadcrumb\":{\"@id\":\"https:\/\/alloraliving.com\/fr\/ensemble-de-2-fauteuils-favola-sans-accoudoirs\/#breadcrumb\"},\"inLanguage\":\"fr-FR\",\"potentialAction\":[{\"@type\":\"ReadAction\",\"target\":[\"https:\/\/alloraliving.com\/fr\/ensemble-de-2-fauteuils-favola-sans-accoudoirs\/\"]}]},{\"@type\":\"ImageObject\",\"inLanguage\":\"fr-FR\",\"@id\":\"https:\/\/alloraliving.com\/fr\/ensemble-de-2-fauteuils-favola-sans-accoudoirs\/#primaryimage\",\"url\":\"https:\/\/alloraliving.com\/wp-content\/uploads\/1-zestaw-2-elementy-proste-favola-sand-cream.jpg\",\"contentUrl\":\"https:\/\/alloraliving.com\/wp-content\/uploads\/1-zestaw-2-elementy-proste-favola-sand-cream.jpg\",\"width\":1600,\"height\":1200},{\"@type\":\"BreadcrumbList\",\"@id\":\"https:\/\/alloraliving.com\/fr\/ensemble-de-2-fauteuils-favola-sans-accoudoirs\/#breadcrumb\",\"itemListElement\":[{\"@type\":\"ListItem\",\"position\":1,\"name\":\"Strona g\u0142\u00f3wna\",\"item\":\"https:\/\/alloraliving.com\/fr\/\"},{\"@type\":\"ListItem\",\"position\":2,\"name\":\"Boutique\",\"item\":\"https:\/\/alloraliving.com\/fr\/?page_id=6496\"},{\"@type\":\"ListItem\",\"position\":3,\"name\":\"Ensemble de 2 fauteuils Favola sans accoudoirs\"}]},{\"@type\":\"WebSite\",\"@id\":\"https:\/\/alloraliving.com\/fr\/#website\",\"url\":\"https:\/\/alloraliving.com\/fr\/\",\"name\":\"AlloraLiving.com\",\"description\":\"\",\"potentialAction\":[{\"@type\":\"SearchAction\",\"target\":{\"@type\":\"EntryPoint\",\"urlTemplate\":\"https:\/\/alloraliving.com\/fr\/?s={search_term_string}\"},\"query-input\":{\"@type\":\"PropertyValueSpecification\",\"valueRequired\":true,\"valueName\":\"search_term_string\"}}],\"inLanguage\":\"fr-FR\"}]}<\/script>\n<meta property=\"og:availability\" content=\"instock\" \/>\n<meta property=\"product:availability\" content=\"instock\" \/>\n<meta property=\"product:condition\" content=\"new\" \/>\n<!-- \/ Yoast SEO Premium plugin. -->","yoast_head_json":{"title":"Ensemble de 2 fauteuils Favola sans accoudoirs - AlloraLiving.com","robots":{"index":"index","follow":"follow","max-snippet":"max-snippet:-1","max-image-preview":"max-image-preview:large","max-video-preview":"max-video-preview:-1"},"canonical":"https:\/\/alloraliving.com\/fr\/ensemble-de-2-fauteuils-favola-sans-accoudoirs\/","og_locale":"fr_FR","og_type":"article","og_title":"Ensemble de 2 fauteuils Favola sans accoudoirs","og_description":"Un ensemble de deux \u00e9l\u00e9ments simples FAVOLA constitue une base solide pour cr\u00e9er un espace de d\u00e9tente confortable. Les deux modules, bien que non destin\u00e9s \u00e0 des modifications continues, fonctionnent parfaitement ensemble, offrant une composition coh\u00e9rente et ordonn\u00e9e. Il s\u2019agit d\u2019une proposition destin\u00e9e \u00e0 ceux qui appr\u00e9cient les solutions d\u2019am\u00e9nagement bien pens\u00e9es et stables.  La collection FAVOLA, s'inspirant de l'esth\u00e9tique italienne, met l'accent sur la modularit\u00e9, qui sert \u00e0 cr\u00e9er un espace harmonieux et fonctionnel. Gr\u00e2ce \u00e0 cela, l'int\u00e9rieur gagne en caract\u00e8re et assure un confort au quotidien.","og_url":"https:\/\/alloraliving.com\/fr\/ensemble-de-2-fauteuils-favola-sans-accoudoirs\/","og_site_name":"AlloraLiving.com","article_modified_time":"2025-02-11T07:36:46+00:00","og_image":[{"width":1600,"height":1200,"url":"https:\/\/alloraliving.com\/wp-content\/uploads\/1-zestaw-2-elementy-proste-favola-sand-cream.jpg","type":"image\/jpeg"}],"twitter_card":"summary_large_image","twitter_misc":{"Disponibilit\u00e9":"En stock"},"schema":{"@context":"https:\/\/schema.org","@graph":[{"@type":["WebPage","ItemPage"],"@id":"https:\/\/alloraliving.com\/fr\/ensemble-de-2-fauteuils-favola-sans-accoudoirs\/","url":"https:\/\/alloraliving.com\/fr\/ensemble-de-2-fauteuils-favola-sans-accoudoirs\/","name":"Ensemble de 2 fauteuils Favola sans accoudoirs - AlloraLiving.com","isPartOf":{"@id":"https:\/\/alloraliving.com\/fr\/#website"},"primaryImageOfPage":{"@id":"https:\/\/alloraliving.com\/fr\/ensemble-de-2-fauteuils-favola-sans-accoudoirs\/#primaryimage"},"image":{"@id":"https:\/\/alloraliving.com\/fr\/ensemble-de-2-fauteuils-favola-sans-accoudoirs\/#primaryimage"},"thumbnailUrl":"https:\/\/alloraliving.com\/wp-content\/uploads\/1-zestaw-2-elementy-proste-favola-sand-cream.jpg","datePublished":"2025-01-02T16:13:05+00:00","dateModified":"2025-02-11T07:36:46+00:00","breadcrumb":{"@id":"https:\/\/alloraliving.com\/fr\/ensemble-de-2-fauteuils-favola-sans-accoudoirs\/#breadcrumb"},"inLanguage":"fr-FR","potentialAction":[{"@type":"ReadAction","target":["https:\/\/alloraliving.com\/fr\/ensemble-de-2-fauteuils-favola-sans-accoudoirs\/"]}]},{"@type":"ImageObject","inLanguage":"fr-FR","@id":"https:\/\/alloraliving.com\/fr\/ensemble-de-2-fauteuils-favola-sans-accoudoirs\/#primaryimage","url":"https:\/\/alloraliving.com\/wp-content\/uploads\/1-zestaw-2-elementy-proste-favola-sand-cream.jpg","contentUrl":"https:\/\/alloraliving.com\/wp-content\/uploads\/1-zestaw-2-elementy-proste-favola-sand-cream.jpg","width":1600,"height":1200},{"@type":"BreadcrumbList","@id":"https:\/\/alloraliving.com\/fr\/ensemble-de-2-fauteuils-favola-sans-accoudoirs\/#breadcrumb","itemListElement":[{"@type":"ListItem","position":1,"name":"Strona g\u0142\u00f3wna","item":"https:\/\/alloraliving.com\/fr\/"},{"@type":"ListItem","position":2,"name":"Boutique","item":"https:\/\/alloraliving.com\/fr\/?page_id=6496"},{"@type":"ListItem","position":3,"name":"Ensemble de 2 fauteuils Favola sans accoudoirs"}]},{"@type":"WebSite","@id":"https:\/\/alloraliving.com\/fr\/#website","url":"https:\/\/alloraliving.com\/fr\/","name":"AlloraLiving.com","description":"","potentialAction":[{"@type":"SearchAction","target":{"@type":"EntryPoint","urlTemplate":"https:\/\/alloraliving.com\/fr\/?s={search_term_string}"},"query-input":{"@type":"PropertyValueSpecification","valueRequired":true,"valueName":"search_term_string"}}],"inLanguage":"fr-FR"}]},"og_availability":"instock","product_availability":"instock","product_condition":"new"},"_links":{"self":[{"href":"https:\/\/alloraliving.com\/fr\/wp-json\/wp\/v2\/product\/7072","targetHints":{"allow":["GET"]}}],"collection":[{"href":"https:\/\/alloraliving.com\/fr\/wp-json\/wp\/v2\/product"}],"about":[{"href":"https:\/\/alloraliving.com\/fr\/wp-json\/wp\/v2\/types\/product"}],"wp:featuredmedia":[{"embeddable":true,"href":"https:\/\/alloraliving.com\/fr\/wp-json\/wp\/v2\/media\/7086"}],"wp:attachment":[{"href":"https:\/\/alloraliving.com\/fr\/wp-json\/wp\/v2\/media?parent=7072"}],"wp:term":[{"taxonomy":"product_brand","embeddable":true,"href":"https:\/\/alloraliving.com\/fr\/wp-json\/wp\/v2\/product_brand?post=7072"},{"taxonomy":"product_cat","embeddable":true,"href":"https:\/\/alloraliving.com\/fr\/wp-json\/wp\/v2\/product_cat?post=7072"},{"taxonomy":"product_tag","embeddable":true,"href":"https:\/\/alloraliving.com\/fr\/wp-json\/wp\/v2\/product_tag?post=7072"}],"curies":[{"name":"wp","href":"https:\/\/api.w.org\/{rel}","templated":true}]}}