{"id":7119,"date":"2024-11-18T09:56:48","date_gmt":"2024-11-18T08:56:48","guid":{"rendered":"https:\/\/alloraliving.com\/canape-dangle-4-places-favola-2\/"},"modified":"2025-02-11T08:36:48","modified_gmt":"2025-02-11T07:36:48","slug":"canape-dangle-4-places-favola-2","status":"publish","type":"product","link":"https:\/\/alloraliving.com\/fr\/canape-dangle-4-places-favola-2\/","title":{"rendered":"Canap\u00e9 d&rsquo;angle 4 places Favola"},"content":{"rendered":"","protected":false},"excerpt":{"rendered":"<p>Le canap\u00e9 4 places FAVOLA allie espace et libert\u00e9 modulable. Il offre un lieu pour passer du temps ensemble et se d\u00e9tendre, et gr\u00e2ce \u00e0 sa conception flexible, il peut \u00eatre parfaitement adapt\u00e9 \u00e0 l&rsquo;agencement de la pi\u00e8ce. <\/p>\n<p>La collection FAVOLA vous permet de cr\u00e9er des int\u00e9rieurs dans lesquels confort et esth\u00e9tique s&rsquo;harmonisent, cr\u00e9ant un espace inspir\u00e9 du r\u00eave italien de vivre comme dans un conte de f\u00e9es.<\/p>\n","protected":false},"featured_media":7125,"template":"","meta":[],"product_brand":[],"product_cat":[946,947,934],"product_tag":[],"class_list":{"0":"post-7119","1":"product","2":"type-product","3":"status-publish","4":"has-post-thumbnail","6":"product_cat-canapes","7":"product_cat-canapes-modulaires","8":"product_cat-collection-favola","9":"product_shipping_class-livraison-gratuite","11":"first","12":"instock","13":"taxable","14":"shipping-taxable","15":"purchasable","16":"product-type-variable","17":"has-default-attributes","18":"wvs-archive-product-wrapper"},"yoast_head":"<!-- This site is optimized with the Yoast SEO Premium plugin v26.8 (Yoast SEO v26.8) - https:\/\/yoast.com\/product\/yoast-seo-premium-wordpress\/ -->\n<title>Canap\u00e9 d&#039;angle 4 places Favola - AlloraLiving.com<\/title>\n<meta name=\"robots\" content=\"index, follow, max-snippet:-1, max-image-preview:large, max-video-preview:-1\" \/>\n<link rel=\"canonical\" href=\"https:\/\/alloraliving.com\/fr\/canape-dangle-4-places-favola-2\/\" \/>\n<meta property=\"og:locale\" content=\"fr_FR\" \/>\n<meta property=\"og:type\" content=\"article\" \/>\n<meta property=\"og:title\" content=\"Canap\u00e9 d&#039;angle 4 places Favola\" \/>\n<meta property=\"og:description\" content=\"Le canap\u00e9 4 places FAVOLA allie espace et libert\u00e9 modulable. Il offre un lieu pour passer du temps ensemble et se d\u00e9tendre, et gr\u00e2ce \u00e0 sa conception flexible, il peut \u00eatre parfaitement adapt\u00e9 \u00e0 l&#039;agencement de la pi\u00e8ce.  La collection FAVOLA vous permet de cr\u00e9er des int\u00e9rieurs dans lesquels confort et esth\u00e9tique s&#039;harmonisent, cr\u00e9ant un espace inspir\u00e9 du r\u00eave italien de vivre comme dans un conte de f\u00e9es.\" \/>\n<meta property=\"og:url\" content=\"https:\/\/alloraliving.com\/fr\/canape-dangle-4-places-favola-2\/\" \/>\n<meta property=\"og:site_name\" content=\"AlloraLiving.com\" \/>\n<meta property=\"article:modified_time\" content=\"2025-02-11T07:36:48+00:00\" \/>\n<meta property=\"og:image\" content=\"https:\/\/alloraliving.com\/wp-content\/uploads\/1-kremowa-sofa-narozna-z-pufa-do-salonu-favola-sand-cream.jpg\" \/>\n\t<meta property=\"og:image:width\" content=\"1600\" \/>\n\t<meta property=\"og:image:height\" content=\"1200\" \/>\n\t<meta property=\"og:image:type\" content=\"image\/jpeg\" \/>\n<meta name=\"twitter:card\" content=\"summary_large_image\" \/>\n<meta name=\"twitter:label1\" content=\"Disponibilit\u00e9\" \/>\n\t<meta name=\"twitter:data1\" content=\"En stock\" \/>\n<script type=\"application\/ld+json\" class=\"yoast-schema-graph\">{\"@context\":\"https:\/\/schema.org\",\"@graph\":[{\"@type\":[\"WebPage\",\"ItemPage\"],\"@id\":\"https:\/\/alloraliving.com\/fr\/canape-dangle-4-places-favola-2\/\",\"url\":\"https:\/\/alloraliving.com\/fr\/canape-dangle-4-places-favola-2\/\",\"name\":\"Canap\u00e9 d'angle 4 places Favola - AlloraLiving.com\",\"isPartOf\":{\"@id\":\"https:\/\/alloraliving.com\/fr\/#website\"},\"primaryImageOfPage\":{\"@id\":\"https:\/\/alloraliving.com\/fr\/canape-dangle-4-places-favola-2\/#primaryimage\"},\"image\":{\"@id\":\"https:\/\/alloraliving.com\/fr\/canape-dangle-4-places-favola-2\/#primaryimage\"},\"thumbnailUrl\":\"https:\/\/alloraliving.com\/wp-content\/uploads\/1-kremowa-sofa-narozna-z-pufa-do-salonu-favola-sand-cream.jpg\",\"datePublished\":\"2024-11-18T08:56:48+00:00\",\"dateModified\":\"2025-02-11T07:36:48+00:00\",\"breadcrumb\":{\"@id\":\"https:\/\/alloraliving.com\/fr\/canape-dangle-4-places-favola-2\/#breadcrumb\"},\"inLanguage\":\"fr-FR\",\"potentialAction\":[{\"@type\":\"ReadAction\",\"target\":[\"https:\/\/alloraliving.com\/fr\/canape-dangle-4-places-favola-2\/\"]}]},{\"@type\":\"ImageObject\",\"inLanguage\":\"fr-FR\",\"@id\":\"https:\/\/alloraliving.com\/fr\/canape-dangle-4-places-favola-2\/#primaryimage\",\"url\":\"https:\/\/alloraliving.com\/wp-content\/uploads\/1-kremowa-sofa-narozna-z-pufa-do-salonu-favola-sand-cream.jpg\",\"contentUrl\":\"https:\/\/alloraliving.com\/wp-content\/uploads\/1-kremowa-sofa-narozna-z-pufa-do-salonu-favola-sand-cream.jpg\",\"width\":1600,\"height\":1200},{\"@type\":\"BreadcrumbList\",\"@id\":\"https:\/\/alloraliving.com\/fr\/canape-dangle-4-places-favola-2\/#breadcrumb\",\"itemListElement\":[{\"@type\":\"ListItem\",\"position\":1,\"name\":\"Strona g\u0142\u00f3wna\",\"item\":\"https:\/\/alloraliving.com\/fr\/\"},{\"@type\":\"ListItem\",\"position\":2,\"name\":\"Boutique\",\"item\":\"https:\/\/alloraliving.com\/fr\/?page_id=6496\"},{\"@type\":\"ListItem\",\"position\":3,\"name\":\"Canap\u00e9 d&#8217;angle 4 places Favola\"}]},{\"@type\":\"WebSite\",\"@id\":\"https:\/\/alloraliving.com\/fr\/#website\",\"url\":\"https:\/\/alloraliving.com\/fr\/\",\"name\":\"AlloraLiving.com\",\"description\":\"\",\"potentialAction\":[{\"@type\":\"SearchAction\",\"target\":{\"@type\":\"EntryPoint\",\"urlTemplate\":\"https:\/\/alloraliving.com\/fr\/?s={search_term_string}\"},\"query-input\":{\"@type\":\"PropertyValueSpecification\",\"valueRequired\":true,\"valueName\":\"search_term_string\"}}],\"inLanguage\":\"fr-FR\"}]}<\/script>\n<meta property=\"og:availability\" content=\"instock\" \/>\n<meta property=\"product:availability\" content=\"instock\" \/>\n<meta property=\"product:condition\" content=\"new\" \/>\n<!-- \/ Yoast SEO Premium plugin. -->","yoast_head_json":{"title":"Canap\u00e9 d'angle 4 places Favola - AlloraLiving.com","robots":{"index":"index","follow":"follow","max-snippet":"max-snippet:-1","max-image-preview":"max-image-preview:large","max-video-preview":"max-video-preview:-1"},"canonical":"https:\/\/alloraliving.com\/fr\/canape-dangle-4-places-favola-2\/","og_locale":"fr_FR","og_type":"article","og_title":"Canap\u00e9 d'angle 4 places Favola","og_description":"Le canap\u00e9 4 places FAVOLA allie espace et libert\u00e9 modulable. Il offre un lieu pour passer du temps ensemble et se d\u00e9tendre, et gr\u00e2ce \u00e0 sa conception flexible, il peut \u00eatre parfaitement adapt\u00e9 \u00e0 l'agencement de la pi\u00e8ce.  La collection FAVOLA vous permet de cr\u00e9er des int\u00e9rieurs dans lesquels confort et esth\u00e9tique s'harmonisent, cr\u00e9ant un espace inspir\u00e9 du r\u00eave italien de vivre comme dans un conte de f\u00e9es.","og_url":"https:\/\/alloraliving.com\/fr\/canape-dangle-4-places-favola-2\/","og_site_name":"AlloraLiving.com","article_modified_time":"2025-02-11T07:36:48+00:00","og_image":[{"width":1600,"height":1200,"url":"https:\/\/alloraliving.com\/wp-content\/uploads\/1-kremowa-sofa-narozna-z-pufa-do-salonu-favola-sand-cream.jpg","type":"image\/jpeg"}],"twitter_card":"summary_large_image","twitter_misc":{"Disponibilit\u00e9":"En stock"},"schema":{"@context":"https:\/\/schema.org","@graph":[{"@type":["WebPage","ItemPage"],"@id":"https:\/\/alloraliving.com\/fr\/canape-dangle-4-places-favola-2\/","url":"https:\/\/alloraliving.com\/fr\/canape-dangle-4-places-favola-2\/","name":"Canap\u00e9 d'angle 4 places Favola - AlloraLiving.com","isPartOf":{"@id":"https:\/\/alloraliving.com\/fr\/#website"},"primaryImageOfPage":{"@id":"https:\/\/alloraliving.com\/fr\/canape-dangle-4-places-favola-2\/#primaryimage"},"image":{"@id":"https:\/\/alloraliving.com\/fr\/canape-dangle-4-places-favola-2\/#primaryimage"},"thumbnailUrl":"https:\/\/alloraliving.com\/wp-content\/uploads\/1-kremowa-sofa-narozna-z-pufa-do-salonu-favola-sand-cream.jpg","datePublished":"2024-11-18T08:56:48+00:00","dateModified":"2025-02-11T07:36:48+00:00","breadcrumb":{"@id":"https:\/\/alloraliving.com\/fr\/canape-dangle-4-places-favola-2\/#breadcrumb"},"inLanguage":"fr-FR","potentialAction":[{"@type":"ReadAction","target":["https:\/\/alloraliving.com\/fr\/canape-dangle-4-places-favola-2\/"]}]},{"@type":"ImageObject","inLanguage":"fr-FR","@id":"https:\/\/alloraliving.com\/fr\/canape-dangle-4-places-favola-2\/#primaryimage","url":"https:\/\/alloraliving.com\/wp-content\/uploads\/1-kremowa-sofa-narozna-z-pufa-do-salonu-favola-sand-cream.jpg","contentUrl":"https:\/\/alloraliving.com\/wp-content\/uploads\/1-kremowa-sofa-narozna-z-pufa-do-salonu-favola-sand-cream.jpg","width":1600,"height":1200},{"@type":"BreadcrumbList","@id":"https:\/\/alloraliving.com\/fr\/canape-dangle-4-places-favola-2\/#breadcrumb","itemListElement":[{"@type":"ListItem","position":1,"name":"Strona g\u0142\u00f3wna","item":"https:\/\/alloraliving.com\/fr\/"},{"@type":"ListItem","position":2,"name":"Boutique","item":"https:\/\/alloraliving.com\/fr\/?page_id=6496"},{"@type":"ListItem","position":3,"name":"Canap\u00e9 d&#8217;angle 4 places Favola"}]},{"@type":"WebSite","@id":"https:\/\/alloraliving.com\/fr\/#website","url":"https:\/\/alloraliving.com\/fr\/","name":"AlloraLiving.com","description":"","potentialAction":[{"@type":"SearchAction","target":{"@type":"EntryPoint","urlTemplate":"https:\/\/alloraliving.com\/fr\/?s={search_term_string}"},"query-input":{"@type":"PropertyValueSpecification","valueRequired":true,"valueName":"search_term_string"}}],"inLanguage":"fr-FR"}]},"og_availability":"instock","product_availability":"instock","product_condition":"new"},"_links":{"self":[{"href":"https:\/\/alloraliving.com\/fr\/wp-json\/wp\/v2\/product\/7119","targetHints":{"allow":["GET"]}}],"collection":[{"href":"https:\/\/alloraliving.com\/fr\/wp-json\/wp\/v2\/product"}],"about":[{"href":"https:\/\/alloraliving.com\/fr\/wp-json\/wp\/v2\/types\/product"}],"wp:featuredmedia":[{"embeddable":true,"href":"https:\/\/alloraliving.com\/fr\/wp-json\/wp\/v2\/media\/7125"}],"wp:attachment":[{"href":"https:\/\/alloraliving.com\/fr\/wp-json\/wp\/v2\/media?parent=7119"}],"wp:term":[{"taxonomy":"product_brand","embeddable":true,"href":"https:\/\/alloraliving.com\/fr\/wp-json\/wp\/v2\/product_brand?post=7119"},{"taxonomy":"product_cat","embeddable":true,"href":"https:\/\/alloraliving.com\/fr\/wp-json\/wp\/v2\/product_cat?post=7119"},{"taxonomy":"product_tag","embeddable":true,"href":"https:\/\/alloraliving.com\/fr\/wp-json\/wp\/v2\/product_tag?post=7119"}],"curies":[{"name":"wp","href":"https:\/\/api.w.org\/{rel}","templated":true}]}}