{"id":7151,"date":"2024-10-28T10:28:11","date_gmt":"2024-10-28T09:28:11","guid":{"rendered":"https:\/\/alloraliving.com\/fauteuil-favola\/"},"modified":"2025-02-11T08:36:47","modified_gmt":"2025-02-11T07:36:47","slug":"fauteuil-favola","status":"publish","type":"product","link":"https:\/\/alloraliving.com\/fr\/fauteuil-favola\/","title":{"rendered":"Fauteuil Favola"},"content":{"rendered":"","protected":false},"excerpt":{"rendered":"<p>Le fauteuil FAVOLA se distingue par sa forme moderne et g\u00e9om\u00e9trique, qui lui conf\u00e8re un caract\u00e8re distinctif. Le rev\u00eatement en tissu velours fran\u00e7ais ajoute non seulement de l&rsquo;\u00e9l\u00e9gance, mais offre \u00e9galement un aspect doux et luxueux, soulignant son esth\u00e9tique raffin\u00e9e.<\/p>\n<p>Ce fauteuil s&rsquo;associe parfaitement avec les autres modules de la collection FAVOLA, offrant de nombreuses possibilit\u00e9s d&rsquo;agencement. Sa construction solide et son design simple le rendent adapt\u00e9 aux int\u00e9rieurs minimalistes et plus sophistiqu\u00e9s, leur conf\u00e9rant un caract\u00e8re contemporain mais chaleureux.<\/p>\n","protected":false},"featured_media":7171,"template":"","meta":[],"product_brand":[],"product_cat":[934,930],"product_tag":[],"class_list":{"0":"post-7151","1":"product","2":"type-product","3":"status-publish","4":"has-post-thumbnail","6":"product_cat-collection-favola","7":"product_cat-sieges","8":"product_shipping_class-livraison-gratuite","10":"first","11":"instock","12":"taxable","13":"shipping-taxable","14":"purchasable","15":"product-type-variable","16":"has-default-attributes","17":"wvs-archive-product-wrapper"},"yoast_head":"<!-- This site is optimized with the Yoast SEO Premium plugin v26.8 (Yoast SEO v26.8) - https:\/\/yoast.com\/product\/yoast-seo-premium-wordpress\/ -->\n<title>Fauteuil Favola - AlloraLiving.com<\/title>\n<meta name=\"robots\" content=\"index, follow, max-snippet:-1, max-image-preview:large, max-video-preview:-1\" \/>\n<link rel=\"canonical\" href=\"https:\/\/alloraliving.com\/fr\/fauteuil-favola\/\" \/>\n<meta property=\"og:locale\" content=\"fr_FR\" \/>\n<meta property=\"og:type\" content=\"article\" \/>\n<meta property=\"og:title\" content=\"Fauteuil Favola\" \/>\n<meta property=\"og:description\" content=\"Le fauteuil FAVOLA se distingue par sa forme moderne et g\u00e9om\u00e9trique, qui lui conf\u00e8re un caract\u00e8re distinctif. Le rev\u00eatement en tissu velours fran\u00e7ais ajoute non seulement de l&#039;\u00e9l\u00e9gance, mais offre \u00e9galement un aspect doux et luxueux, soulignant son esth\u00e9tique raffin\u00e9e. Ce fauteuil s&#039;associe parfaitement avec les autres modules de la collection FAVOLA, offrant de nombreuses possibilit\u00e9s d&#039;agencement. Sa construction solide et son design simple le rendent adapt\u00e9 aux int\u00e9rieurs minimalistes et plus sophistiqu\u00e9s, leur conf\u00e9rant un caract\u00e8re contemporain mais chaleureux.\" \/>\n<meta property=\"og:url\" content=\"https:\/\/alloraliving.com\/fr\/fauteuil-favola\/\" \/>\n<meta property=\"og:site_name\" content=\"AlloraLiving.com\" \/>\n<meta property=\"article:modified_time\" content=\"2025-02-11T07:36:47+00:00\" \/>\n<meta property=\"og:image\" content=\"https:\/\/alloraliving.com\/wp-content\/uploads\/4-kremowy-fotel-do-salonu-favola-sand-cream.jpg\" \/>\n\t<meta property=\"og:image:width\" content=\"1600\" \/>\n\t<meta property=\"og:image:height\" content=\"1200\" \/>\n\t<meta property=\"og:image:type\" content=\"image\/jpeg\" \/>\n<meta name=\"twitter:card\" content=\"summary_large_image\" \/>\n<meta name=\"twitter:label1\" content=\"Disponibilit\u00e9\" \/>\n\t<meta name=\"twitter:data1\" content=\"En stock\" \/>\n<script type=\"application\/ld+json\" class=\"yoast-schema-graph\">{\"@context\":\"https:\/\/schema.org\",\"@graph\":[{\"@type\":[\"WebPage\",\"ItemPage\"],\"@id\":\"https:\/\/alloraliving.com\/fr\/fauteuil-favola\/\",\"url\":\"https:\/\/alloraliving.com\/fr\/fauteuil-favola\/\",\"name\":\"Fauteuil Favola - AlloraLiving.com\",\"isPartOf\":{\"@id\":\"https:\/\/alloraliving.com\/fr\/#website\"},\"primaryImageOfPage\":{\"@id\":\"https:\/\/alloraliving.com\/fr\/fauteuil-favola\/#primaryimage\"},\"image\":{\"@id\":\"https:\/\/alloraliving.com\/fr\/fauteuil-favola\/#primaryimage\"},\"thumbnailUrl\":\"https:\/\/alloraliving.com\/wp-content\/uploads\/4-kremowy-fotel-do-salonu-favola-sand-cream.jpg\",\"datePublished\":\"2024-10-28T09:28:11+00:00\",\"dateModified\":\"2025-02-11T07:36:47+00:00\",\"breadcrumb\":{\"@id\":\"https:\/\/alloraliving.com\/fr\/fauteuil-favola\/#breadcrumb\"},\"inLanguage\":\"fr-FR\",\"potentialAction\":[{\"@type\":\"ReadAction\",\"target\":[\"https:\/\/alloraliving.com\/fr\/fauteuil-favola\/\"]}]},{\"@type\":\"ImageObject\",\"inLanguage\":\"fr-FR\",\"@id\":\"https:\/\/alloraliving.com\/fr\/fauteuil-favola\/#primaryimage\",\"url\":\"https:\/\/alloraliving.com\/wp-content\/uploads\/4-kremowy-fotel-do-salonu-favola-sand-cream.jpg\",\"contentUrl\":\"https:\/\/alloraliving.com\/wp-content\/uploads\/4-kremowy-fotel-do-salonu-favola-sand-cream.jpg\",\"width\":1600,\"height\":1200},{\"@type\":\"BreadcrumbList\",\"@id\":\"https:\/\/alloraliving.com\/fr\/fauteuil-favola\/#breadcrumb\",\"itemListElement\":[{\"@type\":\"ListItem\",\"position\":1,\"name\":\"Strona g\u0142\u00f3wna\",\"item\":\"https:\/\/alloraliving.com\/fr\/\"},{\"@type\":\"ListItem\",\"position\":2,\"name\":\"Boutique\",\"item\":\"https:\/\/alloraliving.com\/fr\/?page_id=6496\"},{\"@type\":\"ListItem\",\"position\":3,\"name\":\"Fauteuil Favola\"}]},{\"@type\":\"WebSite\",\"@id\":\"https:\/\/alloraliving.com\/fr\/#website\",\"url\":\"https:\/\/alloraliving.com\/fr\/\",\"name\":\"AlloraLiving.com\",\"description\":\"\",\"potentialAction\":[{\"@type\":\"SearchAction\",\"target\":{\"@type\":\"EntryPoint\",\"urlTemplate\":\"https:\/\/alloraliving.com\/fr\/?s={search_term_string}\"},\"query-input\":{\"@type\":\"PropertyValueSpecification\",\"valueRequired\":true,\"valueName\":\"search_term_string\"}}],\"inLanguage\":\"fr-FR\"}]}<\/script>\n<meta property=\"og:availability\" content=\"instock\" \/>\n<meta property=\"product:availability\" content=\"instock\" \/>\n<meta property=\"product:condition\" content=\"new\" \/>\n<!-- \/ Yoast SEO Premium plugin. -->","yoast_head_json":{"title":"Fauteuil Favola - AlloraLiving.com","robots":{"index":"index","follow":"follow","max-snippet":"max-snippet:-1","max-image-preview":"max-image-preview:large","max-video-preview":"max-video-preview:-1"},"canonical":"https:\/\/alloraliving.com\/fr\/fauteuil-favola\/","og_locale":"fr_FR","og_type":"article","og_title":"Fauteuil Favola","og_description":"Le fauteuil FAVOLA se distingue par sa forme moderne et g\u00e9om\u00e9trique, qui lui conf\u00e8re un caract\u00e8re distinctif. Le rev\u00eatement en tissu velours fran\u00e7ais ajoute non seulement de l'\u00e9l\u00e9gance, mais offre \u00e9galement un aspect doux et luxueux, soulignant son esth\u00e9tique raffin\u00e9e. Ce fauteuil s'associe parfaitement avec les autres modules de la collection FAVOLA, offrant de nombreuses possibilit\u00e9s d'agencement. Sa construction solide et son design simple le rendent adapt\u00e9 aux int\u00e9rieurs minimalistes et plus sophistiqu\u00e9s, leur conf\u00e9rant un caract\u00e8re contemporain mais chaleureux.","og_url":"https:\/\/alloraliving.com\/fr\/fauteuil-favola\/","og_site_name":"AlloraLiving.com","article_modified_time":"2025-02-11T07:36:47+00:00","og_image":[{"width":1600,"height":1200,"url":"https:\/\/alloraliving.com\/wp-content\/uploads\/4-kremowy-fotel-do-salonu-favola-sand-cream.jpg","type":"image\/jpeg"}],"twitter_card":"summary_large_image","twitter_misc":{"Disponibilit\u00e9":"En stock"},"schema":{"@context":"https:\/\/schema.org","@graph":[{"@type":["WebPage","ItemPage"],"@id":"https:\/\/alloraliving.com\/fr\/fauteuil-favola\/","url":"https:\/\/alloraliving.com\/fr\/fauteuil-favola\/","name":"Fauteuil Favola - AlloraLiving.com","isPartOf":{"@id":"https:\/\/alloraliving.com\/fr\/#website"},"primaryImageOfPage":{"@id":"https:\/\/alloraliving.com\/fr\/fauteuil-favola\/#primaryimage"},"image":{"@id":"https:\/\/alloraliving.com\/fr\/fauteuil-favola\/#primaryimage"},"thumbnailUrl":"https:\/\/alloraliving.com\/wp-content\/uploads\/4-kremowy-fotel-do-salonu-favola-sand-cream.jpg","datePublished":"2024-10-28T09:28:11+00:00","dateModified":"2025-02-11T07:36:47+00:00","breadcrumb":{"@id":"https:\/\/alloraliving.com\/fr\/fauteuil-favola\/#breadcrumb"},"inLanguage":"fr-FR","potentialAction":[{"@type":"ReadAction","target":["https:\/\/alloraliving.com\/fr\/fauteuil-favola\/"]}]},{"@type":"ImageObject","inLanguage":"fr-FR","@id":"https:\/\/alloraliving.com\/fr\/fauteuil-favola\/#primaryimage","url":"https:\/\/alloraliving.com\/wp-content\/uploads\/4-kremowy-fotel-do-salonu-favola-sand-cream.jpg","contentUrl":"https:\/\/alloraliving.com\/wp-content\/uploads\/4-kremowy-fotel-do-salonu-favola-sand-cream.jpg","width":1600,"height":1200},{"@type":"BreadcrumbList","@id":"https:\/\/alloraliving.com\/fr\/fauteuil-favola\/#breadcrumb","itemListElement":[{"@type":"ListItem","position":1,"name":"Strona g\u0142\u00f3wna","item":"https:\/\/alloraliving.com\/fr\/"},{"@type":"ListItem","position":2,"name":"Boutique","item":"https:\/\/alloraliving.com\/fr\/?page_id=6496"},{"@type":"ListItem","position":3,"name":"Fauteuil Favola"}]},{"@type":"WebSite","@id":"https:\/\/alloraliving.com\/fr\/#website","url":"https:\/\/alloraliving.com\/fr\/","name":"AlloraLiving.com","description":"","potentialAction":[{"@type":"SearchAction","target":{"@type":"EntryPoint","urlTemplate":"https:\/\/alloraliving.com\/fr\/?s={search_term_string}"},"query-input":{"@type":"PropertyValueSpecification","valueRequired":true,"valueName":"search_term_string"}}],"inLanguage":"fr-FR"}]},"og_availability":"instock","product_availability":"instock","product_condition":"new"},"_links":{"self":[{"href":"https:\/\/alloraliving.com\/fr\/wp-json\/wp\/v2\/product\/7151","targetHints":{"allow":["GET"]}}],"collection":[{"href":"https:\/\/alloraliving.com\/fr\/wp-json\/wp\/v2\/product"}],"about":[{"href":"https:\/\/alloraliving.com\/fr\/wp-json\/wp\/v2\/types\/product"}],"wp:featuredmedia":[{"embeddable":true,"href":"https:\/\/alloraliving.com\/fr\/wp-json\/wp\/v2\/media\/7171"}],"wp:attachment":[{"href":"https:\/\/alloraliving.com\/fr\/wp-json\/wp\/v2\/media?parent=7151"}],"wp:term":[{"taxonomy":"product_brand","embeddable":true,"href":"https:\/\/alloraliving.com\/fr\/wp-json\/wp\/v2\/product_brand?post=7151"},{"taxonomy":"product_cat","embeddable":true,"href":"https:\/\/alloraliving.com\/fr\/wp-json\/wp\/v2\/product_cat?post=7151"},{"taxonomy":"product_tag","embeddable":true,"href":"https:\/\/alloraliving.com\/fr\/wp-json\/wp\/v2\/product_tag?post=7151"}],"curies":[{"name":"wp","href":"https:\/\/api.w.org\/{rel}","templated":true}]}}