{"id":7270,"date":"2024-12-18T13:26:31","date_gmt":"2024-12-18T12:26:31","guid":{"rendered":"https:\/\/alloraliving.com\/ensemble-fauteuil-pouf-ouvrant-essenza\/"},"modified":"2025-02-18T08:36:34","modified_gmt":"2025-02-18T07:36:34","slug":"ensemble-fauteuil-pouf-ouvrant-essenza","status":"publish","type":"product","link":"https:\/\/alloraliving.com\/fr\/ensemble-fauteuil-pouf-ouvrant-essenza\/","title":{"rendered":"Ensemble Fauteuil + Pouf ouvrant Essenza"},"content":{"rendered":"","protected":false},"excerpt":{"rendered":"<p>L&rsquo;ensemble fauteuil et pouf ouvrant de la collection ESSENZA est non seulement confortable, mais aussi une solution pratique pour ceux qui appr\u00e9cient la fonctionnalit\u00e9. Le pouf avec rangement int\u00e9gr\u00e9 offre un moyen discret de ranger de petits objets tout en compl\u00e9tant le fauteuil avec des options de relaxation suppl\u00e9mentaires. <\/p>\n<p>La forme conique coh\u00e9rente et le rev\u00eatement complet soulignent l&rsquo;esth\u00e9tique moderne de l&rsquo;ensemble, cr\u00e9ant un espace de d\u00e9tente harmonieux et fonctionnel.<\/p>\n","protected":false},"featured_media":7272,"template":"","meta":[],"product_brand":[],"product_cat":[933,930],"product_tag":[],"class_list":{"0":"post-7270","1":"product","2":"type-product","3":"status-publish","4":"has-post-thumbnail","6":"product_cat-collection-essenza","7":"product_cat-sieges","8":"product_shipping_class-livraison-gratuite","10":"first","11":"instock","12":"taxable","13":"shipping-taxable","14":"purchasable","15":"product-type-variable","16":"has-default-attributes","17":"wvs-archive-product-wrapper"},"yoast_head":"<!-- This site is optimized with the Yoast SEO Premium plugin v26.8 (Yoast SEO v26.8) - https:\/\/yoast.com\/product\/yoast-seo-premium-wordpress\/ -->\n<title>Ensemble Fauteuil + Pouf ouvrant Essenza - AlloraLiving.com<\/title>\n<meta name=\"robots\" content=\"index, follow, max-snippet:-1, max-image-preview:large, max-video-preview:-1\" \/>\n<link rel=\"canonical\" href=\"https:\/\/alloraliving.com\/fr\/ensemble-fauteuil-pouf-ouvrant-essenza\/\" \/>\n<meta property=\"og:locale\" content=\"fr_FR\" \/>\n<meta property=\"og:type\" content=\"article\" \/>\n<meta property=\"og:title\" content=\"Ensemble Fauteuil + Pouf ouvrant Essenza\" \/>\n<meta property=\"og:description\" content=\"L&#039;ensemble fauteuil et pouf ouvrant de la collection ESSENZA est non seulement confortable, mais aussi une solution pratique pour ceux qui appr\u00e9cient la fonctionnalit\u00e9. Le pouf avec rangement int\u00e9gr\u00e9 offre un moyen discret de ranger de petits objets tout en compl\u00e9tant le fauteuil avec des options de relaxation suppl\u00e9mentaires.   La forme conique coh\u00e9rente et le rev\u00eatement complet soulignent l&#039;esth\u00e9tique moderne de l&#039;ensemble, cr\u00e9ant un espace de d\u00e9tente harmonieux et fonctionnel.\" \/>\n<meta property=\"og:url\" content=\"https:\/\/alloraliving.com\/fr\/ensemble-fauteuil-pouf-ouvrant-essenza\/\" \/>\n<meta property=\"og:site_name\" content=\"AlloraLiving.com\" \/>\n<meta property=\"article:modified_time\" content=\"2025-02-18T07:36:34+00:00\" \/>\n<meta property=\"og:image\" content=\"https:\/\/alloraliving.com\/wp-content\/uploads\/1-zestaw-fotel-pufa-otwierana-essenza-boucle-sand-cream.jpg\" \/>\n\t<meta property=\"og:image:width\" content=\"1600\" \/>\n\t<meta property=\"og:image:height\" content=\"1200\" \/>\n\t<meta property=\"og:image:type\" content=\"image\/jpeg\" \/>\n<meta name=\"twitter:card\" content=\"summary_large_image\" \/>\n<meta name=\"twitter:label1\" content=\"Disponibilit\u00e9\" \/>\n\t<meta name=\"twitter:data1\" content=\"En stock\" \/>\n<script type=\"application\/ld+json\" class=\"yoast-schema-graph\">{\"@context\":\"https:\/\/schema.org\",\"@graph\":[{\"@type\":[\"WebPage\",\"ItemPage\"],\"@id\":\"https:\/\/alloraliving.com\/fr\/ensemble-fauteuil-pouf-ouvrant-essenza\/\",\"url\":\"https:\/\/alloraliving.com\/fr\/ensemble-fauteuil-pouf-ouvrant-essenza\/\",\"name\":\"Ensemble Fauteuil + Pouf ouvrant Essenza - AlloraLiving.com\",\"isPartOf\":{\"@id\":\"https:\/\/alloraliving.com\/fr\/#website\"},\"primaryImageOfPage\":{\"@id\":\"https:\/\/alloraliving.com\/fr\/ensemble-fauteuil-pouf-ouvrant-essenza\/#primaryimage\"},\"image\":{\"@id\":\"https:\/\/alloraliving.com\/fr\/ensemble-fauteuil-pouf-ouvrant-essenza\/#primaryimage\"},\"thumbnailUrl\":\"https:\/\/alloraliving.com\/wp-content\/uploads\/1-zestaw-fotel-pufa-otwierana-essenza-boucle-sand-cream.jpg\",\"datePublished\":\"2024-12-18T12:26:31+00:00\",\"dateModified\":\"2025-02-18T07:36:34+00:00\",\"breadcrumb\":{\"@id\":\"https:\/\/alloraliving.com\/fr\/ensemble-fauteuil-pouf-ouvrant-essenza\/#breadcrumb\"},\"inLanguage\":\"fr-FR\",\"potentialAction\":[{\"@type\":\"ReadAction\",\"target\":[\"https:\/\/alloraliving.com\/fr\/ensemble-fauteuil-pouf-ouvrant-essenza\/\"]}]},{\"@type\":\"ImageObject\",\"inLanguage\":\"fr-FR\",\"@id\":\"https:\/\/alloraliving.com\/fr\/ensemble-fauteuil-pouf-ouvrant-essenza\/#primaryimage\",\"url\":\"https:\/\/alloraliving.com\/wp-content\/uploads\/1-zestaw-fotel-pufa-otwierana-essenza-boucle-sand-cream.jpg\",\"contentUrl\":\"https:\/\/alloraliving.com\/wp-content\/uploads\/1-zestaw-fotel-pufa-otwierana-essenza-boucle-sand-cream.jpg\",\"width\":1600,\"height\":1200},{\"@type\":\"BreadcrumbList\",\"@id\":\"https:\/\/alloraliving.com\/fr\/ensemble-fauteuil-pouf-ouvrant-essenza\/#breadcrumb\",\"itemListElement\":[{\"@type\":\"ListItem\",\"position\":1,\"name\":\"Strona g\u0142\u00f3wna\",\"item\":\"https:\/\/alloraliving.com\/fr\/\"},{\"@type\":\"ListItem\",\"position\":2,\"name\":\"Boutique\",\"item\":\"https:\/\/alloraliving.com\/fr\/?page_id=6496\"},{\"@type\":\"ListItem\",\"position\":3,\"name\":\"Ensemble Fauteuil + Pouf ouvrant Essenza\"}]},{\"@type\":\"WebSite\",\"@id\":\"https:\/\/alloraliving.com\/fr\/#website\",\"url\":\"https:\/\/alloraliving.com\/fr\/\",\"name\":\"AlloraLiving.com\",\"description\":\"\",\"potentialAction\":[{\"@type\":\"SearchAction\",\"target\":{\"@type\":\"EntryPoint\",\"urlTemplate\":\"https:\/\/alloraliving.com\/fr\/?s={search_term_string}\"},\"query-input\":{\"@type\":\"PropertyValueSpecification\",\"valueRequired\":true,\"valueName\":\"search_term_string\"}}],\"inLanguage\":\"fr-FR\"}]}<\/script>\n<meta property=\"og:availability\" content=\"instock\" \/>\n<meta property=\"product:availability\" content=\"instock\" \/>\n<meta property=\"product:condition\" content=\"new\" \/>\n<!-- \/ Yoast SEO Premium plugin. -->","yoast_head_json":{"title":"Ensemble Fauteuil + Pouf ouvrant Essenza - AlloraLiving.com","robots":{"index":"index","follow":"follow","max-snippet":"max-snippet:-1","max-image-preview":"max-image-preview:large","max-video-preview":"max-video-preview:-1"},"canonical":"https:\/\/alloraliving.com\/fr\/ensemble-fauteuil-pouf-ouvrant-essenza\/","og_locale":"fr_FR","og_type":"article","og_title":"Ensemble Fauteuil + Pouf ouvrant Essenza","og_description":"L'ensemble fauteuil et pouf ouvrant de la collection ESSENZA est non seulement confortable, mais aussi une solution pratique pour ceux qui appr\u00e9cient la fonctionnalit\u00e9. Le pouf avec rangement int\u00e9gr\u00e9 offre un moyen discret de ranger de petits objets tout en compl\u00e9tant le fauteuil avec des options de relaxation suppl\u00e9mentaires.   La forme conique coh\u00e9rente et le rev\u00eatement complet soulignent l'esth\u00e9tique moderne de l'ensemble, cr\u00e9ant un espace de d\u00e9tente harmonieux et fonctionnel.","og_url":"https:\/\/alloraliving.com\/fr\/ensemble-fauteuil-pouf-ouvrant-essenza\/","og_site_name":"AlloraLiving.com","article_modified_time":"2025-02-18T07:36:34+00:00","og_image":[{"width":1600,"height":1200,"url":"https:\/\/alloraliving.com\/wp-content\/uploads\/1-zestaw-fotel-pufa-otwierana-essenza-boucle-sand-cream.jpg","type":"image\/jpeg"}],"twitter_card":"summary_large_image","twitter_misc":{"Disponibilit\u00e9":"En stock"},"schema":{"@context":"https:\/\/schema.org","@graph":[{"@type":["WebPage","ItemPage"],"@id":"https:\/\/alloraliving.com\/fr\/ensemble-fauteuil-pouf-ouvrant-essenza\/","url":"https:\/\/alloraliving.com\/fr\/ensemble-fauteuil-pouf-ouvrant-essenza\/","name":"Ensemble Fauteuil + Pouf ouvrant Essenza - AlloraLiving.com","isPartOf":{"@id":"https:\/\/alloraliving.com\/fr\/#website"},"primaryImageOfPage":{"@id":"https:\/\/alloraliving.com\/fr\/ensemble-fauteuil-pouf-ouvrant-essenza\/#primaryimage"},"image":{"@id":"https:\/\/alloraliving.com\/fr\/ensemble-fauteuil-pouf-ouvrant-essenza\/#primaryimage"},"thumbnailUrl":"https:\/\/alloraliving.com\/wp-content\/uploads\/1-zestaw-fotel-pufa-otwierana-essenza-boucle-sand-cream.jpg","datePublished":"2024-12-18T12:26:31+00:00","dateModified":"2025-02-18T07:36:34+00:00","breadcrumb":{"@id":"https:\/\/alloraliving.com\/fr\/ensemble-fauteuil-pouf-ouvrant-essenza\/#breadcrumb"},"inLanguage":"fr-FR","potentialAction":[{"@type":"ReadAction","target":["https:\/\/alloraliving.com\/fr\/ensemble-fauteuil-pouf-ouvrant-essenza\/"]}]},{"@type":"ImageObject","inLanguage":"fr-FR","@id":"https:\/\/alloraliving.com\/fr\/ensemble-fauteuil-pouf-ouvrant-essenza\/#primaryimage","url":"https:\/\/alloraliving.com\/wp-content\/uploads\/1-zestaw-fotel-pufa-otwierana-essenza-boucle-sand-cream.jpg","contentUrl":"https:\/\/alloraliving.com\/wp-content\/uploads\/1-zestaw-fotel-pufa-otwierana-essenza-boucle-sand-cream.jpg","width":1600,"height":1200},{"@type":"BreadcrumbList","@id":"https:\/\/alloraliving.com\/fr\/ensemble-fauteuil-pouf-ouvrant-essenza\/#breadcrumb","itemListElement":[{"@type":"ListItem","position":1,"name":"Strona g\u0142\u00f3wna","item":"https:\/\/alloraliving.com\/fr\/"},{"@type":"ListItem","position":2,"name":"Boutique","item":"https:\/\/alloraliving.com\/fr\/?page_id=6496"},{"@type":"ListItem","position":3,"name":"Ensemble Fauteuil + Pouf ouvrant Essenza"}]},{"@type":"WebSite","@id":"https:\/\/alloraliving.com\/fr\/#website","url":"https:\/\/alloraliving.com\/fr\/","name":"AlloraLiving.com","description":"","potentialAction":[{"@type":"SearchAction","target":{"@type":"EntryPoint","urlTemplate":"https:\/\/alloraliving.com\/fr\/?s={search_term_string}"},"query-input":{"@type":"PropertyValueSpecification","valueRequired":true,"valueName":"search_term_string"}}],"inLanguage":"fr-FR"}]},"og_availability":"instock","product_availability":"instock","product_condition":"new"},"_links":{"self":[{"href":"https:\/\/alloraliving.com\/fr\/wp-json\/wp\/v2\/product\/7270","targetHints":{"allow":["GET"]}}],"collection":[{"href":"https:\/\/alloraliving.com\/fr\/wp-json\/wp\/v2\/product"}],"about":[{"href":"https:\/\/alloraliving.com\/fr\/wp-json\/wp\/v2\/types\/product"}],"wp:featuredmedia":[{"embeddable":true,"href":"https:\/\/alloraliving.com\/fr\/wp-json\/wp\/v2\/media\/7272"}],"wp:attachment":[{"href":"https:\/\/alloraliving.com\/fr\/wp-json\/wp\/v2\/media?parent=7270"}],"wp:term":[{"taxonomy":"product_brand","embeddable":true,"href":"https:\/\/alloraliving.com\/fr\/wp-json\/wp\/v2\/product_brand?post=7270"},{"taxonomy":"product_cat","embeddable":true,"href":"https:\/\/alloraliving.com\/fr\/wp-json\/wp\/v2\/product_cat?post=7270"},{"taxonomy":"product_tag","embeddable":true,"href":"https:\/\/alloraliving.com\/fr\/wp-json\/wp\/v2\/product_tag?post=7270"}],"curies":[{"name":"wp","href":"https:\/\/api.w.org\/{rel}","templated":true}]}}