{"id":7271,"date":"2024-12-18T12:12:58","date_gmt":"2024-12-18T11:12:58","guid":{"rendered":"https:\/\/alloraliving.com\/pouf-pivotant-essenza\/"},"modified":"2025-02-18T08:36:48","modified_gmt":"2025-02-18T07:36:48","slug":"pouf-pivotant-essenza","status":"publish","type":"product","link":"https:\/\/alloraliving.com\/fr\/pouf-pivotant-essenza\/","title":{"rendered":"Pouf pivotant Essenza"},"content":{"rendered":"","protected":false},"excerpt":{"rendered":"<p>Le pouf ESSENZA est un accent minimaliste qui allie fonctionnalit\u00e9 et esth\u00e9tique. Sa base conique pivotante compl\u00e8te harmonieusement la forme simple du si\u00e8ge, tandis que le rembourrage complet cr\u00e9e une silhouette uniforme et \u00e9l\u00e9gante. La fonction rotative du pouf ajoute de la praticit\u00e9, assurant un confort d&rsquo;utilisation dans n&rsquo;importe quel espace. Il fonctionnera parfaitement aussi bien dans le salon que dans la chambre, ajoutant un caract\u00e8re chaleureux \u00e0 l&rsquo;espace.   <\/p>\n<p>Faisant partie de la collection ESSENZA, le pouf est disponible dans une vari\u00e9t\u00e9 de finitions et de couleurs &#8211; id\u00e9al pour cr\u00e9er des espaces de d\u00e9tente ou comme si\u00e8ge d&rsquo;appoint.<\/p>\n","protected":false},"featured_media":7274,"template":"","meta":[],"product_brand":[],"product_cat":[933,945],"product_tag":[],"class_list":{"0":"post-7271","1":"product","2":"type-product","3":"status-publish","4":"has-post-thumbnail","6":"product_cat-collection-essenza","7":"product_cat-poufs-fr","8":"product_shipping_class-livraison-gratuite","10":"first","11":"instock","12":"taxable","13":"shipping-taxable","14":"purchasable","15":"product-type-variable","16":"has-default-attributes","17":"wvs-archive-product-wrapper"},"yoast_head":"<!-- This site is optimized with the Yoast SEO Premium plugin v26.8 (Yoast SEO v26.8) - https:\/\/yoast.com\/product\/yoast-seo-premium-wordpress\/ -->\n<title>Pouf pivotant Essenza - AlloraLiving.com<\/title>\n<meta name=\"robots\" content=\"index, follow, max-snippet:-1, max-image-preview:large, max-video-preview:-1\" \/>\n<link rel=\"canonical\" href=\"https:\/\/alloraliving.com\/fr\/pouf-pivotant-essenza\/\" \/>\n<meta property=\"og:locale\" content=\"fr_FR\" \/>\n<meta property=\"og:type\" content=\"article\" \/>\n<meta property=\"og:title\" content=\"Pouf pivotant Essenza\" \/>\n<meta property=\"og:description\" content=\"Le pouf ESSENZA est un accent minimaliste qui allie fonctionnalit\u00e9 et esth\u00e9tique. Sa base conique pivotante compl\u00e8te harmonieusement la forme simple du si\u00e8ge, tandis que le rembourrage complet cr\u00e9e une silhouette uniforme et \u00e9l\u00e9gante. La fonction rotative du pouf ajoute de la praticit\u00e9, assurant un confort d&#039;utilisation dans n&#039;importe quel espace. Il fonctionnera parfaitement aussi bien dans le salon que dans la chambre, ajoutant un caract\u00e8re chaleureux \u00e0 l&#039;espace.    Faisant partie de la collection ESSENZA, le pouf est disponible dans une vari\u00e9t\u00e9 de finitions et de couleurs - id\u00e9al pour cr\u00e9er des espaces de d\u00e9tente ou comme si\u00e8ge d&#039;appoint.\" \/>\n<meta property=\"og:url\" content=\"https:\/\/alloraliving.com\/fr\/pouf-pivotant-essenza\/\" \/>\n<meta property=\"og:site_name\" content=\"AlloraLiving.com\" \/>\n<meta property=\"article:modified_time\" content=\"2025-02-18T07:36:48+00:00\" \/>\n<meta property=\"og:image\" content=\"https:\/\/alloraliving.com\/wp-content\/uploads\/1-pufa-essenza-boucle-sand-cream.jpg\" \/>\n\t<meta property=\"og:image:width\" content=\"1600\" \/>\n\t<meta property=\"og:image:height\" content=\"1200\" \/>\n\t<meta property=\"og:image:type\" content=\"image\/jpeg\" \/>\n<meta name=\"twitter:card\" content=\"summary_large_image\" \/>\n<meta name=\"twitter:label1\" content=\"Disponibilit\u00e9\" \/>\n\t<meta name=\"twitter:data1\" content=\"En stock\" \/>\n<script type=\"application\/ld+json\" class=\"yoast-schema-graph\">{\"@context\":\"https:\/\/schema.org\",\"@graph\":[{\"@type\":[\"WebPage\",\"ItemPage\"],\"@id\":\"https:\/\/alloraliving.com\/fr\/pouf-pivotant-essenza\/\",\"url\":\"https:\/\/alloraliving.com\/fr\/pouf-pivotant-essenza\/\",\"name\":\"Pouf pivotant Essenza - AlloraLiving.com\",\"isPartOf\":{\"@id\":\"https:\/\/alloraliving.com\/fr\/#website\"},\"primaryImageOfPage\":{\"@id\":\"https:\/\/alloraliving.com\/fr\/pouf-pivotant-essenza\/#primaryimage\"},\"image\":{\"@id\":\"https:\/\/alloraliving.com\/fr\/pouf-pivotant-essenza\/#primaryimage\"},\"thumbnailUrl\":\"https:\/\/alloraliving.com\/wp-content\/uploads\/1-pufa-essenza-boucle-sand-cream.jpg\",\"datePublished\":\"2024-12-18T11:12:58+00:00\",\"dateModified\":\"2025-02-18T07:36:48+00:00\",\"breadcrumb\":{\"@id\":\"https:\/\/alloraliving.com\/fr\/pouf-pivotant-essenza\/#breadcrumb\"},\"inLanguage\":\"fr-FR\",\"potentialAction\":[{\"@type\":\"ReadAction\",\"target\":[\"https:\/\/alloraliving.com\/fr\/pouf-pivotant-essenza\/\"]}]},{\"@type\":\"ImageObject\",\"inLanguage\":\"fr-FR\",\"@id\":\"https:\/\/alloraliving.com\/fr\/pouf-pivotant-essenza\/#primaryimage\",\"url\":\"https:\/\/alloraliving.com\/wp-content\/uploads\/1-pufa-essenza-boucle-sand-cream.jpg\",\"contentUrl\":\"https:\/\/alloraliving.com\/wp-content\/uploads\/1-pufa-essenza-boucle-sand-cream.jpg\",\"width\":1600,\"height\":1200},{\"@type\":\"BreadcrumbList\",\"@id\":\"https:\/\/alloraliving.com\/fr\/pouf-pivotant-essenza\/#breadcrumb\",\"itemListElement\":[{\"@type\":\"ListItem\",\"position\":1,\"name\":\"Strona g\u0142\u00f3wna\",\"item\":\"https:\/\/alloraliving.com\/fr\/\"},{\"@type\":\"ListItem\",\"position\":2,\"name\":\"Boutique\",\"item\":\"https:\/\/alloraliving.com\/fr\/?page_id=6496\"},{\"@type\":\"ListItem\",\"position\":3,\"name\":\"Pouf pivotant Essenza\"}]},{\"@type\":\"WebSite\",\"@id\":\"https:\/\/alloraliving.com\/fr\/#website\",\"url\":\"https:\/\/alloraliving.com\/fr\/\",\"name\":\"AlloraLiving.com\",\"description\":\"\",\"potentialAction\":[{\"@type\":\"SearchAction\",\"target\":{\"@type\":\"EntryPoint\",\"urlTemplate\":\"https:\/\/alloraliving.com\/fr\/?s={search_term_string}\"},\"query-input\":{\"@type\":\"PropertyValueSpecification\",\"valueRequired\":true,\"valueName\":\"search_term_string\"}}],\"inLanguage\":\"fr-FR\"}]}<\/script>\n<meta property=\"og:availability\" content=\"instock\" \/>\n<meta property=\"product:availability\" content=\"instock\" \/>\n<meta property=\"product:condition\" content=\"new\" \/>\n<!-- \/ Yoast SEO Premium plugin. -->","yoast_head_json":{"title":"Pouf pivotant Essenza - AlloraLiving.com","robots":{"index":"index","follow":"follow","max-snippet":"max-snippet:-1","max-image-preview":"max-image-preview:large","max-video-preview":"max-video-preview:-1"},"canonical":"https:\/\/alloraliving.com\/fr\/pouf-pivotant-essenza\/","og_locale":"fr_FR","og_type":"article","og_title":"Pouf pivotant Essenza","og_description":"Le pouf ESSENZA est un accent minimaliste qui allie fonctionnalit\u00e9 et esth\u00e9tique. Sa base conique pivotante compl\u00e8te harmonieusement la forme simple du si\u00e8ge, tandis que le rembourrage complet cr\u00e9e une silhouette uniforme et \u00e9l\u00e9gante. La fonction rotative du pouf ajoute de la praticit\u00e9, assurant un confort d'utilisation dans n'importe quel espace. Il fonctionnera parfaitement aussi bien dans le salon que dans la chambre, ajoutant un caract\u00e8re chaleureux \u00e0 l'espace.    Faisant partie de la collection ESSENZA, le pouf est disponible dans une vari\u00e9t\u00e9 de finitions et de couleurs - id\u00e9al pour cr\u00e9er des espaces de d\u00e9tente ou comme si\u00e8ge d'appoint.","og_url":"https:\/\/alloraliving.com\/fr\/pouf-pivotant-essenza\/","og_site_name":"AlloraLiving.com","article_modified_time":"2025-02-18T07:36:48+00:00","og_image":[{"width":1600,"height":1200,"url":"https:\/\/alloraliving.com\/wp-content\/uploads\/1-pufa-essenza-boucle-sand-cream.jpg","type":"image\/jpeg"}],"twitter_card":"summary_large_image","twitter_misc":{"Disponibilit\u00e9":"En stock"},"schema":{"@context":"https:\/\/schema.org","@graph":[{"@type":["WebPage","ItemPage"],"@id":"https:\/\/alloraliving.com\/fr\/pouf-pivotant-essenza\/","url":"https:\/\/alloraliving.com\/fr\/pouf-pivotant-essenza\/","name":"Pouf pivotant Essenza - AlloraLiving.com","isPartOf":{"@id":"https:\/\/alloraliving.com\/fr\/#website"},"primaryImageOfPage":{"@id":"https:\/\/alloraliving.com\/fr\/pouf-pivotant-essenza\/#primaryimage"},"image":{"@id":"https:\/\/alloraliving.com\/fr\/pouf-pivotant-essenza\/#primaryimage"},"thumbnailUrl":"https:\/\/alloraliving.com\/wp-content\/uploads\/1-pufa-essenza-boucle-sand-cream.jpg","datePublished":"2024-12-18T11:12:58+00:00","dateModified":"2025-02-18T07:36:48+00:00","breadcrumb":{"@id":"https:\/\/alloraliving.com\/fr\/pouf-pivotant-essenza\/#breadcrumb"},"inLanguage":"fr-FR","potentialAction":[{"@type":"ReadAction","target":["https:\/\/alloraliving.com\/fr\/pouf-pivotant-essenza\/"]}]},{"@type":"ImageObject","inLanguage":"fr-FR","@id":"https:\/\/alloraliving.com\/fr\/pouf-pivotant-essenza\/#primaryimage","url":"https:\/\/alloraliving.com\/wp-content\/uploads\/1-pufa-essenza-boucle-sand-cream.jpg","contentUrl":"https:\/\/alloraliving.com\/wp-content\/uploads\/1-pufa-essenza-boucle-sand-cream.jpg","width":1600,"height":1200},{"@type":"BreadcrumbList","@id":"https:\/\/alloraliving.com\/fr\/pouf-pivotant-essenza\/#breadcrumb","itemListElement":[{"@type":"ListItem","position":1,"name":"Strona g\u0142\u00f3wna","item":"https:\/\/alloraliving.com\/fr\/"},{"@type":"ListItem","position":2,"name":"Boutique","item":"https:\/\/alloraliving.com\/fr\/?page_id=6496"},{"@type":"ListItem","position":3,"name":"Pouf pivotant Essenza"}]},{"@type":"WebSite","@id":"https:\/\/alloraliving.com\/fr\/#website","url":"https:\/\/alloraliving.com\/fr\/","name":"AlloraLiving.com","description":"","potentialAction":[{"@type":"SearchAction","target":{"@type":"EntryPoint","urlTemplate":"https:\/\/alloraliving.com\/fr\/?s={search_term_string}"},"query-input":{"@type":"PropertyValueSpecification","valueRequired":true,"valueName":"search_term_string"}}],"inLanguage":"fr-FR"}]},"og_availability":"instock","product_availability":"instock","product_condition":"new"},"_links":{"self":[{"href":"https:\/\/alloraliving.com\/fr\/wp-json\/wp\/v2\/product\/7271","targetHints":{"allow":["GET"]}}],"collection":[{"href":"https:\/\/alloraliving.com\/fr\/wp-json\/wp\/v2\/product"}],"about":[{"href":"https:\/\/alloraliving.com\/fr\/wp-json\/wp\/v2\/types\/product"}],"wp:featuredmedia":[{"embeddable":true,"href":"https:\/\/alloraliving.com\/fr\/wp-json\/wp\/v2\/media\/7274"}],"wp:attachment":[{"href":"https:\/\/alloraliving.com\/fr\/wp-json\/wp\/v2\/media?parent=7271"}],"wp:term":[{"taxonomy":"product_brand","embeddable":true,"href":"https:\/\/alloraliving.com\/fr\/wp-json\/wp\/v2\/product_brand?post=7271"},{"taxonomy":"product_cat","embeddable":true,"href":"https:\/\/alloraliving.com\/fr\/wp-json\/wp\/v2\/product_cat?post=7271"},{"taxonomy":"product_tag","embeddable":true,"href":"https:\/\/alloraliving.com\/fr\/wp-json\/wp\/v2\/product_tag?post=7271"}],"curies":[{"name":"wp","href":"https:\/\/api.w.org\/{rel}","templated":true}]}}