{"id":7280,"date":"2024-12-18T13:20:25","date_gmt":"2024-12-18T12:20:25","guid":{"rendered":"https:\/\/alloraliving.com\/ensemble-fauteuil-pouf-essenza\/"},"modified":"2025-02-18T08:36:31","modified_gmt":"2025-02-18T07:36:31","slug":"ensemble-fauteuil-pouf-pivotant-essenza","status":"publish","type":"product","link":"https:\/\/alloraliving.com\/fr\/ensemble-fauteuil-pouf-pivotant-essenza\/","title":{"rendered":"Ensemble Fauteuil + Pouf pivotant Essenza"},"content":{"rendered":"","protected":false},"excerpt":{"rendered":"<p>La combinaison d&rsquo;un fauteuil et d&rsquo;un pouf de la collection ESSENZA cr\u00e9e un ensemble fonctionnel qui augmente le confort du repos quotidien. Le pouf, faisant office de repose-pieds ou de si\u00e8ge suppl\u00e9mentaire, compl\u00e8te parfaitement le fauteuil, conf\u00e9rant \u00e0 l&rsquo;espace d\u00e9tente un caract\u00e8re plus d\u00e9tendu et multidimensionnel. <\/p>\n<p>Les deux \u00e9l\u00e9ments, de forme conique et de rev\u00eatement coh\u00e9rent, s&rsquo;inscrivent dans l&rsquo;id\u00e9e de design minimaliste. En choisissant du velours ou du boucl\u00e9, vous pourrez souligner l\u2019\u00e9l\u00e9gance subtile de l\u2019ensemble et l\u2019assortir \u00e0 votre propre vision de l\u2019int\u00e9rieur. <\/p>\n","protected":false},"featured_media":7282,"template":"","meta":[],"product_brand":[],"product_cat":[933,930],"product_tag":[],"class_list":{"0":"post-7280","1":"product","2":"type-product","3":"status-publish","4":"has-post-thumbnail","6":"product_cat-collection-essenza","7":"product_cat-sieges","8":"product_shipping_class-livraison-gratuite","10":"first","11":"instock","12":"taxable","13":"shipping-taxable","14":"purchasable","15":"product-type-variable","16":"has-default-attributes","17":"wvs-archive-product-wrapper"},"yoast_head":"<!-- This site is optimized with the Yoast SEO Premium plugin v26.8 (Yoast SEO v26.8) - https:\/\/yoast.com\/product\/yoast-seo-premium-wordpress\/ -->\n<title>Ensemble Fauteuil + Pouf pivotant Essenza - AlloraLiving.com<\/title>\n<meta name=\"robots\" content=\"index, follow, max-snippet:-1, max-image-preview:large, max-video-preview:-1\" \/>\n<link rel=\"canonical\" href=\"https:\/\/alloraliving.com\/fr\/ensemble-fauteuil-pouf-pivotant-essenza\/\" \/>\n<meta property=\"og:locale\" content=\"fr_FR\" \/>\n<meta property=\"og:type\" content=\"article\" \/>\n<meta property=\"og:title\" content=\"Ensemble Fauteuil + Pouf pivotant Essenza\" \/>\n<meta property=\"og:description\" content=\"La combinaison d&#039;un fauteuil et d&#039;un pouf de la collection ESSENZA cr\u00e9e un ensemble fonctionnel qui augmente le confort du repos quotidien. Le pouf, faisant office de repose-pieds ou de si\u00e8ge suppl\u00e9mentaire, compl\u00e8te parfaitement le fauteuil, conf\u00e9rant \u00e0 l&#039;espace d\u00e9tente un caract\u00e8re plus d\u00e9tendu et multidimensionnel.   Les deux \u00e9l\u00e9ments, de forme conique et de rev\u00eatement coh\u00e9rent, s&#039;inscrivent dans l&#039;id\u00e9e de design minimaliste. En choisissant du velours ou du boucl\u00e9, vous pourrez souligner l\u2019\u00e9l\u00e9gance subtile de l\u2019ensemble et l\u2019assortir \u00e0 votre propre vision de l\u2019int\u00e9rieur.\" \/>\n<meta property=\"og:url\" content=\"https:\/\/alloraliving.com\/fr\/ensemble-fauteuil-pouf-pivotant-essenza\/\" \/>\n<meta property=\"og:site_name\" content=\"AlloraLiving.com\" \/>\n<meta property=\"article:modified_time\" content=\"2025-02-18T07:36:31+00:00\" \/>\n<meta property=\"og:image\" content=\"https:\/\/alloraliving.com\/wp-content\/uploads\/1-zestaw-fotel-z-pufa-essenza-sand-cream.jpg\" \/>\n\t<meta property=\"og:image:width\" content=\"1600\" \/>\n\t<meta property=\"og:image:height\" content=\"1200\" \/>\n\t<meta property=\"og:image:type\" content=\"image\/jpeg\" \/>\n<meta name=\"twitter:card\" content=\"summary_large_image\" \/>\n<meta name=\"twitter:label1\" content=\"Disponibilit\u00e9\" \/>\n\t<meta name=\"twitter:data1\" content=\"En stock\" \/>\n<script type=\"application\/ld+json\" class=\"yoast-schema-graph\">{\"@context\":\"https:\/\/schema.org\",\"@graph\":[{\"@type\":[\"WebPage\",\"ItemPage\"],\"@id\":\"https:\/\/alloraliving.com\/fr\/ensemble-fauteuil-pouf-pivotant-essenza\/\",\"url\":\"https:\/\/alloraliving.com\/fr\/ensemble-fauteuil-pouf-pivotant-essenza\/\",\"name\":\"Ensemble Fauteuil + Pouf pivotant Essenza - AlloraLiving.com\",\"isPartOf\":{\"@id\":\"https:\/\/alloraliving.com\/fr\/#website\"},\"primaryImageOfPage\":{\"@id\":\"https:\/\/alloraliving.com\/fr\/ensemble-fauteuil-pouf-pivotant-essenza\/#primaryimage\"},\"image\":{\"@id\":\"https:\/\/alloraliving.com\/fr\/ensemble-fauteuil-pouf-pivotant-essenza\/#primaryimage\"},\"thumbnailUrl\":\"https:\/\/alloraliving.com\/wp-content\/uploads\/1-zestaw-fotel-z-pufa-essenza-sand-cream.jpg\",\"datePublished\":\"2024-12-18T12:20:25+00:00\",\"dateModified\":\"2025-02-18T07:36:31+00:00\",\"breadcrumb\":{\"@id\":\"https:\/\/alloraliving.com\/fr\/ensemble-fauteuil-pouf-pivotant-essenza\/#breadcrumb\"},\"inLanguage\":\"fr-FR\",\"potentialAction\":[{\"@type\":\"ReadAction\",\"target\":[\"https:\/\/alloraliving.com\/fr\/ensemble-fauteuil-pouf-pivotant-essenza\/\"]}]},{\"@type\":\"ImageObject\",\"inLanguage\":\"fr-FR\",\"@id\":\"https:\/\/alloraliving.com\/fr\/ensemble-fauteuil-pouf-pivotant-essenza\/#primaryimage\",\"url\":\"https:\/\/alloraliving.com\/wp-content\/uploads\/1-zestaw-fotel-z-pufa-essenza-sand-cream.jpg\",\"contentUrl\":\"https:\/\/alloraliving.com\/wp-content\/uploads\/1-zestaw-fotel-z-pufa-essenza-sand-cream.jpg\",\"width\":1600,\"height\":1200},{\"@type\":\"BreadcrumbList\",\"@id\":\"https:\/\/alloraliving.com\/fr\/ensemble-fauteuil-pouf-pivotant-essenza\/#breadcrumb\",\"itemListElement\":[{\"@type\":\"ListItem\",\"position\":1,\"name\":\"Strona g\u0142\u00f3wna\",\"item\":\"https:\/\/alloraliving.com\/fr\/\"},{\"@type\":\"ListItem\",\"position\":2,\"name\":\"Boutique\",\"item\":\"https:\/\/alloraliving.com\/fr\/?page_id=6496\"},{\"@type\":\"ListItem\",\"position\":3,\"name\":\"Ensemble Fauteuil + Pouf pivotant Essenza\"}]},{\"@type\":\"WebSite\",\"@id\":\"https:\/\/alloraliving.com\/fr\/#website\",\"url\":\"https:\/\/alloraliving.com\/fr\/\",\"name\":\"AlloraLiving.com\",\"description\":\"\",\"potentialAction\":[{\"@type\":\"SearchAction\",\"target\":{\"@type\":\"EntryPoint\",\"urlTemplate\":\"https:\/\/alloraliving.com\/fr\/?s={search_term_string}\"},\"query-input\":{\"@type\":\"PropertyValueSpecification\",\"valueRequired\":true,\"valueName\":\"search_term_string\"}}],\"inLanguage\":\"fr-FR\"}]}<\/script>\n<meta property=\"og:availability\" content=\"instock\" \/>\n<meta property=\"product:availability\" content=\"instock\" \/>\n<meta property=\"product:condition\" content=\"new\" \/>\n<!-- \/ Yoast SEO Premium plugin. -->","yoast_head_json":{"title":"Ensemble Fauteuil + Pouf pivotant Essenza - AlloraLiving.com","robots":{"index":"index","follow":"follow","max-snippet":"max-snippet:-1","max-image-preview":"max-image-preview:large","max-video-preview":"max-video-preview:-1"},"canonical":"https:\/\/alloraliving.com\/fr\/ensemble-fauteuil-pouf-pivotant-essenza\/","og_locale":"fr_FR","og_type":"article","og_title":"Ensemble Fauteuil + Pouf pivotant Essenza","og_description":"La combinaison d'un fauteuil et d'un pouf de la collection ESSENZA cr\u00e9e un ensemble fonctionnel qui augmente le confort du repos quotidien. Le pouf, faisant office de repose-pieds ou de si\u00e8ge suppl\u00e9mentaire, compl\u00e8te parfaitement le fauteuil, conf\u00e9rant \u00e0 l'espace d\u00e9tente un caract\u00e8re plus d\u00e9tendu et multidimensionnel.   Les deux \u00e9l\u00e9ments, de forme conique et de rev\u00eatement coh\u00e9rent, s'inscrivent dans l'id\u00e9e de design minimaliste. En choisissant du velours ou du boucl\u00e9, vous pourrez souligner l\u2019\u00e9l\u00e9gance subtile de l\u2019ensemble et l\u2019assortir \u00e0 votre propre vision de l\u2019int\u00e9rieur.","og_url":"https:\/\/alloraliving.com\/fr\/ensemble-fauteuil-pouf-pivotant-essenza\/","og_site_name":"AlloraLiving.com","article_modified_time":"2025-02-18T07:36:31+00:00","og_image":[{"width":1600,"height":1200,"url":"https:\/\/alloraliving.com\/wp-content\/uploads\/1-zestaw-fotel-z-pufa-essenza-sand-cream.jpg","type":"image\/jpeg"}],"twitter_card":"summary_large_image","twitter_misc":{"Disponibilit\u00e9":"En stock"},"schema":{"@context":"https:\/\/schema.org","@graph":[{"@type":["WebPage","ItemPage"],"@id":"https:\/\/alloraliving.com\/fr\/ensemble-fauteuil-pouf-pivotant-essenza\/","url":"https:\/\/alloraliving.com\/fr\/ensemble-fauteuil-pouf-pivotant-essenza\/","name":"Ensemble Fauteuil + Pouf pivotant Essenza - AlloraLiving.com","isPartOf":{"@id":"https:\/\/alloraliving.com\/fr\/#website"},"primaryImageOfPage":{"@id":"https:\/\/alloraliving.com\/fr\/ensemble-fauteuil-pouf-pivotant-essenza\/#primaryimage"},"image":{"@id":"https:\/\/alloraliving.com\/fr\/ensemble-fauteuil-pouf-pivotant-essenza\/#primaryimage"},"thumbnailUrl":"https:\/\/alloraliving.com\/wp-content\/uploads\/1-zestaw-fotel-z-pufa-essenza-sand-cream.jpg","datePublished":"2024-12-18T12:20:25+00:00","dateModified":"2025-02-18T07:36:31+00:00","breadcrumb":{"@id":"https:\/\/alloraliving.com\/fr\/ensemble-fauteuil-pouf-pivotant-essenza\/#breadcrumb"},"inLanguage":"fr-FR","potentialAction":[{"@type":"ReadAction","target":["https:\/\/alloraliving.com\/fr\/ensemble-fauteuil-pouf-pivotant-essenza\/"]}]},{"@type":"ImageObject","inLanguage":"fr-FR","@id":"https:\/\/alloraliving.com\/fr\/ensemble-fauteuil-pouf-pivotant-essenza\/#primaryimage","url":"https:\/\/alloraliving.com\/wp-content\/uploads\/1-zestaw-fotel-z-pufa-essenza-sand-cream.jpg","contentUrl":"https:\/\/alloraliving.com\/wp-content\/uploads\/1-zestaw-fotel-z-pufa-essenza-sand-cream.jpg","width":1600,"height":1200},{"@type":"BreadcrumbList","@id":"https:\/\/alloraliving.com\/fr\/ensemble-fauteuil-pouf-pivotant-essenza\/#breadcrumb","itemListElement":[{"@type":"ListItem","position":1,"name":"Strona g\u0142\u00f3wna","item":"https:\/\/alloraliving.com\/fr\/"},{"@type":"ListItem","position":2,"name":"Boutique","item":"https:\/\/alloraliving.com\/fr\/?page_id=6496"},{"@type":"ListItem","position":3,"name":"Ensemble Fauteuil + Pouf pivotant Essenza"}]},{"@type":"WebSite","@id":"https:\/\/alloraliving.com\/fr\/#website","url":"https:\/\/alloraliving.com\/fr\/","name":"AlloraLiving.com","description":"","potentialAction":[{"@type":"SearchAction","target":{"@type":"EntryPoint","urlTemplate":"https:\/\/alloraliving.com\/fr\/?s={search_term_string}"},"query-input":{"@type":"PropertyValueSpecification","valueRequired":true,"valueName":"search_term_string"}}],"inLanguage":"fr-FR"}]},"og_availability":"instock","product_availability":"instock","product_condition":"new"},"_links":{"self":[{"href":"https:\/\/alloraliving.com\/fr\/wp-json\/wp\/v2\/product\/7280","targetHints":{"allow":["GET"]}}],"collection":[{"href":"https:\/\/alloraliving.com\/fr\/wp-json\/wp\/v2\/product"}],"about":[{"href":"https:\/\/alloraliving.com\/fr\/wp-json\/wp\/v2\/types\/product"}],"wp:featuredmedia":[{"embeddable":true,"href":"https:\/\/alloraliving.com\/fr\/wp-json\/wp\/v2\/media\/7282"}],"wp:attachment":[{"href":"https:\/\/alloraliving.com\/fr\/wp-json\/wp\/v2\/media?parent=7280"}],"wp:term":[{"taxonomy":"product_brand","embeddable":true,"href":"https:\/\/alloraliving.com\/fr\/wp-json\/wp\/v2\/product_brand?post=7280"},{"taxonomy":"product_cat","embeddable":true,"href":"https:\/\/alloraliving.com\/fr\/wp-json\/wp\/v2\/product_cat?post=7280"},{"taxonomy":"product_tag","embeddable":true,"href":"https:\/\/alloraliving.com\/fr\/wp-json\/wp\/v2\/product_tag?post=7280"}],"curies":[{"name":"wp","href":"https:\/\/api.w.org\/{rel}","templated":true}]}}