{"id":7281,"date":"2024-12-18T12:00:12","date_gmt":"2024-12-18T11:00:12","guid":{"rendered":"https:\/\/alloraliving.com\/fauteuil-essenza\/"},"modified":"2025-02-18T08:36:51","modified_gmt":"2025-02-18T07:36:51","slug":"fauteuil-essenza","status":"publish","type":"product","link":"https:\/\/alloraliving.com\/fr\/fauteuil-essenza\/","title":{"rendered":"Fauteuil Essenza"},"content":{"rendered":"","protected":false},"excerpt":{"rendered":"<p>Le fauteuil de la collection ESSENZA est l&rsquo;essence m\u00eame du confort et du design moderne. La base conique caract\u00e9ristique ajoute de l&rsquo;\u00e9l\u00e9gance, tandis que le rev\u00eatement qui recouvre toute la forme cr\u00e9e une silhouette uniforme et minimaliste. Le fauteuil s&rsquo;int\u00e8gre parfaitement dans les am\u00e9nagements modernes, introduisant paix et \u00e9quilibre \u00e0 l&rsquo;int\u00e9rieur.  <\/p>\n<p>Son assise large et confortable et son dossier ergonomique en font l&rsquo;endroit id\u00e9al pour se d\u00e9tendre, que vous le placiez dans le salon ou le coin salon. Gr\u00e2ce \u00e0 la possibilit\u00e9 de choisir entre le velours et le boucl\u00e9, vous pouvez changer compl\u00e8tement son caract\u00e8re, en l&rsquo;adaptant \u00e0 votre int\u00e9rieur. <\/p>\n","protected":false},"featured_media":7284,"template":"","meta":[],"product_brand":[],"product_cat":[933,930],"product_tag":[],"class_list":{"0":"post-7281","1":"product","2":"type-product","3":"status-publish","4":"has-post-thumbnail","6":"product_cat-collection-essenza","7":"product_cat-sieges","8":"product_shipping_class-livraison-gratuite","10":"first","11":"instock","12":"taxable","13":"shipping-taxable","14":"purchasable","15":"product-type-variable","16":"has-default-attributes","17":"wvs-archive-product-wrapper"},"yoast_head":"<!-- This site is optimized with the Yoast SEO Premium plugin v26.8 (Yoast SEO v26.8) - https:\/\/yoast.com\/product\/yoast-seo-premium-wordpress\/ -->\n<title>Fauteuil Essenza - AlloraLiving.com<\/title>\n<meta name=\"robots\" content=\"index, follow, max-snippet:-1, max-image-preview:large, max-video-preview:-1\" \/>\n<link rel=\"canonical\" href=\"https:\/\/alloraliving.com\/fr\/fauteuil-essenza\/\" \/>\n<meta property=\"og:locale\" content=\"fr_FR\" \/>\n<meta property=\"og:type\" content=\"article\" \/>\n<meta property=\"og:title\" content=\"Fauteuil Essenza\" \/>\n<meta property=\"og:description\" content=\"Le fauteuil de la collection ESSENZA est l&#039;essence m\u00eame du confort et du design moderne. La base conique caract\u00e9ristique ajoute de l&#039;\u00e9l\u00e9gance, tandis que le rev\u00eatement qui recouvre toute la forme cr\u00e9e une silhouette uniforme et minimaliste. Le fauteuil s&#039;int\u00e8gre parfaitement dans les am\u00e9nagements modernes, introduisant paix et \u00e9quilibre \u00e0 l&#039;int\u00e9rieur.   Son assise large et confortable et son dossier ergonomique en font l&#039;endroit id\u00e9al pour se d\u00e9tendre, que vous le placiez dans le salon ou le coin salon. Gr\u00e2ce \u00e0 la possibilit\u00e9 de choisir entre le velours et le boucl\u00e9, vous pouvez changer compl\u00e8tement son caract\u00e8re, en l&#039;adaptant \u00e0 votre int\u00e9rieur.\" \/>\n<meta property=\"og:url\" content=\"https:\/\/alloraliving.com\/fr\/fauteuil-essenza\/\" \/>\n<meta property=\"og:site_name\" content=\"AlloraLiving.com\" \/>\n<meta property=\"article:modified_time\" content=\"2025-02-18T07:36:51+00:00\" \/>\n<meta property=\"og:image\" content=\"https:\/\/alloraliving.com\/wp-content\/uploads\/1-fotel-essenza-boucle-sand-cream.jpg\" \/>\n\t<meta property=\"og:image:width\" content=\"1600\" \/>\n\t<meta property=\"og:image:height\" content=\"1200\" \/>\n\t<meta property=\"og:image:type\" content=\"image\/jpeg\" \/>\n<meta name=\"twitter:card\" content=\"summary_large_image\" \/>\n<meta name=\"twitter:label1\" content=\"Disponibilit\u00e9\" \/>\n\t<meta name=\"twitter:data1\" content=\"En stock\" \/>\n<script type=\"application\/ld+json\" class=\"yoast-schema-graph\">{\"@context\":\"https:\/\/schema.org\",\"@graph\":[{\"@type\":[\"WebPage\",\"ItemPage\"],\"@id\":\"https:\/\/alloraliving.com\/fr\/fauteuil-essenza\/\",\"url\":\"https:\/\/alloraliving.com\/fr\/fauteuil-essenza\/\",\"name\":\"Fauteuil Essenza - AlloraLiving.com\",\"isPartOf\":{\"@id\":\"https:\/\/alloraliving.com\/fr\/#website\"},\"primaryImageOfPage\":{\"@id\":\"https:\/\/alloraliving.com\/fr\/fauteuil-essenza\/#primaryimage\"},\"image\":{\"@id\":\"https:\/\/alloraliving.com\/fr\/fauteuil-essenza\/#primaryimage\"},\"thumbnailUrl\":\"https:\/\/alloraliving.com\/wp-content\/uploads\/1-fotel-essenza-boucle-sand-cream.jpg\",\"datePublished\":\"2024-12-18T11:00:12+00:00\",\"dateModified\":\"2025-02-18T07:36:51+00:00\",\"breadcrumb\":{\"@id\":\"https:\/\/alloraliving.com\/fr\/fauteuil-essenza\/#breadcrumb\"},\"inLanguage\":\"fr-FR\",\"potentialAction\":[{\"@type\":\"ReadAction\",\"target\":[\"https:\/\/alloraliving.com\/fr\/fauteuil-essenza\/\"]}]},{\"@type\":\"ImageObject\",\"inLanguage\":\"fr-FR\",\"@id\":\"https:\/\/alloraliving.com\/fr\/fauteuil-essenza\/#primaryimage\",\"url\":\"https:\/\/alloraliving.com\/wp-content\/uploads\/1-fotel-essenza-boucle-sand-cream.jpg\",\"contentUrl\":\"https:\/\/alloraliving.com\/wp-content\/uploads\/1-fotel-essenza-boucle-sand-cream.jpg\",\"width\":1600,\"height\":1200},{\"@type\":\"BreadcrumbList\",\"@id\":\"https:\/\/alloraliving.com\/fr\/fauteuil-essenza\/#breadcrumb\",\"itemListElement\":[{\"@type\":\"ListItem\",\"position\":1,\"name\":\"Strona g\u0142\u00f3wna\",\"item\":\"https:\/\/alloraliving.com\/fr\/\"},{\"@type\":\"ListItem\",\"position\":2,\"name\":\"Boutique\",\"item\":\"https:\/\/alloraliving.com\/fr\/?page_id=6496\"},{\"@type\":\"ListItem\",\"position\":3,\"name\":\"Fauteuil Essenza\"}]},{\"@type\":\"WebSite\",\"@id\":\"https:\/\/alloraliving.com\/fr\/#website\",\"url\":\"https:\/\/alloraliving.com\/fr\/\",\"name\":\"AlloraLiving.com\",\"description\":\"\",\"potentialAction\":[{\"@type\":\"SearchAction\",\"target\":{\"@type\":\"EntryPoint\",\"urlTemplate\":\"https:\/\/alloraliving.com\/fr\/?s={search_term_string}\"},\"query-input\":{\"@type\":\"PropertyValueSpecification\",\"valueRequired\":true,\"valueName\":\"search_term_string\"}}],\"inLanguage\":\"fr-FR\"}]}<\/script>\n<meta property=\"og:availability\" content=\"instock\" \/>\n<meta property=\"product:availability\" content=\"instock\" \/>\n<meta property=\"product:condition\" content=\"new\" \/>\n<!-- \/ Yoast SEO Premium plugin. -->","yoast_head_json":{"title":"Fauteuil Essenza - AlloraLiving.com","robots":{"index":"index","follow":"follow","max-snippet":"max-snippet:-1","max-image-preview":"max-image-preview:large","max-video-preview":"max-video-preview:-1"},"canonical":"https:\/\/alloraliving.com\/fr\/fauteuil-essenza\/","og_locale":"fr_FR","og_type":"article","og_title":"Fauteuil Essenza","og_description":"Le fauteuil de la collection ESSENZA est l'essence m\u00eame du confort et du design moderne. La base conique caract\u00e9ristique ajoute de l'\u00e9l\u00e9gance, tandis que le rev\u00eatement qui recouvre toute la forme cr\u00e9e une silhouette uniforme et minimaliste. Le fauteuil s'int\u00e8gre parfaitement dans les am\u00e9nagements modernes, introduisant paix et \u00e9quilibre \u00e0 l'int\u00e9rieur.   Son assise large et confortable et son dossier ergonomique en font l'endroit id\u00e9al pour se d\u00e9tendre, que vous le placiez dans le salon ou le coin salon. Gr\u00e2ce \u00e0 la possibilit\u00e9 de choisir entre le velours et le boucl\u00e9, vous pouvez changer compl\u00e8tement son caract\u00e8re, en l'adaptant \u00e0 votre int\u00e9rieur.","og_url":"https:\/\/alloraliving.com\/fr\/fauteuil-essenza\/","og_site_name":"AlloraLiving.com","article_modified_time":"2025-02-18T07:36:51+00:00","og_image":[{"width":1600,"height":1200,"url":"https:\/\/alloraliving.com\/wp-content\/uploads\/1-fotel-essenza-boucle-sand-cream.jpg","type":"image\/jpeg"}],"twitter_card":"summary_large_image","twitter_misc":{"Disponibilit\u00e9":"En stock"},"schema":{"@context":"https:\/\/schema.org","@graph":[{"@type":["WebPage","ItemPage"],"@id":"https:\/\/alloraliving.com\/fr\/fauteuil-essenza\/","url":"https:\/\/alloraliving.com\/fr\/fauteuil-essenza\/","name":"Fauteuil Essenza - AlloraLiving.com","isPartOf":{"@id":"https:\/\/alloraliving.com\/fr\/#website"},"primaryImageOfPage":{"@id":"https:\/\/alloraliving.com\/fr\/fauteuil-essenza\/#primaryimage"},"image":{"@id":"https:\/\/alloraliving.com\/fr\/fauteuil-essenza\/#primaryimage"},"thumbnailUrl":"https:\/\/alloraliving.com\/wp-content\/uploads\/1-fotel-essenza-boucle-sand-cream.jpg","datePublished":"2024-12-18T11:00:12+00:00","dateModified":"2025-02-18T07:36:51+00:00","breadcrumb":{"@id":"https:\/\/alloraliving.com\/fr\/fauteuil-essenza\/#breadcrumb"},"inLanguage":"fr-FR","potentialAction":[{"@type":"ReadAction","target":["https:\/\/alloraliving.com\/fr\/fauteuil-essenza\/"]}]},{"@type":"ImageObject","inLanguage":"fr-FR","@id":"https:\/\/alloraliving.com\/fr\/fauteuil-essenza\/#primaryimage","url":"https:\/\/alloraliving.com\/wp-content\/uploads\/1-fotel-essenza-boucle-sand-cream.jpg","contentUrl":"https:\/\/alloraliving.com\/wp-content\/uploads\/1-fotel-essenza-boucle-sand-cream.jpg","width":1600,"height":1200},{"@type":"BreadcrumbList","@id":"https:\/\/alloraliving.com\/fr\/fauteuil-essenza\/#breadcrumb","itemListElement":[{"@type":"ListItem","position":1,"name":"Strona g\u0142\u00f3wna","item":"https:\/\/alloraliving.com\/fr\/"},{"@type":"ListItem","position":2,"name":"Boutique","item":"https:\/\/alloraliving.com\/fr\/?page_id=6496"},{"@type":"ListItem","position":3,"name":"Fauteuil Essenza"}]},{"@type":"WebSite","@id":"https:\/\/alloraliving.com\/fr\/#website","url":"https:\/\/alloraliving.com\/fr\/","name":"AlloraLiving.com","description":"","potentialAction":[{"@type":"SearchAction","target":{"@type":"EntryPoint","urlTemplate":"https:\/\/alloraliving.com\/fr\/?s={search_term_string}"},"query-input":{"@type":"PropertyValueSpecification","valueRequired":true,"valueName":"search_term_string"}}],"inLanguage":"fr-FR"}]},"og_availability":"instock","product_availability":"instock","product_condition":"new"},"_links":{"self":[{"href":"https:\/\/alloraliving.com\/fr\/wp-json\/wp\/v2\/product\/7281","targetHints":{"allow":["GET"]}}],"collection":[{"href":"https:\/\/alloraliving.com\/fr\/wp-json\/wp\/v2\/product"}],"about":[{"href":"https:\/\/alloraliving.com\/fr\/wp-json\/wp\/v2\/types\/product"}],"wp:featuredmedia":[{"embeddable":true,"href":"https:\/\/alloraliving.com\/fr\/wp-json\/wp\/v2\/media\/7284"}],"wp:attachment":[{"href":"https:\/\/alloraliving.com\/fr\/wp-json\/wp\/v2\/media?parent=7281"}],"wp:term":[{"taxonomy":"product_brand","embeddable":true,"href":"https:\/\/alloraliving.com\/fr\/wp-json\/wp\/v2\/product_brand?post=7281"},{"taxonomy":"product_cat","embeddable":true,"href":"https:\/\/alloraliving.com\/fr\/wp-json\/wp\/v2\/product_cat?post=7281"},{"taxonomy":"product_tag","embeddable":true,"href":"https:\/\/alloraliving.com\/fr\/wp-json\/wp\/v2\/product_tag?post=7281"}],"curies":[{"name":"wp","href":"https:\/\/api.w.org\/{rel}","templated":true}]}}