{"id":7289,"date":"2024-12-18T13:13:31","date_gmt":"2024-12-18T12:13:31","guid":{"rendered":"https:\/\/alloraliving.com\/lot-de-2-fauteuils-essenza\/"},"modified":"2025-02-18T08:36:37","modified_gmt":"2025-02-18T07:36:37","slug":"lot-de-2-fauteuils-essenza","status":"publish","type":"product","link":"https:\/\/alloraliving.com\/fr\/lot-de-2-fauteuils-essenza\/","title":{"rendered":"Lot de 2 fauteuils Essenza"},"content":{"rendered":"","protected":false},"excerpt":{"rendered":"<p>Ce duo de fauteuils de la collection ESSENZA vous permet de cr\u00e9er un espace d\u00e9tente coh\u00e9rent, id\u00e9al pour des conversations intimes ou un moment de d\u00e9tente apr\u00e8s une journ\u00e9e intense. L&rsquo;utilisation conjointe de deux fauteuils cr\u00e9e un agencement harmonieux, mettant en valeur les lignes \u00e9pur\u00e9es et g\u00e9om\u00e9triques du mobilier. <\/p>\n<p>Chaque fauteuil, gr\u00e2ce \u00e0 sa base conique et son rev\u00eatement complet, introduit une sensation de l\u00e9g\u00e8ret\u00e9 moderne \u00e0 l&rsquo;int\u00e9rieur. Les finitions disponibles \u2013 velours ou boucl\u00e9 \u2013 permettent de donner \u00e0 l\u2019ensemble un caract\u00e8re individuel, en l\u2019adaptant subtilement au style de la composition. <\/p>\n","protected":false},"featured_media":7290,"template":"","meta":[],"product_brand":[],"product_cat":[933,930],"product_tag":[],"class_list":{"0":"post-7289","1":"product","2":"type-product","3":"status-publish","4":"has-post-thumbnail","6":"product_cat-collection-essenza","7":"product_cat-sieges","8":"product_shipping_class-livraison-gratuite","10":"first","11":"instock","12":"taxable","13":"shipping-taxable","14":"purchasable","15":"product-type-variable","16":"has-default-attributes","17":"wvs-archive-product-wrapper"},"yoast_head":"<!-- This site is optimized with the Yoast SEO Premium plugin v26.8 (Yoast SEO v26.8) - https:\/\/yoast.com\/product\/yoast-seo-premium-wordpress\/ -->\n<title>Lot de 2 fauteuils Essenza - AlloraLiving.com<\/title>\n<meta name=\"robots\" content=\"index, follow, max-snippet:-1, max-image-preview:large, max-video-preview:-1\" \/>\n<link rel=\"canonical\" href=\"https:\/\/alloraliving.com\/fr\/lot-de-2-fauteuils-essenza\/\" \/>\n<meta property=\"og:locale\" content=\"fr_FR\" \/>\n<meta property=\"og:type\" content=\"article\" \/>\n<meta property=\"og:title\" content=\"Lot de 2 fauteuils Essenza\" \/>\n<meta property=\"og:description\" content=\"Ce duo de fauteuils de la collection ESSENZA vous permet de cr\u00e9er un espace d\u00e9tente coh\u00e9rent, id\u00e9al pour des conversations intimes ou un moment de d\u00e9tente apr\u00e8s une journ\u00e9e intense. L&#039;utilisation conjointe de deux fauteuils cr\u00e9e un agencement harmonieux, mettant en valeur les lignes \u00e9pur\u00e9es et g\u00e9om\u00e9triques du mobilier.   Chaque fauteuil, gr\u00e2ce \u00e0 sa base conique et son rev\u00eatement complet, introduit une sensation de l\u00e9g\u00e8ret\u00e9 moderne \u00e0 l&#039;int\u00e9rieur. Les finitions disponibles \u2013 velours ou boucl\u00e9 \u2013 permettent de donner \u00e0 l\u2019ensemble un caract\u00e8re individuel, en l\u2019adaptant subtilement au style de la composition.\" \/>\n<meta property=\"og:url\" content=\"https:\/\/alloraliving.com\/fr\/lot-de-2-fauteuils-essenza\/\" \/>\n<meta property=\"og:site_name\" content=\"AlloraLiving.com\" \/>\n<meta property=\"article:modified_time\" content=\"2025-02-18T07:36:37+00:00\" \/>\n<meta property=\"og:image\" content=\"https:\/\/alloraliving.com\/wp-content\/uploads\/1-zestaw-2-fotele-essenza-sand-cream.jpg\" \/>\n\t<meta property=\"og:image:width\" content=\"1600\" \/>\n\t<meta property=\"og:image:height\" content=\"1200\" \/>\n\t<meta property=\"og:image:type\" content=\"image\/jpeg\" \/>\n<meta name=\"twitter:card\" content=\"summary_large_image\" \/>\n<meta name=\"twitter:label1\" content=\"Disponibilit\u00e9\" \/>\n\t<meta name=\"twitter:data1\" content=\"En stock\" \/>\n<script type=\"application\/ld+json\" class=\"yoast-schema-graph\">{\"@context\":\"https:\/\/schema.org\",\"@graph\":[{\"@type\":[\"WebPage\",\"ItemPage\"],\"@id\":\"https:\/\/alloraliving.com\/fr\/lot-de-2-fauteuils-essenza\/\",\"url\":\"https:\/\/alloraliving.com\/fr\/lot-de-2-fauteuils-essenza\/\",\"name\":\"Lot de 2 fauteuils Essenza - AlloraLiving.com\",\"isPartOf\":{\"@id\":\"https:\/\/alloraliving.com\/fr\/#website\"},\"primaryImageOfPage\":{\"@id\":\"https:\/\/alloraliving.com\/fr\/lot-de-2-fauteuils-essenza\/#primaryimage\"},\"image\":{\"@id\":\"https:\/\/alloraliving.com\/fr\/lot-de-2-fauteuils-essenza\/#primaryimage\"},\"thumbnailUrl\":\"https:\/\/alloraliving.com\/wp-content\/uploads\/1-zestaw-2-fotele-essenza-sand-cream.jpg\",\"datePublished\":\"2024-12-18T12:13:31+00:00\",\"dateModified\":\"2025-02-18T07:36:37+00:00\",\"breadcrumb\":{\"@id\":\"https:\/\/alloraliving.com\/fr\/lot-de-2-fauteuils-essenza\/#breadcrumb\"},\"inLanguage\":\"fr-FR\",\"potentialAction\":[{\"@type\":\"ReadAction\",\"target\":[\"https:\/\/alloraliving.com\/fr\/lot-de-2-fauteuils-essenza\/\"]}]},{\"@type\":\"ImageObject\",\"inLanguage\":\"fr-FR\",\"@id\":\"https:\/\/alloraliving.com\/fr\/lot-de-2-fauteuils-essenza\/#primaryimage\",\"url\":\"https:\/\/alloraliving.com\/wp-content\/uploads\/1-zestaw-2-fotele-essenza-sand-cream.jpg\",\"contentUrl\":\"https:\/\/alloraliving.com\/wp-content\/uploads\/1-zestaw-2-fotele-essenza-sand-cream.jpg\",\"width\":1600,\"height\":1200},{\"@type\":\"BreadcrumbList\",\"@id\":\"https:\/\/alloraliving.com\/fr\/lot-de-2-fauteuils-essenza\/#breadcrumb\",\"itemListElement\":[{\"@type\":\"ListItem\",\"position\":1,\"name\":\"Strona g\u0142\u00f3wna\",\"item\":\"https:\/\/alloraliving.com\/fr\/\"},{\"@type\":\"ListItem\",\"position\":2,\"name\":\"Boutique\",\"item\":\"https:\/\/alloraliving.com\/fr\/?page_id=6496\"},{\"@type\":\"ListItem\",\"position\":3,\"name\":\"Lot de 2 fauteuils Essenza\"}]},{\"@type\":\"WebSite\",\"@id\":\"https:\/\/alloraliving.com\/fr\/#website\",\"url\":\"https:\/\/alloraliving.com\/fr\/\",\"name\":\"AlloraLiving.com\",\"description\":\"\",\"potentialAction\":[{\"@type\":\"SearchAction\",\"target\":{\"@type\":\"EntryPoint\",\"urlTemplate\":\"https:\/\/alloraliving.com\/fr\/?s={search_term_string}\"},\"query-input\":{\"@type\":\"PropertyValueSpecification\",\"valueRequired\":true,\"valueName\":\"search_term_string\"}}],\"inLanguage\":\"fr-FR\"}]}<\/script>\n<meta property=\"og:availability\" content=\"instock\" \/>\n<meta property=\"product:availability\" content=\"instock\" \/>\n<meta property=\"product:condition\" content=\"new\" \/>\n<!-- \/ Yoast SEO Premium plugin. -->","yoast_head_json":{"title":"Lot de 2 fauteuils Essenza - AlloraLiving.com","robots":{"index":"index","follow":"follow","max-snippet":"max-snippet:-1","max-image-preview":"max-image-preview:large","max-video-preview":"max-video-preview:-1"},"canonical":"https:\/\/alloraliving.com\/fr\/lot-de-2-fauteuils-essenza\/","og_locale":"fr_FR","og_type":"article","og_title":"Lot de 2 fauteuils Essenza","og_description":"Ce duo de fauteuils de la collection ESSENZA vous permet de cr\u00e9er un espace d\u00e9tente coh\u00e9rent, id\u00e9al pour des conversations intimes ou un moment de d\u00e9tente apr\u00e8s une journ\u00e9e intense. L'utilisation conjointe de deux fauteuils cr\u00e9e un agencement harmonieux, mettant en valeur les lignes \u00e9pur\u00e9es et g\u00e9om\u00e9triques du mobilier.   Chaque fauteuil, gr\u00e2ce \u00e0 sa base conique et son rev\u00eatement complet, introduit une sensation de l\u00e9g\u00e8ret\u00e9 moderne \u00e0 l'int\u00e9rieur. Les finitions disponibles \u2013 velours ou boucl\u00e9 \u2013 permettent de donner \u00e0 l\u2019ensemble un caract\u00e8re individuel, en l\u2019adaptant subtilement au style de la composition.","og_url":"https:\/\/alloraliving.com\/fr\/lot-de-2-fauteuils-essenza\/","og_site_name":"AlloraLiving.com","article_modified_time":"2025-02-18T07:36:37+00:00","og_image":[{"width":1600,"height":1200,"url":"https:\/\/alloraliving.com\/wp-content\/uploads\/1-zestaw-2-fotele-essenza-sand-cream.jpg","type":"image\/jpeg"}],"twitter_card":"summary_large_image","twitter_misc":{"Disponibilit\u00e9":"En stock"},"schema":{"@context":"https:\/\/schema.org","@graph":[{"@type":["WebPage","ItemPage"],"@id":"https:\/\/alloraliving.com\/fr\/lot-de-2-fauteuils-essenza\/","url":"https:\/\/alloraliving.com\/fr\/lot-de-2-fauteuils-essenza\/","name":"Lot de 2 fauteuils Essenza - AlloraLiving.com","isPartOf":{"@id":"https:\/\/alloraliving.com\/fr\/#website"},"primaryImageOfPage":{"@id":"https:\/\/alloraliving.com\/fr\/lot-de-2-fauteuils-essenza\/#primaryimage"},"image":{"@id":"https:\/\/alloraliving.com\/fr\/lot-de-2-fauteuils-essenza\/#primaryimage"},"thumbnailUrl":"https:\/\/alloraliving.com\/wp-content\/uploads\/1-zestaw-2-fotele-essenza-sand-cream.jpg","datePublished":"2024-12-18T12:13:31+00:00","dateModified":"2025-02-18T07:36:37+00:00","breadcrumb":{"@id":"https:\/\/alloraliving.com\/fr\/lot-de-2-fauteuils-essenza\/#breadcrumb"},"inLanguage":"fr-FR","potentialAction":[{"@type":"ReadAction","target":["https:\/\/alloraliving.com\/fr\/lot-de-2-fauteuils-essenza\/"]}]},{"@type":"ImageObject","inLanguage":"fr-FR","@id":"https:\/\/alloraliving.com\/fr\/lot-de-2-fauteuils-essenza\/#primaryimage","url":"https:\/\/alloraliving.com\/wp-content\/uploads\/1-zestaw-2-fotele-essenza-sand-cream.jpg","contentUrl":"https:\/\/alloraliving.com\/wp-content\/uploads\/1-zestaw-2-fotele-essenza-sand-cream.jpg","width":1600,"height":1200},{"@type":"BreadcrumbList","@id":"https:\/\/alloraliving.com\/fr\/lot-de-2-fauteuils-essenza\/#breadcrumb","itemListElement":[{"@type":"ListItem","position":1,"name":"Strona g\u0142\u00f3wna","item":"https:\/\/alloraliving.com\/fr\/"},{"@type":"ListItem","position":2,"name":"Boutique","item":"https:\/\/alloraliving.com\/fr\/?page_id=6496"},{"@type":"ListItem","position":3,"name":"Lot de 2 fauteuils Essenza"}]},{"@type":"WebSite","@id":"https:\/\/alloraliving.com\/fr\/#website","url":"https:\/\/alloraliving.com\/fr\/","name":"AlloraLiving.com","description":"","potentialAction":[{"@type":"SearchAction","target":{"@type":"EntryPoint","urlTemplate":"https:\/\/alloraliving.com\/fr\/?s={search_term_string}"},"query-input":{"@type":"PropertyValueSpecification","valueRequired":true,"valueName":"search_term_string"}}],"inLanguage":"fr-FR"}]},"og_availability":"instock","product_availability":"instock","product_condition":"new"},"_links":{"self":[{"href":"https:\/\/alloraliving.com\/fr\/wp-json\/wp\/v2\/product\/7289","targetHints":{"allow":["GET"]}}],"collection":[{"href":"https:\/\/alloraliving.com\/fr\/wp-json\/wp\/v2\/product"}],"about":[{"href":"https:\/\/alloraliving.com\/fr\/wp-json\/wp\/v2\/types\/product"}],"wp:featuredmedia":[{"embeddable":true,"href":"https:\/\/alloraliving.com\/fr\/wp-json\/wp\/v2\/media\/7290"}],"wp:attachment":[{"href":"https:\/\/alloraliving.com\/fr\/wp-json\/wp\/v2\/media?parent=7289"}],"wp:term":[{"taxonomy":"product_brand","embeddable":true,"href":"https:\/\/alloraliving.com\/fr\/wp-json\/wp\/v2\/product_brand?post=7289"},{"taxonomy":"product_cat","embeddable":true,"href":"https:\/\/alloraliving.com\/fr\/wp-json\/wp\/v2\/product_cat?post=7289"},{"taxonomy":"product_tag","embeddable":true,"href":"https:\/\/alloraliving.com\/fr\/wp-json\/wp\/v2\/product_tag?post=7289"}],"curies":[{"name":"wp","href":"https:\/\/api.w.org\/{rel}","templated":true}]}}