{"id":7292,"date":"2024-05-06T15:06:56","date_gmt":"2024-05-06T13:06:56","guid":{"rendered":"https:\/\/alloraliving.com\/chaise-essenza\/"},"modified":"2025-02-18T08:36:52","modified_gmt":"2025-02-18T07:36:52","slug":"chaise-essenza","status":"publish","type":"product","link":"https:\/\/alloraliving.com\/fr\/chaise-essenza\/","title":{"rendered":"Chaise Essenza"},"content":{"rendered":"","protected":false},"excerpt":{"rendered":"<p>La chaise de la collection ESSENZA est une combinaison d&rsquo;\u00e9l\u00e9gance minimaliste et de forme g\u00e9om\u00e9trique. Sa base conique unique conf\u00e8re \u00e0 la pi\u00e8ce un caract\u00e8re sculptural qui met en valeur son design moderne. L&rsquo;ensemble de la chaise, de l&rsquo;assise \u00e0 la base, est recouvert de tissu, cr\u00e9ant un ensemble coh\u00e9rent et harmonieux, parfait pour les int\u00e9rieurs contemporains.<\/p>\n<p>Le dossier et l&rsquo;assise ergonomiques assurent un confort d&rsquo;utilisation, faisant de la chaise un choix id\u00e9al pour les salles \u00e0 manger et les salons. Disponible en deux finitions \u2013 velours et boucl\u00e9 \u2013 il s\u2019adapte \u00e0 tous les styles d\u2019int\u00e9rieur.<\/p>\n","protected":false},"featured_media":7293,"template":"","meta":[],"product_brand":[],"product_cat":[942,933],"product_tag":[],"class_list":{"0":"post-7292","1":"product","2":"type-product","3":"status-publish","4":"has-post-thumbnail","6":"product_cat-chaises","7":"product_cat-collection-essenza","8":"product_shipping_class-livraison-gratuite","10":"first","11":"instock","12":"taxable","13":"shipping-taxable","14":"purchasable","15":"product-type-variable","16":"has-default-attributes","17":"wvs-archive-product-wrapper"},"yoast_head":"<!-- This site is optimized with the Yoast SEO Premium plugin v26.8 (Yoast SEO v26.8) - https:\/\/yoast.com\/product\/yoast-seo-premium-wordpress\/ -->\n<title>Chaise Essenza - AlloraLiving.com<\/title>\n<meta name=\"robots\" content=\"index, follow, max-snippet:-1, max-image-preview:large, max-video-preview:-1\" \/>\n<link rel=\"canonical\" href=\"https:\/\/alloraliving.com\/fr\/chaise-essenza\/\" \/>\n<meta property=\"og:locale\" content=\"fr_FR\" \/>\n<meta property=\"og:type\" content=\"article\" \/>\n<meta property=\"og:title\" content=\"Chaise Essenza\" \/>\n<meta property=\"og:description\" content=\"La chaise de la collection ESSENZA est une combinaison d&#039;\u00e9l\u00e9gance minimaliste et de forme g\u00e9om\u00e9trique. Sa base conique unique conf\u00e8re \u00e0 la pi\u00e8ce un caract\u00e8re sculptural qui met en valeur son design moderne. L&#039;ensemble de la chaise, de l&#039;assise \u00e0 la base, est recouvert de tissu, cr\u00e9ant un ensemble coh\u00e9rent et harmonieux, parfait pour les int\u00e9rieurs contemporains.  Le dossier et l&#039;assise ergonomiques assurent un confort d&#039;utilisation, faisant de la chaise un choix id\u00e9al pour les salles \u00e0 manger et les salons. Disponible en deux finitions \u2013 velours et boucl\u00e9 \u2013 il s\u2019adapte \u00e0 tous les styles d\u2019int\u00e9rieur.\" \/>\n<meta property=\"og:url\" content=\"https:\/\/alloraliving.com\/fr\/chaise-essenza\/\" \/>\n<meta property=\"og:site_name\" content=\"AlloraLiving.com\" \/>\n<meta property=\"article:modified_time\" content=\"2025-02-18T07:36:52+00:00\" \/>\n<meta property=\"og:image\" content=\"https:\/\/alloraliving.com\/wp-content\/uploads\/13-krzeslo-essenza-boucle-sand-cream.jpg\" \/>\n\t<meta property=\"og:image:width\" content=\"1600\" \/>\n\t<meta property=\"og:image:height\" content=\"1200\" \/>\n\t<meta property=\"og:image:type\" content=\"image\/jpeg\" \/>\n<meta name=\"twitter:card\" content=\"summary_large_image\" \/>\n<meta name=\"twitter:label1\" content=\"Disponibilit\u00e9\" \/>\n\t<meta name=\"twitter:data1\" content=\"En stock\" \/>\n<script type=\"application\/ld+json\" class=\"yoast-schema-graph\">{\"@context\":\"https:\/\/schema.org\",\"@graph\":[{\"@type\":[\"WebPage\",\"ItemPage\"],\"@id\":\"https:\/\/alloraliving.com\/fr\/chaise-essenza\/\",\"url\":\"https:\/\/alloraliving.com\/fr\/chaise-essenza\/\",\"name\":\"Chaise Essenza - AlloraLiving.com\",\"isPartOf\":{\"@id\":\"https:\/\/alloraliving.com\/fr\/#website\"},\"primaryImageOfPage\":{\"@id\":\"https:\/\/alloraliving.com\/fr\/chaise-essenza\/#primaryimage\"},\"image\":{\"@id\":\"https:\/\/alloraliving.com\/fr\/chaise-essenza\/#primaryimage\"},\"thumbnailUrl\":\"https:\/\/alloraliving.com\/wp-content\/uploads\/13-krzeslo-essenza-boucle-sand-cream.jpg\",\"datePublished\":\"2024-05-06T13:06:56+00:00\",\"dateModified\":\"2025-02-18T07:36:52+00:00\",\"breadcrumb\":{\"@id\":\"https:\/\/alloraliving.com\/fr\/chaise-essenza\/#breadcrumb\"},\"inLanguage\":\"fr-FR\",\"potentialAction\":[{\"@type\":\"ReadAction\",\"target\":[\"https:\/\/alloraliving.com\/fr\/chaise-essenza\/\"]}]},{\"@type\":\"ImageObject\",\"inLanguage\":\"fr-FR\",\"@id\":\"https:\/\/alloraliving.com\/fr\/chaise-essenza\/#primaryimage\",\"url\":\"https:\/\/alloraliving.com\/wp-content\/uploads\/13-krzeslo-essenza-boucle-sand-cream.jpg\",\"contentUrl\":\"https:\/\/alloraliving.com\/wp-content\/uploads\/13-krzeslo-essenza-boucle-sand-cream.jpg\",\"width\":1600,\"height\":1200},{\"@type\":\"BreadcrumbList\",\"@id\":\"https:\/\/alloraliving.com\/fr\/chaise-essenza\/#breadcrumb\",\"itemListElement\":[{\"@type\":\"ListItem\",\"position\":1,\"name\":\"Strona g\u0142\u00f3wna\",\"item\":\"https:\/\/alloraliving.com\/fr\/\"},{\"@type\":\"ListItem\",\"position\":2,\"name\":\"Boutique\",\"item\":\"https:\/\/alloraliving.com\/fr\/?page_id=6496\"},{\"@type\":\"ListItem\",\"position\":3,\"name\":\"Chaise Essenza\"}]},{\"@type\":\"WebSite\",\"@id\":\"https:\/\/alloraliving.com\/fr\/#website\",\"url\":\"https:\/\/alloraliving.com\/fr\/\",\"name\":\"AlloraLiving.com\",\"description\":\"\",\"potentialAction\":[{\"@type\":\"SearchAction\",\"target\":{\"@type\":\"EntryPoint\",\"urlTemplate\":\"https:\/\/alloraliving.com\/fr\/?s={search_term_string}\"},\"query-input\":{\"@type\":\"PropertyValueSpecification\",\"valueRequired\":true,\"valueName\":\"search_term_string\"}}],\"inLanguage\":\"fr-FR\"}]}<\/script>\n<meta property=\"og:availability\" content=\"instock\" \/>\n<meta property=\"product:availability\" content=\"instock\" \/>\n<meta property=\"product:condition\" content=\"new\" \/>\n<!-- \/ Yoast SEO Premium plugin. -->","yoast_head_json":{"title":"Chaise Essenza - AlloraLiving.com","robots":{"index":"index","follow":"follow","max-snippet":"max-snippet:-1","max-image-preview":"max-image-preview:large","max-video-preview":"max-video-preview:-1"},"canonical":"https:\/\/alloraliving.com\/fr\/chaise-essenza\/","og_locale":"fr_FR","og_type":"article","og_title":"Chaise Essenza","og_description":"La chaise de la collection ESSENZA est une combinaison d'\u00e9l\u00e9gance minimaliste et de forme g\u00e9om\u00e9trique. Sa base conique unique conf\u00e8re \u00e0 la pi\u00e8ce un caract\u00e8re sculptural qui met en valeur son design moderne. L'ensemble de la chaise, de l'assise \u00e0 la base, est recouvert de tissu, cr\u00e9ant un ensemble coh\u00e9rent et harmonieux, parfait pour les int\u00e9rieurs contemporains.  Le dossier et l'assise ergonomiques assurent un confort d'utilisation, faisant de la chaise un choix id\u00e9al pour les salles \u00e0 manger et les salons. Disponible en deux finitions \u2013 velours et boucl\u00e9 \u2013 il s\u2019adapte \u00e0 tous les styles d\u2019int\u00e9rieur.","og_url":"https:\/\/alloraliving.com\/fr\/chaise-essenza\/","og_site_name":"AlloraLiving.com","article_modified_time":"2025-02-18T07:36:52+00:00","og_image":[{"width":1600,"height":1200,"url":"https:\/\/alloraliving.com\/wp-content\/uploads\/13-krzeslo-essenza-boucle-sand-cream.jpg","type":"image\/jpeg"}],"twitter_card":"summary_large_image","twitter_misc":{"Disponibilit\u00e9":"En stock"},"schema":{"@context":"https:\/\/schema.org","@graph":[{"@type":["WebPage","ItemPage"],"@id":"https:\/\/alloraliving.com\/fr\/chaise-essenza\/","url":"https:\/\/alloraliving.com\/fr\/chaise-essenza\/","name":"Chaise Essenza - AlloraLiving.com","isPartOf":{"@id":"https:\/\/alloraliving.com\/fr\/#website"},"primaryImageOfPage":{"@id":"https:\/\/alloraliving.com\/fr\/chaise-essenza\/#primaryimage"},"image":{"@id":"https:\/\/alloraliving.com\/fr\/chaise-essenza\/#primaryimage"},"thumbnailUrl":"https:\/\/alloraliving.com\/wp-content\/uploads\/13-krzeslo-essenza-boucle-sand-cream.jpg","datePublished":"2024-05-06T13:06:56+00:00","dateModified":"2025-02-18T07:36:52+00:00","breadcrumb":{"@id":"https:\/\/alloraliving.com\/fr\/chaise-essenza\/#breadcrumb"},"inLanguage":"fr-FR","potentialAction":[{"@type":"ReadAction","target":["https:\/\/alloraliving.com\/fr\/chaise-essenza\/"]}]},{"@type":"ImageObject","inLanguage":"fr-FR","@id":"https:\/\/alloraliving.com\/fr\/chaise-essenza\/#primaryimage","url":"https:\/\/alloraliving.com\/wp-content\/uploads\/13-krzeslo-essenza-boucle-sand-cream.jpg","contentUrl":"https:\/\/alloraliving.com\/wp-content\/uploads\/13-krzeslo-essenza-boucle-sand-cream.jpg","width":1600,"height":1200},{"@type":"BreadcrumbList","@id":"https:\/\/alloraliving.com\/fr\/chaise-essenza\/#breadcrumb","itemListElement":[{"@type":"ListItem","position":1,"name":"Strona g\u0142\u00f3wna","item":"https:\/\/alloraliving.com\/fr\/"},{"@type":"ListItem","position":2,"name":"Boutique","item":"https:\/\/alloraliving.com\/fr\/?page_id=6496"},{"@type":"ListItem","position":3,"name":"Chaise Essenza"}]},{"@type":"WebSite","@id":"https:\/\/alloraliving.com\/fr\/#website","url":"https:\/\/alloraliving.com\/fr\/","name":"AlloraLiving.com","description":"","potentialAction":[{"@type":"SearchAction","target":{"@type":"EntryPoint","urlTemplate":"https:\/\/alloraliving.com\/fr\/?s={search_term_string}"},"query-input":{"@type":"PropertyValueSpecification","valueRequired":true,"valueName":"search_term_string"}}],"inLanguage":"fr-FR"}]},"og_availability":"instock","product_availability":"instock","product_condition":"new"},"_links":{"self":[{"href":"https:\/\/alloraliving.com\/fr\/wp-json\/wp\/v2\/product\/7292","targetHints":{"allow":["GET"]}}],"collection":[{"href":"https:\/\/alloraliving.com\/fr\/wp-json\/wp\/v2\/product"}],"about":[{"href":"https:\/\/alloraliving.com\/fr\/wp-json\/wp\/v2\/types\/product"}],"wp:featuredmedia":[{"embeddable":true,"href":"https:\/\/alloraliving.com\/fr\/wp-json\/wp\/v2\/media\/7293"}],"wp:attachment":[{"href":"https:\/\/alloraliving.com\/fr\/wp-json\/wp\/v2\/media?parent=7292"}],"wp:term":[{"taxonomy":"product_brand","embeddable":true,"href":"https:\/\/alloraliving.com\/fr\/wp-json\/wp\/v2\/product_brand?post=7292"},{"taxonomy":"product_cat","embeddable":true,"href":"https:\/\/alloraliving.com\/fr\/wp-json\/wp\/v2\/product_cat?post=7292"},{"taxonomy":"product_tag","embeddable":true,"href":"https:\/\/alloraliving.com\/fr\/wp-json\/wp\/v2\/product_tag?post=7292"}],"curies":[{"name":"wp","href":"https:\/\/api.w.org\/{rel}","templated":true}]}}