{"id":7317,"date":"2024-12-18T13:02:55","date_gmt":"2024-12-18T12:02:55","guid":{"rendered":"https:\/\/alloraliving.com\/lot-de-2-chaises-essenza\/"},"modified":"2025-02-18T08:36:42","modified_gmt":"2025-02-18T07:36:42","slug":"lot-de-2-chaises-essenza","status":"publish","type":"product","link":"https:\/\/alloraliving.com\/fr\/lot-de-2-chaises-essenza\/","title":{"rendered":"Lot de 2 chaises Essenza"},"content":{"rendered":"","protected":false},"excerpt":{"rendered":"<p>Deux chaises de la collection ESSENZA sont une proposition pour ceux qui souhaitent introduire harmonie et simplicit\u00e9 moderne dans leur salle \u00e0 manger ou coin caf\u00e9. L&rsquo;ensemble permet de cr\u00e9er un ensemble coh\u00e9rent dans lequel la forme g\u00e9om\u00e9trique et la silhouette uniforme des chaises cr\u00e9ent une atmosph\u00e8re de confort et de sophistication. <\/p>\n<p>Les bases coniques et le rembourrage complet leur conf\u00e8rent un caract\u00e8re sculptural mais l\u00e9ger.<\/p>\n","protected":false},"featured_media":7318,"template":"","meta":[],"product_brand":[],"product_cat":[942,933],"product_tag":[],"class_list":{"0":"post-7317","1":"product","2":"type-product","3":"status-publish","4":"has-post-thumbnail","6":"product_cat-chaises","7":"product_cat-collection-essenza","8":"product_shipping_class-livraison-gratuite","10":"first","11":"instock","12":"taxable","13":"shipping-taxable","14":"purchasable","15":"product-type-variable","16":"has-default-attributes","17":"wvs-archive-product-wrapper"},"yoast_head":"<!-- This site is optimized with the Yoast SEO Premium plugin v26.8 (Yoast SEO v26.8) - https:\/\/yoast.com\/product\/yoast-seo-premium-wordpress\/ -->\n<title>Lot de 2 chaises Essenza - AlloraLiving.com<\/title>\n<meta name=\"robots\" content=\"index, follow, max-snippet:-1, max-image-preview:large, max-video-preview:-1\" \/>\n<link rel=\"canonical\" href=\"https:\/\/alloraliving.com\/fr\/lot-de-2-chaises-essenza\/\" \/>\n<meta property=\"og:locale\" content=\"fr_FR\" \/>\n<meta property=\"og:type\" content=\"article\" \/>\n<meta property=\"og:title\" content=\"Lot de 2 chaises Essenza\" \/>\n<meta property=\"og:description\" content=\"Deux chaises de la collection ESSENZA sont une proposition pour ceux qui souhaitent introduire harmonie et simplicit\u00e9 moderne dans leur salle \u00e0 manger ou coin caf\u00e9. L&#039;ensemble permet de cr\u00e9er un ensemble coh\u00e9rent dans lequel la forme g\u00e9om\u00e9trique et la silhouette uniforme des chaises cr\u00e9ent une atmosph\u00e8re de confort et de sophistication.   Les bases coniques et le rembourrage complet leur conf\u00e8rent un caract\u00e8re sculptural mais l\u00e9ger.\" \/>\n<meta property=\"og:url\" content=\"https:\/\/alloraliving.com\/fr\/lot-de-2-chaises-essenza\/\" \/>\n<meta property=\"og:site_name\" content=\"AlloraLiving.com\" \/>\n<meta property=\"article:modified_time\" content=\"2025-02-18T07:36:42+00:00\" \/>\n<meta property=\"og:image\" content=\"https:\/\/alloraliving.com\/wp-content\/uploads\/5-zestaw-2-krzesla-essenza-boucle-sand-cream.jpg\" \/>\n\t<meta property=\"og:image:width\" content=\"1600\" \/>\n\t<meta property=\"og:image:height\" content=\"1200\" \/>\n\t<meta property=\"og:image:type\" content=\"image\/jpeg\" \/>\n<meta name=\"twitter:card\" content=\"summary_large_image\" \/>\n<meta name=\"twitter:label1\" content=\"Disponibilit\u00e9\" \/>\n\t<meta name=\"twitter:data1\" content=\"En stock\" \/>\n<script type=\"application\/ld+json\" class=\"yoast-schema-graph\">{\"@context\":\"https:\/\/schema.org\",\"@graph\":[{\"@type\":[\"WebPage\",\"ItemPage\"],\"@id\":\"https:\/\/alloraliving.com\/fr\/lot-de-2-chaises-essenza\/\",\"url\":\"https:\/\/alloraliving.com\/fr\/lot-de-2-chaises-essenza\/\",\"name\":\"Lot de 2 chaises Essenza - AlloraLiving.com\",\"isPartOf\":{\"@id\":\"https:\/\/alloraliving.com\/fr\/#website\"},\"primaryImageOfPage\":{\"@id\":\"https:\/\/alloraliving.com\/fr\/lot-de-2-chaises-essenza\/#primaryimage\"},\"image\":{\"@id\":\"https:\/\/alloraliving.com\/fr\/lot-de-2-chaises-essenza\/#primaryimage\"},\"thumbnailUrl\":\"https:\/\/alloraliving.com\/wp-content\/uploads\/5-zestaw-2-krzesla-essenza-boucle-sand-cream.jpg\",\"datePublished\":\"2024-12-18T12:02:55+00:00\",\"dateModified\":\"2025-02-18T07:36:42+00:00\",\"breadcrumb\":{\"@id\":\"https:\/\/alloraliving.com\/fr\/lot-de-2-chaises-essenza\/#breadcrumb\"},\"inLanguage\":\"fr-FR\",\"potentialAction\":[{\"@type\":\"ReadAction\",\"target\":[\"https:\/\/alloraliving.com\/fr\/lot-de-2-chaises-essenza\/\"]}]},{\"@type\":\"ImageObject\",\"inLanguage\":\"fr-FR\",\"@id\":\"https:\/\/alloraliving.com\/fr\/lot-de-2-chaises-essenza\/#primaryimage\",\"url\":\"https:\/\/alloraliving.com\/wp-content\/uploads\/5-zestaw-2-krzesla-essenza-boucle-sand-cream.jpg\",\"contentUrl\":\"https:\/\/alloraliving.com\/wp-content\/uploads\/5-zestaw-2-krzesla-essenza-boucle-sand-cream.jpg\",\"width\":1600,\"height\":1200},{\"@type\":\"BreadcrumbList\",\"@id\":\"https:\/\/alloraliving.com\/fr\/lot-de-2-chaises-essenza\/#breadcrumb\",\"itemListElement\":[{\"@type\":\"ListItem\",\"position\":1,\"name\":\"Strona g\u0142\u00f3wna\",\"item\":\"https:\/\/alloraliving.com\/fr\/\"},{\"@type\":\"ListItem\",\"position\":2,\"name\":\"Boutique\",\"item\":\"https:\/\/alloraliving.com\/fr\/?page_id=6496\"},{\"@type\":\"ListItem\",\"position\":3,\"name\":\"Lot de 2 chaises Essenza\"}]},{\"@type\":\"WebSite\",\"@id\":\"https:\/\/alloraliving.com\/fr\/#website\",\"url\":\"https:\/\/alloraliving.com\/fr\/\",\"name\":\"AlloraLiving.com\",\"description\":\"\",\"potentialAction\":[{\"@type\":\"SearchAction\",\"target\":{\"@type\":\"EntryPoint\",\"urlTemplate\":\"https:\/\/alloraliving.com\/fr\/?s={search_term_string}\"},\"query-input\":{\"@type\":\"PropertyValueSpecification\",\"valueRequired\":true,\"valueName\":\"search_term_string\"}}],\"inLanguage\":\"fr-FR\"}]}<\/script>\n<meta property=\"og:availability\" content=\"instock\" \/>\n<meta property=\"product:availability\" content=\"instock\" \/>\n<meta property=\"product:condition\" content=\"new\" \/>\n<!-- \/ Yoast SEO Premium plugin. -->","yoast_head_json":{"title":"Lot de 2 chaises Essenza - AlloraLiving.com","robots":{"index":"index","follow":"follow","max-snippet":"max-snippet:-1","max-image-preview":"max-image-preview:large","max-video-preview":"max-video-preview:-1"},"canonical":"https:\/\/alloraliving.com\/fr\/lot-de-2-chaises-essenza\/","og_locale":"fr_FR","og_type":"article","og_title":"Lot de 2 chaises Essenza","og_description":"Deux chaises de la collection ESSENZA sont une proposition pour ceux qui souhaitent introduire harmonie et simplicit\u00e9 moderne dans leur salle \u00e0 manger ou coin caf\u00e9. L'ensemble permet de cr\u00e9er un ensemble coh\u00e9rent dans lequel la forme g\u00e9om\u00e9trique et la silhouette uniforme des chaises cr\u00e9ent une atmosph\u00e8re de confort et de sophistication.   Les bases coniques et le rembourrage complet leur conf\u00e8rent un caract\u00e8re sculptural mais l\u00e9ger.","og_url":"https:\/\/alloraliving.com\/fr\/lot-de-2-chaises-essenza\/","og_site_name":"AlloraLiving.com","article_modified_time":"2025-02-18T07:36:42+00:00","og_image":[{"width":1600,"height":1200,"url":"https:\/\/alloraliving.com\/wp-content\/uploads\/5-zestaw-2-krzesla-essenza-boucle-sand-cream.jpg","type":"image\/jpeg"}],"twitter_card":"summary_large_image","twitter_misc":{"Disponibilit\u00e9":"En stock"},"schema":{"@context":"https:\/\/schema.org","@graph":[{"@type":["WebPage","ItemPage"],"@id":"https:\/\/alloraliving.com\/fr\/lot-de-2-chaises-essenza\/","url":"https:\/\/alloraliving.com\/fr\/lot-de-2-chaises-essenza\/","name":"Lot de 2 chaises Essenza - AlloraLiving.com","isPartOf":{"@id":"https:\/\/alloraliving.com\/fr\/#website"},"primaryImageOfPage":{"@id":"https:\/\/alloraliving.com\/fr\/lot-de-2-chaises-essenza\/#primaryimage"},"image":{"@id":"https:\/\/alloraliving.com\/fr\/lot-de-2-chaises-essenza\/#primaryimage"},"thumbnailUrl":"https:\/\/alloraliving.com\/wp-content\/uploads\/5-zestaw-2-krzesla-essenza-boucle-sand-cream.jpg","datePublished":"2024-12-18T12:02:55+00:00","dateModified":"2025-02-18T07:36:42+00:00","breadcrumb":{"@id":"https:\/\/alloraliving.com\/fr\/lot-de-2-chaises-essenza\/#breadcrumb"},"inLanguage":"fr-FR","potentialAction":[{"@type":"ReadAction","target":["https:\/\/alloraliving.com\/fr\/lot-de-2-chaises-essenza\/"]}]},{"@type":"ImageObject","inLanguage":"fr-FR","@id":"https:\/\/alloraliving.com\/fr\/lot-de-2-chaises-essenza\/#primaryimage","url":"https:\/\/alloraliving.com\/wp-content\/uploads\/5-zestaw-2-krzesla-essenza-boucle-sand-cream.jpg","contentUrl":"https:\/\/alloraliving.com\/wp-content\/uploads\/5-zestaw-2-krzesla-essenza-boucle-sand-cream.jpg","width":1600,"height":1200},{"@type":"BreadcrumbList","@id":"https:\/\/alloraliving.com\/fr\/lot-de-2-chaises-essenza\/#breadcrumb","itemListElement":[{"@type":"ListItem","position":1,"name":"Strona g\u0142\u00f3wna","item":"https:\/\/alloraliving.com\/fr\/"},{"@type":"ListItem","position":2,"name":"Boutique","item":"https:\/\/alloraliving.com\/fr\/?page_id=6496"},{"@type":"ListItem","position":3,"name":"Lot de 2 chaises Essenza"}]},{"@type":"WebSite","@id":"https:\/\/alloraliving.com\/fr\/#website","url":"https:\/\/alloraliving.com\/fr\/","name":"AlloraLiving.com","description":"","potentialAction":[{"@type":"SearchAction","target":{"@type":"EntryPoint","urlTemplate":"https:\/\/alloraliving.com\/fr\/?s={search_term_string}"},"query-input":{"@type":"PropertyValueSpecification","valueRequired":true,"valueName":"search_term_string"}}],"inLanguage":"fr-FR"}]},"og_availability":"instock","product_availability":"instock","product_condition":"new"},"_links":{"self":[{"href":"https:\/\/alloraliving.com\/fr\/wp-json\/wp\/v2\/product\/7317","targetHints":{"allow":["GET"]}}],"collection":[{"href":"https:\/\/alloraliving.com\/fr\/wp-json\/wp\/v2\/product"}],"about":[{"href":"https:\/\/alloraliving.com\/fr\/wp-json\/wp\/v2\/types\/product"}],"wp:featuredmedia":[{"embeddable":true,"href":"https:\/\/alloraliving.com\/fr\/wp-json\/wp\/v2\/media\/7318"}],"wp:attachment":[{"href":"https:\/\/alloraliving.com\/fr\/wp-json\/wp\/v2\/media?parent=7317"}],"wp:term":[{"taxonomy":"product_brand","embeddable":true,"href":"https:\/\/alloraliving.com\/fr\/wp-json\/wp\/v2\/product_brand?post=7317"},{"taxonomy":"product_cat","embeddable":true,"href":"https:\/\/alloraliving.com\/fr\/wp-json\/wp\/v2\/product_cat?post=7317"},{"taxonomy":"product_tag","embeddable":true,"href":"https:\/\/alloraliving.com\/fr\/wp-json\/wp\/v2\/product_tag?post=7317"}],"curies":[{"name":"wp","href":"https:\/\/api.w.org\/{rel}","templated":true}]}}