{"id":7328,"date":"2024-12-18T12:53:24","date_gmt":"2024-12-18T11:53:24","guid":{"rendered":"https:\/\/alloraliving.com\/pouf-essenza-avec-fonction-de-rangement\/"},"modified":"2025-02-18T08:36:45","modified_gmt":"2025-02-18T07:36:45","slug":"pouf-essenza-avec-fonction-de-rangement","status":"publish","type":"product","link":"https:\/\/alloraliving.com\/fr\/pouf-essenza-avec-fonction-de-rangement\/","title":{"rendered":"Pouf Essenza avec fonction de rangement"},"content":{"rendered":"","protected":false},"excerpt":{"rendered":"<p>Le pouf ESSENZA avec fonction de rangement est non seulement un \u00e9l\u00e9ment d&rsquo;int\u00e9rieur \u00e9l\u00e9gant mais aussi pratique. Sa base conique allie \u00e9l\u00e9gance et fonctionnalit\u00e9, et le rev\u00eatement qui s&rsquo;\u00e9tend sur toute la forme fait que le pouf introduit un caract\u00e8re moderne et coh\u00e9rent dans l&rsquo;int\u00e9rieur. Un espace de rangement suppl\u00e9mentaire \u00e0 l&rsquo;int\u00e9rieur en fait un meuble pr\u00e9cieux pour ranger de petits objets.  <\/p>\n<p>Parfait pour les petits espaces o\u00f9 la fonctionnalit\u00e9 compte.<\/p>\n","protected":false},"featured_media":7329,"template":"","meta":[],"product_brand":[],"product_cat":[933,945],"product_tag":[],"class_list":{"0":"post-7328","1":"product","2":"type-product","3":"status-publish","4":"has-post-thumbnail","6":"product_cat-collection-essenza","7":"product_cat-poufs-fr","8":"product_shipping_class-livraison-gratuite","10":"first","11":"instock","12":"taxable","13":"shipping-taxable","14":"purchasable","15":"product-type-variable","16":"has-default-attributes","17":"wvs-archive-product-wrapper"},"yoast_head":"<!-- This site is optimized with the Yoast SEO Premium plugin v26.8 (Yoast SEO v26.8) - https:\/\/yoast.com\/product\/yoast-seo-premium-wordpress\/ -->\n<title>Pouf Essenza avec fonction de rangement - AlloraLiving.com<\/title>\n<meta name=\"robots\" content=\"index, follow, max-snippet:-1, max-image-preview:large, max-video-preview:-1\" \/>\n<link rel=\"canonical\" href=\"https:\/\/alloraliving.com\/fr\/pouf-essenza-avec-fonction-de-rangement\/\" \/>\n<meta property=\"og:locale\" content=\"fr_FR\" \/>\n<meta property=\"og:type\" content=\"article\" \/>\n<meta property=\"og:title\" content=\"Pouf Essenza avec fonction de rangement\" \/>\n<meta property=\"og:description\" content=\"Le pouf ESSENZA avec fonction de rangement est non seulement un \u00e9l\u00e9ment d&#039;int\u00e9rieur \u00e9l\u00e9gant mais aussi pratique. Sa base conique allie \u00e9l\u00e9gance et fonctionnalit\u00e9, et le rev\u00eatement qui s&#039;\u00e9tend sur toute la forme fait que le pouf introduit un caract\u00e8re moderne et coh\u00e9rent dans l&#039;int\u00e9rieur. Un espace de rangement suppl\u00e9mentaire \u00e0 l&#039;int\u00e9rieur en fait un meuble pr\u00e9cieux pour ranger de petits objets.   Parfait pour les petits espaces o\u00f9 la fonctionnalit\u00e9 compte.\" \/>\n<meta property=\"og:url\" content=\"https:\/\/alloraliving.com\/fr\/pouf-essenza-avec-fonction-de-rangement\/\" \/>\n<meta property=\"og:site_name\" content=\"AlloraLiving.com\" \/>\n<meta property=\"article:modified_time\" content=\"2025-02-18T07:36:45+00:00\" \/>\n<meta property=\"og:image\" content=\"https:\/\/alloraliving.com\/wp-content\/uploads\/3-pufa-ze-schowkiem-essenza-boucle-sand-cream.jpg\" \/>\n\t<meta property=\"og:image:width\" content=\"1600\" \/>\n\t<meta property=\"og:image:height\" content=\"1200\" \/>\n\t<meta property=\"og:image:type\" content=\"image\/jpeg\" \/>\n<meta name=\"twitter:card\" content=\"summary_large_image\" \/>\n<meta name=\"twitter:label1\" content=\"Disponibilit\u00e9\" \/>\n\t<meta name=\"twitter:data1\" content=\"En stock\" \/>\n<script type=\"application\/ld+json\" class=\"yoast-schema-graph\">{\"@context\":\"https:\/\/schema.org\",\"@graph\":[{\"@type\":[\"WebPage\",\"ItemPage\"],\"@id\":\"https:\/\/alloraliving.com\/fr\/pouf-essenza-avec-fonction-de-rangement\/\",\"url\":\"https:\/\/alloraliving.com\/fr\/pouf-essenza-avec-fonction-de-rangement\/\",\"name\":\"Pouf Essenza avec fonction de rangement - AlloraLiving.com\",\"isPartOf\":{\"@id\":\"https:\/\/alloraliving.com\/fr\/#website\"},\"primaryImageOfPage\":{\"@id\":\"https:\/\/alloraliving.com\/fr\/pouf-essenza-avec-fonction-de-rangement\/#primaryimage\"},\"image\":{\"@id\":\"https:\/\/alloraliving.com\/fr\/pouf-essenza-avec-fonction-de-rangement\/#primaryimage\"},\"thumbnailUrl\":\"https:\/\/alloraliving.com\/wp-content\/uploads\/3-pufa-ze-schowkiem-essenza-boucle-sand-cream.jpg\",\"datePublished\":\"2024-12-18T11:53:24+00:00\",\"dateModified\":\"2025-02-18T07:36:45+00:00\",\"breadcrumb\":{\"@id\":\"https:\/\/alloraliving.com\/fr\/pouf-essenza-avec-fonction-de-rangement\/#breadcrumb\"},\"inLanguage\":\"fr-FR\",\"potentialAction\":[{\"@type\":\"ReadAction\",\"target\":[\"https:\/\/alloraliving.com\/fr\/pouf-essenza-avec-fonction-de-rangement\/\"]}]},{\"@type\":\"ImageObject\",\"inLanguage\":\"fr-FR\",\"@id\":\"https:\/\/alloraliving.com\/fr\/pouf-essenza-avec-fonction-de-rangement\/#primaryimage\",\"url\":\"https:\/\/alloraliving.com\/wp-content\/uploads\/3-pufa-ze-schowkiem-essenza-boucle-sand-cream.jpg\",\"contentUrl\":\"https:\/\/alloraliving.com\/wp-content\/uploads\/3-pufa-ze-schowkiem-essenza-boucle-sand-cream.jpg\",\"width\":1600,\"height\":1200},{\"@type\":\"BreadcrumbList\",\"@id\":\"https:\/\/alloraliving.com\/fr\/pouf-essenza-avec-fonction-de-rangement\/#breadcrumb\",\"itemListElement\":[{\"@type\":\"ListItem\",\"position\":1,\"name\":\"Strona g\u0142\u00f3wna\",\"item\":\"https:\/\/alloraliving.com\/fr\/\"},{\"@type\":\"ListItem\",\"position\":2,\"name\":\"Boutique\",\"item\":\"https:\/\/alloraliving.com\/fr\/?page_id=6496\"},{\"@type\":\"ListItem\",\"position\":3,\"name\":\"Pouf Essenza avec fonction de rangement\"}]},{\"@type\":\"WebSite\",\"@id\":\"https:\/\/alloraliving.com\/fr\/#website\",\"url\":\"https:\/\/alloraliving.com\/fr\/\",\"name\":\"AlloraLiving.com\",\"description\":\"\",\"potentialAction\":[{\"@type\":\"SearchAction\",\"target\":{\"@type\":\"EntryPoint\",\"urlTemplate\":\"https:\/\/alloraliving.com\/fr\/?s={search_term_string}\"},\"query-input\":{\"@type\":\"PropertyValueSpecification\",\"valueRequired\":true,\"valueName\":\"search_term_string\"}}],\"inLanguage\":\"fr-FR\"}]}<\/script>\n<meta property=\"og:availability\" content=\"instock\" \/>\n<meta property=\"product:availability\" content=\"instock\" \/>\n<meta property=\"product:condition\" content=\"new\" \/>\n<!-- \/ Yoast SEO Premium plugin. -->","yoast_head_json":{"title":"Pouf Essenza avec fonction de rangement - AlloraLiving.com","robots":{"index":"index","follow":"follow","max-snippet":"max-snippet:-1","max-image-preview":"max-image-preview:large","max-video-preview":"max-video-preview:-1"},"canonical":"https:\/\/alloraliving.com\/fr\/pouf-essenza-avec-fonction-de-rangement\/","og_locale":"fr_FR","og_type":"article","og_title":"Pouf Essenza avec fonction de rangement","og_description":"Le pouf ESSENZA avec fonction de rangement est non seulement un \u00e9l\u00e9ment d'int\u00e9rieur \u00e9l\u00e9gant mais aussi pratique. Sa base conique allie \u00e9l\u00e9gance et fonctionnalit\u00e9, et le rev\u00eatement qui s'\u00e9tend sur toute la forme fait que le pouf introduit un caract\u00e8re moderne et coh\u00e9rent dans l'int\u00e9rieur. Un espace de rangement suppl\u00e9mentaire \u00e0 l'int\u00e9rieur en fait un meuble pr\u00e9cieux pour ranger de petits objets.   Parfait pour les petits espaces o\u00f9 la fonctionnalit\u00e9 compte.","og_url":"https:\/\/alloraliving.com\/fr\/pouf-essenza-avec-fonction-de-rangement\/","og_site_name":"AlloraLiving.com","article_modified_time":"2025-02-18T07:36:45+00:00","og_image":[{"width":1600,"height":1200,"url":"https:\/\/alloraliving.com\/wp-content\/uploads\/3-pufa-ze-schowkiem-essenza-boucle-sand-cream.jpg","type":"image\/jpeg"}],"twitter_card":"summary_large_image","twitter_misc":{"Disponibilit\u00e9":"En stock"},"schema":{"@context":"https:\/\/schema.org","@graph":[{"@type":["WebPage","ItemPage"],"@id":"https:\/\/alloraliving.com\/fr\/pouf-essenza-avec-fonction-de-rangement\/","url":"https:\/\/alloraliving.com\/fr\/pouf-essenza-avec-fonction-de-rangement\/","name":"Pouf Essenza avec fonction de rangement - AlloraLiving.com","isPartOf":{"@id":"https:\/\/alloraliving.com\/fr\/#website"},"primaryImageOfPage":{"@id":"https:\/\/alloraliving.com\/fr\/pouf-essenza-avec-fonction-de-rangement\/#primaryimage"},"image":{"@id":"https:\/\/alloraliving.com\/fr\/pouf-essenza-avec-fonction-de-rangement\/#primaryimage"},"thumbnailUrl":"https:\/\/alloraliving.com\/wp-content\/uploads\/3-pufa-ze-schowkiem-essenza-boucle-sand-cream.jpg","datePublished":"2024-12-18T11:53:24+00:00","dateModified":"2025-02-18T07:36:45+00:00","breadcrumb":{"@id":"https:\/\/alloraliving.com\/fr\/pouf-essenza-avec-fonction-de-rangement\/#breadcrumb"},"inLanguage":"fr-FR","potentialAction":[{"@type":"ReadAction","target":["https:\/\/alloraliving.com\/fr\/pouf-essenza-avec-fonction-de-rangement\/"]}]},{"@type":"ImageObject","inLanguage":"fr-FR","@id":"https:\/\/alloraliving.com\/fr\/pouf-essenza-avec-fonction-de-rangement\/#primaryimage","url":"https:\/\/alloraliving.com\/wp-content\/uploads\/3-pufa-ze-schowkiem-essenza-boucle-sand-cream.jpg","contentUrl":"https:\/\/alloraliving.com\/wp-content\/uploads\/3-pufa-ze-schowkiem-essenza-boucle-sand-cream.jpg","width":1600,"height":1200},{"@type":"BreadcrumbList","@id":"https:\/\/alloraliving.com\/fr\/pouf-essenza-avec-fonction-de-rangement\/#breadcrumb","itemListElement":[{"@type":"ListItem","position":1,"name":"Strona g\u0142\u00f3wna","item":"https:\/\/alloraliving.com\/fr\/"},{"@type":"ListItem","position":2,"name":"Boutique","item":"https:\/\/alloraliving.com\/fr\/?page_id=6496"},{"@type":"ListItem","position":3,"name":"Pouf Essenza avec fonction de rangement"}]},{"@type":"WebSite","@id":"https:\/\/alloraliving.com\/fr\/#website","url":"https:\/\/alloraliving.com\/fr\/","name":"AlloraLiving.com","description":"","potentialAction":[{"@type":"SearchAction","target":{"@type":"EntryPoint","urlTemplate":"https:\/\/alloraliving.com\/fr\/?s={search_term_string}"},"query-input":{"@type":"PropertyValueSpecification","valueRequired":true,"valueName":"search_term_string"}}],"inLanguage":"fr-FR"}]},"og_availability":"instock","product_availability":"instock","product_condition":"new"},"_links":{"self":[{"href":"https:\/\/alloraliving.com\/fr\/wp-json\/wp\/v2\/product\/7328","targetHints":{"allow":["GET"]}}],"collection":[{"href":"https:\/\/alloraliving.com\/fr\/wp-json\/wp\/v2\/product"}],"about":[{"href":"https:\/\/alloraliving.com\/fr\/wp-json\/wp\/v2\/types\/product"}],"wp:featuredmedia":[{"embeddable":true,"href":"https:\/\/alloraliving.com\/fr\/wp-json\/wp\/v2\/media\/7329"}],"wp:attachment":[{"href":"https:\/\/alloraliving.com\/fr\/wp-json\/wp\/v2\/media?parent=7328"}],"wp:term":[{"taxonomy":"product_brand","embeddable":true,"href":"https:\/\/alloraliving.com\/fr\/wp-json\/wp\/v2\/product_brand?post=7328"},{"taxonomy":"product_cat","embeddable":true,"href":"https:\/\/alloraliving.com\/fr\/wp-json\/wp\/v2\/product_cat?post=7328"},{"taxonomy":"product_tag","embeddable":true,"href":"https:\/\/alloraliving.com\/fr\/wp-json\/wp\/v2\/product_tag?post=7328"}],"curies":[{"name":"wp","href":"https:\/\/api.w.org\/{rel}","templated":true}]}}