{"id":7335,"date":"2025-02-03T08:29:18","date_gmt":"2025-02-03T07:29:18","guid":{"rendered":"https:\/\/alloraliving.com\/canape-5-places-incanto-a-droite\/"},"modified":"2025-02-11T08:41:37","modified_gmt":"2025-02-11T07:41:37","slug":"canape-5-places-incanto-a-droite","status":"publish","type":"product","link":"https:\/\/alloraliving.com\/fr\/canape-5-places-incanto-a-droite\/","title":{"rendered":"Canap\u00e9 5 places Incanto \u00e0 droite"},"content":{"rendered":"","protected":false},"excerpt":{"rendered":"<p>Le canap\u00e9 5 places de la collection INCANTO est une proposition pour ceux qui recherchent des solutions spacieuses mais \u00e9l\u00e9gantes. La disposition en U vous permet d&rsquo;utiliser pleinement l&rsquo;int\u00e9rieur, cr\u00e9ant un espace confortable. Les si\u00e8ges larges offrent du confort, tandis que le velours c\u00f4tel\u00e9 \u00e9pais ajoute de la texture et de la chaleur \u00e0 l&rsquo;int\u00e9rieur.  <\/p>\n<p>Con\u00e7u pour les grands espaces ouverts, ce canap\u00e9 devient le point central du salon. Sa simplicit\u00e9 et son \u00e9l\u00e9gance introduisent un charme unique \u00e0 l&rsquo;int\u00e9rieur, offrant confort et fonctionnalit\u00e9 au plus haut niveau. <\/p>\n","protected":false},"featured_media":7336,"template":"","meta":[],"product_brand":[],"product_cat":[946,947,935],"product_tag":[],"class_list":{"0":"post-7335","1":"product","2":"type-product","3":"status-publish","4":"has-post-thumbnail","6":"product_cat-canapes","7":"product_cat-canapes-modulaires","8":"product_cat-collection-incanto","9":"product_shipping_class-livraison-gratuite","11":"first","12":"instock","13":"taxable","14":"shipping-taxable","15":"purchasable","16":"product-type-variable","17":"has-default-attributes","18":"wvs-archive-product-wrapper"},"yoast_head":"<!-- This site is optimized with the Yoast SEO Premium plugin v26.8 (Yoast SEO v26.8) - https:\/\/yoast.com\/product\/yoast-seo-premium-wordpress\/ -->\n<title>Canap\u00e9 5 places Incanto \u00e0 droite - AlloraLiving.com<\/title>\n<meta name=\"robots\" content=\"index, follow, max-snippet:-1, max-image-preview:large, max-video-preview:-1\" \/>\n<link rel=\"canonical\" href=\"https:\/\/alloraliving.com\/fr\/canape-5-places-incanto-a-droite\/\" \/>\n<meta property=\"og:locale\" content=\"fr_FR\" \/>\n<meta property=\"og:type\" content=\"article\" \/>\n<meta property=\"og:title\" content=\"Canap\u00e9 5 places Incanto \u00e0 droite\" \/>\n<meta property=\"og:description\" content=\"Le canap\u00e9 5 places de la collection INCANTO est une proposition pour ceux qui recherchent des solutions spacieuses mais \u00e9l\u00e9gantes. La disposition en U vous permet d&#039;utiliser pleinement l&#039;int\u00e9rieur, cr\u00e9ant un espace confortable. Les si\u00e8ges larges offrent du confort, tandis que le velours c\u00f4tel\u00e9 \u00e9pais ajoute de la texture et de la chaleur \u00e0 l&#039;int\u00e9rieur.  Con\u00e7u pour les grands espaces ouverts, ce canap\u00e9 devient le point central du salon. Sa simplicit\u00e9 et son \u00e9l\u00e9gance introduisent un charme unique \u00e0 l&#039;int\u00e9rieur, offrant confort et fonctionnalit\u00e9 au plus haut niveau.\" \/>\n<meta property=\"og:url\" content=\"https:\/\/alloraliving.com\/fr\/canape-5-places-incanto-a-droite\/\" \/>\n<meta property=\"og:site_name\" content=\"AlloraLiving.com\" \/>\n<meta property=\"article:modified_time\" content=\"2025-02-11T07:41:37+00:00\" \/>\n<meta property=\"og:image\" content=\"https:\/\/alloraliving.com\/wp-content\/uploads\/1-nowoczesny-duzy-naroznik-modulowy-do-salonu-incanto-sand-cream.jpg\" \/>\n\t<meta property=\"og:image:width\" content=\"1600\" \/>\n\t<meta property=\"og:image:height\" content=\"1200\" \/>\n\t<meta property=\"og:image:type\" content=\"image\/jpeg\" \/>\n<meta name=\"twitter:card\" content=\"summary_large_image\" \/>\n<meta name=\"twitter:label1\" content=\"Disponibilit\u00e9\" \/>\n\t<meta name=\"twitter:data1\" content=\"En stock\" \/>\n<script type=\"application\/ld+json\" class=\"yoast-schema-graph\">{\"@context\":\"https:\/\/schema.org\",\"@graph\":[{\"@type\":[\"WebPage\",\"ItemPage\"],\"@id\":\"https:\/\/alloraliving.com\/fr\/canape-5-places-incanto-a-droite\/\",\"url\":\"https:\/\/alloraliving.com\/fr\/canape-5-places-incanto-a-droite\/\",\"name\":\"Canap\u00e9 5 places Incanto \u00e0 droite - AlloraLiving.com\",\"isPartOf\":{\"@id\":\"https:\/\/alloraliving.com\/fr\/#website\"},\"primaryImageOfPage\":{\"@id\":\"https:\/\/alloraliving.com\/fr\/canape-5-places-incanto-a-droite\/#primaryimage\"},\"image\":{\"@id\":\"https:\/\/alloraliving.com\/fr\/canape-5-places-incanto-a-droite\/#primaryimage\"},\"thumbnailUrl\":\"https:\/\/alloraliving.com\/wp-content\/uploads\/1-nowoczesny-duzy-naroznik-modulowy-do-salonu-incanto-sand-cream.jpg\",\"datePublished\":\"2025-02-03T07:29:18+00:00\",\"dateModified\":\"2025-02-11T07:41:37+00:00\",\"breadcrumb\":{\"@id\":\"https:\/\/alloraliving.com\/fr\/canape-5-places-incanto-a-droite\/#breadcrumb\"},\"inLanguage\":\"fr-FR\",\"potentialAction\":[{\"@type\":\"ReadAction\",\"target\":[\"https:\/\/alloraliving.com\/fr\/canape-5-places-incanto-a-droite\/\"]}]},{\"@type\":\"ImageObject\",\"inLanguage\":\"fr-FR\",\"@id\":\"https:\/\/alloraliving.com\/fr\/canape-5-places-incanto-a-droite\/#primaryimage\",\"url\":\"https:\/\/alloraliving.com\/wp-content\/uploads\/1-nowoczesny-duzy-naroznik-modulowy-do-salonu-incanto-sand-cream.jpg\",\"contentUrl\":\"https:\/\/alloraliving.com\/wp-content\/uploads\/1-nowoczesny-duzy-naroznik-modulowy-do-salonu-incanto-sand-cream.jpg\",\"width\":1600,\"height\":1200},{\"@type\":\"BreadcrumbList\",\"@id\":\"https:\/\/alloraliving.com\/fr\/canape-5-places-incanto-a-droite\/#breadcrumb\",\"itemListElement\":[{\"@type\":\"ListItem\",\"position\":1,\"name\":\"Strona g\u0142\u00f3wna\",\"item\":\"https:\/\/alloraliving.com\/fr\/\"},{\"@type\":\"ListItem\",\"position\":2,\"name\":\"Boutique\",\"item\":\"https:\/\/alloraliving.com\/fr\/?page_id=6496\"},{\"@type\":\"ListItem\",\"position\":3,\"name\":\"Canap\u00e9 5 places Incanto \u00e0 droite\"}]},{\"@type\":\"WebSite\",\"@id\":\"https:\/\/alloraliving.com\/fr\/#website\",\"url\":\"https:\/\/alloraliving.com\/fr\/\",\"name\":\"AlloraLiving.com\",\"description\":\"\",\"potentialAction\":[{\"@type\":\"SearchAction\",\"target\":{\"@type\":\"EntryPoint\",\"urlTemplate\":\"https:\/\/alloraliving.com\/fr\/?s={search_term_string}\"},\"query-input\":{\"@type\":\"PropertyValueSpecification\",\"valueRequired\":true,\"valueName\":\"search_term_string\"}}],\"inLanguage\":\"fr-FR\"}]}<\/script>\n<meta property=\"og:availability\" content=\"instock\" \/>\n<meta property=\"product:availability\" content=\"instock\" \/>\n<meta property=\"product:condition\" content=\"new\" \/>\n<!-- \/ Yoast SEO Premium plugin. -->","yoast_head_json":{"title":"Canap\u00e9 5 places Incanto \u00e0 droite - AlloraLiving.com","robots":{"index":"index","follow":"follow","max-snippet":"max-snippet:-1","max-image-preview":"max-image-preview:large","max-video-preview":"max-video-preview:-1"},"canonical":"https:\/\/alloraliving.com\/fr\/canape-5-places-incanto-a-droite\/","og_locale":"fr_FR","og_type":"article","og_title":"Canap\u00e9 5 places Incanto \u00e0 droite","og_description":"Le canap\u00e9 5 places de la collection INCANTO est une proposition pour ceux qui recherchent des solutions spacieuses mais \u00e9l\u00e9gantes. La disposition en U vous permet d'utiliser pleinement l'int\u00e9rieur, cr\u00e9ant un espace confortable. Les si\u00e8ges larges offrent du confort, tandis que le velours c\u00f4tel\u00e9 \u00e9pais ajoute de la texture et de la chaleur \u00e0 l'int\u00e9rieur.  Con\u00e7u pour les grands espaces ouverts, ce canap\u00e9 devient le point central du salon. Sa simplicit\u00e9 et son \u00e9l\u00e9gance introduisent un charme unique \u00e0 l'int\u00e9rieur, offrant confort et fonctionnalit\u00e9 au plus haut niveau.","og_url":"https:\/\/alloraliving.com\/fr\/canape-5-places-incanto-a-droite\/","og_site_name":"AlloraLiving.com","article_modified_time":"2025-02-11T07:41:37+00:00","og_image":[{"width":1600,"height":1200,"url":"https:\/\/alloraliving.com\/wp-content\/uploads\/1-nowoczesny-duzy-naroznik-modulowy-do-salonu-incanto-sand-cream.jpg","type":"image\/jpeg"}],"twitter_card":"summary_large_image","twitter_misc":{"Disponibilit\u00e9":"En stock"},"schema":{"@context":"https:\/\/schema.org","@graph":[{"@type":["WebPage","ItemPage"],"@id":"https:\/\/alloraliving.com\/fr\/canape-5-places-incanto-a-droite\/","url":"https:\/\/alloraliving.com\/fr\/canape-5-places-incanto-a-droite\/","name":"Canap\u00e9 5 places Incanto \u00e0 droite - AlloraLiving.com","isPartOf":{"@id":"https:\/\/alloraliving.com\/fr\/#website"},"primaryImageOfPage":{"@id":"https:\/\/alloraliving.com\/fr\/canape-5-places-incanto-a-droite\/#primaryimage"},"image":{"@id":"https:\/\/alloraliving.com\/fr\/canape-5-places-incanto-a-droite\/#primaryimage"},"thumbnailUrl":"https:\/\/alloraliving.com\/wp-content\/uploads\/1-nowoczesny-duzy-naroznik-modulowy-do-salonu-incanto-sand-cream.jpg","datePublished":"2025-02-03T07:29:18+00:00","dateModified":"2025-02-11T07:41:37+00:00","breadcrumb":{"@id":"https:\/\/alloraliving.com\/fr\/canape-5-places-incanto-a-droite\/#breadcrumb"},"inLanguage":"fr-FR","potentialAction":[{"@type":"ReadAction","target":["https:\/\/alloraliving.com\/fr\/canape-5-places-incanto-a-droite\/"]}]},{"@type":"ImageObject","inLanguage":"fr-FR","@id":"https:\/\/alloraliving.com\/fr\/canape-5-places-incanto-a-droite\/#primaryimage","url":"https:\/\/alloraliving.com\/wp-content\/uploads\/1-nowoczesny-duzy-naroznik-modulowy-do-salonu-incanto-sand-cream.jpg","contentUrl":"https:\/\/alloraliving.com\/wp-content\/uploads\/1-nowoczesny-duzy-naroznik-modulowy-do-salonu-incanto-sand-cream.jpg","width":1600,"height":1200},{"@type":"BreadcrumbList","@id":"https:\/\/alloraliving.com\/fr\/canape-5-places-incanto-a-droite\/#breadcrumb","itemListElement":[{"@type":"ListItem","position":1,"name":"Strona g\u0142\u00f3wna","item":"https:\/\/alloraliving.com\/fr\/"},{"@type":"ListItem","position":2,"name":"Boutique","item":"https:\/\/alloraliving.com\/fr\/?page_id=6496"},{"@type":"ListItem","position":3,"name":"Canap\u00e9 5 places Incanto \u00e0 droite"}]},{"@type":"WebSite","@id":"https:\/\/alloraliving.com\/fr\/#website","url":"https:\/\/alloraliving.com\/fr\/","name":"AlloraLiving.com","description":"","potentialAction":[{"@type":"SearchAction","target":{"@type":"EntryPoint","urlTemplate":"https:\/\/alloraliving.com\/fr\/?s={search_term_string}"},"query-input":{"@type":"PropertyValueSpecification","valueRequired":true,"valueName":"search_term_string"}}],"inLanguage":"fr-FR"}]},"og_availability":"instock","product_availability":"instock","product_condition":"new"},"_links":{"self":[{"href":"https:\/\/alloraliving.com\/fr\/wp-json\/wp\/v2\/product\/7335","targetHints":{"allow":["GET"]}}],"collection":[{"href":"https:\/\/alloraliving.com\/fr\/wp-json\/wp\/v2\/product"}],"about":[{"href":"https:\/\/alloraliving.com\/fr\/wp-json\/wp\/v2\/types\/product"}],"wp:featuredmedia":[{"embeddable":true,"href":"https:\/\/alloraliving.com\/fr\/wp-json\/wp\/v2\/media\/7336"}],"wp:attachment":[{"href":"https:\/\/alloraliving.com\/fr\/wp-json\/wp\/v2\/media?parent=7335"}],"wp:term":[{"taxonomy":"product_brand","embeddable":true,"href":"https:\/\/alloraliving.com\/fr\/wp-json\/wp\/v2\/product_brand?post=7335"},{"taxonomy":"product_cat","embeddable":true,"href":"https:\/\/alloraliving.com\/fr\/wp-json\/wp\/v2\/product_cat?post=7335"},{"taxonomy":"product_tag","embeddable":true,"href":"https:\/\/alloraliving.com\/fr\/wp-json\/wp\/v2\/product_tag?post=7335"}],"curies":[{"name":"wp","href":"https:\/\/api.w.org\/{rel}","templated":true}]}}