{"id":7342,"date":"2024-08-21T16:41:54","date_gmt":"2024-08-21T14:41:54","guid":{"rendered":"https:\/\/alloraliving.com\/chaise-longue-incanto-element-gauche\/"},"modified":"2025-02-11T08:41:38","modified_gmt":"2025-02-11T07:41:38","slug":"chaise-longue-incanto-element-gauche","status":"publish","type":"product","link":"https:\/\/alloraliving.com\/fr\/chaise-longue-incanto-element-gauche\/","title":{"rendered":"Chaise longue Incanto Element gauche"},"content":{"rendered":"","protected":false},"excerpt":{"rendered":"<p>La chaise longue de la collection INCANTO est un module \u00e9l\u00e9gant qui s&rsquo;int\u00e8gre parfaitement dans des configurations de canap\u00e9s plus grandes. L&rsquo;assise large, recouverte de velours c\u00f4tel\u00e9 doux, offre confort et \u00e9l\u00e9gance, qui sont les ma\u00eetres mots de la collection. Sa simplicit\u00e9 et sa solidit\u00e9 s&rsquo;accordent parfaitement aux int\u00e9rieurs modernes et \u00e9quilibr\u00e9s.  <\/p>\n<p>La forme allong\u00e9e de la chaise longue est l&rsquo;endroit id\u00e9al pour se d\u00e9tendre, offrant un soutien confortable pour les jambes et le dos. Ce module allie design \u00e9l\u00e9gant et fonctionnalit\u00e9, offrant un endroit confortable pour se d\u00e9tendre qui apporte un charme d\u00e9licat \u00e0 l&rsquo;int\u00e9rieur. <\/p>\n","protected":false},"featured_media":7346,"template":"","meta":[],"product_brand":[],"product_cat":[946,947,935],"product_tag":[],"class_list":{"0":"post-7342","1":"product","2":"type-product","3":"status-publish","4":"has-post-thumbnail","6":"product_cat-canapes","7":"product_cat-canapes-modulaires","8":"product_cat-collection-incanto","9":"product_shipping_class-livraison-gratuite","11":"first","12":"instock","13":"taxable","14":"shipping-taxable","15":"purchasable","16":"product-type-variable","17":"has-default-attributes","18":"wvs-archive-product-wrapper"},"yoast_head":"<!-- This site is optimized with the Yoast SEO Premium plugin v26.8 (Yoast SEO v26.8) - https:\/\/yoast.com\/product\/yoast-seo-premium-wordpress\/ -->\n<title>Chaise longue Incanto Element gauche - AlloraLiving.com<\/title>\n<meta name=\"robots\" content=\"index, follow, max-snippet:-1, max-image-preview:large, max-video-preview:-1\" \/>\n<link rel=\"canonical\" href=\"https:\/\/alloraliving.com\/fr\/chaise-longue-incanto-element-gauche\/\" \/>\n<meta property=\"og:locale\" content=\"fr_FR\" \/>\n<meta property=\"og:type\" content=\"article\" \/>\n<meta property=\"og:title\" content=\"Chaise longue Incanto Element gauche\" \/>\n<meta property=\"og:description\" content=\"La chaise longue de la collection INCANTO est un module \u00e9l\u00e9gant qui s&#039;int\u00e8gre parfaitement dans des configurations de canap\u00e9s plus grandes. L&#039;assise large, recouverte de velours c\u00f4tel\u00e9 doux, offre confort et \u00e9l\u00e9gance, qui sont les ma\u00eetres mots de la collection. Sa simplicit\u00e9 et sa solidit\u00e9 s&#039;accordent parfaitement aux int\u00e9rieurs modernes et \u00e9quilibr\u00e9s.  La forme allong\u00e9e de la chaise longue est l&#039;endroit id\u00e9al pour se d\u00e9tendre, offrant un soutien confortable pour les jambes et le dos. Ce module allie design \u00e9l\u00e9gant et fonctionnalit\u00e9, offrant un endroit confortable pour se d\u00e9tendre qui apporte un charme d\u00e9licat \u00e0 l&#039;int\u00e9rieur.\" \/>\n<meta property=\"og:url\" content=\"https:\/\/alloraliving.com\/fr\/chaise-longue-incanto-element-gauche\/\" \/>\n<meta property=\"og:site_name\" content=\"AlloraLiving.com\" \/>\n<meta property=\"article:modified_time\" content=\"2025-02-11T07:41:38+00:00\" \/>\n<meta property=\"og:image\" content=\"https:\/\/alloraliving.com\/wp-content\/uploads\/1-szelzong-lewy-do-sofy-modulowej-incanto-sand-cream.jpg\" \/>\n\t<meta property=\"og:image:width\" content=\"1600\" \/>\n\t<meta property=\"og:image:height\" content=\"1200\" \/>\n\t<meta property=\"og:image:type\" content=\"image\/jpeg\" \/>\n<meta name=\"twitter:card\" content=\"summary_large_image\" \/>\n<meta name=\"twitter:label1\" content=\"Disponibilit\u00e9\" \/>\n\t<meta name=\"twitter:data1\" content=\"En stock\" \/>\n<script type=\"application\/ld+json\" class=\"yoast-schema-graph\">{\"@context\":\"https:\/\/schema.org\",\"@graph\":[{\"@type\":[\"WebPage\",\"ItemPage\"],\"@id\":\"https:\/\/alloraliving.com\/fr\/chaise-longue-incanto-element-gauche\/\",\"url\":\"https:\/\/alloraliving.com\/fr\/chaise-longue-incanto-element-gauche\/\",\"name\":\"Chaise longue Incanto Element gauche - AlloraLiving.com\",\"isPartOf\":{\"@id\":\"https:\/\/alloraliving.com\/fr\/#website\"},\"primaryImageOfPage\":{\"@id\":\"https:\/\/alloraliving.com\/fr\/chaise-longue-incanto-element-gauche\/#primaryimage\"},\"image\":{\"@id\":\"https:\/\/alloraliving.com\/fr\/chaise-longue-incanto-element-gauche\/#primaryimage\"},\"thumbnailUrl\":\"https:\/\/alloraliving.com\/wp-content\/uploads\/1-szelzong-lewy-do-sofy-modulowej-incanto-sand-cream.jpg\",\"datePublished\":\"2024-08-21T14:41:54+00:00\",\"dateModified\":\"2025-02-11T07:41:38+00:00\",\"breadcrumb\":{\"@id\":\"https:\/\/alloraliving.com\/fr\/chaise-longue-incanto-element-gauche\/#breadcrumb\"},\"inLanguage\":\"fr-FR\",\"potentialAction\":[{\"@type\":\"ReadAction\",\"target\":[\"https:\/\/alloraliving.com\/fr\/chaise-longue-incanto-element-gauche\/\"]}]},{\"@type\":\"ImageObject\",\"inLanguage\":\"fr-FR\",\"@id\":\"https:\/\/alloraliving.com\/fr\/chaise-longue-incanto-element-gauche\/#primaryimage\",\"url\":\"https:\/\/alloraliving.com\/wp-content\/uploads\/1-szelzong-lewy-do-sofy-modulowej-incanto-sand-cream.jpg\",\"contentUrl\":\"https:\/\/alloraliving.com\/wp-content\/uploads\/1-szelzong-lewy-do-sofy-modulowej-incanto-sand-cream.jpg\",\"width\":1600,\"height\":1200},{\"@type\":\"BreadcrumbList\",\"@id\":\"https:\/\/alloraliving.com\/fr\/chaise-longue-incanto-element-gauche\/#breadcrumb\",\"itemListElement\":[{\"@type\":\"ListItem\",\"position\":1,\"name\":\"Strona g\u0142\u00f3wna\",\"item\":\"https:\/\/alloraliving.com\/fr\/\"},{\"@type\":\"ListItem\",\"position\":2,\"name\":\"Boutique\",\"item\":\"https:\/\/alloraliving.com\/fr\/?page_id=6496\"},{\"@type\":\"ListItem\",\"position\":3,\"name\":\"Chaise longue Incanto Element gauche\"}]},{\"@type\":\"WebSite\",\"@id\":\"https:\/\/alloraliving.com\/fr\/#website\",\"url\":\"https:\/\/alloraliving.com\/fr\/\",\"name\":\"AlloraLiving.com\",\"description\":\"\",\"potentialAction\":[{\"@type\":\"SearchAction\",\"target\":{\"@type\":\"EntryPoint\",\"urlTemplate\":\"https:\/\/alloraliving.com\/fr\/?s={search_term_string}\"},\"query-input\":{\"@type\":\"PropertyValueSpecification\",\"valueRequired\":true,\"valueName\":\"search_term_string\"}}],\"inLanguage\":\"fr-FR\"}]}<\/script>\n<meta property=\"og:availability\" content=\"instock\" \/>\n<meta property=\"product:availability\" content=\"instock\" \/>\n<meta property=\"product:condition\" content=\"new\" \/>\n<!-- \/ Yoast SEO Premium plugin. -->","yoast_head_json":{"title":"Chaise longue Incanto Element gauche - AlloraLiving.com","robots":{"index":"index","follow":"follow","max-snippet":"max-snippet:-1","max-image-preview":"max-image-preview:large","max-video-preview":"max-video-preview:-1"},"canonical":"https:\/\/alloraliving.com\/fr\/chaise-longue-incanto-element-gauche\/","og_locale":"fr_FR","og_type":"article","og_title":"Chaise longue Incanto Element gauche","og_description":"La chaise longue de la collection INCANTO est un module \u00e9l\u00e9gant qui s'int\u00e8gre parfaitement dans des configurations de canap\u00e9s plus grandes. L'assise large, recouverte de velours c\u00f4tel\u00e9 doux, offre confort et \u00e9l\u00e9gance, qui sont les ma\u00eetres mots de la collection. Sa simplicit\u00e9 et sa solidit\u00e9 s'accordent parfaitement aux int\u00e9rieurs modernes et \u00e9quilibr\u00e9s.  La forme allong\u00e9e de la chaise longue est l'endroit id\u00e9al pour se d\u00e9tendre, offrant un soutien confortable pour les jambes et le dos. Ce module allie design \u00e9l\u00e9gant et fonctionnalit\u00e9, offrant un endroit confortable pour se d\u00e9tendre qui apporte un charme d\u00e9licat \u00e0 l'int\u00e9rieur.","og_url":"https:\/\/alloraliving.com\/fr\/chaise-longue-incanto-element-gauche\/","og_site_name":"AlloraLiving.com","article_modified_time":"2025-02-11T07:41:38+00:00","og_image":[{"width":1600,"height":1200,"url":"https:\/\/alloraliving.com\/wp-content\/uploads\/1-szelzong-lewy-do-sofy-modulowej-incanto-sand-cream.jpg","type":"image\/jpeg"}],"twitter_card":"summary_large_image","twitter_misc":{"Disponibilit\u00e9":"En stock"},"schema":{"@context":"https:\/\/schema.org","@graph":[{"@type":["WebPage","ItemPage"],"@id":"https:\/\/alloraliving.com\/fr\/chaise-longue-incanto-element-gauche\/","url":"https:\/\/alloraliving.com\/fr\/chaise-longue-incanto-element-gauche\/","name":"Chaise longue Incanto Element gauche - AlloraLiving.com","isPartOf":{"@id":"https:\/\/alloraliving.com\/fr\/#website"},"primaryImageOfPage":{"@id":"https:\/\/alloraliving.com\/fr\/chaise-longue-incanto-element-gauche\/#primaryimage"},"image":{"@id":"https:\/\/alloraliving.com\/fr\/chaise-longue-incanto-element-gauche\/#primaryimage"},"thumbnailUrl":"https:\/\/alloraliving.com\/wp-content\/uploads\/1-szelzong-lewy-do-sofy-modulowej-incanto-sand-cream.jpg","datePublished":"2024-08-21T14:41:54+00:00","dateModified":"2025-02-11T07:41:38+00:00","breadcrumb":{"@id":"https:\/\/alloraliving.com\/fr\/chaise-longue-incanto-element-gauche\/#breadcrumb"},"inLanguage":"fr-FR","potentialAction":[{"@type":"ReadAction","target":["https:\/\/alloraliving.com\/fr\/chaise-longue-incanto-element-gauche\/"]}]},{"@type":"ImageObject","inLanguage":"fr-FR","@id":"https:\/\/alloraliving.com\/fr\/chaise-longue-incanto-element-gauche\/#primaryimage","url":"https:\/\/alloraliving.com\/wp-content\/uploads\/1-szelzong-lewy-do-sofy-modulowej-incanto-sand-cream.jpg","contentUrl":"https:\/\/alloraliving.com\/wp-content\/uploads\/1-szelzong-lewy-do-sofy-modulowej-incanto-sand-cream.jpg","width":1600,"height":1200},{"@type":"BreadcrumbList","@id":"https:\/\/alloraliving.com\/fr\/chaise-longue-incanto-element-gauche\/#breadcrumb","itemListElement":[{"@type":"ListItem","position":1,"name":"Strona g\u0142\u00f3wna","item":"https:\/\/alloraliving.com\/fr\/"},{"@type":"ListItem","position":2,"name":"Boutique","item":"https:\/\/alloraliving.com\/fr\/?page_id=6496"},{"@type":"ListItem","position":3,"name":"Chaise longue Incanto Element gauche"}]},{"@type":"WebSite","@id":"https:\/\/alloraliving.com\/fr\/#website","url":"https:\/\/alloraliving.com\/fr\/","name":"AlloraLiving.com","description":"","potentialAction":[{"@type":"SearchAction","target":{"@type":"EntryPoint","urlTemplate":"https:\/\/alloraliving.com\/fr\/?s={search_term_string}"},"query-input":{"@type":"PropertyValueSpecification","valueRequired":true,"valueName":"search_term_string"}}],"inLanguage":"fr-FR"}]},"og_availability":"instock","product_availability":"instock","product_condition":"new"},"_links":{"self":[{"href":"https:\/\/alloraliving.com\/fr\/wp-json\/wp\/v2\/product\/7342","targetHints":{"allow":["GET"]}}],"collection":[{"href":"https:\/\/alloraliving.com\/fr\/wp-json\/wp\/v2\/product"}],"about":[{"href":"https:\/\/alloraliving.com\/fr\/wp-json\/wp\/v2\/types\/product"}],"wp:featuredmedia":[{"embeddable":true,"href":"https:\/\/alloraliving.com\/fr\/wp-json\/wp\/v2\/media\/7346"}],"wp:attachment":[{"href":"https:\/\/alloraliving.com\/fr\/wp-json\/wp\/v2\/media?parent=7342"}],"wp:term":[{"taxonomy":"product_brand","embeddable":true,"href":"https:\/\/alloraliving.com\/fr\/wp-json\/wp\/v2\/product_brand?post=7342"},{"taxonomy":"product_cat","embeddable":true,"href":"https:\/\/alloraliving.com\/fr\/wp-json\/wp\/v2\/product_cat?post=7342"},{"taxonomy":"product_tag","embeddable":true,"href":"https:\/\/alloraliving.com\/fr\/wp-json\/wp\/v2\/product_tag?post=7342"}],"curies":[{"name":"wp","href":"https:\/\/api.w.org\/{rel}","templated":true}]}}