{"id":7410,"date":"2024-08-22T08:26:01","date_gmt":"2024-08-22T06:26:01","guid":{"rendered":"https:\/\/alloraliving.com\/canape-dangle-gauche-4-places-incanto\/"},"modified":"2025-02-11T08:41:40","modified_gmt":"2025-02-11T07:41:40","slug":"canape-dangle-gauche-4-places-incanto","status":"publish","type":"product","link":"https:\/\/alloraliving.com\/fr\/canape-dangle-gauche-4-places-incanto\/","title":{"rendered":"Canap\u00e9 d&rsquo;angle gauche 4 places Incanto"},"content":{"rendered":"","protected":false},"excerpt":{"rendered":"<p>Le canap\u00e9 4 places de la collection INCANTO est un meuble spacieux con\u00e7u dans un souci de flexibilit\u00e9 et d&rsquo;\u00e9l\u00e9gance. La disposition en L permet une utilisation compl\u00e8te de l&rsquo;espace, cr\u00e9ant un espace de d\u00e9tente confortable qui attire par son style raffin\u00e9. Le velours c\u00f4tel\u00e9 \u00e9pais ajoute de la texture, tandis que la forme minimaliste met en valeur le caract\u00e8re moderne du canap\u00e9.  <\/p>\n<p>Ce canap\u00e9 est parfait pour les grands int\u00e9rieurs o\u00f9 fonctionnalit\u00e9 et esth\u00e9tique doivent aller de pair. Des nuances de tissus soigneusement s\u00e9lectionn\u00e9es, des beiges subtils aux gris profonds, apportent un charme subtil et de l&rsquo;\u00e9l\u00e9gance \u00e0 l&rsquo;int\u00e9rieur. <\/p>\n","protected":false},"featured_media":7417,"template":"","meta":[],"product_brand":[],"product_cat":[946,947,935],"product_tag":[],"class_list":{"0":"post-7410","1":"product","2":"type-product","3":"status-publish","4":"has-post-thumbnail","6":"product_cat-canapes","7":"product_cat-canapes-modulaires","8":"product_cat-collection-incanto","9":"product_shipping_class-livraison-gratuite","11":"first","12":"instock","13":"taxable","14":"shipping-taxable","15":"purchasable","16":"product-type-variable","17":"has-default-attributes","18":"wvs-archive-product-wrapper"},"yoast_head":"<!-- This site is optimized with the Yoast SEO Premium plugin v26.8 (Yoast SEO v26.8) - https:\/\/yoast.com\/product\/yoast-seo-premium-wordpress\/ -->\n<title>Canap\u00e9 d&#039;angle gauche 4 places Incanto - AlloraLiving.com<\/title>\n<meta name=\"robots\" content=\"index, follow, max-snippet:-1, max-image-preview:large, max-video-preview:-1\" \/>\n<link rel=\"canonical\" href=\"https:\/\/alloraliving.com\/fr\/canape-dangle-gauche-4-places-incanto\/\" \/>\n<meta property=\"og:locale\" content=\"fr_FR\" \/>\n<meta property=\"og:type\" content=\"article\" \/>\n<meta property=\"og:title\" content=\"Canap\u00e9 d&#039;angle gauche 4 places Incanto\" \/>\n<meta property=\"og:description\" content=\"Le canap\u00e9 4 places de la collection INCANTO est un meuble spacieux con\u00e7u dans un souci de flexibilit\u00e9 et d&#039;\u00e9l\u00e9gance. La disposition en L permet une utilisation compl\u00e8te de l&#039;espace, cr\u00e9ant un espace de d\u00e9tente confortable qui attire par son style raffin\u00e9. Le velours c\u00f4tel\u00e9 \u00e9pais ajoute de la texture, tandis que la forme minimaliste met en valeur le caract\u00e8re moderne du canap\u00e9.  Ce canap\u00e9 est parfait pour les grands int\u00e9rieurs o\u00f9 fonctionnalit\u00e9 et esth\u00e9tique doivent aller de pair. Des nuances de tissus soigneusement s\u00e9lectionn\u00e9es, des beiges subtils aux gris profonds, apportent un charme subtil et de l&#039;\u00e9l\u00e9gance \u00e0 l&#039;int\u00e9rieur.\" \/>\n<meta property=\"og:url\" content=\"https:\/\/alloraliving.com\/fr\/canape-dangle-gauche-4-places-incanto\/\" \/>\n<meta property=\"og:site_name\" content=\"AlloraLiving.com\" \/>\n<meta property=\"article:modified_time\" content=\"2025-02-11T07:41:40+00:00\" \/>\n<meta property=\"og:image\" content=\"https:\/\/alloraliving.com\/wp-content\/uploads\/1-nowoczesna-narozna-sofa-modulowa-incanto-sand-cream-1.jpg\" \/>\n\t<meta property=\"og:image:width\" content=\"1600\" \/>\n\t<meta property=\"og:image:height\" content=\"1200\" \/>\n\t<meta property=\"og:image:type\" content=\"image\/jpeg\" \/>\n<meta name=\"twitter:card\" content=\"summary_large_image\" \/>\n<meta name=\"twitter:label1\" content=\"Disponibilit\u00e9\" \/>\n\t<meta name=\"twitter:data1\" content=\"En stock\" \/>\n<script type=\"application\/ld+json\" class=\"yoast-schema-graph\">{\"@context\":\"https:\/\/schema.org\",\"@graph\":[{\"@type\":[\"WebPage\",\"ItemPage\"],\"@id\":\"https:\/\/alloraliving.com\/fr\/canape-dangle-gauche-4-places-incanto\/\",\"url\":\"https:\/\/alloraliving.com\/fr\/canape-dangle-gauche-4-places-incanto\/\",\"name\":\"Canap\u00e9 d'angle gauche 4 places Incanto - AlloraLiving.com\",\"isPartOf\":{\"@id\":\"https:\/\/alloraliving.com\/fr\/#website\"},\"primaryImageOfPage\":{\"@id\":\"https:\/\/alloraliving.com\/fr\/canape-dangle-gauche-4-places-incanto\/#primaryimage\"},\"image\":{\"@id\":\"https:\/\/alloraliving.com\/fr\/canape-dangle-gauche-4-places-incanto\/#primaryimage\"},\"thumbnailUrl\":\"https:\/\/alloraliving.com\/wp-content\/uploads\/1-nowoczesna-narozna-sofa-modulowa-incanto-sand-cream-1.jpg\",\"datePublished\":\"2024-08-22T06:26:01+00:00\",\"dateModified\":\"2025-02-11T07:41:40+00:00\",\"breadcrumb\":{\"@id\":\"https:\/\/alloraliving.com\/fr\/canape-dangle-gauche-4-places-incanto\/#breadcrumb\"},\"inLanguage\":\"fr-FR\",\"potentialAction\":[{\"@type\":\"ReadAction\",\"target\":[\"https:\/\/alloraliving.com\/fr\/canape-dangle-gauche-4-places-incanto\/\"]}]},{\"@type\":\"ImageObject\",\"inLanguage\":\"fr-FR\",\"@id\":\"https:\/\/alloraliving.com\/fr\/canape-dangle-gauche-4-places-incanto\/#primaryimage\",\"url\":\"https:\/\/alloraliving.com\/wp-content\/uploads\/1-nowoczesna-narozna-sofa-modulowa-incanto-sand-cream-1.jpg\",\"contentUrl\":\"https:\/\/alloraliving.com\/wp-content\/uploads\/1-nowoczesna-narozna-sofa-modulowa-incanto-sand-cream-1.jpg\",\"width\":1600,\"height\":1200},{\"@type\":\"BreadcrumbList\",\"@id\":\"https:\/\/alloraliving.com\/fr\/canape-dangle-gauche-4-places-incanto\/#breadcrumb\",\"itemListElement\":[{\"@type\":\"ListItem\",\"position\":1,\"name\":\"Strona g\u0142\u00f3wna\",\"item\":\"https:\/\/alloraliving.com\/fr\/\"},{\"@type\":\"ListItem\",\"position\":2,\"name\":\"Boutique\",\"item\":\"https:\/\/alloraliving.com\/fr\/?page_id=6496\"},{\"@type\":\"ListItem\",\"position\":3,\"name\":\"Canap\u00e9 d&#8217;angle gauche 4 places Incanto\"}]},{\"@type\":\"WebSite\",\"@id\":\"https:\/\/alloraliving.com\/fr\/#website\",\"url\":\"https:\/\/alloraliving.com\/fr\/\",\"name\":\"AlloraLiving.com\",\"description\":\"\",\"potentialAction\":[{\"@type\":\"SearchAction\",\"target\":{\"@type\":\"EntryPoint\",\"urlTemplate\":\"https:\/\/alloraliving.com\/fr\/?s={search_term_string}\"},\"query-input\":{\"@type\":\"PropertyValueSpecification\",\"valueRequired\":true,\"valueName\":\"search_term_string\"}}],\"inLanguage\":\"fr-FR\"}]}<\/script>\n<meta property=\"og:availability\" content=\"instock\" \/>\n<meta property=\"product:availability\" content=\"instock\" \/>\n<meta property=\"product:condition\" content=\"new\" \/>\n<!-- \/ Yoast SEO Premium plugin. -->","yoast_head_json":{"title":"Canap\u00e9 d'angle gauche 4 places Incanto - AlloraLiving.com","robots":{"index":"index","follow":"follow","max-snippet":"max-snippet:-1","max-image-preview":"max-image-preview:large","max-video-preview":"max-video-preview:-1"},"canonical":"https:\/\/alloraliving.com\/fr\/canape-dangle-gauche-4-places-incanto\/","og_locale":"fr_FR","og_type":"article","og_title":"Canap\u00e9 d'angle gauche 4 places Incanto","og_description":"Le canap\u00e9 4 places de la collection INCANTO est un meuble spacieux con\u00e7u dans un souci de flexibilit\u00e9 et d'\u00e9l\u00e9gance. La disposition en L permet une utilisation compl\u00e8te de l'espace, cr\u00e9ant un espace de d\u00e9tente confortable qui attire par son style raffin\u00e9. Le velours c\u00f4tel\u00e9 \u00e9pais ajoute de la texture, tandis que la forme minimaliste met en valeur le caract\u00e8re moderne du canap\u00e9.  Ce canap\u00e9 est parfait pour les grands int\u00e9rieurs o\u00f9 fonctionnalit\u00e9 et esth\u00e9tique doivent aller de pair. Des nuances de tissus soigneusement s\u00e9lectionn\u00e9es, des beiges subtils aux gris profonds, apportent un charme subtil et de l'\u00e9l\u00e9gance \u00e0 l'int\u00e9rieur.","og_url":"https:\/\/alloraliving.com\/fr\/canape-dangle-gauche-4-places-incanto\/","og_site_name":"AlloraLiving.com","article_modified_time":"2025-02-11T07:41:40+00:00","og_image":[{"width":1600,"height":1200,"url":"https:\/\/alloraliving.com\/wp-content\/uploads\/1-nowoczesna-narozna-sofa-modulowa-incanto-sand-cream-1.jpg","type":"image\/jpeg"}],"twitter_card":"summary_large_image","twitter_misc":{"Disponibilit\u00e9":"En stock"},"schema":{"@context":"https:\/\/schema.org","@graph":[{"@type":["WebPage","ItemPage"],"@id":"https:\/\/alloraliving.com\/fr\/canape-dangle-gauche-4-places-incanto\/","url":"https:\/\/alloraliving.com\/fr\/canape-dangle-gauche-4-places-incanto\/","name":"Canap\u00e9 d'angle gauche 4 places Incanto - AlloraLiving.com","isPartOf":{"@id":"https:\/\/alloraliving.com\/fr\/#website"},"primaryImageOfPage":{"@id":"https:\/\/alloraliving.com\/fr\/canape-dangle-gauche-4-places-incanto\/#primaryimage"},"image":{"@id":"https:\/\/alloraliving.com\/fr\/canape-dangle-gauche-4-places-incanto\/#primaryimage"},"thumbnailUrl":"https:\/\/alloraliving.com\/wp-content\/uploads\/1-nowoczesna-narozna-sofa-modulowa-incanto-sand-cream-1.jpg","datePublished":"2024-08-22T06:26:01+00:00","dateModified":"2025-02-11T07:41:40+00:00","breadcrumb":{"@id":"https:\/\/alloraliving.com\/fr\/canape-dangle-gauche-4-places-incanto\/#breadcrumb"},"inLanguage":"fr-FR","potentialAction":[{"@type":"ReadAction","target":["https:\/\/alloraliving.com\/fr\/canape-dangle-gauche-4-places-incanto\/"]}]},{"@type":"ImageObject","inLanguage":"fr-FR","@id":"https:\/\/alloraliving.com\/fr\/canape-dangle-gauche-4-places-incanto\/#primaryimage","url":"https:\/\/alloraliving.com\/wp-content\/uploads\/1-nowoczesna-narozna-sofa-modulowa-incanto-sand-cream-1.jpg","contentUrl":"https:\/\/alloraliving.com\/wp-content\/uploads\/1-nowoczesna-narozna-sofa-modulowa-incanto-sand-cream-1.jpg","width":1600,"height":1200},{"@type":"BreadcrumbList","@id":"https:\/\/alloraliving.com\/fr\/canape-dangle-gauche-4-places-incanto\/#breadcrumb","itemListElement":[{"@type":"ListItem","position":1,"name":"Strona g\u0142\u00f3wna","item":"https:\/\/alloraliving.com\/fr\/"},{"@type":"ListItem","position":2,"name":"Boutique","item":"https:\/\/alloraliving.com\/fr\/?page_id=6496"},{"@type":"ListItem","position":3,"name":"Canap\u00e9 d&#8217;angle gauche 4 places Incanto"}]},{"@type":"WebSite","@id":"https:\/\/alloraliving.com\/fr\/#website","url":"https:\/\/alloraliving.com\/fr\/","name":"AlloraLiving.com","description":"","potentialAction":[{"@type":"SearchAction","target":{"@type":"EntryPoint","urlTemplate":"https:\/\/alloraliving.com\/fr\/?s={search_term_string}"},"query-input":{"@type":"PropertyValueSpecification","valueRequired":true,"valueName":"search_term_string"}}],"inLanguage":"fr-FR"}]},"og_availability":"instock","product_availability":"instock","product_condition":"new"},"_links":{"self":[{"href":"https:\/\/alloraliving.com\/fr\/wp-json\/wp\/v2\/product\/7410","targetHints":{"allow":["GET"]}}],"collection":[{"href":"https:\/\/alloraliving.com\/fr\/wp-json\/wp\/v2\/product"}],"about":[{"href":"https:\/\/alloraliving.com\/fr\/wp-json\/wp\/v2\/types\/product"}],"wp:featuredmedia":[{"embeddable":true,"href":"https:\/\/alloraliving.com\/fr\/wp-json\/wp\/v2\/media\/7417"}],"wp:attachment":[{"href":"https:\/\/alloraliving.com\/fr\/wp-json\/wp\/v2\/media?parent=7410"}],"wp:term":[{"taxonomy":"product_brand","embeddable":true,"href":"https:\/\/alloraliving.com\/fr\/wp-json\/wp\/v2\/product_brand?post=7410"},{"taxonomy":"product_cat","embeddable":true,"href":"https:\/\/alloraliving.com\/fr\/wp-json\/wp\/v2\/product_cat?post=7410"},{"taxonomy":"product_tag","embeddable":true,"href":"https:\/\/alloraliving.com\/fr\/wp-json\/wp\/v2\/product_tag?post=7410"}],"curies":[{"name":"wp","href":"https:\/\/api.w.org\/{rel}","templated":true}]}}